{"id":45500,"date":"2025-01-16T09:18:24","date_gmt":"2025-01-16T08:18:24","guid":{"rendered":"https:\/\/librairie7l.com\/?post_type=product&#038;p=45500"},"modified":"2026-04-12T13:01:22","modified_gmt":"2026-04-12T11:01:22","slug":"le-chateau-de-maintenon-au-fil-des-siecles-2","status":"publish","type":"product","link":"https:\/\/librairie7l.com\/en\/produit\/le-chateau-de-maintenon-au-fil-des-siecles-2\/","title":{"rendered":"LE CH\u00c2TEAU DE MAINTENON AU FIL DES SI\u00c8CLES"},"content":{"rendered":"<p>\u00ab Maintenon n&#8217;est pas un ch\u00e2teau royal. Il est mieux que cela : un tr\u00e9sor national, que cet ouvrage sans pr\u00e9c\u00e9dent nous invite \u00e0 voir et \u00e0 revoir avec un empressement \u00e9merveill\u00e9. \u00bb<\/p>\n<p>Demeure de conte de f\u00e9es au charme romantique, le ch\u00e2teau de Maintenon tient \u00e0 la fois du Moyen \u00c2ge, de la Renaissance et du Grand Si\u00e8cle. Son histoire est indissociable de l&#8217;incroyable destin de Fran\u00e7oise d&#8217;Aubign\u00e9, favorite et \u00e9pouse secr\u00e8te du roi Louis XIV. L&#8217;empreinte du Roi-Soleil est pr\u00e9sente partout, des salons \u00e0 l&#8217;aqueduc de Vauban ou aux parterres d&#8217;Andr\u00e9 Le N\u00f4tre.<\/p>\n<p>Photographies in\u00e9dites et documents d&#8217;\u00e9poque r\u00e9v\u00e8lent les am\u00e9nagements qui ont transform\u00e9 la forteresse des origines en demeure d&#8217;agr\u00e9ment et nous plongent dans l&#8217;Histoire de France, \u00e0 la rencontre de grands noms : la marquise de Montespan, Louvois, Racine, la famille de Noailles, Chateaubriand, Henri Matisse, Jean Moulin ou encore Winston Churchill.<\/p>\n","protected":false},"excerpt":{"rendered":"<p>\u00ab Maintenon n&#8217;est pas un ch\u00e2teau royal. Il est mieux que cela : un tr\u00e9sor national, que cet ouvrage sans pr\u00e9c\u00e9dent nous invite \u00e0 voir et \u00e0 revoir avec un empressement \u00e9merveill\u00e9. \u00bb Demeure de conte de f\u00e9es au charme romantique, le ch\u00e2teau de Maintenon tient \u00e0 la fois du Moyen \u00c2ge, de la Renaissance [&hellip;]<\/p>\n","protected":false},"featured_media":45498,"template":"","meta":[],"product_cat":[2948],"product_tag":[],"acf":[],"yoast_head":"<!-- This site is optimized with the Yoast SEO plugin v20.11 - https:\/\/yoast.com\/wordpress\/plugins\/seo\/ -->\n<title>Le Ch\u00e2teau de Maintenon au fil des si\u00e8cles - Librairie 7L<\/title>\n<meta name=\"robots\" content=\"index, follow, max-snippet:-1, max-image-preview:large, max-video-preview:-1\" \/>\n<link rel=\"canonical\" href=\"https:\/\/librairie7l.com\/en\/produit\/le-chateau-de-maintenon-au-fil-des-siecles-2\/\" \/>\n<meta property=\"og:locale\" content=\"en_US\" \/>\n<meta property=\"og:type\" content=\"article\" \/>\n<meta property=\"og:title\" content=\"Le Ch\u00e2teau de Maintenon au fil des si\u00e8cles - Librairie 7L\" \/>\n<meta property=\"og:description\" content=\"\u00ab Maintenon n&#8217;est pas un ch\u00e2teau royal. Il est mieux que cela : un tr\u00e9sor national, que cet ouvrage sans pr\u00e9c\u00e9dent nous invite \u00e0 voir et \u00e0 revoir avec un empressement \u00e9merveill\u00e9. \u00bb Demeure de conte de f\u00e9es au charme romantique, le ch\u00e2teau de Maintenon tient \u00e0 la fois du Moyen \u00c2ge, de la Renaissance [&hellip;]\" \/>\n<meta property=\"og:url\" content=\"https:\/\/librairie7l.com\/en\/produit\/le-chateau-de-maintenon-au-fil-des-siecles-2\/\" \/>\n<meta property=\"og:site_name\" content=\"Librairie 7L\" \/>\n<meta property=\"article:modified_time\" content=\"2026-04-12T11:01:22+00:00\" \/>\n<meta property=\"og:image\" content=\"https:\/\/librairie7l.com\/wp-content\/uploads\/2024\/09\/9791021063969_1_75.jpg\" \/>\n\t<meta property=\"og:image:width\" content=\"600\" \/>\n\t<meta property=\"og:image:height\" content=\"800\" \/>\n\t<meta property=\"og:image:type\" content=\"image\/jpeg\" \/>\n<meta name=\"twitter:card\" content=\"summary_large_image\" \/>\n<meta name=\"twitter:label1\" content=\"Est. reading time\" \/>\n\t<meta name=\"twitter:data1\" content=\"1 minute\" \/>\n<script type=\"application\/ld+json\" class=\"yoast-schema-graph\">{\"@context\":\"https:\/\/schema.org\",\"@graph\":[{\"@type\":\"WebPage\",\"@id\":\"https:\/\/librairie7l.com\/en\/produit\/le-chateau-de-maintenon-au-fil-des-siecles-2\/\",\"url\":\"https:\/\/librairie7l.com\/en\/produit\/le-chateau-de-maintenon-au-fil-des-siecles-2\/\",\"name\":\"Le Ch\u00e2teau de Maintenon au fil des si\u00e8cles - Librairie 7L\",\"isPartOf\":{\"@id\":\"https:\/\/librairie7l.com\/en\/#website\"},\"datePublished\":\"2025-01-16T08:18:24+00:00\",\"dateModified\":\"2026-04-12T11:01:22+00:00\",\"breadcrumb\":{\"@id\":\"https:\/\/librairie7l.com\/en\/produit\/le-chateau-de-maintenon-au-fil-des-siecles-2\/#breadcrumb\"},\"inLanguage\":\"en-US\",\"potentialAction\":[{\"@type\":\"ReadAction\",\"target\":[\"https:\/\/librairie7l.com\/en\/produit\/le-chateau-de-maintenon-au-fil-des-siecles-2\/\"]}]},{\"@type\":\"BreadcrumbList\",\"@id\":\"https:\/\/librairie7l.com\/en\/produit\/le-chateau-de-maintenon-au-fil-des-siecles-2\/#breadcrumb\",\"itemListElement\":[{\"@type\":\"ListItem\",\"position\":1,\"name\":\"Accueil\",\"item\":\"https:\/\/librairie7l.com\/en\/\"},{\"@type\":\"ListItem\",\"position\":2,\"name\":\"Shop\",\"item\":\"https:\/\/librairie7l.com\/en\/shop\/\"},{\"@type\":\"ListItem\",\"position\":3,\"name\":\"LE CH\u00c2TEAU DE MAINTENON AU FIL DES SI\u00c8CLES\"}]},{\"@type\":\"WebSite\",\"@id\":\"https:\/\/librairie7l.com\/en\/#website\",\"url\":\"https:\/\/librairie7l.com\/en\/\",\"name\":\"Librairie 7L\",\"description\":\"Librairie fond\u00e9e en 1999 par Karl Lagerfeld \u00e0 Paris\",\"publisher\":{\"@id\":\"https:\/\/librairie7l.com\/en\/#organization\"},\"potentialAction\":[{\"@type\":\"SearchAction\",\"target\":{\"@type\":\"EntryPoint\",\"urlTemplate\":\"https:\/\/librairie7l.com\/en\/?s={search_term_string}\"},\"query-input\":\"required name=search_term_string\"}],\"inLanguage\":\"en-US\"},{\"@type\":\"Organization\",\"@id\":\"https:\/\/librairie7l.com\/en\/#organization\",\"name\":\"Librairie 7L\",\"url\":\"https:\/\/librairie7l.com\/en\/\",\"logo\":{\"@type\":\"ImageObject\",\"inLanguage\":\"en-US\",\"@id\":\"https:\/\/librairie7l.com\/en\/#\/schema\/logo\/image\/\",\"url\":\"https:\/\/librairie7l.com\/wp-content\/uploads\/2022\/08\/logo-1.png\",\"contentUrl\":\"https:\/\/librairie7l.com\/wp-content\/uploads\/2022\/08\/logo-1.png\",\"width\":227,\"height\":301,\"caption\":\"Librairie 7L\"},\"image\":{\"@id\":\"https:\/\/librairie7l.com\/en\/#\/schema\/logo\/image\/\"}}]}<\/script>\n<!-- \/ Yoast SEO plugin. -->","yoast_head_json":{"title":"Le Ch\u00e2teau de Maintenon au fil des si\u00e8cles - Librairie 7L","robots":{"index":"index","follow":"follow","max-snippet":"max-snippet:-1","max-image-preview":"max-image-preview:large","max-video-preview":"max-video-preview:-1"},"canonical":"https:\/\/librairie7l.com\/en\/produit\/le-chateau-de-maintenon-au-fil-des-siecles-2\/","og_locale":"en_US","og_type":"article","og_title":"Le Ch\u00e2teau de Maintenon au fil des si\u00e8cles - Librairie 7L","og_description":"\u00ab Maintenon n&#8217;est pas un ch\u00e2teau royal. Il est mieux que cela : un tr\u00e9sor national, que cet ouvrage sans pr\u00e9c\u00e9dent nous invite \u00e0 voir et \u00e0 revoir avec un empressement \u00e9merveill\u00e9. \u00bb Demeure de conte de f\u00e9es au charme romantique, le ch\u00e2teau de Maintenon tient \u00e0 la fois du Moyen \u00c2ge, de la Renaissance [&hellip;]","og_url":"https:\/\/librairie7l.com\/en\/produit\/le-chateau-de-maintenon-au-fil-des-siecles-2\/","og_site_name":"Librairie 7L","article_modified_time":"2026-04-12T11:01:22+00:00","og_image":[{"width":600,"height":800,"url":"https:\/\/librairie7l.com\/wp-content\/uploads\/2024\/09\/9791021063969_1_75.jpg","type":"image\/jpeg"}],"twitter_card":"summary_large_image","twitter_misc":{"Est. reading time":"1 minute"},"schema":{"@context":"https:\/\/schema.org","@graph":[{"@type":"WebPage","@id":"https:\/\/librairie7l.com\/en\/produit\/le-chateau-de-maintenon-au-fil-des-siecles-2\/","url":"https:\/\/librairie7l.com\/en\/produit\/le-chateau-de-maintenon-au-fil-des-siecles-2\/","name":"Le Ch\u00e2teau de Maintenon au fil des si\u00e8cles - Librairie 7L","isPartOf":{"@id":"https:\/\/librairie7l.com\/en\/#website"},"datePublished":"2025-01-16T08:18:24+00:00","dateModified":"2026-04-12T11:01:22+00:00","breadcrumb":{"@id":"https:\/\/librairie7l.com\/en\/produit\/le-chateau-de-maintenon-au-fil-des-siecles-2\/#breadcrumb"},"inLanguage":"en-US","potentialAction":[{"@type":"ReadAction","target":["https:\/\/librairie7l.com\/en\/produit\/le-chateau-de-maintenon-au-fil-des-siecles-2\/"]}]},{"@type":"BreadcrumbList","@id":"https:\/\/librairie7l.com\/en\/produit\/le-chateau-de-maintenon-au-fil-des-siecles-2\/#breadcrumb","itemListElement":[{"@type":"ListItem","position":1,"name":"Accueil","item":"https:\/\/librairie7l.com\/en\/"},{"@type":"ListItem","position":2,"name":"Shop","item":"https:\/\/librairie7l.com\/en\/shop\/"},{"@type":"ListItem","position":3,"name":"LE CH\u00c2TEAU DE MAINTENON AU FIL DES SI\u00c8CLES"}]},{"@type":"WebSite","@id":"https:\/\/librairie7l.com\/en\/#website","url":"https:\/\/librairie7l.com\/en\/","name":"Librairie 7L","description":"Librairie fond\u00e9e en 1999 par Karl Lagerfeld \u00e0 Paris","publisher":{"@id":"https:\/\/librairie7l.com\/en\/#organization"},"potentialAction":[{"@type":"SearchAction","target":{"@type":"EntryPoint","urlTemplate":"https:\/\/librairie7l.com\/en\/?s={search_term_string}"},"query-input":"required name=search_term_string"}],"inLanguage":"en-US"},{"@type":"Organization","@id":"https:\/\/librairie7l.com\/en\/#organization","name":"Librairie 7L","url":"https:\/\/librairie7l.com\/en\/","logo":{"@type":"ImageObject","inLanguage":"en-US","@id":"https:\/\/librairie7l.com\/en\/#\/schema\/logo\/image\/","url":"https:\/\/librairie7l.com\/wp-content\/uploads\/2022\/08\/logo-1.png","contentUrl":"https:\/\/librairie7l.com\/wp-content\/uploads\/2022\/08\/logo-1.png","width":227,"height":301,"caption":"Librairie 7L"},"image":{"@id":"https:\/\/librairie7l.com\/en\/#\/schema\/logo\/image\/"}}]}},"_links":{"self":[{"href":"https:\/\/librairie7l.com\/en\/wp-json\/wp\/v2\/product\/45500"}],"collection":[{"href":"https:\/\/librairie7l.com\/en\/wp-json\/wp\/v2\/product"}],"about":[{"href":"https:\/\/librairie7l.com\/en\/wp-json\/wp\/v2\/types\/product"}],"wp:featuredmedia":[{"embeddable":true,"href":"https:\/\/librairie7l.com\/en\/wp-json\/wp\/v2\/media\/45498"}],"wp:attachment":[{"href":"https:\/\/librairie7l.com\/en\/wp-json\/wp\/v2\/media?parent=45500"}],"wp:term":[{"taxonomy":"product_cat","embeddable":true,"href":"https:\/\/librairie7l.com\/en\/wp-json\/wp\/v2\/product_cat?post=45500"},{"taxonomy":"product_tag","embeddable":true,"href":"https:\/\/librairie7l.com\/en\/wp-json\/wp\/v2\/product_tag?post=45500"}],"curies":[{"name":"wp","href":"https:\/\/api.w.org\/{rel}","templated":true}]}}