{"id":45504,"date":"2025-01-16T10:16:08","date_gmt":"2025-01-16T09:16:08","guid":{"rendered":"https:\/\/librairie7l.com\/?post_type=product&#038;p=45504"},"modified":"2026-04-05T02:14:59","modified_gmt":"2026-04-05T00:14:59","slug":"figures-de-lart-contemporain-des-esprits-conquerants-2","status":"publish","type":"product","link":"https:\/\/librairie7l.com\/en\/produit\/figures-de-lart-contemporain-des-esprits-conquerants-2\/","title":{"rendered":"FIGURES DE&#8230; : L&#8217;ART CONTEMPORAIN : DES ESPRITS CONQU\u00c9RANTS"},"content":{"rendered":"<p>L&#8217;art contemporain, tel qu&#8217;il est apparu depuis la fin des ann\u00e9es 60, est indissociable des logiques de mondialisation et de softpower qui f\u00e9d\u00e8rent de multiples acteurs et autant de figures majeures au service de la cr\u00e9ation et de sa diffusion.<br \/>\nEn premier lieu, les artistes avec des figures comme Gerhard \u00adRichter, Louise Bourgeois, Damien Hirst ou Yayoi Kusama, mais aussi les curat\u00adors dont Harald Szeemann est un pr\u00e9curseur et la Cheikha Hoor Al Qasimi une incarnation des sensibilit\u00e9s du Sud Global, les galeristes avec Larry Gagosian et Marian Goodman, les foires dont \u00adl&#8217;embl\u00e9matique Art Basel incarn\u00e9e par Marc Spiegler, des collectionneurs comme Fran\u00e7ois Pinault ou Uli Sigg, sans oublier celles et ceux qui ont oeuvr\u00e9 \u00e0 la mus\u00e9ification de l&#8217;art contemporain comme \u00adSuzanne Pag\u00e9 ou Renzo Piano qui lui a cr\u00e9\u00e9 ses plus lumineux \u00e9crins.<br \/>\nPartant de sa double expertise de galeriste et d&#8217;enseignante, \u00adNathalie Obadia nous pr\u00e9sente ici les figures majeures de l&#8217;art contemporain et nous permet de saisir leur \u00e9troite imbrication et interd\u00e9pendance.<\/p>\n","protected":false},"excerpt":{"rendered":"<p>L&#8217;art contemporain, tel qu&#8217;il est apparu depuis la fin des ann\u00e9es 60, est indissociable des logiques de mondialisation et de softpower qui f\u00e9d\u00e8rent de multiples acteurs et autant de figures majeures au service de la cr\u00e9ation et de sa diffusion. En premier lieu, les artistes avec des figures comme Gerhard \u00adRichter, Louise Bourgeois, Damien Hirst [&hellip;]<\/p>\n","protected":false},"featured_media":45502,"template":"","meta":[],"product_cat":[2948],"product_tag":[],"acf":[],"yoast_head":"<!-- This site is optimized with the Yoast SEO plugin v20.11 - https:\/\/yoast.com\/wordpress\/plugins\/seo\/ -->\n<title>Figures de... : L&#039;art contemporain : Des esprits conqu\u00e9rants - Librairie 7L<\/title>\n<meta name=\"robots\" content=\"index, follow, max-snippet:-1, max-image-preview:large, max-video-preview:-1\" \/>\n<link rel=\"canonical\" href=\"https:\/\/librairie7l.com\/en\/produit\/figures-de-lart-contemporain-des-esprits-conquerants-2\/\" \/>\n<meta property=\"og:locale\" content=\"en_US\" \/>\n<meta property=\"og:type\" content=\"article\" \/>\n<meta property=\"og:title\" content=\"Figures de... : L&#039;art contemporain : Des esprits conqu\u00e9rants - Librairie 7L\" \/>\n<meta property=\"og:description\" content=\"L&#8217;art contemporain, tel qu&#8217;il est apparu depuis la fin des ann\u00e9es 60, est indissociable des logiques de mondialisation et de softpower qui f\u00e9d\u00e8rent de multiples acteurs et autant de figures majeures au service de la cr\u00e9ation et de sa diffusion. En premier lieu, les artistes avec des figures comme Gerhard \u00adRichter, Louise Bourgeois, Damien Hirst [&hellip;]\" \/>\n<meta property=\"og:url\" content=\"https:\/\/librairie7l.com\/en\/produit\/figures-de-lart-contemporain-des-esprits-conquerants-2\/\" \/>\n<meta property=\"og:site_name\" content=\"Librairie 7L\" \/>\n<meta property=\"article:modified_time\" content=\"2026-04-05T00:14:59+00:00\" \/>\n<meta property=\"og:image\" content=\"https:\/\/librairie7l.com\/wp-content\/uploads\/2024\/09\/9791031807324_1_75.jpg\" \/>\n\t<meta property=\"og:image:width\" content=\"600\" \/>\n\t<meta property=\"og:image:height\" content=\"946\" \/>\n\t<meta property=\"og:image:type\" content=\"image\/jpeg\" \/>\n<meta name=\"twitter:card\" content=\"summary_large_image\" \/>\n<meta name=\"twitter:label1\" content=\"Est. reading time\" \/>\n\t<meta name=\"twitter:data1\" content=\"1 minute\" \/>\n<script type=\"application\/ld+json\" class=\"yoast-schema-graph\">{\"@context\":\"https:\/\/schema.org\",\"@graph\":[{\"@type\":\"WebPage\",\"@id\":\"https:\/\/librairie7l.com\/en\/produit\/figures-de-lart-contemporain-des-esprits-conquerants-2\/\",\"url\":\"https:\/\/librairie7l.com\/en\/produit\/figures-de-lart-contemporain-des-esprits-conquerants-2\/\",\"name\":\"Figures de... : L'art contemporain : Des esprits conqu\u00e9rants - Librairie 7L\",\"isPartOf\":{\"@id\":\"https:\/\/librairie7l.com\/en\/#website\"},\"datePublished\":\"2025-01-16T09:16:08+00:00\",\"dateModified\":\"2026-04-05T00:14:59+00:00\",\"breadcrumb\":{\"@id\":\"https:\/\/librairie7l.com\/en\/produit\/figures-de-lart-contemporain-des-esprits-conquerants-2\/#breadcrumb\"},\"inLanguage\":\"en-US\",\"potentialAction\":[{\"@type\":\"ReadAction\",\"target\":[\"https:\/\/librairie7l.com\/en\/produit\/figures-de-lart-contemporain-des-esprits-conquerants-2\/\"]}]},{\"@type\":\"BreadcrumbList\",\"@id\":\"https:\/\/librairie7l.com\/en\/produit\/figures-de-lart-contemporain-des-esprits-conquerants-2\/#breadcrumb\",\"itemListElement\":[{\"@type\":\"ListItem\",\"position\":1,\"name\":\"Accueil\",\"item\":\"https:\/\/librairie7l.com\/en\/\"},{\"@type\":\"ListItem\",\"position\":2,\"name\":\"Shop\",\"item\":\"https:\/\/librairie7l.com\/en\/shop\/\"},{\"@type\":\"ListItem\",\"position\":3,\"name\":\"FIGURES DE&#8230; : L&#8217;ART CONTEMPORAIN : DES ESPRITS CONQU\u00c9RANTS\"}]},{\"@type\":\"WebSite\",\"@id\":\"https:\/\/librairie7l.com\/en\/#website\",\"url\":\"https:\/\/librairie7l.com\/en\/\",\"name\":\"Librairie 7L\",\"description\":\"Librairie fond\u00e9e en 1999 par Karl Lagerfeld \u00e0 Paris\",\"publisher\":{\"@id\":\"https:\/\/librairie7l.com\/en\/#organization\"},\"potentialAction\":[{\"@type\":\"SearchAction\",\"target\":{\"@type\":\"EntryPoint\",\"urlTemplate\":\"https:\/\/librairie7l.com\/en\/?s={search_term_string}\"},\"query-input\":\"required name=search_term_string\"}],\"inLanguage\":\"en-US\"},{\"@type\":\"Organization\",\"@id\":\"https:\/\/librairie7l.com\/en\/#organization\",\"name\":\"Librairie 7L\",\"url\":\"https:\/\/librairie7l.com\/en\/\",\"logo\":{\"@type\":\"ImageObject\",\"inLanguage\":\"en-US\",\"@id\":\"https:\/\/librairie7l.com\/en\/#\/schema\/logo\/image\/\",\"url\":\"https:\/\/librairie7l.com\/wp-content\/uploads\/2022\/08\/logo-1.png\",\"contentUrl\":\"https:\/\/librairie7l.com\/wp-content\/uploads\/2022\/08\/logo-1.png\",\"width\":227,\"height\":301,\"caption\":\"Librairie 7L\"},\"image\":{\"@id\":\"https:\/\/librairie7l.com\/en\/#\/schema\/logo\/image\/\"}}]}<\/script>\n<!-- \/ Yoast SEO plugin. -->","yoast_head_json":{"title":"Figures de... : L'art contemporain : Des esprits conqu\u00e9rants - Librairie 7L","robots":{"index":"index","follow":"follow","max-snippet":"max-snippet:-1","max-image-preview":"max-image-preview:large","max-video-preview":"max-video-preview:-1"},"canonical":"https:\/\/librairie7l.com\/en\/produit\/figures-de-lart-contemporain-des-esprits-conquerants-2\/","og_locale":"en_US","og_type":"article","og_title":"Figures de... : L'art contemporain : Des esprits conqu\u00e9rants - Librairie 7L","og_description":"L&#8217;art contemporain, tel qu&#8217;il est apparu depuis la fin des ann\u00e9es 60, est indissociable des logiques de mondialisation et de softpower qui f\u00e9d\u00e8rent de multiples acteurs et autant de figures majeures au service de la cr\u00e9ation et de sa diffusion. En premier lieu, les artistes avec des figures comme Gerhard \u00adRichter, Louise Bourgeois, Damien Hirst [&hellip;]","og_url":"https:\/\/librairie7l.com\/en\/produit\/figures-de-lart-contemporain-des-esprits-conquerants-2\/","og_site_name":"Librairie 7L","article_modified_time":"2026-04-05T00:14:59+00:00","og_image":[{"width":600,"height":946,"url":"https:\/\/librairie7l.com\/wp-content\/uploads\/2024\/09\/9791031807324_1_75.jpg","type":"image\/jpeg"}],"twitter_card":"summary_large_image","twitter_misc":{"Est. reading time":"1 minute"},"schema":{"@context":"https:\/\/schema.org","@graph":[{"@type":"WebPage","@id":"https:\/\/librairie7l.com\/en\/produit\/figures-de-lart-contemporain-des-esprits-conquerants-2\/","url":"https:\/\/librairie7l.com\/en\/produit\/figures-de-lart-contemporain-des-esprits-conquerants-2\/","name":"Figures de... : L'art contemporain : Des esprits conqu\u00e9rants - Librairie 7L","isPartOf":{"@id":"https:\/\/librairie7l.com\/en\/#website"},"datePublished":"2025-01-16T09:16:08+00:00","dateModified":"2026-04-05T00:14:59+00:00","breadcrumb":{"@id":"https:\/\/librairie7l.com\/en\/produit\/figures-de-lart-contemporain-des-esprits-conquerants-2\/#breadcrumb"},"inLanguage":"en-US","potentialAction":[{"@type":"ReadAction","target":["https:\/\/librairie7l.com\/en\/produit\/figures-de-lart-contemporain-des-esprits-conquerants-2\/"]}]},{"@type":"BreadcrumbList","@id":"https:\/\/librairie7l.com\/en\/produit\/figures-de-lart-contemporain-des-esprits-conquerants-2\/#breadcrumb","itemListElement":[{"@type":"ListItem","position":1,"name":"Accueil","item":"https:\/\/librairie7l.com\/en\/"},{"@type":"ListItem","position":2,"name":"Shop","item":"https:\/\/librairie7l.com\/en\/shop\/"},{"@type":"ListItem","position":3,"name":"FIGURES DE&#8230; : L&#8217;ART CONTEMPORAIN : DES ESPRITS CONQU\u00c9RANTS"}]},{"@type":"WebSite","@id":"https:\/\/librairie7l.com\/en\/#website","url":"https:\/\/librairie7l.com\/en\/","name":"Librairie 7L","description":"Librairie fond\u00e9e en 1999 par Karl Lagerfeld \u00e0 Paris","publisher":{"@id":"https:\/\/librairie7l.com\/en\/#organization"},"potentialAction":[{"@type":"SearchAction","target":{"@type":"EntryPoint","urlTemplate":"https:\/\/librairie7l.com\/en\/?s={search_term_string}"},"query-input":"required name=search_term_string"}],"inLanguage":"en-US"},{"@type":"Organization","@id":"https:\/\/librairie7l.com\/en\/#organization","name":"Librairie 7L","url":"https:\/\/librairie7l.com\/en\/","logo":{"@type":"ImageObject","inLanguage":"en-US","@id":"https:\/\/librairie7l.com\/en\/#\/schema\/logo\/image\/","url":"https:\/\/librairie7l.com\/wp-content\/uploads\/2022\/08\/logo-1.png","contentUrl":"https:\/\/librairie7l.com\/wp-content\/uploads\/2022\/08\/logo-1.png","width":227,"height":301,"caption":"Librairie 7L"},"image":{"@id":"https:\/\/librairie7l.com\/en\/#\/schema\/logo\/image\/"}}]}},"_links":{"self":[{"href":"https:\/\/librairie7l.com\/en\/wp-json\/wp\/v2\/product\/45504"}],"collection":[{"href":"https:\/\/librairie7l.com\/en\/wp-json\/wp\/v2\/product"}],"about":[{"href":"https:\/\/librairie7l.com\/en\/wp-json\/wp\/v2\/types\/product"}],"wp:featuredmedia":[{"embeddable":true,"href":"https:\/\/librairie7l.com\/en\/wp-json\/wp\/v2\/media\/45502"}],"wp:attachment":[{"href":"https:\/\/librairie7l.com\/en\/wp-json\/wp\/v2\/media?parent=45504"}],"wp:term":[{"taxonomy":"product_cat","embeddable":true,"href":"https:\/\/librairie7l.com\/en\/wp-json\/wp\/v2\/product_cat?post=45504"},{"taxonomy":"product_tag","embeddable":true,"href":"https:\/\/librairie7l.com\/en\/wp-json\/wp\/v2\/product_tag?post=45504"}],"curies":[{"name":"wp","href":"https:\/\/api.w.org\/{rel}","templated":true}]}}