{"id":45512,"date":"2025-01-16T10:16:14","date_gmt":"2025-01-16T09:16:14","guid":{"rendered":"https:\/\/librairie7l.com\/?post_type=product&#038;p=45512"},"modified":"2026-04-21T18:13:41","modified_gmt":"2026-04-21T16:13:41","slug":"generation-en-revolution-dessins-francais-du-musee-fabre-1770-1815-2","status":"publish","type":"product","link":"https:\/\/librairie7l.com\/en\/produit\/generation-en-revolution-dessins-francais-du-musee-fabre-1770-1815-2\/","title":{"rendered":"G\u00c9N\u00c9RATION EN R\u00c9VOLUTION ; DESSINS FRAN\u00c7AIS DU MUS\u00c9E FABRE, 1770-1815"},"content":{"rendered":"<p>Ev\u00e9nement fondateur de notre R\u00e9publique, la R\u00e9volution de 1789 rassemble sous un vocable unique un ensemble de pens\u00e9es, de changements politiques, sociaux et \u00e9conomiques qui ont m\u00e9tamorphos\u00e9 la France en une courte d\u00e9cennie, la faisant basculer dans une \u00e8re nouvelle. Les citoyens sont alors amen\u00e9s \u00e0 prendre position : adh\u00e9rer aux id\u00e9es des Lumi\u00e8res, sinon tenter de vivre ou de survivre. Parmi eux, les jeunes artistes sont confront\u00e9s la suppression de l&#8217;Acad\u00e9mie royale en 1793 et \u00e0 l&#8217;ach\u00e8vement des march\u00e9s naturellement li\u00e9s aux commandes.<br \/>\nL&#8217;affirmation des penchants d&#8217;une nouvelle classe bourgeoise de commanditaires se traduit alors par un attrait pour les plaisirs de la vie quotidienne et le portrait. La peinture d&#8217;histoire connait un regain de ferveur, les mod\u00e8les antiques servant exalter l&#8217;\u00e9lan r\u00e9volutionnaire, tandis que le pass\u00e9 m\u00e9di\u00e9val et le Proche-Orient inspirent les mouvements pr\u00e9curseurs du n\u00e9ogothique et de l&#8217;orientalisme.<br \/>\nLa contemplation des panoramas renouvelle le regard, annon\u00e7ant le go\u00fbt du paysage, de Corot aux impressionnistes. El\u00e8ve pr\u00e9f\u00e9r\u00e9 de David, Fran\u00e7ois-Xavier Fabre (1766 -1837), peintre et fondateur \u00e0 Montpellier du mus\u00e9e qui porte son nom, d\u00e9buta sa carri\u00e8re \u00e0 cette \u00e9poque charni\u00e8re &#8211; dont les bouleversements se traduisent \u00e0 travers des formes, des sujets, des sensibilit\u00e9s. En collectionnant les oeuvres de ses contemporains, il nous permet aujourd&#8217;hui d&#8217;aborder de plain-pied les choix esth\u00e9tiques et les ressorts cr\u00e9ateurs des artistes fran\u00e7ais qui eurent trente ans sous la R\u00e9volution.<\/p>\n","protected":false},"excerpt":{"rendered":"<p>Ev\u00e9nement fondateur de notre R\u00e9publique, la R\u00e9volution de 1789 rassemble sous un vocable unique un ensemble de pens\u00e9es, de changements politiques, sociaux et \u00e9conomiques qui ont m\u00e9tamorphos\u00e9 la France en une courte d\u00e9cennie, la faisant basculer dans une \u00e8re nouvelle. Les citoyens sont alors amen\u00e9s \u00e0 prendre position : adh\u00e9rer aux id\u00e9es des Lumi\u00e8res, sinon [&hellip;]<\/p>\n","protected":false},"featured_media":45510,"template":"","meta":[],"product_cat":[2948],"product_tag":[],"acf":[],"yoast_head":"<!-- This site is optimized with the Yoast SEO plugin v20.11 - https:\/\/yoast.com\/wordpress\/plugins\/seo\/ -->\n<title>G\u00e9n\u00e9ration en r\u00e9volution ; dessins fran\u00e7ais du mus\u00e9e Fabre, 1770-1815 - Librairie 7L<\/title>\n<meta name=\"robots\" content=\"index, follow, max-snippet:-1, max-image-preview:large, max-video-preview:-1\" \/>\n<link rel=\"canonical\" href=\"https:\/\/librairie7l.com\/en\/produit\/generation-en-revolution-dessins-francais-du-musee-fabre-1770-1815-2\/\" \/>\n<meta property=\"og:locale\" content=\"en_US\" \/>\n<meta property=\"og:type\" content=\"article\" \/>\n<meta property=\"og:title\" content=\"G\u00e9n\u00e9ration en r\u00e9volution ; dessins fran\u00e7ais du mus\u00e9e Fabre, 1770-1815 - Librairie 7L\" \/>\n<meta property=\"og:description\" content=\"Ev\u00e9nement fondateur de notre R\u00e9publique, la R\u00e9volution de 1789 rassemble sous un vocable unique un ensemble de pens\u00e9es, de changements politiques, sociaux et \u00e9conomiques qui ont m\u00e9tamorphos\u00e9 la France en une courte d\u00e9cennie, la faisant basculer dans une \u00e8re nouvelle. Les citoyens sont alors amen\u00e9s \u00e0 prendre position : adh\u00e9rer aux id\u00e9es des Lumi\u00e8res, sinon [&hellip;]\" \/>\n<meta property=\"og:url\" content=\"https:\/\/librairie7l.com\/en\/produit\/generation-en-revolution-dessins-francais-du-musee-fabre-1770-1815-2\/\" \/>\n<meta property=\"og:site_name\" content=\"Librairie 7L\" \/>\n<meta property=\"article:modified_time\" content=\"2026-04-21T16:13:41+00:00\" \/>\n<meta property=\"og:image\" content=\"https:\/\/librairie7l.com\/wp-content\/uploads\/2018\/11\/9782759604197_1_75.jpg\" \/>\n\t<meta property=\"og:image:width\" content=\"600\" \/>\n\t<meta property=\"og:image:height\" content=\"816\" \/>\n\t<meta property=\"og:image:type\" content=\"image\/jpeg\" \/>\n<meta name=\"twitter:card\" content=\"summary_large_image\" \/>\n<meta name=\"twitter:label1\" content=\"Est. reading time\" \/>\n\t<meta name=\"twitter:data1\" content=\"1 minute\" \/>\n<script type=\"application\/ld+json\" class=\"yoast-schema-graph\">{\"@context\":\"https:\/\/schema.org\",\"@graph\":[{\"@type\":\"WebPage\",\"@id\":\"https:\/\/librairie7l.com\/en\/produit\/generation-en-revolution-dessins-francais-du-musee-fabre-1770-1815-2\/\",\"url\":\"https:\/\/librairie7l.com\/en\/produit\/generation-en-revolution-dessins-francais-du-musee-fabre-1770-1815-2\/\",\"name\":\"G\u00e9n\u00e9ration en r\u00e9volution ; dessins fran\u00e7ais du mus\u00e9e Fabre, 1770-1815 - Librairie 7L\",\"isPartOf\":{\"@id\":\"https:\/\/librairie7l.com\/en\/#website\"},\"datePublished\":\"2025-01-16T09:16:14+00:00\",\"dateModified\":\"2026-04-21T16:13:41+00:00\",\"breadcrumb\":{\"@id\":\"https:\/\/librairie7l.com\/en\/produit\/generation-en-revolution-dessins-francais-du-musee-fabre-1770-1815-2\/#breadcrumb\"},\"inLanguage\":\"en-US\",\"potentialAction\":[{\"@type\":\"ReadAction\",\"target\":[\"https:\/\/librairie7l.com\/en\/produit\/generation-en-revolution-dessins-francais-du-musee-fabre-1770-1815-2\/\"]}]},{\"@type\":\"BreadcrumbList\",\"@id\":\"https:\/\/librairie7l.com\/en\/produit\/generation-en-revolution-dessins-francais-du-musee-fabre-1770-1815-2\/#breadcrumb\",\"itemListElement\":[{\"@type\":\"ListItem\",\"position\":1,\"name\":\"Accueil\",\"item\":\"https:\/\/librairie7l.com\/en\/\"},{\"@type\":\"ListItem\",\"position\":2,\"name\":\"Shop\",\"item\":\"https:\/\/librairie7l.com\/en\/shop\/\"},{\"@type\":\"ListItem\",\"position\":3,\"name\":\"G\u00c9N\u00c9RATION EN R\u00c9VOLUTION ; DESSINS FRAN\u00c7AIS DU MUS\u00c9E FABRE, 1770-1815\"}]},{\"@type\":\"WebSite\",\"@id\":\"https:\/\/librairie7l.com\/en\/#website\",\"url\":\"https:\/\/librairie7l.com\/en\/\",\"name\":\"Librairie 7L\",\"description\":\"Librairie fond\u00e9e en 1999 par Karl Lagerfeld \u00e0 Paris\",\"publisher\":{\"@id\":\"https:\/\/librairie7l.com\/en\/#organization\"},\"potentialAction\":[{\"@type\":\"SearchAction\",\"target\":{\"@type\":\"EntryPoint\",\"urlTemplate\":\"https:\/\/librairie7l.com\/en\/?s={search_term_string}\"},\"query-input\":\"required name=search_term_string\"}],\"inLanguage\":\"en-US\"},{\"@type\":\"Organization\",\"@id\":\"https:\/\/librairie7l.com\/en\/#organization\",\"name\":\"Librairie 7L\",\"url\":\"https:\/\/librairie7l.com\/en\/\",\"logo\":{\"@type\":\"ImageObject\",\"inLanguage\":\"en-US\",\"@id\":\"https:\/\/librairie7l.com\/en\/#\/schema\/logo\/image\/\",\"url\":\"https:\/\/librairie7l.com\/wp-content\/uploads\/2022\/08\/logo-1.png\",\"contentUrl\":\"https:\/\/librairie7l.com\/wp-content\/uploads\/2022\/08\/logo-1.png\",\"width\":227,\"height\":301,\"caption\":\"Librairie 7L\"},\"image\":{\"@id\":\"https:\/\/librairie7l.com\/en\/#\/schema\/logo\/image\/\"}}]}<\/script>\n<!-- \/ Yoast SEO plugin. -->","yoast_head_json":{"title":"G\u00e9n\u00e9ration en r\u00e9volution ; dessins fran\u00e7ais du mus\u00e9e Fabre, 1770-1815 - Librairie 7L","robots":{"index":"index","follow":"follow","max-snippet":"max-snippet:-1","max-image-preview":"max-image-preview:large","max-video-preview":"max-video-preview:-1"},"canonical":"https:\/\/librairie7l.com\/en\/produit\/generation-en-revolution-dessins-francais-du-musee-fabre-1770-1815-2\/","og_locale":"en_US","og_type":"article","og_title":"G\u00e9n\u00e9ration en r\u00e9volution ; dessins fran\u00e7ais du mus\u00e9e Fabre, 1770-1815 - Librairie 7L","og_description":"Ev\u00e9nement fondateur de notre R\u00e9publique, la R\u00e9volution de 1789 rassemble sous un vocable unique un ensemble de pens\u00e9es, de changements politiques, sociaux et \u00e9conomiques qui ont m\u00e9tamorphos\u00e9 la France en une courte d\u00e9cennie, la faisant basculer dans une \u00e8re nouvelle. Les citoyens sont alors amen\u00e9s \u00e0 prendre position : adh\u00e9rer aux id\u00e9es des Lumi\u00e8res, sinon [&hellip;]","og_url":"https:\/\/librairie7l.com\/en\/produit\/generation-en-revolution-dessins-francais-du-musee-fabre-1770-1815-2\/","og_site_name":"Librairie 7L","article_modified_time":"2026-04-21T16:13:41+00:00","og_image":[{"width":600,"height":816,"url":"https:\/\/librairie7l.com\/wp-content\/uploads\/2018\/11\/9782759604197_1_75.jpg","type":"image\/jpeg"}],"twitter_card":"summary_large_image","twitter_misc":{"Est. reading time":"1 minute"},"schema":{"@context":"https:\/\/schema.org","@graph":[{"@type":"WebPage","@id":"https:\/\/librairie7l.com\/en\/produit\/generation-en-revolution-dessins-francais-du-musee-fabre-1770-1815-2\/","url":"https:\/\/librairie7l.com\/en\/produit\/generation-en-revolution-dessins-francais-du-musee-fabre-1770-1815-2\/","name":"G\u00e9n\u00e9ration en r\u00e9volution ; dessins fran\u00e7ais du mus\u00e9e Fabre, 1770-1815 - Librairie 7L","isPartOf":{"@id":"https:\/\/librairie7l.com\/en\/#website"},"datePublished":"2025-01-16T09:16:14+00:00","dateModified":"2026-04-21T16:13:41+00:00","breadcrumb":{"@id":"https:\/\/librairie7l.com\/en\/produit\/generation-en-revolution-dessins-francais-du-musee-fabre-1770-1815-2\/#breadcrumb"},"inLanguage":"en-US","potentialAction":[{"@type":"ReadAction","target":["https:\/\/librairie7l.com\/en\/produit\/generation-en-revolution-dessins-francais-du-musee-fabre-1770-1815-2\/"]}]},{"@type":"BreadcrumbList","@id":"https:\/\/librairie7l.com\/en\/produit\/generation-en-revolution-dessins-francais-du-musee-fabre-1770-1815-2\/#breadcrumb","itemListElement":[{"@type":"ListItem","position":1,"name":"Accueil","item":"https:\/\/librairie7l.com\/en\/"},{"@type":"ListItem","position":2,"name":"Shop","item":"https:\/\/librairie7l.com\/en\/shop\/"},{"@type":"ListItem","position":3,"name":"G\u00c9N\u00c9RATION EN R\u00c9VOLUTION ; DESSINS FRAN\u00c7AIS DU MUS\u00c9E FABRE, 1770-1815"}]},{"@type":"WebSite","@id":"https:\/\/librairie7l.com\/en\/#website","url":"https:\/\/librairie7l.com\/en\/","name":"Librairie 7L","description":"Librairie fond\u00e9e en 1999 par Karl Lagerfeld \u00e0 Paris","publisher":{"@id":"https:\/\/librairie7l.com\/en\/#organization"},"potentialAction":[{"@type":"SearchAction","target":{"@type":"EntryPoint","urlTemplate":"https:\/\/librairie7l.com\/en\/?s={search_term_string}"},"query-input":"required name=search_term_string"}],"inLanguage":"en-US"},{"@type":"Organization","@id":"https:\/\/librairie7l.com\/en\/#organization","name":"Librairie 7L","url":"https:\/\/librairie7l.com\/en\/","logo":{"@type":"ImageObject","inLanguage":"en-US","@id":"https:\/\/librairie7l.com\/en\/#\/schema\/logo\/image\/","url":"https:\/\/librairie7l.com\/wp-content\/uploads\/2022\/08\/logo-1.png","contentUrl":"https:\/\/librairie7l.com\/wp-content\/uploads\/2022\/08\/logo-1.png","width":227,"height":301,"caption":"Librairie 7L"},"image":{"@id":"https:\/\/librairie7l.com\/en\/#\/schema\/logo\/image\/"}}]}},"_links":{"self":[{"href":"https:\/\/librairie7l.com\/en\/wp-json\/wp\/v2\/product\/45512"}],"collection":[{"href":"https:\/\/librairie7l.com\/en\/wp-json\/wp\/v2\/product"}],"about":[{"href":"https:\/\/librairie7l.com\/en\/wp-json\/wp\/v2\/types\/product"}],"wp:featuredmedia":[{"embeddable":true,"href":"https:\/\/librairie7l.com\/en\/wp-json\/wp\/v2\/media\/45510"}],"wp:attachment":[{"href":"https:\/\/librairie7l.com\/en\/wp-json\/wp\/v2\/media?parent=45512"}],"wp:term":[{"taxonomy":"product_cat","embeddable":true,"href":"https:\/\/librairie7l.com\/en\/wp-json\/wp\/v2\/product_cat?post=45512"},{"taxonomy":"product_tag","embeddable":true,"href":"https:\/\/librairie7l.com\/en\/wp-json\/wp\/v2\/product_tag?post=45512"}],"curies":[{"name":"wp","href":"https:\/\/api.w.org\/{rel}","templated":true}]}}