{"id":45516,"date":"2025-01-16T10:16:18","date_gmt":"2025-01-16T09:16:18","guid":{"rendered":"https:\/\/librairie7l.com\/?post_type=product&#038;p=45516"},"modified":"2026-04-21T18:02:33","modified_gmt":"2026-04-21T16:02:33","slug":"chemins-de-couleurs-teintures-et-motifs-du-monde-2","status":"publish","type":"product","link":"https:\/\/librairie7l.com\/en\/produit\/chemins-de-couleurs-teintures-et-motifs-du-monde-2\/","title":{"rendered":"CHEMINS DE COULEURS ; TEINTURES ET MOTIFS DU MONDE"},"content":{"rendered":"<p>Ligaturer, nouer ou coudre, puis teindre (proc\u00e9d\u00e9 connu sous le terme anglais de tie and dye), le principe est simple : il suffit de &#8221; r\u00e9server &#8221; certains parties d&#8217;un tissu afin que la teinture n&#8217;y p\u00e9n\u00e8tre pas. D&#8217;un proc\u00e9d\u00e9 \u00e9l\u00e9mentaire, la virtuosit\u00e9 des artisans tire une infinit\u00e9 de motifs, reflets des cultures du monde entier. La collection des tissus teints du mus\u00e9e du quai Branly puise en effet \u00e0 tous les continents ; la photographe Fran\u00e7oise Huguier en a ici magnifi\u00e9 la richesse.<\/p>\n","protected":false},"excerpt":{"rendered":"<p>Ligaturer, nouer ou coudre, puis teindre (proc\u00e9d\u00e9 connu sous le terme anglais de tie and dye), le principe est simple : il suffit de &#8221; r\u00e9server &#8221; certains parties d&#8217;un tissu afin que la teinture n&#8217;y p\u00e9n\u00e8tre pas. D&#8217;un proc\u00e9d\u00e9 \u00e9l\u00e9mentaire, la virtuosit\u00e9 des artisans tire une infinit\u00e9 de motifs, reflets des cultures du monde [&hellip;]<\/p>\n","protected":false},"featured_media":45514,"template":"","meta":[],"product_cat":[2948],"product_tag":[],"acf":[],"yoast_head":"<!-- This site is optimized with the Yoast SEO plugin v20.11 - https:\/\/yoast.com\/wordpress\/plugins\/seo\/ -->\n<title>Chemins de couleurs ; teintures et motifs du monde - Librairie 7L<\/title>\n<meta name=\"robots\" content=\"index, follow, max-snippet:-1, max-image-preview:large, max-video-preview:-1\" \/>\n<link rel=\"canonical\" href=\"https:\/\/librairie7l.com\/en\/produit\/chemins-de-couleurs-teintures-et-motifs-du-monde-2\/\" \/>\n<meta property=\"og:locale\" content=\"en_US\" \/>\n<meta property=\"og:type\" content=\"article\" \/>\n<meta property=\"og:title\" content=\"Chemins de couleurs ; teintures et motifs du monde - Librairie 7L\" \/>\n<meta property=\"og:description\" content=\"Ligaturer, nouer ou coudre, puis teindre (proc\u00e9d\u00e9 connu sous le terme anglais de tie and dye), le principe est simple : il suffit de &#8221; r\u00e9server &#8221; certains parties d&#8217;un tissu afin que la teinture n&#8217;y p\u00e9n\u00e8tre pas. D&#8217;un proc\u00e9d\u00e9 \u00e9l\u00e9mentaire, la virtuosit\u00e9 des artisans tire une infinit\u00e9 de motifs, reflets des cultures du monde [&hellip;]\" \/>\n<meta property=\"og:url\" content=\"https:\/\/librairie7l.com\/en\/produit\/chemins-de-couleurs-teintures-et-motifs-du-monde-2\/\" \/>\n<meta property=\"og:site_name\" content=\"Librairie 7L\" \/>\n<meta property=\"article:modified_time\" content=\"2026-04-21T16:02:33+00:00\" \/>\n<meta property=\"og:image\" content=\"https:\/\/librairie7l.com\/wp-content\/uploads\/2008\/05\/9782915133929_1_75.jpg\" \/>\n\t<meta property=\"og:image:width\" content=\"624\" \/>\n\t<meta property=\"og:image:height\" content=\"799\" \/>\n\t<meta property=\"og:image:type\" content=\"image\/jpeg\" \/>\n<meta name=\"twitter:card\" content=\"summary_large_image\" \/>\n<script type=\"application\/ld+json\" class=\"yoast-schema-graph\">{\"@context\":\"https:\/\/schema.org\",\"@graph\":[{\"@type\":\"WebPage\",\"@id\":\"https:\/\/librairie7l.com\/en\/produit\/chemins-de-couleurs-teintures-et-motifs-du-monde-2\/\",\"url\":\"https:\/\/librairie7l.com\/en\/produit\/chemins-de-couleurs-teintures-et-motifs-du-monde-2\/\",\"name\":\"Chemins de couleurs ; teintures et motifs du monde - Librairie 7L\",\"isPartOf\":{\"@id\":\"https:\/\/librairie7l.com\/en\/#website\"},\"datePublished\":\"2025-01-16T09:16:18+00:00\",\"dateModified\":\"2026-04-21T16:02:33+00:00\",\"breadcrumb\":{\"@id\":\"https:\/\/librairie7l.com\/en\/produit\/chemins-de-couleurs-teintures-et-motifs-du-monde-2\/#breadcrumb\"},\"inLanguage\":\"en-US\",\"potentialAction\":[{\"@type\":\"ReadAction\",\"target\":[\"https:\/\/librairie7l.com\/en\/produit\/chemins-de-couleurs-teintures-et-motifs-du-monde-2\/\"]}]},{\"@type\":\"BreadcrumbList\",\"@id\":\"https:\/\/librairie7l.com\/en\/produit\/chemins-de-couleurs-teintures-et-motifs-du-monde-2\/#breadcrumb\",\"itemListElement\":[{\"@type\":\"ListItem\",\"position\":1,\"name\":\"Accueil\",\"item\":\"https:\/\/librairie7l.com\/en\/\"},{\"@type\":\"ListItem\",\"position\":2,\"name\":\"Shop\",\"item\":\"https:\/\/librairie7l.com\/en\/shop\/\"},{\"@type\":\"ListItem\",\"position\":3,\"name\":\"CHEMINS DE COULEURS ; TEINTURES ET MOTIFS DU MONDE\"}]},{\"@type\":\"WebSite\",\"@id\":\"https:\/\/librairie7l.com\/en\/#website\",\"url\":\"https:\/\/librairie7l.com\/en\/\",\"name\":\"Librairie 7L\",\"description\":\"Librairie fond\u00e9e en 1999 par Karl Lagerfeld \u00e0 Paris\",\"publisher\":{\"@id\":\"https:\/\/librairie7l.com\/en\/#organization\"},\"potentialAction\":[{\"@type\":\"SearchAction\",\"target\":{\"@type\":\"EntryPoint\",\"urlTemplate\":\"https:\/\/librairie7l.com\/en\/?s={search_term_string}\"},\"query-input\":\"required name=search_term_string\"}],\"inLanguage\":\"en-US\"},{\"@type\":\"Organization\",\"@id\":\"https:\/\/librairie7l.com\/en\/#organization\",\"name\":\"Librairie 7L\",\"url\":\"https:\/\/librairie7l.com\/en\/\",\"logo\":{\"@type\":\"ImageObject\",\"inLanguage\":\"en-US\",\"@id\":\"https:\/\/librairie7l.com\/en\/#\/schema\/logo\/image\/\",\"url\":\"https:\/\/librairie7l.com\/wp-content\/uploads\/2022\/08\/logo-1.png\",\"contentUrl\":\"https:\/\/librairie7l.com\/wp-content\/uploads\/2022\/08\/logo-1.png\",\"width\":227,\"height\":301,\"caption\":\"Librairie 7L\"},\"image\":{\"@id\":\"https:\/\/librairie7l.com\/en\/#\/schema\/logo\/image\/\"}}]}<\/script>\n<!-- \/ Yoast SEO plugin. -->","yoast_head_json":{"title":"Chemins de couleurs ; teintures et motifs du monde - Librairie 7L","robots":{"index":"index","follow":"follow","max-snippet":"max-snippet:-1","max-image-preview":"max-image-preview:large","max-video-preview":"max-video-preview:-1"},"canonical":"https:\/\/librairie7l.com\/en\/produit\/chemins-de-couleurs-teintures-et-motifs-du-monde-2\/","og_locale":"en_US","og_type":"article","og_title":"Chemins de couleurs ; teintures et motifs du monde - Librairie 7L","og_description":"Ligaturer, nouer ou coudre, puis teindre (proc\u00e9d\u00e9 connu sous le terme anglais de tie and dye), le principe est simple : il suffit de &#8221; r\u00e9server &#8221; certains parties d&#8217;un tissu afin que la teinture n&#8217;y p\u00e9n\u00e8tre pas. D&#8217;un proc\u00e9d\u00e9 \u00e9l\u00e9mentaire, la virtuosit\u00e9 des artisans tire une infinit\u00e9 de motifs, reflets des cultures du monde [&hellip;]","og_url":"https:\/\/librairie7l.com\/en\/produit\/chemins-de-couleurs-teintures-et-motifs-du-monde-2\/","og_site_name":"Librairie 7L","article_modified_time":"2026-04-21T16:02:33+00:00","og_image":[{"width":624,"height":799,"url":"https:\/\/librairie7l.com\/wp-content\/uploads\/2008\/05\/9782915133929_1_75.jpg","type":"image\/jpeg"}],"twitter_card":"summary_large_image","schema":{"@context":"https:\/\/schema.org","@graph":[{"@type":"WebPage","@id":"https:\/\/librairie7l.com\/en\/produit\/chemins-de-couleurs-teintures-et-motifs-du-monde-2\/","url":"https:\/\/librairie7l.com\/en\/produit\/chemins-de-couleurs-teintures-et-motifs-du-monde-2\/","name":"Chemins de couleurs ; teintures et motifs du monde - Librairie 7L","isPartOf":{"@id":"https:\/\/librairie7l.com\/en\/#website"},"datePublished":"2025-01-16T09:16:18+00:00","dateModified":"2026-04-21T16:02:33+00:00","breadcrumb":{"@id":"https:\/\/librairie7l.com\/en\/produit\/chemins-de-couleurs-teintures-et-motifs-du-monde-2\/#breadcrumb"},"inLanguage":"en-US","potentialAction":[{"@type":"ReadAction","target":["https:\/\/librairie7l.com\/en\/produit\/chemins-de-couleurs-teintures-et-motifs-du-monde-2\/"]}]},{"@type":"BreadcrumbList","@id":"https:\/\/librairie7l.com\/en\/produit\/chemins-de-couleurs-teintures-et-motifs-du-monde-2\/#breadcrumb","itemListElement":[{"@type":"ListItem","position":1,"name":"Accueil","item":"https:\/\/librairie7l.com\/en\/"},{"@type":"ListItem","position":2,"name":"Shop","item":"https:\/\/librairie7l.com\/en\/shop\/"},{"@type":"ListItem","position":3,"name":"CHEMINS DE COULEURS ; TEINTURES ET MOTIFS DU MONDE"}]},{"@type":"WebSite","@id":"https:\/\/librairie7l.com\/en\/#website","url":"https:\/\/librairie7l.com\/en\/","name":"Librairie 7L","description":"Librairie fond\u00e9e en 1999 par Karl Lagerfeld \u00e0 Paris","publisher":{"@id":"https:\/\/librairie7l.com\/en\/#organization"},"potentialAction":[{"@type":"SearchAction","target":{"@type":"EntryPoint","urlTemplate":"https:\/\/librairie7l.com\/en\/?s={search_term_string}"},"query-input":"required name=search_term_string"}],"inLanguage":"en-US"},{"@type":"Organization","@id":"https:\/\/librairie7l.com\/en\/#organization","name":"Librairie 7L","url":"https:\/\/librairie7l.com\/en\/","logo":{"@type":"ImageObject","inLanguage":"en-US","@id":"https:\/\/librairie7l.com\/en\/#\/schema\/logo\/image\/","url":"https:\/\/librairie7l.com\/wp-content\/uploads\/2022\/08\/logo-1.png","contentUrl":"https:\/\/librairie7l.com\/wp-content\/uploads\/2022\/08\/logo-1.png","width":227,"height":301,"caption":"Librairie 7L"},"image":{"@id":"https:\/\/librairie7l.com\/en\/#\/schema\/logo\/image\/"}}]}},"_links":{"self":[{"href":"https:\/\/librairie7l.com\/en\/wp-json\/wp\/v2\/product\/45516"}],"collection":[{"href":"https:\/\/librairie7l.com\/en\/wp-json\/wp\/v2\/product"}],"about":[{"href":"https:\/\/librairie7l.com\/en\/wp-json\/wp\/v2\/types\/product"}],"wp:featuredmedia":[{"embeddable":true,"href":"https:\/\/librairie7l.com\/en\/wp-json\/wp\/v2\/media\/45514"}],"wp:attachment":[{"href":"https:\/\/librairie7l.com\/en\/wp-json\/wp\/v2\/media?parent=45516"}],"wp:term":[{"taxonomy":"product_cat","embeddable":true,"href":"https:\/\/librairie7l.com\/en\/wp-json\/wp\/v2\/product_cat?post=45516"},{"taxonomy":"product_tag","embeddable":true,"href":"https:\/\/librairie7l.com\/en\/wp-json\/wp\/v2\/product_tag?post=45516"}],"curies":[{"name":"wp","href":"https:\/\/api.w.org\/{rel}","templated":true}]}}