{"id":45527,"date":"2025-01-17T09:17:47","date_gmt":"2025-01-17T08:17:47","guid":{"rendered":"https:\/\/librairie7l.com\/?post_type=product&#038;p=45527"},"modified":"2026-04-17T00:06:42","modified_gmt":"2026-04-16T22:06:42","slug":"rire-et-se-taire-sur-marcel-duchamp-2","status":"publish","type":"product","link":"https:\/\/librairie7l.com\/en\/produit\/rire-et-se-taire-sur-marcel-duchamp-2\/","title":{"rendered":"RIRE ET SE TAIRE, SUR MARCEL DUCHAMP"},"content":{"rendered":"<p>John Cage rencontre Marcel Duchamp en 1941. Trente apr\u00e8s, il confie dans le pr\u00e9sent entretien les souvenirs qu&#8217;il conserve de cet homme. Et c&#8217;est un v\u00e9ritable hommage d&#8217;un artiste \u00e0 un autre artiste et un t\u00e9moignage dr\u00f4le et \u00e9mouvant sur celui qui \u00abprenait le fait de s&#8217;amuser tr\u00e8s au s\u00e9rieux\u00bb. Les oeuvres de ces deux artistes s&#8217;offrent l&#8217;une l&#8217;autre dans un miroir invers\u00e9 : Cage explique avec une grande clart\u00e9 avoir voulu d\u00e9velopper la dimension physique de l&#8217;\u00e9coute quand Duchamp voulait r\u00e9duire cette dimension dans la peinture. Cage rapporte aussi des anecdotes, et notamment la rare fois o\u00f9 Duchamp a perdu son sang-froid, lui d&#8217;ordinaire si magnanime : une m\u00e9morable partie d&#8217;\u00e9checs, que Cage aurait d\u00fb gagner mais qu&#8217;il a perdue, ce qui a mis Duchamp dans une col\u00e8re noire&#8230;<\/p>\n","protected":false},"excerpt":{"rendered":"<p>John Cage rencontre Marcel Duchamp en 1941. Trente apr\u00e8s, il confie dans le pr\u00e9sent entretien les souvenirs qu&#8217;il conserve de cet homme. Et c&#8217;est un v\u00e9ritable hommage d&#8217;un artiste \u00e0 un autre artiste et un t\u00e9moignage dr\u00f4le et \u00e9mouvant sur celui qui \u00abprenait le fait de s&#8217;amuser tr\u00e8s au s\u00e9rieux\u00bb. Les oeuvres de ces deux [&hellip;]<\/p>\n","protected":false},"featured_media":45525,"template":"","meta":[],"product_cat":[2948],"product_tag":[],"acf":[],"yoast_head":"<!-- This site is optimized with the Yoast SEO plugin v20.11 - https:\/\/yoast.com\/wordpress\/plugins\/seo\/ -->\n<title>Rire et se taire, sur Marcel Duchamp - Librairie 7L<\/title>\n<meta name=\"robots\" content=\"index, follow, max-snippet:-1, max-image-preview:large, max-video-preview:-1\" \/>\n<link rel=\"canonical\" href=\"https:\/\/librairie7l.com\/en\/produit\/rire-et-se-taire-sur-marcel-duchamp-2\/\" \/>\n<meta property=\"og:locale\" content=\"en_US\" \/>\n<meta property=\"og:type\" content=\"article\" \/>\n<meta property=\"og:title\" content=\"Rire et se taire, sur Marcel Duchamp - Librairie 7L\" \/>\n<meta property=\"og:description\" content=\"John Cage rencontre Marcel Duchamp en 1941. Trente apr\u00e8s, il confie dans le pr\u00e9sent entretien les souvenirs qu&#8217;il conserve de cet homme. Et c&#8217;est un v\u00e9ritable hommage d&#8217;un artiste \u00e0 un autre artiste et un t\u00e9moignage dr\u00f4le et \u00e9mouvant sur celui qui \u00abprenait le fait de s&#8217;amuser tr\u00e8s au s\u00e9rieux\u00bb. Les oeuvres de ces deux [&hellip;]\" \/>\n<meta property=\"og:url\" content=\"https:\/\/librairie7l.com\/en\/produit\/rire-et-se-taire-sur-marcel-duchamp-2\/\" \/>\n<meta property=\"og:site_name\" content=\"Librairie 7L\" \/>\n<meta property=\"article:modified_time\" content=\"2026-04-16T22:06:42+00:00\" \/>\n<meta property=\"og:image\" content=\"https:\/\/librairie7l.com\/wp-content\/uploads\/2021\/12\/9791030414233_1_75.jpg\" \/>\n\t<meta property=\"og:image:width\" content=\"353\" \/>\n\t<meta property=\"og:image:height\" content=\"600\" \/>\n\t<meta property=\"og:image:type\" content=\"image\/jpeg\" \/>\n<meta name=\"twitter:card\" content=\"summary_large_image\" \/>\n<meta name=\"twitter:label1\" content=\"Est. reading time\" \/>\n\t<meta name=\"twitter:data1\" content=\"1 minute\" \/>\n<script type=\"application\/ld+json\" class=\"yoast-schema-graph\">{\"@context\":\"https:\/\/schema.org\",\"@graph\":[{\"@type\":\"WebPage\",\"@id\":\"https:\/\/librairie7l.com\/en\/produit\/rire-et-se-taire-sur-marcel-duchamp-2\/\",\"url\":\"https:\/\/librairie7l.com\/en\/produit\/rire-et-se-taire-sur-marcel-duchamp-2\/\",\"name\":\"Rire et se taire, sur Marcel Duchamp - Librairie 7L\",\"isPartOf\":{\"@id\":\"https:\/\/librairie7l.com\/en\/#website\"},\"datePublished\":\"2025-01-17T08:17:47+00:00\",\"dateModified\":\"2026-04-16T22:06:42+00:00\",\"breadcrumb\":{\"@id\":\"https:\/\/librairie7l.com\/en\/produit\/rire-et-se-taire-sur-marcel-duchamp-2\/#breadcrumb\"},\"inLanguage\":\"en-US\",\"potentialAction\":[{\"@type\":\"ReadAction\",\"target\":[\"https:\/\/librairie7l.com\/en\/produit\/rire-et-se-taire-sur-marcel-duchamp-2\/\"]}]},{\"@type\":\"BreadcrumbList\",\"@id\":\"https:\/\/librairie7l.com\/en\/produit\/rire-et-se-taire-sur-marcel-duchamp-2\/#breadcrumb\",\"itemListElement\":[{\"@type\":\"ListItem\",\"position\":1,\"name\":\"Accueil\",\"item\":\"https:\/\/librairie7l.com\/en\/\"},{\"@type\":\"ListItem\",\"position\":2,\"name\":\"Shop\",\"item\":\"https:\/\/librairie7l.com\/en\/shop\/\"},{\"@type\":\"ListItem\",\"position\":3,\"name\":\"RIRE ET SE TAIRE, SUR MARCEL DUCHAMP\"}]},{\"@type\":\"WebSite\",\"@id\":\"https:\/\/librairie7l.com\/en\/#website\",\"url\":\"https:\/\/librairie7l.com\/en\/\",\"name\":\"Librairie 7L\",\"description\":\"Librairie fond\u00e9e en 1999 par Karl Lagerfeld \u00e0 Paris\",\"publisher\":{\"@id\":\"https:\/\/librairie7l.com\/en\/#organization\"},\"potentialAction\":[{\"@type\":\"SearchAction\",\"target\":{\"@type\":\"EntryPoint\",\"urlTemplate\":\"https:\/\/librairie7l.com\/en\/?s={search_term_string}\"},\"query-input\":\"required name=search_term_string\"}],\"inLanguage\":\"en-US\"},{\"@type\":\"Organization\",\"@id\":\"https:\/\/librairie7l.com\/en\/#organization\",\"name\":\"Librairie 7L\",\"url\":\"https:\/\/librairie7l.com\/en\/\",\"logo\":{\"@type\":\"ImageObject\",\"inLanguage\":\"en-US\",\"@id\":\"https:\/\/librairie7l.com\/en\/#\/schema\/logo\/image\/\",\"url\":\"https:\/\/librairie7l.com\/wp-content\/uploads\/2022\/08\/logo-1.png\",\"contentUrl\":\"https:\/\/librairie7l.com\/wp-content\/uploads\/2022\/08\/logo-1.png\",\"width\":227,\"height\":301,\"caption\":\"Librairie 7L\"},\"image\":{\"@id\":\"https:\/\/librairie7l.com\/en\/#\/schema\/logo\/image\/\"}}]}<\/script>\n<!-- \/ Yoast SEO plugin. -->","yoast_head_json":{"title":"Rire et se taire, sur Marcel Duchamp - Librairie 7L","robots":{"index":"index","follow":"follow","max-snippet":"max-snippet:-1","max-image-preview":"max-image-preview:large","max-video-preview":"max-video-preview:-1"},"canonical":"https:\/\/librairie7l.com\/en\/produit\/rire-et-se-taire-sur-marcel-duchamp-2\/","og_locale":"en_US","og_type":"article","og_title":"Rire et se taire, sur Marcel Duchamp - Librairie 7L","og_description":"John Cage rencontre Marcel Duchamp en 1941. Trente apr\u00e8s, il confie dans le pr\u00e9sent entretien les souvenirs qu&#8217;il conserve de cet homme. Et c&#8217;est un v\u00e9ritable hommage d&#8217;un artiste \u00e0 un autre artiste et un t\u00e9moignage dr\u00f4le et \u00e9mouvant sur celui qui \u00abprenait le fait de s&#8217;amuser tr\u00e8s au s\u00e9rieux\u00bb. Les oeuvres de ces deux [&hellip;]","og_url":"https:\/\/librairie7l.com\/en\/produit\/rire-et-se-taire-sur-marcel-duchamp-2\/","og_site_name":"Librairie 7L","article_modified_time":"2026-04-16T22:06:42+00:00","og_image":[{"width":353,"height":600,"url":"https:\/\/librairie7l.com\/wp-content\/uploads\/2021\/12\/9791030414233_1_75.jpg","type":"image\/jpeg"}],"twitter_card":"summary_large_image","twitter_misc":{"Est. reading time":"1 minute"},"schema":{"@context":"https:\/\/schema.org","@graph":[{"@type":"WebPage","@id":"https:\/\/librairie7l.com\/en\/produit\/rire-et-se-taire-sur-marcel-duchamp-2\/","url":"https:\/\/librairie7l.com\/en\/produit\/rire-et-se-taire-sur-marcel-duchamp-2\/","name":"Rire et se taire, sur Marcel Duchamp - Librairie 7L","isPartOf":{"@id":"https:\/\/librairie7l.com\/en\/#website"},"datePublished":"2025-01-17T08:17:47+00:00","dateModified":"2026-04-16T22:06:42+00:00","breadcrumb":{"@id":"https:\/\/librairie7l.com\/en\/produit\/rire-et-se-taire-sur-marcel-duchamp-2\/#breadcrumb"},"inLanguage":"en-US","potentialAction":[{"@type":"ReadAction","target":["https:\/\/librairie7l.com\/en\/produit\/rire-et-se-taire-sur-marcel-duchamp-2\/"]}]},{"@type":"BreadcrumbList","@id":"https:\/\/librairie7l.com\/en\/produit\/rire-et-se-taire-sur-marcel-duchamp-2\/#breadcrumb","itemListElement":[{"@type":"ListItem","position":1,"name":"Accueil","item":"https:\/\/librairie7l.com\/en\/"},{"@type":"ListItem","position":2,"name":"Shop","item":"https:\/\/librairie7l.com\/en\/shop\/"},{"@type":"ListItem","position":3,"name":"RIRE ET SE TAIRE, SUR MARCEL DUCHAMP"}]},{"@type":"WebSite","@id":"https:\/\/librairie7l.com\/en\/#website","url":"https:\/\/librairie7l.com\/en\/","name":"Librairie 7L","description":"Librairie fond\u00e9e en 1999 par Karl Lagerfeld \u00e0 Paris","publisher":{"@id":"https:\/\/librairie7l.com\/en\/#organization"},"potentialAction":[{"@type":"SearchAction","target":{"@type":"EntryPoint","urlTemplate":"https:\/\/librairie7l.com\/en\/?s={search_term_string}"},"query-input":"required name=search_term_string"}],"inLanguage":"en-US"},{"@type":"Organization","@id":"https:\/\/librairie7l.com\/en\/#organization","name":"Librairie 7L","url":"https:\/\/librairie7l.com\/en\/","logo":{"@type":"ImageObject","inLanguage":"en-US","@id":"https:\/\/librairie7l.com\/en\/#\/schema\/logo\/image\/","url":"https:\/\/librairie7l.com\/wp-content\/uploads\/2022\/08\/logo-1.png","contentUrl":"https:\/\/librairie7l.com\/wp-content\/uploads\/2022\/08\/logo-1.png","width":227,"height":301,"caption":"Librairie 7L"},"image":{"@id":"https:\/\/librairie7l.com\/en\/#\/schema\/logo\/image\/"}}]}},"_links":{"self":[{"href":"https:\/\/librairie7l.com\/en\/wp-json\/wp\/v2\/product\/45527"}],"collection":[{"href":"https:\/\/librairie7l.com\/en\/wp-json\/wp\/v2\/product"}],"about":[{"href":"https:\/\/librairie7l.com\/en\/wp-json\/wp\/v2\/types\/product"}],"wp:featuredmedia":[{"embeddable":true,"href":"https:\/\/librairie7l.com\/en\/wp-json\/wp\/v2\/media\/45525"}],"wp:attachment":[{"href":"https:\/\/librairie7l.com\/en\/wp-json\/wp\/v2\/media?parent=45527"}],"wp:term":[{"taxonomy":"product_cat","embeddable":true,"href":"https:\/\/librairie7l.com\/en\/wp-json\/wp\/v2\/product_cat?post=45527"},{"taxonomy":"product_tag","embeddable":true,"href":"https:\/\/librairie7l.com\/en\/wp-json\/wp\/v2\/product_tag?post=45527"}],"curies":[{"name":"wp","href":"https:\/\/api.w.org\/{rel}","templated":true}]}}