{"id":45552,"date":"2025-01-18T09:18:08","date_gmt":"2025-01-18T08:18:08","guid":{"rendered":"https:\/\/librairie7l.com\/?post_type=product&#038;p=45552"},"modified":"2026-04-04T23:45:04","modified_gmt":"2026-04-04T21:45:04","slug":"collection-pinault-100-chefs-doeuvre-photographiques-2","status":"publish","type":"product","link":"https:\/\/librairie7l.com\/en\/produit\/collection-pinault-100-chefs-doeuvre-photographiques-2\/","title":{"rendered":"COLLECTION PINAULT. 100 CHEFS-D&#8217;OEUVRE PHOTOGRAPHIQUES"},"content":{"rendered":"<p>Co\u00e9dition Dilecta et Bourse de Commerce &#8211; Pinault Collection<br \/>\nLa photographie occupe, depuis 2006, une large place au sein de la Collection Pinault. De Gustave Le Gray \u00e0 Cindy Sherman, d&#8217;Irving Penn \u00e0 Wolfgang Tillmans, en passant par Raymond Depardon ou Lee Miller, les accrochages successifs t\u00e9moignent de la constitution de corpus de r\u00e9f\u00e9rence en la mati\u00e8re. Aussi bien historique que contemporaine, la collection refl\u00e8te toute la richesse et la diversit\u00e9 du m\u00e9dium photographique.<br \/>\nPrivil\u00e9giant les grands ensembles, la Collection Pinault a notamment fait l&#8217;acquisition, en 2014, de l&#8217;une des six \u00e9ditions de la \u00ab Master Collection \u00bb d&#8217;Henri Cartier-Bresson : un ensemble de 385 photographies. Plus r\u00e9cemment, Pinault Collection s&#8217;est port\u00e9e acqu\u00e9reuse d&#8217;un exceptionnel ensemble en provenance du Fonds de photographies de presse Cond\u00e9 Nast, dont une s\u00e9lection a \u00e9t\u00e9 pr\u00e9sent\u00e9e au Palazzo Grassi, \u00e0 Venise, dans l&#8217;exposition \u00ab Chronorama. Tr\u00e9sors photographiques du 20e si\u00e8cle \u00bb.<br \/>\nCette fois, dans cette ambitieuse publication, Matthieu Humery (en charge de la photographie aupr\u00e8s de Pinault Collection) pr\u00e9sente 100 chefs-d&#8217;oeuvre issues de la Collection Pinault et dresse une histoire de la photographie par le prisme de la Collection.<\/p>\n","protected":false},"excerpt":{"rendered":"<p>Co\u00e9dition Dilecta et Bourse de Commerce &#8211; Pinault Collection La photographie occupe, depuis 2006, une large place au sein de la Collection Pinault. De Gustave Le Gray \u00e0 Cindy Sherman, d&#8217;Irving Penn \u00e0 Wolfgang Tillmans, en passant par Raymond Depardon ou Lee Miller, les accrochages successifs t\u00e9moignent de la constitution de corpus de r\u00e9f\u00e9rence en [&hellip;]<\/p>\n","protected":false},"featured_media":45550,"template":"","meta":[],"product_cat":[2948],"product_tag":[],"acf":[],"yoast_head":"<!-- This site is optimized with the Yoast SEO plugin v20.11 - https:\/\/yoast.com\/wordpress\/plugins\/seo\/ -->\n<title>Collection Pinault. 100 chefs-d&#039;oeuvre photographiques - Librairie 7L<\/title>\n<meta name=\"robots\" content=\"index, follow, max-snippet:-1, max-image-preview:large, max-video-preview:-1\" \/>\n<link rel=\"canonical\" href=\"https:\/\/librairie7l.com\/en\/produit\/collection-pinault-100-chefs-doeuvre-photographiques-2\/\" \/>\n<meta property=\"og:locale\" content=\"en_US\" \/>\n<meta property=\"og:type\" content=\"article\" \/>\n<meta property=\"og:title\" content=\"Collection Pinault. 100 chefs-d&#039;oeuvre photographiques - Librairie 7L\" \/>\n<meta property=\"og:description\" content=\"Co\u00e9dition Dilecta et Bourse de Commerce &#8211; Pinault Collection La photographie occupe, depuis 2006, une large place au sein de la Collection Pinault. De Gustave Le Gray \u00e0 Cindy Sherman, d&#8217;Irving Penn \u00e0 Wolfgang Tillmans, en passant par Raymond Depardon ou Lee Miller, les accrochages successifs t\u00e9moignent de la constitution de corpus de r\u00e9f\u00e9rence en [&hellip;]\" \/>\n<meta property=\"og:url\" content=\"https:\/\/librairie7l.com\/en\/produit\/collection-pinault-100-chefs-doeuvre-photographiques-2\/\" \/>\n<meta property=\"og:site_name\" content=\"Librairie 7L\" \/>\n<meta property=\"article:modified_time\" content=\"2026-04-04T21:45:04+00:00\" \/>\n<meta property=\"og:image\" content=\"https:\/\/librairie7l.com\/wp-content\/uploads\/2024\/06\/9782373722079_1_75.jpg\" \/>\n\t<meta property=\"og:image:width\" content=\"1066\" \/>\n\t<meta property=\"og:image:height\" content=\"600\" \/>\n\t<meta property=\"og:image:type\" content=\"image\/jpeg\" \/>\n<meta name=\"twitter:card\" content=\"summary_large_image\" \/>\n<meta name=\"twitter:label1\" content=\"Est. reading time\" \/>\n\t<meta name=\"twitter:data1\" content=\"1 minute\" \/>\n<script type=\"application\/ld+json\" class=\"yoast-schema-graph\">{\"@context\":\"https:\/\/schema.org\",\"@graph\":[{\"@type\":\"WebPage\",\"@id\":\"https:\/\/librairie7l.com\/en\/produit\/collection-pinault-100-chefs-doeuvre-photographiques-2\/\",\"url\":\"https:\/\/librairie7l.com\/en\/produit\/collection-pinault-100-chefs-doeuvre-photographiques-2\/\",\"name\":\"Collection Pinault. 100 chefs-d'oeuvre photographiques - Librairie 7L\",\"isPartOf\":{\"@id\":\"https:\/\/librairie7l.com\/en\/#website\"},\"datePublished\":\"2025-01-18T08:18:08+00:00\",\"dateModified\":\"2026-04-04T21:45:04+00:00\",\"breadcrumb\":{\"@id\":\"https:\/\/librairie7l.com\/en\/produit\/collection-pinault-100-chefs-doeuvre-photographiques-2\/#breadcrumb\"},\"inLanguage\":\"en-US\",\"potentialAction\":[{\"@type\":\"ReadAction\",\"target\":[\"https:\/\/librairie7l.com\/en\/produit\/collection-pinault-100-chefs-doeuvre-photographiques-2\/\"]}]},{\"@type\":\"BreadcrumbList\",\"@id\":\"https:\/\/librairie7l.com\/en\/produit\/collection-pinault-100-chefs-doeuvre-photographiques-2\/#breadcrumb\",\"itemListElement\":[{\"@type\":\"ListItem\",\"position\":1,\"name\":\"Accueil\",\"item\":\"https:\/\/librairie7l.com\/en\/\"},{\"@type\":\"ListItem\",\"position\":2,\"name\":\"Shop\",\"item\":\"https:\/\/librairie7l.com\/en\/shop\/\"},{\"@type\":\"ListItem\",\"position\":3,\"name\":\"COLLECTION PINAULT. 100 CHEFS-D&#8217;OEUVRE PHOTOGRAPHIQUES\"}]},{\"@type\":\"WebSite\",\"@id\":\"https:\/\/librairie7l.com\/en\/#website\",\"url\":\"https:\/\/librairie7l.com\/en\/\",\"name\":\"Librairie 7L\",\"description\":\"Librairie fond\u00e9e en 1999 par Karl Lagerfeld \u00e0 Paris\",\"publisher\":{\"@id\":\"https:\/\/librairie7l.com\/en\/#organization\"},\"potentialAction\":[{\"@type\":\"SearchAction\",\"target\":{\"@type\":\"EntryPoint\",\"urlTemplate\":\"https:\/\/librairie7l.com\/en\/?s={search_term_string}\"},\"query-input\":\"required name=search_term_string\"}],\"inLanguage\":\"en-US\"},{\"@type\":\"Organization\",\"@id\":\"https:\/\/librairie7l.com\/en\/#organization\",\"name\":\"Librairie 7L\",\"url\":\"https:\/\/librairie7l.com\/en\/\",\"logo\":{\"@type\":\"ImageObject\",\"inLanguage\":\"en-US\",\"@id\":\"https:\/\/librairie7l.com\/en\/#\/schema\/logo\/image\/\",\"url\":\"https:\/\/librairie7l.com\/wp-content\/uploads\/2022\/08\/logo-1.png\",\"contentUrl\":\"https:\/\/librairie7l.com\/wp-content\/uploads\/2022\/08\/logo-1.png\",\"width\":227,\"height\":301,\"caption\":\"Librairie 7L\"},\"image\":{\"@id\":\"https:\/\/librairie7l.com\/en\/#\/schema\/logo\/image\/\"}}]}<\/script>\n<!-- \/ Yoast SEO plugin. -->","yoast_head_json":{"title":"Collection Pinault. 100 chefs-d'oeuvre photographiques - Librairie 7L","robots":{"index":"index","follow":"follow","max-snippet":"max-snippet:-1","max-image-preview":"max-image-preview:large","max-video-preview":"max-video-preview:-1"},"canonical":"https:\/\/librairie7l.com\/en\/produit\/collection-pinault-100-chefs-doeuvre-photographiques-2\/","og_locale":"en_US","og_type":"article","og_title":"Collection Pinault. 100 chefs-d'oeuvre photographiques - Librairie 7L","og_description":"Co\u00e9dition Dilecta et Bourse de Commerce &#8211; Pinault Collection La photographie occupe, depuis 2006, une large place au sein de la Collection Pinault. De Gustave Le Gray \u00e0 Cindy Sherman, d&#8217;Irving Penn \u00e0 Wolfgang Tillmans, en passant par Raymond Depardon ou Lee Miller, les accrochages successifs t\u00e9moignent de la constitution de corpus de r\u00e9f\u00e9rence en [&hellip;]","og_url":"https:\/\/librairie7l.com\/en\/produit\/collection-pinault-100-chefs-doeuvre-photographiques-2\/","og_site_name":"Librairie 7L","article_modified_time":"2026-04-04T21:45:04+00:00","og_image":[{"width":1066,"height":600,"url":"https:\/\/librairie7l.com\/wp-content\/uploads\/2024\/06\/9782373722079_1_75.jpg","type":"image\/jpeg"}],"twitter_card":"summary_large_image","twitter_misc":{"Est. reading time":"1 minute"},"schema":{"@context":"https:\/\/schema.org","@graph":[{"@type":"WebPage","@id":"https:\/\/librairie7l.com\/en\/produit\/collection-pinault-100-chefs-doeuvre-photographiques-2\/","url":"https:\/\/librairie7l.com\/en\/produit\/collection-pinault-100-chefs-doeuvre-photographiques-2\/","name":"Collection Pinault. 100 chefs-d'oeuvre photographiques - Librairie 7L","isPartOf":{"@id":"https:\/\/librairie7l.com\/en\/#website"},"datePublished":"2025-01-18T08:18:08+00:00","dateModified":"2026-04-04T21:45:04+00:00","breadcrumb":{"@id":"https:\/\/librairie7l.com\/en\/produit\/collection-pinault-100-chefs-doeuvre-photographiques-2\/#breadcrumb"},"inLanguage":"en-US","potentialAction":[{"@type":"ReadAction","target":["https:\/\/librairie7l.com\/en\/produit\/collection-pinault-100-chefs-doeuvre-photographiques-2\/"]}]},{"@type":"BreadcrumbList","@id":"https:\/\/librairie7l.com\/en\/produit\/collection-pinault-100-chefs-doeuvre-photographiques-2\/#breadcrumb","itemListElement":[{"@type":"ListItem","position":1,"name":"Accueil","item":"https:\/\/librairie7l.com\/en\/"},{"@type":"ListItem","position":2,"name":"Shop","item":"https:\/\/librairie7l.com\/en\/shop\/"},{"@type":"ListItem","position":3,"name":"COLLECTION PINAULT. 100 CHEFS-D&#8217;OEUVRE PHOTOGRAPHIQUES"}]},{"@type":"WebSite","@id":"https:\/\/librairie7l.com\/en\/#website","url":"https:\/\/librairie7l.com\/en\/","name":"Librairie 7L","description":"Librairie fond\u00e9e en 1999 par Karl Lagerfeld \u00e0 Paris","publisher":{"@id":"https:\/\/librairie7l.com\/en\/#organization"},"potentialAction":[{"@type":"SearchAction","target":{"@type":"EntryPoint","urlTemplate":"https:\/\/librairie7l.com\/en\/?s={search_term_string}"},"query-input":"required name=search_term_string"}],"inLanguage":"en-US"},{"@type":"Organization","@id":"https:\/\/librairie7l.com\/en\/#organization","name":"Librairie 7L","url":"https:\/\/librairie7l.com\/en\/","logo":{"@type":"ImageObject","inLanguage":"en-US","@id":"https:\/\/librairie7l.com\/en\/#\/schema\/logo\/image\/","url":"https:\/\/librairie7l.com\/wp-content\/uploads\/2022\/08\/logo-1.png","contentUrl":"https:\/\/librairie7l.com\/wp-content\/uploads\/2022\/08\/logo-1.png","width":227,"height":301,"caption":"Librairie 7L"},"image":{"@id":"https:\/\/librairie7l.com\/en\/#\/schema\/logo\/image\/"}}]}},"_links":{"self":[{"href":"https:\/\/librairie7l.com\/en\/wp-json\/wp\/v2\/product\/45552"}],"collection":[{"href":"https:\/\/librairie7l.com\/en\/wp-json\/wp\/v2\/product"}],"about":[{"href":"https:\/\/librairie7l.com\/en\/wp-json\/wp\/v2\/types\/product"}],"wp:featuredmedia":[{"embeddable":true,"href":"https:\/\/librairie7l.com\/en\/wp-json\/wp\/v2\/media\/45550"}],"wp:attachment":[{"href":"https:\/\/librairie7l.com\/en\/wp-json\/wp\/v2\/media?parent=45552"}],"wp:term":[{"taxonomy":"product_cat","embeddable":true,"href":"https:\/\/librairie7l.com\/en\/wp-json\/wp\/v2\/product_cat?post=45552"},{"taxonomy":"product_tag","embeddable":true,"href":"https:\/\/librairie7l.com\/en\/wp-json\/wp\/v2\/product_tag?post=45552"}],"curies":[{"name":"wp","href":"https:\/\/api.w.org\/{rel}","templated":true}]}}