{"id":45601,"date":"2025-01-19T09:18:06","date_gmt":"2025-01-19T08:18:06","guid":{"rendered":"https:\/\/librairie7l.com\/?post_type=product&#038;p=45601"},"modified":"2026-04-06T04:38:36","modified_gmt":"2026-04-06T02:38:36","slug":"rose-histoire-dune-couleur-2","status":"publish","type":"product","link":"https:\/\/librairie7l.com\/en\/produit\/rose-histoire-dune-couleur-2\/","title":{"rendered":"ROSE : HISTOIRE D&#8217;UNE COULEUR"},"content":{"rendered":"<p>Bien pr\u00e9sent dans la nature, le rose n&#8217;a \u00e9t\u00e9 fabriqu\u00e9 par l&#8217;Homme qu&#8217;assez tard, que ce soit en peinture ou en teinture. En Europe, avant le XIVe si\u00e8cle, il est rare dans la culture mat\u00e9rielle comme dans la cr\u00e9ation artistique. Il devient plus fr\u00e9quent dans le v\u00eatement \u00e0 la fin du Moyen \u00c2ge gr\u00e2ce \u00e0 l&#8217;emploi d&#8217;une teinture import\u00e9e des Indes puis du Nouveau Monde : le bois de br\u00e9sil. Sa vogue atteint son apog\u00e9e vers la fin du XVIIIe si\u00e8cle, lorsqu&#8217;il devient tout \u00e0 la fois romantique et f\u00e9minin, symbole de douceur, de plaisir et de bonheur. \u00c0 la m\u00eame \u00e9poque, les horticulteurs parviennent \u00e0 cr\u00e9er des roses roses : cela pla\u00eet tellement que la fleur finit par donner son nom \u00e0 cette couleur qui jusque-l\u00e0 n&#8217;en avait pas.<\/p>\n<p>Aujourd&#8217;hui, le rose est moins pr\u00e9sent dans la vie quotidienne qu&#8217;il ne l&#8217;a \u00e9t\u00e9 \u00e0 l&#8217;\u00e9poque romantique. Tant\u00f4t jug\u00e9e trop voyante ou de mauvais go\u00fbt, tant\u00f4t appr\u00e9ci\u00e9e comme couleur embl\u00e9matique de la modernit\u00e9 (pop art, pink culture), cette demi-teinte fait l&#8217;objet d&#8217;une reconnaissance ambivalente. L&#8217;ouvrage de Michel Pastoureau retrace la longue et turbulente saga du rose en Europe, de l&#8217;Antiquit\u00e9 grecque \u00e0 nos jours, en s&#8217;appuyant sur de nombreux documents et sur une riche iconographie.<\/p>\n","protected":false},"excerpt":{"rendered":"<p>Bien pr\u00e9sent dans la nature, le rose n&#8217;a \u00e9t\u00e9 fabriqu\u00e9 par l&#8217;Homme qu&#8217;assez tard, que ce soit en peinture ou en teinture. En Europe, avant le XIVe si\u00e8cle, il est rare dans la culture mat\u00e9rielle comme dans la cr\u00e9ation artistique. Il devient plus fr\u00e9quent dans le v\u00eatement \u00e0 la fin du Moyen \u00c2ge gr\u00e2ce \u00e0 [&hellip;]<\/p>\n","protected":false},"featured_media":45599,"template":"","meta":[],"product_cat":[2948],"product_tag":[],"acf":[],"yoast_head":"<!-- This site is optimized with the Yoast SEO plugin v20.11 - https:\/\/yoast.com\/wordpress\/plugins\/seo\/ -->\n<title>Rose : Histoire d&#039;une couleur - Librairie 7L<\/title>\n<meta name=\"robots\" content=\"index, follow, max-snippet:-1, max-image-preview:large, max-video-preview:-1\" \/>\n<link rel=\"canonical\" href=\"https:\/\/librairie7l.com\/en\/produit\/rose-histoire-dune-couleur-2\/\" \/>\n<meta property=\"og:locale\" content=\"en_US\" \/>\n<meta property=\"og:type\" content=\"article\" \/>\n<meta property=\"og:title\" content=\"Rose : Histoire d&#039;une couleur - Librairie 7L\" \/>\n<meta property=\"og:description\" content=\"Bien pr\u00e9sent dans la nature, le rose n&#8217;a \u00e9t\u00e9 fabriqu\u00e9 par l&#8217;Homme qu&#8217;assez tard, que ce soit en peinture ou en teinture. En Europe, avant le XIVe si\u00e8cle, il est rare dans la culture mat\u00e9rielle comme dans la cr\u00e9ation artistique. Il devient plus fr\u00e9quent dans le v\u00eatement \u00e0 la fin du Moyen \u00c2ge gr\u00e2ce \u00e0 [&hellip;]\" \/>\n<meta property=\"og:url\" content=\"https:\/\/librairie7l.com\/en\/produit\/rose-histoire-dune-couleur-2\/\" \/>\n<meta property=\"og:site_name\" content=\"Librairie 7L\" \/>\n<meta property=\"article:modified_time\" content=\"2026-04-06T02:38:36+00:00\" \/>\n<meta property=\"og:image\" content=\"https:\/\/librairie7l.com\/wp-content\/uploads\/2024\/06\/9782021555790_1_75.jpg\" \/>\n\t<meta property=\"og:image:width\" content=\"600\" \/>\n\t<meta property=\"og:image:height\" content=\"614\" \/>\n\t<meta property=\"og:image:type\" content=\"image\/jpeg\" \/>\n<meta name=\"twitter:card\" content=\"summary_large_image\" \/>\n<meta name=\"twitter:label1\" content=\"Est. reading time\" \/>\n\t<meta name=\"twitter:data1\" content=\"1 minute\" \/>\n<script type=\"application\/ld+json\" class=\"yoast-schema-graph\">{\"@context\":\"https:\/\/schema.org\",\"@graph\":[{\"@type\":\"WebPage\",\"@id\":\"https:\/\/librairie7l.com\/en\/produit\/rose-histoire-dune-couleur-2\/\",\"url\":\"https:\/\/librairie7l.com\/en\/produit\/rose-histoire-dune-couleur-2\/\",\"name\":\"Rose : Histoire d'une couleur - Librairie 7L\",\"isPartOf\":{\"@id\":\"https:\/\/librairie7l.com\/en\/#website\"},\"datePublished\":\"2025-01-19T08:18:06+00:00\",\"dateModified\":\"2026-04-06T02:38:36+00:00\",\"breadcrumb\":{\"@id\":\"https:\/\/librairie7l.com\/en\/produit\/rose-histoire-dune-couleur-2\/#breadcrumb\"},\"inLanguage\":\"en-US\",\"potentialAction\":[{\"@type\":\"ReadAction\",\"target\":[\"https:\/\/librairie7l.com\/en\/produit\/rose-histoire-dune-couleur-2\/\"]}]},{\"@type\":\"BreadcrumbList\",\"@id\":\"https:\/\/librairie7l.com\/en\/produit\/rose-histoire-dune-couleur-2\/#breadcrumb\",\"itemListElement\":[{\"@type\":\"ListItem\",\"position\":1,\"name\":\"Accueil\",\"item\":\"https:\/\/librairie7l.com\/en\/\"},{\"@type\":\"ListItem\",\"position\":2,\"name\":\"Shop\",\"item\":\"https:\/\/librairie7l.com\/en\/shop\/\"},{\"@type\":\"ListItem\",\"position\":3,\"name\":\"ROSE : HISTOIRE D&#8217;UNE COULEUR\"}]},{\"@type\":\"WebSite\",\"@id\":\"https:\/\/librairie7l.com\/en\/#website\",\"url\":\"https:\/\/librairie7l.com\/en\/\",\"name\":\"Librairie 7L\",\"description\":\"Librairie fond\u00e9e en 1999 par Karl Lagerfeld \u00e0 Paris\",\"publisher\":{\"@id\":\"https:\/\/librairie7l.com\/en\/#organization\"},\"potentialAction\":[{\"@type\":\"SearchAction\",\"target\":{\"@type\":\"EntryPoint\",\"urlTemplate\":\"https:\/\/librairie7l.com\/en\/?s={search_term_string}\"},\"query-input\":\"required name=search_term_string\"}],\"inLanguage\":\"en-US\"},{\"@type\":\"Organization\",\"@id\":\"https:\/\/librairie7l.com\/en\/#organization\",\"name\":\"Librairie 7L\",\"url\":\"https:\/\/librairie7l.com\/en\/\",\"logo\":{\"@type\":\"ImageObject\",\"inLanguage\":\"en-US\",\"@id\":\"https:\/\/librairie7l.com\/en\/#\/schema\/logo\/image\/\",\"url\":\"https:\/\/librairie7l.com\/wp-content\/uploads\/2022\/08\/logo-1.png\",\"contentUrl\":\"https:\/\/librairie7l.com\/wp-content\/uploads\/2022\/08\/logo-1.png\",\"width\":227,\"height\":301,\"caption\":\"Librairie 7L\"},\"image\":{\"@id\":\"https:\/\/librairie7l.com\/en\/#\/schema\/logo\/image\/\"}}]}<\/script>\n<!-- \/ Yoast SEO plugin. -->","yoast_head_json":{"title":"Rose : Histoire d'une couleur - Librairie 7L","robots":{"index":"index","follow":"follow","max-snippet":"max-snippet:-1","max-image-preview":"max-image-preview:large","max-video-preview":"max-video-preview:-1"},"canonical":"https:\/\/librairie7l.com\/en\/produit\/rose-histoire-dune-couleur-2\/","og_locale":"en_US","og_type":"article","og_title":"Rose : Histoire d'une couleur - Librairie 7L","og_description":"Bien pr\u00e9sent dans la nature, le rose n&#8217;a \u00e9t\u00e9 fabriqu\u00e9 par l&#8217;Homme qu&#8217;assez tard, que ce soit en peinture ou en teinture. En Europe, avant le XIVe si\u00e8cle, il est rare dans la culture mat\u00e9rielle comme dans la cr\u00e9ation artistique. Il devient plus fr\u00e9quent dans le v\u00eatement \u00e0 la fin du Moyen \u00c2ge gr\u00e2ce \u00e0 [&hellip;]","og_url":"https:\/\/librairie7l.com\/en\/produit\/rose-histoire-dune-couleur-2\/","og_site_name":"Librairie 7L","article_modified_time":"2026-04-06T02:38:36+00:00","og_image":[{"width":600,"height":614,"url":"https:\/\/librairie7l.com\/wp-content\/uploads\/2024\/06\/9782021555790_1_75.jpg","type":"image\/jpeg"}],"twitter_card":"summary_large_image","twitter_misc":{"Est. reading time":"1 minute"},"schema":{"@context":"https:\/\/schema.org","@graph":[{"@type":"WebPage","@id":"https:\/\/librairie7l.com\/en\/produit\/rose-histoire-dune-couleur-2\/","url":"https:\/\/librairie7l.com\/en\/produit\/rose-histoire-dune-couleur-2\/","name":"Rose : Histoire d'une couleur - Librairie 7L","isPartOf":{"@id":"https:\/\/librairie7l.com\/en\/#website"},"datePublished":"2025-01-19T08:18:06+00:00","dateModified":"2026-04-06T02:38:36+00:00","breadcrumb":{"@id":"https:\/\/librairie7l.com\/en\/produit\/rose-histoire-dune-couleur-2\/#breadcrumb"},"inLanguage":"en-US","potentialAction":[{"@type":"ReadAction","target":["https:\/\/librairie7l.com\/en\/produit\/rose-histoire-dune-couleur-2\/"]}]},{"@type":"BreadcrumbList","@id":"https:\/\/librairie7l.com\/en\/produit\/rose-histoire-dune-couleur-2\/#breadcrumb","itemListElement":[{"@type":"ListItem","position":1,"name":"Accueil","item":"https:\/\/librairie7l.com\/en\/"},{"@type":"ListItem","position":2,"name":"Shop","item":"https:\/\/librairie7l.com\/en\/shop\/"},{"@type":"ListItem","position":3,"name":"ROSE : HISTOIRE D&#8217;UNE COULEUR"}]},{"@type":"WebSite","@id":"https:\/\/librairie7l.com\/en\/#website","url":"https:\/\/librairie7l.com\/en\/","name":"Librairie 7L","description":"Librairie fond\u00e9e en 1999 par Karl Lagerfeld \u00e0 Paris","publisher":{"@id":"https:\/\/librairie7l.com\/en\/#organization"},"potentialAction":[{"@type":"SearchAction","target":{"@type":"EntryPoint","urlTemplate":"https:\/\/librairie7l.com\/en\/?s={search_term_string}"},"query-input":"required name=search_term_string"}],"inLanguage":"en-US"},{"@type":"Organization","@id":"https:\/\/librairie7l.com\/en\/#organization","name":"Librairie 7L","url":"https:\/\/librairie7l.com\/en\/","logo":{"@type":"ImageObject","inLanguage":"en-US","@id":"https:\/\/librairie7l.com\/en\/#\/schema\/logo\/image\/","url":"https:\/\/librairie7l.com\/wp-content\/uploads\/2022\/08\/logo-1.png","contentUrl":"https:\/\/librairie7l.com\/wp-content\/uploads\/2022\/08\/logo-1.png","width":227,"height":301,"caption":"Librairie 7L"},"image":{"@id":"https:\/\/librairie7l.com\/en\/#\/schema\/logo\/image\/"}}]}},"_links":{"self":[{"href":"https:\/\/librairie7l.com\/en\/wp-json\/wp\/v2\/product\/45601"}],"collection":[{"href":"https:\/\/librairie7l.com\/en\/wp-json\/wp\/v2\/product"}],"about":[{"href":"https:\/\/librairie7l.com\/en\/wp-json\/wp\/v2\/types\/product"}],"wp:featuredmedia":[{"embeddable":true,"href":"https:\/\/librairie7l.com\/en\/wp-json\/wp\/v2\/media\/45599"}],"wp:attachment":[{"href":"https:\/\/librairie7l.com\/en\/wp-json\/wp\/v2\/media?parent=45601"}],"wp:term":[{"taxonomy":"product_cat","embeddable":true,"href":"https:\/\/librairie7l.com\/en\/wp-json\/wp\/v2\/product_cat?post=45601"},{"taxonomy":"product_tag","embeddable":true,"href":"https:\/\/librairie7l.com\/en\/wp-json\/wp\/v2\/product_tag?post=45601"}],"curies":[{"name":"wp","href":"https:\/\/api.w.org\/{rel}","templated":true}]}}