{"id":45605,"date":"2025-01-19T09:18:09","date_gmt":"2025-01-19T08:18:09","guid":{"rendered":"https:\/\/librairie7l.com\/?post_type=product&#038;p=45605"},"modified":"2026-04-21T20:01:44","modified_gmt":"2026-04-21T18:01:44","slug":"un-jardin-pour-eugenie-la-derniere-imperatrice-au-cap-martin-2","status":"publish","type":"product","link":"https:\/\/librairie7l.com\/en\/produit\/un-jardin-pour-eugenie-la-derniere-imperatrice-au-cap-martin-2\/","title":{"rendered":"UN JARDIN POUR EUGENIE : LA DERNI\u00c8RE IMPERATRICE AU CAP MARTIN"},"content":{"rendered":"<p>Dix-sept ans de r\u00e8gne, cinquante ann\u00e9es d&#8217;exil.<br \/>\nL&#8217;imp\u00e9ratrice Eug\u00e9nie fut la derni\u00e8re souveraine  de France. Veuve de Napol\u00e9on III, son fils unique  fut tu\u00e9 par les Zoulous en Afrique du Sud.Rescap\u00e9e  de l&#8217;Histoire, elle s&#8217;\u00e9teignit \u00e0 l&#8217;\u00e2ge de 94 ans il y a  \u00e0 peine un si\u00e8cle.<br \/>\n\u00c9tablie en Angleterre depuis la chute du  Second Empire, Eug\u00e9nie commanda en 1892  la construction d&#8217;une demeure au cap Martin,  face au rocher de Monaco et pr\u00e8s de Menton,  et en fit sa r\u00e9sidence secondaire qu&#8217;elle occupa  jusqu&#8217;\u00e0 sa mort en 1920.<br \/>\nDans cette r\u00e9gion \u00e9loign\u00e9e, sauvage et aride  du midi de la France, devenue un haut lieu  de vill\u00e9giature pour les hivernants ais\u00e9s, les  premiers jardins d&#8217;agr\u00e9ments apparurent autour  de magnifiques villas, inspir\u00e9s par une soci\u00e9t\u00e9  anglaise bien implant\u00e9e et un savoir-faire venu  d&#8217;Allemagne. Le jardin antique fut alors r\u00e9invent\u00e9  et une touche d&#8217;exotisme vint parfaire l&#8217;harmonie  de ces nouveaux espaces.<br \/>\nLe jardin de la villa Cyrnos servit de d\u00e9cor \u00e0 la  nouvelle vie sociale de l&#8217;imp\u00e9ratrice, que l&#8217;on  d\u00e9couvre autant proche de sa domesticit\u00e9  que des personnalit\u00e9s princi\u00e8res, scientifiques  et artistiques de passage sur la Riviera. La reine  Victoria, l&#8217;imp\u00e9ratrice Sissi, le prince Albert Ier de Monaco, Rodin, Rosa Bonheur ou encore  Cocteau compt\u00e8rent parmi ses plus illustres  invit\u00e9s.<br \/>\nInstall\u00e9es dans le Val de Loire, surnomm\u00e9 \u00ab la  C\u00f4te d&#8217;Azur des Valois \u00bb par l&#8217;auteur des Enfants  terribles, les \u00e9ditions Le Charmoiset sont heureuses  de pr\u00e9senter une \u00e9dition revue et enrichie de ce  beau livre de r\u00e9f\u00e9rence.<\/p>\n","protected":false},"excerpt":{"rendered":"<p>Dix-sept ans de r\u00e8gne, cinquante ann\u00e9es d&#8217;exil. L&#8217;imp\u00e9ratrice Eug\u00e9nie fut la derni\u00e8re souveraine de France. Veuve de Napol\u00e9on III, son fils unique fut tu\u00e9 par les Zoulous en Afrique du Sud.Rescap\u00e9e de l&#8217;Histoire, elle s&#8217;\u00e9teignit \u00e0 l&#8217;\u00e2ge de 94 ans il y a \u00e0 peine un si\u00e8cle. \u00c9tablie en Angleterre depuis la chute du Second [&hellip;]<\/p>\n","protected":false},"featured_media":45603,"template":"","meta":[],"product_cat":[2948],"product_tag":[],"acf":[],"yoast_head":"<!-- This site is optimized with the Yoast SEO plugin v20.11 - https:\/\/yoast.com\/wordpress\/plugins\/seo\/ -->\n<title>Un jardin pour Eugenie : la derni\u00e8re imperatrice au cap Martin - Librairie 7L<\/title>\n<meta name=\"robots\" content=\"index, follow, max-snippet:-1, max-image-preview:large, max-video-preview:-1\" \/>\n<link rel=\"canonical\" href=\"https:\/\/librairie7l.com\/en\/produit\/un-jardin-pour-eugenie-la-derniere-imperatrice-au-cap-martin-2\/\" \/>\n<meta property=\"og:locale\" content=\"en_US\" \/>\n<meta property=\"og:type\" content=\"article\" \/>\n<meta property=\"og:title\" content=\"Un jardin pour Eugenie : la derni\u00e8re imperatrice au cap Martin - Librairie 7L\" \/>\n<meta property=\"og:description\" content=\"Dix-sept ans de r\u00e8gne, cinquante ann\u00e9es d&#8217;exil. L&#8217;imp\u00e9ratrice Eug\u00e9nie fut la derni\u00e8re souveraine de France. Veuve de Napol\u00e9on III, son fils unique fut tu\u00e9 par les Zoulous en Afrique du Sud.Rescap\u00e9e de l&#8217;Histoire, elle s&#8217;\u00e9teignit \u00e0 l&#8217;\u00e2ge de 94 ans il y a \u00e0 peine un si\u00e8cle. \u00c9tablie en Angleterre depuis la chute du Second [&hellip;]\" \/>\n<meta property=\"og:url\" content=\"https:\/\/librairie7l.com\/en\/produit\/un-jardin-pour-eugenie-la-derniere-imperatrice-au-cap-martin-2\/\" \/>\n<meta property=\"og:site_name\" content=\"Librairie 7L\" \/>\n<meta property=\"article:modified_time\" content=\"2026-04-21T18:01:44+00:00\" \/>\n<meta property=\"og:image\" content=\"https:\/\/librairie7l.com\/wp-content\/uploads\/2022\/09\/9782372890199_1_75.jpg\" \/>\n\t<meta property=\"og:image:width\" content=\"600\" \/>\n\t<meta property=\"og:image:height\" content=\"683\" \/>\n\t<meta property=\"og:image:type\" content=\"image\/jpeg\" \/>\n<meta name=\"twitter:card\" content=\"summary_large_image\" \/>\n<meta name=\"twitter:label1\" content=\"Est. reading time\" \/>\n\t<meta name=\"twitter:data1\" content=\"1 minute\" \/>\n<script type=\"application\/ld+json\" class=\"yoast-schema-graph\">{\"@context\":\"https:\/\/schema.org\",\"@graph\":[{\"@type\":\"WebPage\",\"@id\":\"https:\/\/librairie7l.com\/en\/produit\/un-jardin-pour-eugenie-la-derniere-imperatrice-au-cap-martin-2\/\",\"url\":\"https:\/\/librairie7l.com\/en\/produit\/un-jardin-pour-eugenie-la-derniere-imperatrice-au-cap-martin-2\/\",\"name\":\"Un jardin pour Eugenie : la derni\u00e8re imperatrice au cap Martin - Librairie 7L\",\"isPartOf\":{\"@id\":\"https:\/\/librairie7l.com\/en\/#website\"},\"datePublished\":\"2025-01-19T08:18:09+00:00\",\"dateModified\":\"2026-04-21T18:01:44+00:00\",\"breadcrumb\":{\"@id\":\"https:\/\/librairie7l.com\/en\/produit\/un-jardin-pour-eugenie-la-derniere-imperatrice-au-cap-martin-2\/#breadcrumb\"},\"inLanguage\":\"en-US\",\"potentialAction\":[{\"@type\":\"ReadAction\",\"target\":[\"https:\/\/librairie7l.com\/en\/produit\/un-jardin-pour-eugenie-la-derniere-imperatrice-au-cap-martin-2\/\"]}]},{\"@type\":\"BreadcrumbList\",\"@id\":\"https:\/\/librairie7l.com\/en\/produit\/un-jardin-pour-eugenie-la-derniere-imperatrice-au-cap-martin-2\/#breadcrumb\",\"itemListElement\":[{\"@type\":\"ListItem\",\"position\":1,\"name\":\"Accueil\",\"item\":\"https:\/\/librairie7l.com\/en\/\"},{\"@type\":\"ListItem\",\"position\":2,\"name\":\"Shop\",\"item\":\"https:\/\/librairie7l.com\/en\/shop\/\"},{\"@type\":\"ListItem\",\"position\":3,\"name\":\"UN JARDIN POUR EUGENIE : LA DERNI\u00c8RE IMPERATRICE AU CAP MARTIN\"}]},{\"@type\":\"WebSite\",\"@id\":\"https:\/\/librairie7l.com\/en\/#website\",\"url\":\"https:\/\/librairie7l.com\/en\/\",\"name\":\"Librairie 7L\",\"description\":\"Librairie fond\u00e9e en 1999 par Karl Lagerfeld \u00e0 Paris\",\"publisher\":{\"@id\":\"https:\/\/librairie7l.com\/en\/#organization\"},\"potentialAction\":[{\"@type\":\"SearchAction\",\"target\":{\"@type\":\"EntryPoint\",\"urlTemplate\":\"https:\/\/librairie7l.com\/en\/?s={search_term_string}\"},\"query-input\":\"required name=search_term_string\"}],\"inLanguage\":\"en-US\"},{\"@type\":\"Organization\",\"@id\":\"https:\/\/librairie7l.com\/en\/#organization\",\"name\":\"Librairie 7L\",\"url\":\"https:\/\/librairie7l.com\/en\/\",\"logo\":{\"@type\":\"ImageObject\",\"inLanguage\":\"en-US\",\"@id\":\"https:\/\/librairie7l.com\/en\/#\/schema\/logo\/image\/\",\"url\":\"https:\/\/librairie7l.com\/wp-content\/uploads\/2022\/08\/logo-1.png\",\"contentUrl\":\"https:\/\/librairie7l.com\/wp-content\/uploads\/2022\/08\/logo-1.png\",\"width\":227,\"height\":301,\"caption\":\"Librairie 7L\"},\"image\":{\"@id\":\"https:\/\/librairie7l.com\/en\/#\/schema\/logo\/image\/\"}}]}<\/script>\n<!-- \/ Yoast SEO plugin. -->","yoast_head_json":{"title":"Un jardin pour Eugenie : la derni\u00e8re imperatrice au cap Martin - Librairie 7L","robots":{"index":"index","follow":"follow","max-snippet":"max-snippet:-1","max-image-preview":"max-image-preview:large","max-video-preview":"max-video-preview:-1"},"canonical":"https:\/\/librairie7l.com\/en\/produit\/un-jardin-pour-eugenie-la-derniere-imperatrice-au-cap-martin-2\/","og_locale":"en_US","og_type":"article","og_title":"Un jardin pour Eugenie : la derni\u00e8re imperatrice au cap Martin - Librairie 7L","og_description":"Dix-sept ans de r\u00e8gne, cinquante ann\u00e9es d&#8217;exil. L&#8217;imp\u00e9ratrice Eug\u00e9nie fut la derni\u00e8re souveraine de France. Veuve de Napol\u00e9on III, son fils unique fut tu\u00e9 par les Zoulous en Afrique du Sud.Rescap\u00e9e de l&#8217;Histoire, elle s&#8217;\u00e9teignit \u00e0 l&#8217;\u00e2ge de 94 ans il y a \u00e0 peine un si\u00e8cle. \u00c9tablie en Angleterre depuis la chute du Second [&hellip;]","og_url":"https:\/\/librairie7l.com\/en\/produit\/un-jardin-pour-eugenie-la-derniere-imperatrice-au-cap-martin-2\/","og_site_name":"Librairie 7L","article_modified_time":"2026-04-21T18:01:44+00:00","og_image":[{"width":600,"height":683,"url":"https:\/\/librairie7l.com\/wp-content\/uploads\/2022\/09\/9782372890199_1_75.jpg","type":"image\/jpeg"}],"twitter_card":"summary_large_image","twitter_misc":{"Est. reading time":"1 minute"},"schema":{"@context":"https:\/\/schema.org","@graph":[{"@type":"WebPage","@id":"https:\/\/librairie7l.com\/en\/produit\/un-jardin-pour-eugenie-la-derniere-imperatrice-au-cap-martin-2\/","url":"https:\/\/librairie7l.com\/en\/produit\/un-jardin-pour-eugenie-la-derniere-imperatrice-au-cap-martin-2\/","name":"Un jardin pour Eugenie : la derni\u00e8re imperatrice au cap Martin - Librairie 7L","isPartOf":{"@id":"https:\/\/librairie7l.com\/en\/#website"},"datePublished":"2025-01-19T08:18:09+00:00","dateModified":"2026-04-21T18:01:44+00:00","breadcrumb":{"@id":"https:\/\/librairie7l.com\/en\/produit\/un-jardin-pour-eugenie-la-derniere-imperatrice-au-cap-martin-2\/#breadcrumb"},"inLanguage":"en-US","potentialAction":[{"@type":"ReadAction","target":["https:\/\/librairie7l.com\/en\/produit\/un-jardin-pour-eugenie-la-derniere-imperatrice-au-cap-martin-2\/"]}]},{"@type":"BreadcrumbList","@id":"https:\/\/librairie7l.com\/en\/produit\/un-jardin-pour-eugenie-la-derniere-imperatrice-au-cap-martin-2\/#breadcrumb","itemListElement":[{"@type":"ListItem","position":1,"name":"Accueil","item":"https:\/\/librairie7l.com\/en\/"},{"@type":"ListItem","position":2,"name":"Shop","item":"https:\/\/librairie7l.com\/en\/shop\/"},{"@type":"ListItem","position":3,"name":"UN JARDIN POUR EUGENIE : LA DERNI\u00c8RE IMPERATRICE AU CAP MARTIN"}]},{"@type":"WebSite","@id":"https:\/\/librairie7l.com\/en\/#website","url":"https:\/\/librairie7l.com\/en\/","name":"Librairie 7L","description":"Librairie fond\u00e9e en 1999 par Karl Lagerfeld \u00e0 Paris","publisher":{"@id":"https:\/\/librairie7l.com\/en\/#organization"},"potentialAction":[{"@type":"SearchAction","target":{"@type":"EntryPoint","urlTemplate":"https:\/\/librairie7l.com\/en\/?s={search_term_string}"},"query-input":"required name=search_term_string"}],"inLanguage":"en-US"},{"@type":"Organization","@id":"https:\/\/librairie7l.com\/en\/#organization","name":"Librairie 7L","url":"https:\/\/librairie7l.com\/en\/","logo":{"@type":"ImageObject","inLanguage":"en-US","@id":"https:\/\/librairie7l.com\/en\/#\/schema\/logo\/image\/","url":"https:\/\/librairie7l.com\/wp-content\/uploads\/2022\/08\/logo-1.png","contentUrl":"https:\/\/librairie7l.com\/wp-content\/uploads\/2022\/08\/logo-1.png","width":227,"height":301,"caption":"Librairie 7L"},"image":{"@id":"https:\/\/librairie7l.com\/en\/#\/schema\/logo\/image\/"}}]}},"_links":{"self":[{"href":"https:\/\/librairie7l.com\/en\/wp-json\/wp\/v2\/product\/45605"}],"collection":[{"href":"https:\/\/librairie7l.com\/en\/wp-json\/wp\/v2\/product"}],"about":[{"href":"https:\/\/librairie7l.com\/en\/wp-json\/wp\/v2\/types\/product"}],"wp:featuredmedia":[{"embeddable":true,"href":"https:\/\/librairie7l.com\/en\/wp-json\/wp\/v2\/media\/45603"}],"wp:attachment":[{"href":"https:\/\/librairie7l.com\/en\/wp-json\/wp\/v2\/media?parent=45605"}],"wp:term":[{"taxonomy":"product_cat","embeddable":true,"href":"https:\/\/librairie7l.com\/en\/wp-json\/wp\/v2\/product_cat?post=45605"},{"taxonomy":"product_tag","embeddable":true,"href":"https:\/\/librairie7l.com\/en\/wp-json\/wp\/v2\/product_tag?post=45605"}],"curies":[{"name":"wp","href":"https:\/\/api.w.org\/{rel}","templated":true}]}}