{"id":45661,"date":"2025-01-27T10:18:04","date_gmt":"2025-01-27T09:18:04","guid":{"rendered":"https:\/\/librairie7l.com\/?post_type=product&#038;p=45661"},"modified":"2026-05-02T13:01:33","modified_gmt":"2026-05-02T11:01:33","slug":"mode-demploi-suivre-les-instructions-de-lartiste-2","status":"publish","type":"product","link":"https:\/\/librairie7l.com\/en\/produit\/mode-demploi-suivre-les-instructions-de-lartiste-2\/","title":{"rendered":"MODE D&#8217;EMPLOI : SUIVRE LES INSTRUCTIONS DE L&#8217;ARTISTE"},"content":{"rendered":"<p>Les oeuvres dites &#8221; \u00e0 protocoles &#8221; peuvent \u00eatre &#8221; activ\u00e9es &#8221; sur la base d&#8217;instructions laiss\u00e9es par l&#8217;artiste. Ce livre, qui accompagne l&#8217;exposition &#8221; mode d&#8217;emploi &#8220;, est unique, g\u00e9n\u00e9r\u00e9 par des scripts informatiques qui proposent d&#8217;imaginer l&#8217;activation de ces oeuvres \u00e0 protocoles dans l&#8217;espace m\u00eame du livre.<br \/>\nAccompagnant l&#8217;exposition &#8221; mode d&#8217;emploi &#8220;, visible \u00e0 Strasbourg \u00e0 l&#8217;automne 2024, ce livre prend une forme originale. L&#8217;exposition, qui tire son titre du chef-d&#8217;oeuvre de Georges Perec, La Vie, mode d&#8217;emploi, met en lumi\u00e8re les oeuvres dites &#8221; \u00e0 protocoles &#8220;, une forme d&#8217;art o\u00f9 l&#8217;oeuvre se manifeste \u00e0 partir d&#8217;instructions donn\u00e9es par l&#8217;artiste. Ces instructions peuvent \u00eatre \u00e9crites, orales ou dessin\u00e9es, permettant \u00e0 l&#8217;oeuvre d&#8217;\u00eatre mat\u00e9rialis\u00e9e uniquement pendant le temps de son exposition. Ce mod\u00e8le de cr\u00e9ation, qui s&#8217;est d\u00e9velopp\u00e9 depuis les ann\u00e9es 1960, remet en question les notions d&#8217;auteur et d&#8217;originalit\u00e9.<br \/>\nDirig\u00e9e par les commissaires Anna Millers et Philippe Bettinelli, cette publication rassemble des textes critiques de Cl\u00e9mentine H\u00e9brard et Sara Martinetti, ainsi que des entretiens exclusifs avec les commissaires, B\u00e9atrice Josse et Hans Ulrich Obrist. Chaque oeuvre pr\u00e9sent\u00e9e dans l&#8217;exposition fait l&#8217;objet d&#8217;une notice d\u00e9taill\u00e9e. La conception graphique, assur\u00e9e par le studio E+K -; \u00c9lise Gay &amp; K\u00e9vin Donnot, utilise des programmes informatiques pour g\u00e9n\u00e9rer chaque exemplaire du livre, rendant chaque copie unique : les graphistes ont en effet programm\u00e9 une s\u00e9rie d&#8217;instructions pour chaque oeuvre, cr\u00e9ant des sch\u00e9mas abstraits permettant d&#8217;imaginer une &#8221; activation &#8221; de chaque oeuvre, diff\u00e9rente pour chacun des 800 exemplaires imprim\u00e9s. Chaque copie du livre devient donc une activation du protocole du livre, offrant 800 variations uniques de sch\u00e9mas pour les 50 oeuvres pr\u00e9sent\u00e9es.<\/p>\n","protected":false},"excerpt":{"rendered":"<p>Les oeuvres dites &#8221; \u00e0 protocoles &#8221; peuvent \u00eatre &#8221; activ\u00e9es &#8221; sur la base d&#8217;instructions laiss\u00e9es par l&#8217;artiste. Ce livre, qui accompagne l&#8217;exposition &#8221; mode d&#8217;emploi &#8220;, est unique, g\u00e9n\u00e9r\u00e9 par des scripts informatiques qui proposent d&#8217;imaginer l&#8217;activation de ces oeuvres \u00e0 protocoles dans l&#8217;espace m\u00eame du livre. Accompagnant l&#8217;exposition &#8221; mode d&#8217;emploi &#8220;, [&hellip;]<\/p>\n","protected":false},"featured_media":45659,"template":"","meta":[],"product_cat":[2948,2953],"product_tag":[],"acf":[],"yoast_head":"<!-- This site is optimized with the Yoast SEO plugin v20.11 - https:\/\/yoast.com\/wordpress\/plugins\/seo\/ -->\n<title>Mode d&#039;emploi : Suivre les instructions de l&#039;artiste - Librairie 7L<\/title>\n<meta name=\"robots\" content=\"index, follow, max-snippet:-1, max-image-preview:large, max-video-preview:-1\" \/>\n<link rel=\"canonical\" href=\"https:\/\/librairie7l.com\/en\/produit\/mode-demploi-suivre-les-instructions-de-lartiste-2\/\" \/>\n<meta property=\"og:locale\" content=\"en_US\" \/>\n<meta property=\"og:type\" content=\"article\" \/>\n<meta property=\"og:title\" content=\"Mode d&#039;emploi : Suivre les instructions de l&#039;artiste - Librairie 7L\" \/>\n<meta property=\"og:description\" content=\"Les oeuvres dites &#8221; \u00e0 protocoles &#8221; peuvent \u00eatre &#8221; activ\u00e9es &#8221; sur la base d&#8217;instructions laiss\u00e9es par l&#8217;artiste. Ce livre, qui accompagne l&#8217;exposition &#8221; mode d&#8217;emploi &#8220;, est unique, g\u00e9n\u00e9r\u00e9 par des scripts informatiques qui proposent d&#8217;imaginer l&#8217;activation de ces oeuvres \u00e0 protocoles dans l&#8217;espace m\u00eame du livre. Accompagnant l&#8217;exposition &#8221; mode d&#8217;emploi &#8220;, [&hellip;]\" \/>\n<meta property=\"og:url\" content=\"https:\/\/librairie7l.com\/en\/produit\/mode-demploi-suivre-les-instructions-de-lartiste-2\/\" \/>\n<meta property=\"og:site_name\" content=\"Librairie 7L\" \/>\n<meta property=\"article:modified_time\" content=\"2026-05-02T11:01:33+00:00\" \/>\n<meta property=\"og:image\" content=\"https:\/\/librairie7l.com\/wp-content\/uploads\/2024\/06\/9782351252253_1_75.jpg\" \/>\n\t<meta property=\"og:image:width\" content=\"600\" \/>\n\t<meta property=\"og:image:height\" content=\"844\" \/>\n\t<meta property=\"og:image:type\" content=\"image\/jpeg\" \/>\n<meta name=\"twitter:card\" content=\"summary_large_image\" \/>\n<meta name=\"twitter:label1\" content=\"Est. reading time\" \/>\n\t<meta name=\"twitter:data1\" content=\"1 minute\" \/>\n<script type=\"application\/ld+json\" class=\"yoast-schema-graph\">{\"@context\":\"https:\/\/schema.org\",\"@graph\":[{\"@type\":\"WebPage\",\"@id\":\"https:\/\/librairie7l.com\/en\/produit\/mode-demploi-suivre-les-instructions-de-lartiste-2\/\",\"url\":\"https:\/\/librairie7l.com\/en\/produit\/mode-demploi-suivre-les-instructions-de-lartiste-2\/\",\"name\":\"Mode d'emploi : Suivre les instructions de l'artiste - Librairie 7L\",\"isPartOf\":{\"@id\":\"https:\/\/librairie7l.com\/en\/#website\"},\"datePublished\":\"2025-01-27T09:18:04+00:00\",\"dateModified\":\"2026-05-02T11:01:33+00:00\",\"breadcrumb\":{\"@id\":\"https:\/\/librairie7l.com\/en\/produit\/mode-demploi-suivre-les-instructions-de-lartiste-2\/#breadcrumb\"},\"inLanguage\":\"en-US\",\"potentialAction\":[{\"@type\":\"ReadAction\",\"target\":[\"https:\/\/librairie7l.com\/en\/produit\/mode-demploi-suivre-les-instructions-de-lartiste-2\/\"]}]},{\"@type\":\"BreadcrumbList\",\"@id\":\"https:\/\/librairie7l.com\/en\/produit\/mode-demploi-suivre-les-instructions-de-lartiste-2\/#breadcrumb\",\"itemListElement\":[{\"@type\":\"ListItem\",\"position\":1,\"name\":\"Accueil\",\"item\":\"https:\/\/librairie7l.com\/en\/\"},{\"@type\":\"ListItem\",\"position\":2,\"name\":\"Shop\",\"item\":\"https:\/\/librairie7l.com\/en\/shop\/\"},{\"@type\":\"ListItem\",\"position\":3,\"name\":\"MODE D&#8217;EMPLOI : SUIVRE LES INSTRUCTIONS DE L&#8217;ARTISTE\"}]},{\"@type\":\"WebSite\",\"@id\":\"https:\/\/librairie7l.com\/en\/#website\",\"url\":\"https:\/\/librairie7l.com\/en\/\",\"name\":\"Librairie 7L\",\"description\":\"Librairie fond\u00e9e en 1999 par Karl Lagerfeld \u00e0 Paris\",\"publisher\":{\"@id\":\"https:\/\/librairie7l.com\/en\/#organization\"},\"potentialAction\":[{\"@type\":\"SearchAction\",\"target\":{\"@type\":\"EntryPoint\",\"urlTemplate\":\"https:\/\/librairie7l.com\/en\/?s={search_term_string}\"},\"query-input\":\"required name=search_term_string\"}],\"inLanguage\":\"en-US\"},{\"@type\":\"Organization\",\"@id\":\"https:\/\/librairie7l.com\/en\/#organization\",\"name\":\"Librairie 7L\",\"url\":\"https:\/\/librairie7l.com\/en\/\",\"logo\":{\"@type\":\"ImageObject\",\"inLanguage\":\"en-US\",\"@id\":\"https:\/\/librairie7l.com\/en\/#\/schema\/logo\/image\/\",\"url\":\"https:\/\/librairie7l.com\/wp-content\/uploads\/2022\/08\/logo-1.png\",\"contentUrl\":\"https:\/\/librairie7l.com\/wp-content\/uploads\/2022\/08\/logo-1.png\",\"width\":227,\"height\":301,\"caption\":\"Librairie 7L\"},\"image\":{\"@id\":\"https:\/\/librairie7l.com\/en\/#\/schema\/logo\/image\/\"}}]}<\/script>\n<!-- \/ Yoast SEO plugin. -->","yoast_head_json":{"title":"Mode d'emploi : Suivre les instructions de l'artiste - Librairie 7L","robots":{"index":"index","follow":"follow","max-snippet":"max-snippet:-1","max-image-preview":"max-image-preview:large","max-video-preview":"max-video-preview:-1"},"canonical":"https:\/\/librairie7l.com\/en\/produit\/mode-demploi-suivre-les-instructions-de-lartiste-2\/","og_locale":"en_US","og_type":"article","og_title":"Mode d'emploi : Suivre les instructions de l'artiste - Librairie 7L","og_description":"Les oeuvres dites &#8221; \u00e0 protocoles &#8221; peuvent \u00eatre &#8221; activ\u00e9es &#8221; sur la base d&#8217;instructions laiss\u00e9es par l&#8217;artiste. Ce livre, qui accompagne l&#8217;exposition &#8221; mode d&#8217;emploi &#8220;, est unique, g\u00e9n\u00e9r\u00e9 par des scripts informatiques qui proposent d&#8217;imaginer l&#8217;activation de ces oeuvres \u00e0 protocoles dans l&#8217;espace m\u00eame du livre. Accompagnant l&#8217;exposition &#8221; mode d&#8217;emploi &#8220;, [&hellip;]","og_url":"https:\/\/librairie7l.com\/en\/produit\/mode-demploi-suivre-les-instructions-de-lartiste-2\/","og_site_name":"Librairie 7L","article_modified_time":"2026-05-02T11:01:33+00:00","og_image":[{"width":600,"height":844,"url":"https:\/\/librairie7l.com\/wp-content\/uploads\/2024\/06\/9782351252253_1_75.jpg","type":"image\/jpeg"}],"twitter_card":"summary_large_image","twitter_misc":{"Est. reading time":"1 minute"},"schema":{"@context":"https:\/\/schema.org","@graph":[{"@type":"WebPage","@id":"https:\/\/librairie7l.com\/en\/produit\/mode-demploi-suivre-les-instructions-de-lartiste-2\/","url":"https:\/\/librairie7l.com\/en\/produit\/mode-demploi-suivre-les-instructions-de-lartiste-2\/","name":"Mode d'emploi : Suivre les instructions de l'artiste - Librairie 7L","isPartOf":{"@id":"https:\/\/librairie7l.com\/en\/#website"},"datePublished":"2025-01-27T09:18:04+00:00","dateModified":"2026-05-02T11:01:33+00:00","breadcrumb":{"@id":"https:\/\/librairie7l.com\/en\/produit\/mode-demploi-suivre-les-instructions-de-lartiste-2\/#breadcrumb"},"inLanguage":"en-US","potentialAction":[{"@type":"ReadAction","target":["https:\/\/librairie7l.com\/en\/produit\/mode-demploi-suivre-les-instructions-de-lartiste-2\/"]}]},{"@type":"BreadcrumbList","@id":"https:\/\/librairie7l.com\/en\/produit\/mode-demploi-suivre-les-instructions-de-lartiste-2\/#breadcrumb","itemListElement":[{"@type":"ListItem","position":1,"name":"Accueil","item":"https:\/\/librairie7l.com\/en\/"},{"@type":"ListItem","position":2,"name":"Shop","item":"https:\/\/librairie7l.com\/en\/shop\/"},{"@type":"ListItem","position":3,"name":"MODE D&#8217;EMPLOI : SUIVRE LES INSTRUCTIONS DE L&#8217;ARTISTE"}]},{"@type":"WebSite","@id":"https:\/\/librairie7l.com\/en\/#website","url":"https:\/\/librairie7l.com\/en\/","name":"Librairie 7L","description":"Librairie fond\u00e9e en 1999 par Karl Lagerfeld \u00e0 Paris","publisher":{"@id":"https:\/\/librairie7l.com\/en\/#organization"},"potentialAction":[{"@type":"SearchAction","target":{"@type":"EntryPoint","urlTemplate":"https:\/\/librairie7l.com\/en\/?s={search_term_string}"},"query-input":"required name=search_term_string"}],"inLanguage":"en-US"},{"@type":"Organization","@id":"https:\/\/librairie7l.com\/en\/#organization","name":"Librairie 7L","url":"https:\/\/librairie7l.com\/en\/","logo":{"@type":"ImageObject","inLanguage":"en-US","@id":"https:\/\/librairie7l.com\/en\/#\/schema\/logo\/image\/","url":"https:\/\/librairie7l.com\/wp-content\/uploads\/2022\/08\/logo-1.png","contentUrl":"https:\/\/librairie7l.com\/wp-content\/uploads\/2022\/08\/logo-1.png","width":227,"height":301,"caption":"Librairie 7L"},"image":{"@id":"https:\/\/librairie7l.com\/en\/#\/schema\/logo\/image\/"}}]}},"_links":{"self":[{"href":"https:\/\/librairie7l.com\/en\/wp-json\/wp\/v2\/product\/45661"}],"collection":[{"href":"https:\/\/librairie7l.com\/en\/wp-json\/wp\/v2\/product"}],"about":[{"href":"https:\/\/librairie7l.com\/en\/wp-json\/wp\/v2\/types\/product"}],"wp:featuredmedia":[{"embeddable":true,"href":"https:\/\/librairie7l.com\/en\/wp-json\/wp\/v2\/media\/45659"}],"wp:attachment":[{"href":"https:\/\/librairie7l.com\/en\/wp-json\/wp\/v2\/media?parent=45661"}],"wp:term":[{"taxonomy":"product_cat","embeddable":true,"href":"https:\/\/librairie7l.com\/en\/wp-json\/wp\/v2\/product_cat?post=45661"},{"taxonomy":"product_tag","embeddable":true,"href":"https:\/\/librairie7l.com\/en\/wp-json\/wp\/v2\/product_tag?post=45661"}],"curies":[{"name":"wp","href":"https:\/\/api.w.org\/{rel}","templated":true}]}}