{"id":45671,"date":"2025-01-27T10:18:15","date_gmt":"2025-01-27T09:18:15","guid":{"rendered":"https:\/\/librairie7l.com\/?post_type=product&#038;p=45671"},"modified":"2026-04-21T23:31:25","modified_gmt":"2026-04-21T21:31:25","slug":"dapres-nature-3","status":"publish","type":"product","link":"https:\/\/librairie7l.com\/en\/produit\/dapres-nature-3\/","title":{"rendered":"D&#8217;APR\u00c8S NATURE"},"content":{"rendered":"<p>(Texte provisoire) <\/p>\n<p>ISBN 9782351251201 <\/p>\n<p>D&#8217;apr\u00e8s nature. Formes de Haeckel et mod\u00e8les en verre des Blaschka<br \/>\nCollection Le Cabinet de l&#8217;amateur <\/p>\n<p>En 1877, L\u00e9opold et Rudolph Blaschka, artisans verriers ma\u00eetrisant une incroyable technique de verre souffl\u00e9 qui leur vaut des commandes de mod\u00e8les p\u00e9dagogiques de toutes les plus prestigieuses universit\u00e9s de l&#8217;\u00e9poque, rencontrent Ernst Haeckel, zoologiste \u00e9minent et auteur des Formes artistiques de la nature, qui leur pr\u00eate ses livres pour en copier les illustrations.<br \/>\nLe pr\u00e9sent album, qui confronte la rare collection de m\u00e9duses et mollusques en verre des Blaschka conserv\u00e9e au Mus\u00e9e zoologique de Strasbourg et les planches de l&#8217;ouvrage de r\u00e9f\u00e9rence de Haeckel, t\u00e9moigne en images de cette rencontre inspiratrice mais aussi de l&#8217;influence profonde que les d\u00e9couvertes scientifiques du xixe si\u00e8cle ont eue sur l&#8217;inspiration artistique du xxe si\u00e8cle et au del\u00e0. <\/p>\n<p>Auteur : Marie-Dominique Wandhammer, conservateur du Mus\u00e9e zoologique<\/p>\n","protected":false},"excerpt":{"rendered":"<p>(Texte provisoire) ISBN 9782351251201 D&#8217;apr\u00e8s nature. Formes de Haeckel et mod\u00e8les en verre des Blaschka Collection Le Cabinet de l&#8217;amateur En 1877, L\u00e9opold et Rudolph Blaschka, artisans verriers ma\u00eetrisant une incroyable technique de verre souffl\u00e9 qui leur vaut des commandes de mod\u00e8les p\u00e9dagogiques de toutes les plus prestigieuses universit\u00e9s de l&#8217;\u00e9poque, rencontrent Ernst Haeckel, zoologiste [&hellip;]<\/p>\n","protected":false},"featured_media":45669,"template":"","meta":[],"product_cat":[2948,2956],"product_tag":[],"acf":[],"yoast_head":"<!-- This site is optimized with the Yoast SEO plugin v20.11 - https:\/\/yoast.com\/wordpress\/plugins\/seo\/ -->\n<title>D&#039;apr\u00e8s nature - Librairie 7L<\/title>\n<meta name=\"robots\" content=\"index, follow, max-snippet:-1, max-image-preview:large, max-video-preview:-1\" \/>\n<link rel=\"canonical\" href=\"https:\/\/librairie7l.com\/en\/produit\/dapres-nature-3\/\" \/>\n<meta property=\"og:locale\" content=\"en_US\" \/>\n<meta property=\"og:type\" content=\"article\" \/>\n<meta property=\"og:title\" content=\"D&#039;apr\u00e8s nature - Librairie 7L\" \/>\n<meta property=\"og:description\" content=\"(Texte provisoire) ISBN 9782351251201 D&#8217;apr\u00e8s nature. Formes de Haeckel et mod\u00e8les en verre des Blaschka Collection Le Cabinet de l&#8217;amateur En 1877, L\u00e9opold et Rudolph Blaschka, artisans verriers ma\u00eetrisant une incroyable technique de verre souffl\u00e9 qui leur vaut des commandes de mod\u00e8les p\u00e9dagogiques de toutes les plus prestigieuses universit\u00e9s de l&#8217;\u00e9poque, rencontrent Ernst Haeckel, zoologiste [&hellip;]\" \/>\n<meta property=\"og:url\" content=\"https:\/\/librairie7l.com\/en\/produit\/dapres-nature-3\/\" \/>\n<meta property=\"og:site_name\" content=\"Librairie 7L\" \/>\n<meta property=\"article:modified_time\" content=\"2026-04-21T21:31:25+00:00\" \/>\n<meta property=\"og:image\" content=\"https:\/\/librairie7l.com\/wp-content\/uploads\/2014\/10\/9782351251201_1_75.jpg\" \/>\n\t<meta property=\"og:image:width\" content=\"600\" \/>\n\t<meta property=\"og:image:height\" content=\"881\" \/>\n\t<meta property=\"og:image:type\" content=\"image\/jpeg\" \/>\n<meta name=\"twitter:card\" content=\"summary_large_image\" \/>\n<meta name=\"twitter:label1\" content=\"Est. reading time\" \/>\n\t<meta name=\"twitter:data1\" content=\"1 minute\" \/>\n<script type=\"application\/ld+json\" class=\"yoast-schema-graph\">{\"@context\":\"https:\/\/schema.org\",\"@graph\":[{\"@type\":\"WebPage\",\"@id\":\"https:\/\/librairie7l.com\/en\/produit\/dapres-nature-3\/\",\"url\":\"https:\/\/librairie7l.com\/en\/produit\/dapres-nature-3\/\",\"name\":\"D'apr\u00e8s nature - Librairie 7L\",\"isPartOf\":{\"@id\":\"https:\/\/librairie7l.com\/en\/#website\"},\"datePublished\":\"2025-01-27T09:18:15+00:00\",\"dateModified\":\"2026-04-21T21:31:25+00:00\",\"breadcrumb\":{\"@id\":\"https:\/\/librairie7l.com\/en\/produit\/dapres-nature-3\/#breadcrumb\"},\"inLanguage\":\"en-US\",\"potentialAction\":[{\"@type\":\"ReadAction\",\"target\":[\"https:\/\/librairie7l.com\/en\/produit\/dapres-nature-3\/\"]}]},{\"@type\":\"BreadcrumbList\",\"@id\":\"https:\/\/librairie7l.com\/en\/produit\/dapres-nature-3\/#breadcrumb\",\"itemListElement\":[{\"@type\":\"ListItem\",\"position\":1,\"name\":\"Accueil\",\"item\":\"https:\/\/librairie7l.com\/en\/\"},{\"@type\":\"ListItem\",\"position\":2,\"name\":\"Shop\",\"item\":\"https:\/\/librairie7l.com\/en\/shop\/\"},{\"@type\":\"ListItem\",\"position\":3,\"name\":\"D&#8217;APR\u00c8S NATURE\"}]},{\"@type\":\"WebSite\",\"@id\":\"https:\/\/librairie7l.com\/en\/#website\",\"url\":\"https:\/\/librairie7l.com\/en\/\",\"name\":\"Librairie 7L\",\"description\":\"Librairie fond\u00e9e en 1999 par Karl Lagerfeld \u00e0 Paris\",\"publisher\":{\"@id\":\"https:\/\/librairie7l.com\/en\/#organization\"},\"potentialAction\":[{\"@type\":\"SearchAction\",\"target\":{\"@type\":\"EntryPoint\",\"urlTemplate\":\"https:\/\/librairie7l.com\/en\/?s={search_term_string}\"},\"query-input\":\"required name=search_term_string\"}],\"inLanguage\":\"en-US\"},{\"@type\":\"Organization\",\"@id\":\"https:\/\/librairie7l.com\/en\/#organization\",\"name\":\"Librairie 7L\",\"url\":\"https:\/\/librairie7l.com\/en\/\",\"logo\":{\"@type\":\"ImageObject\",\"inLanguage\":\"en-US\",\"@id\":\"https:\/\/librairie7l.com\/en\/#\/schema\/logo\/image\/\",\"url\":\"https:\/\/librairie7l.com\/wp-content\/uploads\/2022\/08\/logo-1.png\",\"contentUrl\":\"https:\/\/librairie7l.com\/wp-content\/uploads\/2022\/08\/logo-1.png\",\"width\":227,\"height\":301,\"caption\":\"Librairie 7L\"},\"image\":{\"@id\":\"https:\/\/librairie7l.com\/en\/#\/schema\/logo\/image\/\"}}]}<\/script>\n<!-- \/ Yoast SEO plugin. -->","yoast_head_json":{"title":"D'apr\u00e8s nature - Librairie 7L","robots":{"index":"index","follow":"follow","max-snippet":"max-snippet:-1","max-image-preview":"max-image-preview:large","max-video-preview":"max-video-preview:-1"},"canonical":"https:\/\/librairie7l.com\/en\/produit\/dapres-nature-3\/","og_locale":"en_US","og_type":"article","og_title":"D'apr\u00e8s nature - Librairie 7L","og_description":"(Texte provisoire) ISBN 9782351251201 D&#8217;apr\u00e8s nature. Formes de Haeckel et mod\u00e8les en verre des Blaschka Collection Le Cabinet de l&#8217;amateur En 1877, L\u00e9opold et Rudolph Blaschka, artisans verriers ma\u00eetrisant une incroyable technique de verre souffl\u00e9 qui leur vaut des commandes de mod\u00e8les p\u00e9dagogiques de toutes les plus prestigieuses universit\u00e9s de l&#8217;\u00e9poque, rencontrent Ernst Haeckel, zoologiste [&hellip;]","og_url":"https:\/\/librairie7l.com\/en\/produit\/dapres-nature-3\/","og_site_name":"Librairie 7L","article_modified_time":"2026-04-21T21:31:25+00:00","og_image":[{"width":600,"height":881,"url":"https:\/\/librairie7l.com\/wp-content\/uploads\/2014\/10\/9782351251201_1_75.jpg","type":"image\/jpeg"}],"twitter_card":"summary_large_image","twitter_misc":{"Est. reading time":"1 minute"},"schema":{"@context":"https:\/\/schema.org","@graph":[{"@type":"WebPage","@id":"https:\/\/librairie7l.com\/en\/produit\/dapres-nature-3\/","url":"https:\/\/librairie7l.com\/en\/produit\/dapres-nature-3\/","name":"D'apr\u00e8s nature - Librairie 7L","isPartOf":{"@id":"https:\/\/librairie7l.com\/en\/#website"},"datePublished":"2025-01-27T09:18:15+00:00","dateModified":"2026-04-21T21:31:25+00:00","breadcrumb":{"@id":"https:\/\/librairie7l.com\/en\/produit\/dapres-nature-3\/#breadcrumb"},"inLanguage":"en-US","potentialAction":[{"@type":"ReadAction","target":["https:\/\/librairie7l.com\/en\/produit\/dapres-nature-3\/"]}]},{"@type":"BreadcrumbList","@id":"https:\/\/librairie7l.com\/en\/produit\/dapres-nature-3\/#breadcrumb","itemListElement":[{"@type":"ListItem","position":1,"name":"Accueil","item":"https:\/\/librairie7l.com\/en\/"},{"@type":"ListItem","position":2,"name":"Shop","item":"https:\/\/librairie7l.com\/en\/shop\/"},{"@type":"ListItem","position":3,"name":"D&#8217;APR\u00c8S NATURE"}]},{"@type":"WebSite","@id":"https:\/\/librairie7l.com\/en\/#website","url":"https:\/\/librairie7l.com\/en\/","name":"Librairie 7L","description":"Librairie fond\u00e9e en 1999 par Karl Lagerfeld \u00e0 Paris","publisher":{"@id":"https:\/\/librairie7l.com\/en\/#organization"},"potentialAction":[{"@type":"SearchAction","target":{"@type":"EntryPoint","urlTemplate":"https:\/\/librairie7l.com\/en\/?s={search_term_string}"},"query-input":"required name=search_term_string"}],"inLanguage":"en-US"},{"@type":"Organization","@id":"https:\/\/librairie7l.com\/en\/#organization","name":"Librairie 7L","url":"https:\/\/librairie7l.com\/en\/","logo":{"@type":"ImageObject","inLanguage":"en-US","@id":"https:\/\/librairie7l.com\/en\/#\/schema\/logo\/image\/","url":"https:\/\/librairie7l.com\/wp-content\/uploads\/2022\/08\/logo-1.png","contentUrl":"https:\/\/librairie7l.com\/wp-content\/uploads\/2022\/08\/logo-1.png","width":227,"height":301,"caption":"Librairie 7L"},"image":{"@id":"https:\/\/librairie7l.com\/en\/#\/schema\/logo\/image\/"}}]}},"_links":{"self":[{"href":"https:\/\/librairie7l.com\/en\/wp-json\/wp\/v2\/product\/45671"}],"collection":[{"href":"https:\/\/librairie7l.com\/en\/wp-json\/wp\/v2\/product"}],"about":[{"href":"https:\/\/librairie7l.com\/en\/wp-json\/wp\/v2\/types\/product"}],"wp:featuredmedia":[{"embeddable":true,"href":"https:\/\/librairie7l.com\/en\/wp-json\/wp\/v2\/media\/45669"}],"wp:attachment":[{"href":"https:\/\/librairie7l.com\/en\/wp-json\/wp\/v2\/media?parent=45671"}],"wp:term":[{"taxonomy":"product_cat","embeddable":true,"href":"https:\/\/librairie7l.com\/en\/wp-json\/wp\/v2\/product_cat?post=45671"},{"taxonomy":"product_tag","embeddable":true,"href":"https:\/\/librairie7l.com\/en\/wp-json\/wp\/v2\/product_tag?post=45671"}],"curies":[{"name":"wp","href":"https:\/\/api.w.org\/{rel}","templated":true}]}}