{"id":45675,"date":"2025-01-27T10:18:21","date_gmt":"2025-01-27T09:18:21","guid":{"rendered":"https:\/\/librairie7l.com\/?post_type=product&#038;p=45675"},"modified":"2026-04-17T11:15:51","modified_gmt":"2026-04-17T09:15:51","slug":"fantaisies-ornements-planches-decoratives-danton-seder-2","status":"publish","type":"product","link":"https:\/\/librairie7l.com\/en\/produit\/fantaisies-ornements-planches-decoratives-danton-seder-2\/","title":{"rendered":"FANTAISIES &AMP; ORNEMENTS ; PLANCHES D\u00c9CORATIVES D&#8217;ANTON SEDER"},"content":{"rendered":"<p>L&#8217;ouvre d&#8217;Anton Seder, directeur de l&#8217;\u00e9cole des Arts d\u00e9coratifs \u00e0 Strasbourg lors de sa cr\u00e9ation en 1890, est constitu\u00e9e par un volet \u00e9ditorial majeur : la publication d&#8217;une splendide s\u00e9rie de planches d\u00e9coratives, qui s&#8217;inscrivent dans la tradition du r\u00e9pertoire de mod\u00e8les, remis au go\u00fbt du jour par le courant  Arts and crafts . L&#8217;occasion de d\u00e9couvrir une oeuvre m\u00e9connue et accessible qui synth\u00e9tise brillamment ses influences contemporaines (Jugendstil, japonisme, symbolisme&#8230;).<br \/>\nAnton Seder, form\u00e9 autour de 1870 \u00e0 la Kunstakademie de Munich, qui est alors la capitale artistique de l&#8217;Allemagne, devient directeur de la nouvelle \u00e9cole des arts d\u00e9coratifs \u00e0 Strasbourg (Kunsgewerbeschule) au moment de sa cr\u00e9ation en 1890. Il y met en place une p\u00e9dagogie in\u00e9dite, accordant une large place \u00e0 l&#8217;artisanat (ateliers sp\u00e9cialis\u00e9s, dont l&#8217;excellence de l&#8217;actuelle Haute \u00e9cole des arts du Rhin porte encore la marque) et \u00e0 l&#8217;observation de la nature, en int\u00e9grant par exemple une serre au b\u00e2timent m\u00eame de l&#8217;\u00e9cole. Il est l&#8217;une des figures marquantes du renouvellement artistique de la ville, de par ses principes p\u00e9dagogiques et aussi bien que ses productions, m\u00eame si le retour \u00e0 la France en 1918 tendront \u00e0 effacer, jusqu&#8217;\u00e0 aujourd&#8217;hui, l&#8217;importance de son influence. Son oeuvre d&#8217;artiste se caract\u00e9rise par de nombreuses collaborations avec des artisans (orf\u00e8vres, ferronniers, c\u00e9ramistes) mais aussi par un volet \u00e9ditorial majeur : la publication d&#8217;un splendide ensemble de portfolios de planches d\u00e9coratives, qui s&#8217;inscrivent dans la tradition ancienne du r\u00e9pertoire de mod\u00e8les, remis au go\u00fbt du jour notamment part les artistes du courant  Arts and crafts .<\/p>\n<p> Ces portfolios explorent des th\u00e9matiques diff\u00e9rentes (plantes, animaux, formes abstraites) et croisent avec virtuosit\u00e9 des influences vari\u00e9es : Jugendstil, japonisme, Renaissance, symbolisme, qui enrichissent un univers visuel formel \u00e9clectique et \u00e9tonnant, entre \u00e9l\u00e9gance d\u00e9licate et surcharge ornementale.<\/p>\n<p> L&#8217;ouvrage se pr\u00e9sente comme un bel album, aux allures de fac simile, rassemblant une soixantaine des quelques 300 planches publi\u00e9es par l&#8217;artiste. Deux textes remettent en contexte aussi bien le travail du p\u00e9dagogue \u00e0 la t\u00eate de l&#8217;institution, que celle de l&#8217;artiste, notamment \u00e0 la lumi\u00e8re du contexte \u00e9ditorial de cette fin du xixe si\u00e8cle. L&#8217;occasion de d\u00e9couvrir une figure dont les al\u00e9as de l&#8217;histoire ont fait m\u00e9conna\u00eetre l&#8217;oeuvre, qui synth\u00e9tise brillamment nombre d&#8217;influences contemporaines et dont les productions d\u00e9coratives, aux accents parfois fantasmagoriques, ne manqueront pas de trouver de nombreux amateurs encore aujourd&#8217;hui.<\/p>\n","protected":false},"excerpt":{"rendered":"<p>L&#8217;ouvre d&#8217;Anton Seder, directeur de l&#8217;\u00e9cole des Arts d\u00e9coratifs \u00e0 Strasbourg lors de sa cr\u00e9ation en 1890, est constitu\u00e9e par un volet \u00e9ditorial majeur : la publication d&#8217;une splendide s\u00e9rie de planches d\u00e9coratives, qui s&#8217;inscrivent dans la tradition du r\u00e9pertoire de mod\u00e8les, remis au go\u00fbt du jour par le courant Arts and crafts . L&#8217;occasion [&hellip;]<\/p>\n","protected":false},"featured_media":45673,"template":"","meta":[],"product_cat":[2948,2952],"product_tag":[],"acf":[],"yoast_head":"<!-- This site is optimized with the Yoast SEO plugin v20.11 - https:\/\/yoast.com\/wordpress\/plugins\/seo\/ -->\n<title>Fantaisies &amp; ornements ; planches d\u00e9coratives d&#039;Anton Seder - Librairie 7L<\/title>\n<meta name=\"robots\" content=\"index, follow, max-snippet:-1, max-image-preview:large, max-video-preview:-1\" \/>\n<link rel=\"canonical\" href=\"https:\/\/librairie7l.com\/en\/produit\/fantaisies-ornements-planches-decoratives-danton-seder-2\/\" \/>\n<meta property=\"og:locale\" content=\"en_US\" \/>\n<meta property=\"og:type\" content=\"article\" \/>\n<meta property=\"og:title\" content=\"Fantaisies &amp; ornements ; planches d\u00e9coratives d&#039;Anton Seder - Librairie 7L\" \/>\n<meta property=\"og:description\" content=\"L&#8217;ouvre d&#8217;Anton Seder, directeur de l&#8217;\u00e9cole des Arts d\u00e9coratifs \u00e0 Strasbourg lors de sa cr\u00e9ation en 1890, est constitu\u00e9e par un volet \u00e9ditorial majeur : la publication d&#8217;une splendide s\u00e9rie de planches d\u00e9coratives, qui s&#8217;inscrivent dans la tradition du r\u00e9pertoire de mod\u00e8les, remis au go\u00fbt du jour par le courant Arts and crafts . L&#8217;occasion [&hellip;]\" \/>\n<meta property=\"og:url\" content=\"https:\/\/librairie7l.com\/en\/produit\/fantaisies-ornements-planches-decoratives-danton-seder-2\/\" \/>\n<meta property=\"og:site_name\" content=\"Librairie 7L\" \/>\n<meta property=\"article:modified_time\" content=\"2026-04-17T09:15:51+00:00\" \/>\n<meta property=\"og:image\" content=\"https:\/\/librairie7l.com\/wp-content\/uploads\/2017\/04\/9782351251553_1_75.jpg\" \/>\n\t<meta property=\"og:image:width\" content=\"600\" \/>\n\t<meta property=\"og:image:height\" content=\"858\" \/>\n\t<meta property=\"og:image:type\" content=\"image\/jpeg\" \/>\n<meta name=\"twitter:card\" content=\"summary_large_image\" \/>\n<meta name=\"twitter:label1\" content=\"Est. reading time\" \/>\n\t<meta name=\"twitter:data1\" content=\"2 minutes\" \/>\n<script type=\"application\/ld+json\" class=\"yoast-schema-graph\">{\"@context\":\"https:\/\/schema.org\",\"@graph\":[{\"@type\":\"WebPage\",\"@id\":\"https:\/\/librairie7l.com\/en\/produit\/fantaisies-ornements-planches-decoratives-danton-seder-2\/\",\"url\":\"https:\/\/librairie7l.com\/en\/produit\/fantaisies-ornements-planches-decoratives-danton-seder-2\/\",\"name\":\"Fantaisies &amp; ornements ; planches d\u00e9coratives d'Anton Seder - Librairie 7L\",\"isPartOf\":{\"@id\":\"https:\/\/librairie7l.com\/en\/#website\"},\"datePublished\":\"2025-01-27T09:18:21+00:00\",\"dateModified\":\"2026-04-17T09:15:51+00:00\",\"breadcrumb\":{\"@id\":\"https:\/\/librairie7l.com\/en\/produit\/fantaisies-ornements-planches-decoratives-danton-seder-2\/#breadcrumb\"},\"inLanguage\":\"en-US\",\"potentialAction\":[{\"@type\":\"ReadAction\",\"target\":[\"https:\/\/librairie7l.com\/en\/produit\/fantaisies-ornements-planches-decoratives-danton-seder-2\/\"]}]},{\"@type\":\"BreadcrumbList\",\"@id\":\"https:\/\/librairie7l.com\/en\/produit\/fantaisies-ornements-planches-decoratives-danton-seder-2\/#breadcrumb\",\"itemListElement\":[{\"@type\":\"ListItem\",\"position\":1,\"name\":\"Accueil\",\"item\":\"https:\/\/librairie7l.com\/en\/\"},{\"@type\":\"ListItem\",\"position\":2,\"name\":\"Shop\",\"item\":\"https:\/\/librairie7l.com\/en\/shop\/\"},{\"@type\":\"ListItem\",\"position\":3,\"name\":\"FANTAISIES &AMP; ORNEMENTS ; PLANCHES D\u00c9CORATIVES D&#8217;ANTON SEDER\"}]},{\"@type\":\"WebSite\",\"@id\":\"https:\/\/librairie7l.com\/en\/#website\",\"url\":\"https:\/\/librairie7l.com\/en\/\",\"name\":\"Librairie 7L\",\"description\":\"Librairie fond\u00e9e en 1999 par Karl Lagerfeld \u00e0 Paris\",\"publisher\":{\"@id\":\"https:\/\/librairie7l.com\/en\/#organization\"},\"potentialAction\":[{\"@type\":\"SearchAction\",\"target\":{\"@type\":\"EntryPoint\",\"urlTemplate\":\"https:\/\/librairie7l.com\/en\/?s={search_term_string}\"},\"query-input\":\"required name=search_term_string\"}],\"inLanguage\":\"en-US\"},{\"@type\":\"Organization\",\"@id\":\"https:\/\/librairie7l.com\/en\/#organization\",\"name\":\"Librairie 7L\",\"url\":\"https:\/\/librairie7l.com\/en\/\",\"logo\":{\"@type\":\"ImageObject\",\"inLanguage\":\"en-US\",\"@id\":\"https:\/\/librairie7l.com\/en\/#\/schema\/logo\/image\/\",\"url\":\"https:\/\/librairie7l.com\/wp-content\/uploads\/2022\/08\/logo-1.png\",\"contentUrl\":\"https:\/\/librairie7l.com\/wp-content\/uploads\/2022\/08\/logo-1.png\",\"width\":227,\"height\":301,\"caption\":\"Librairie 7L\"},\"image\":{\"@id\":\"https:\/\/librairie7l.com\/en\/#\/schema\/logo\/image\/\"}}]}<\/script>\n<!-- \/ Yoast SEO plugin. -->","yoast_head_json":{"title":"Fantaisies &amp; ornements ; planches d\u00e9coratives d'Anton Seder - Librairie 7L","robots":{"index":"index","follow":"follow","max-snippet":"max-snippet:-1","max-image-preview":"max-image-preview:large","max-video-preview":"max-video-preview:-1"},"canonical":"https:\/\/librairie7l.com\/en\/produit\/fantaisies-ornements-planches-decoratives-danton-seder-2\/","og_locale":"en_US","og_type":"article","og_title":"Fantaisies &amp; ornements ; planches d\u00e9coratives d'Anton Seder - Librairie 7L","og_description":"L&#8217;ouvre d&#8217;Anton Seder, directeur de l&#8217;\u00e9cole des Arts d\u00e9coratifs \u00e0 Strasbourg lors de sa cr\u00e9ation en 1890, est constitu\u00e9e par un volet \u00e9ditorial majeur : la publication d&#8217;une splendide s\u00e9rie de planches d\u00e9coratives, qui s&#8217;inscrivent dans la tradition du r\u00e9pertoire de mod\u00e8les, remis au go\u00fbt du jour par le courant Arts and crafts . L&#8217;occasion [&hellip;]","og_url":"https:\/\/librairie7l.com\/en\/produit\/fantaisies-ornements-planches-decoratives-danton-seder-2\/","og_site_name":"Librairie 7L","article_modified_time":"2026-04-17T09:15:51+00:00","og_image":[{"width":600,"height":858,"url":"https:\/\/librairie7l.com\/wp-content\/uploads\/2017\/04\/9782351251553_1_75.jpg","type":"image\/jpeg"}],"twitter_card":"summary_large_image","twitter_misc":{"Est. reading time":"2 minutes"},"schema":{"@context":"https:\/\/schema.org","@graph":[{"@type":"WebPage","@id":"https:\/\/librairie7l.com\/en\/produit\/fantaisies-ornements-planches-decoratives-danton-seder-2\/","url":"https:\/\/librairie7l.com\/en\/produit\/fantaisies-ornements-planches-decoratives-danton-seder-2\/","name":"Fantaisies &amp; ornements ; planches d\u00e9coratives d'Anton Seder - Librairie 7L","isPartOf":{"@id":"https:\/\/librairie7l.com\/en\/#website"},"datePublished":"2025-01-27T09:18:21+00:00","dateModified":"2026-04-17T09:15:51+00:00","breadcrumb":{"@id":"https:\/\/librairie7l.com\/en\/produit\/fantaisies-ornements-planches-decoratives-danton-seder-2\/#breadcrumb"},"inLanguage":"en-US","potentialAction":[{"@type":"ReadAction","target":["https:\/\/librairie7l.com\/en\/produit\/fantaisies-ornements-planches-decoratives-danton-seder-2\/"]}]},{"@type":"BreadcrumbList","@id":"https:\/\/librairie7l.com\/en\/produit\/fantaisies-ornements-planches-decoratives-danton-seder-2\/#breadcrumb","itemListElement":[{"@type":"ListItem","position":1,"name":"Accueil","item":"https:\/\/librairie7l.com\/en\/"},{"@type":"ListItem","position":2,"name":"Shop","item":"https:\/\/librairie7l.com\/en\/shop\/"},{"@type":"ListItem","position":3,"name":"FANTAISIES &AMP; ORNEMENTS ; PLANCHES D\u00c9CORATIVES D&#8217;ANTON SEDER"}]},{"@type":"WebSite","@id":"https:\/\/librairie7l.com\/en\/#website","url":"https:\/\/librairie7l.com\/en\/","name":"Librairie 7L","description":"Librairie fond\u00e9e en 1999 par Karl Lagerfeld \u00e0 Paris","publisher":{"@id":"https:\/\/librairie7l.com\/en\/#organization"},"potentialAction":[{"@type":"SearchAction","target":{"@type":"EntryPoint","urlTemplate":"https:\/\/librairie7l.com\/en\/?s={search_term_string}"},"query-input":"required name=search_term_string"}],"inLanguage":"en-US"},{"@type":"Organization","@id":"https:\/\/librairie7l.com\/en\/#organization","name":"Librairie 7L","url":"https:\/\/librairie7l.com\/en\/","logo":{"@type":"ImageObject","inLanguage":"en-US","@id":"https:\/\/librairie7l.com\/en\/#\/schema\/logo\/image\/","url":"https:\/\/librairie7l.com\/wp-content\/uploads\/2022\/08\/logo-1.png","contentUrl":"https:\/\/librairie7l.com\/wp-content\/uploads\/2022\/08\/logo-1.png","width":227,"height":301,"caption":"Librairie 7L"},"image":{"@id":"https:\/\/librairie7l.com\/en\/#\/schema\/logo\/image\/"}}]}},"_links":{"self":[{"href":"https:\/\/librairie7l.com\/en\/wp-json\/wp\/v2\/product\/45675"}],"collection":[{"href":"https:\/\/librairie7l.com\/en\/wp-json\/wp\/v2\/product"}],"about":[{"href":"https:\/\/librairie7l.com\/en\/wp-json\/wp\/v2\/types\/product"}],"wp:featuredmedia":[{"embeddable":true,"href":"https:\/\/librairie7l.com\/en\/wp-json\/wp\/v2\/media\/45673"}],"wp:attachment":[{"href":"https:\/\/librairie7l.com\/en\/wp-json\/wp\/v2\/media?parent=45675"}],"wp:term":[{"taxonomy":"product_cat","embeddable":true,"href":"https:\/\/librairie7l.com\/en\/wp-json\/wp\/v2\/product_cat?post=45675"},{"taxonomy":"product_tag","embeddable":true,"href":"https:\/\/librairie7l.com\/en\/wp-json\/wp\/v2\/product_tag?post=45675"}],"curies":[{"name":"wp","href":"https:\/\/api.w.org\/{rel}","templated":true}]}}