{"id":45679,"date":"2025-01-27T10:18:24","date_gmt":"2025-01-27T09:18:24","guid":{"rendered":"https:\/\/librairie7l.com\/?post_type=product&#038;p=45679"},"modified":"2026-04-21T23:30:25","modified_gmt":"2026-04-21T21:30:25","slug":"formol-et-melanine-specimens-en-alcool-et-albinos-naturalises-2","status":"publish","type":"product","link":"https:\/\/librairie7l.com\/en\/produit\/formol-et-melanine-specimens-en-alcool-et-albinos-naturalises-2\/","title":{"rendered":"FORMOL ET M\u00c9LANINE ; SP\u00c9CIMENS EN ALCOOL ET ALBINOS NATURALIS\u00c9S"},"content":{"rendered":"<p>(Texte provisoire) <\/p>\n<p>Specimens.<br \/>\nAlbinos et bocaux du Mus\u00e9e zoologique <\/p>\n<p>Plac\u00e9 sous le signe de l&#8217;\u00e9tranget\u00e9, ce num\u00e9ro du Cabinet de l&#8217;amateur confronte deux ensembles sp\u00e9cifiques du Mus\u00e9e zoologique de Strasbourg. D&#8217;une part, une collection d&#8217;albinos naturalis\u00e9s, esp\u00e8ces intrigantes souvent rejet\u00e9es par leurs cong\u00e9n\u00e8res de leur vivant, qui trouvent ici une place de choix. D&#8217;autre part, un fonds impressionnant de pr\u00e8s de 9000 sp\u00e9cimens en bocaux, et dont la conservation en alcool donne lieu \u00e0 de nombreux ph\u00e9nom\u00e8nes \u00e9tonnants tels que d\u00e9formation, illusion d&#8217;optique ou d\u00e9coloration.<br \/>\nBien qu&#8217;issus de collections savantes, aucun propos scientifique ne rapproche v\u00e9ritablement ces sujets. Ces deux modes de conservation ne rel\u00e8vent pas de la bizarrerie mais exercent sur le lecteur une fascination particuli\u00e8re qui, tel le visiteur du mus\u00e9e, longe les vitrines des collections entre \u00e9merveillement et inqui\u00e9tude.<\/p>\n","protected":false},"excerpt":{"rendered":"<p>(Texte provisoire) Specimens. Albinos et bocaux du Mus\u00e9e zoologique Plac\u00e9 sous le signe de l&#8217;\u00e9tranget\u00e9, ce num\u00e9ro du Cabinet de l&#8217;amateur confronte deux ensembles sp\u00e9cifiques du Mus\u00e9e zoologique de Strasbourg. D&#8217;une part, une collection d&#8217;albinos naturalis\u00e9s, esp\u00e8ces intrigantes souvent rejet\u00e9es par leurs cong\u00e9n\u00e8res de leur vivant, qui trouvent ici une place de choix. D&#8217;autre part, [&hellip;]<\/p>\n","protected":false},"featured_media":45677,"template":"","meta":[],"product_cat":[2948,2956],"product_tag":[],"acf":[],"yoast_head":"<!-- This site is optimized with the Yoast SEO plugin v20.11 - https:\/\/yoast.com\/wordpress\/plugins\/seo\/ -->\n<title>Formol et m\u00e9lanine ; sp\u00e9cimens en alcool et albinos naturalis\u00e9s - Librairie 7L<\/title>\n<meta name=\"robots\" content=\"index, follow, max-snippet:-1, max-image-preview:large, max-video-preview:-1\" \/>\n<link rel=\"canonical\" href=\"https:\/\/librairie7l.com\/en\/produit\/formol-et-melanine-specimens-en-alcool-et-albinos-naturalises-2\/\" \/>\n<meta property=\"og:locale\" content=\"en_US\" \/>\n<meta property=\"og:type\" content=\"article\" \/>\n<meta property=\"og:title\" content=\"Formol et m\u00e9lanine ; sp\u00e9cimens en alcool et albinos naturalis\u00e9s - Librairie 7L\" \/>\n<meta property=\"og:description\" content=\"(Texte provisoire) Specimens. Albinos et bocaux du Mus\u00e9e zoologique Plac\u00e9 sous le signe de l&#8217;\u00e9tranget\u00e9, ce num\u00e9ro du Cabinet de l&#8217;amateur confronte deux ensembles sp\u00e9cifiques du Mus\u00e9e zoologique de Strasbourg. D&#8217;une part, une collection d&#8217;albinos naturalis\u00e9s, esp\u00e8ces intrigantes souvent rejet\u00e9es par leurs cong\u00e9n\u00e8res de leur vivant, qui trouvent ici une place de choix. D&#8217;autre part, [&hellip;]\" \/>\n<meta property=\"og:url\" content=\"https:\/\/librairie7l.com\/en\/produit\/formol-et-melanine-specimens-en-alcool-et-albinos-naturalises-2\/\" \/>\n<meta property=\"og:site_name\" content=\"Librairie 7L\" \/>\n<meta property=\"article:modified_time\" content=\"2026-04-21T21:30:25+00:00\" \/>\n<meta property=\"og:image\" content=\"https:\/\/librairie7l.com\/wp-content\/uploads\/2016\/04\/9782351251430_1_75.jpg\" \/>\n\t<meta property=\"og:image:width\" content=\"600\" \/>\n\t<meta property=\"og:image:height\" content=\"858\" \/>\n\t<meta property=\"og:image:type\" content=\"image\/jpeg\" \/>\n<meta name=\"twitter:card\" content=\"summary_large_image\" \/>\n<meta name=\"twitter:label1\" content=\"Est. reading time\" \/>\n\t<meta name=\"twitter:data1\" content=\"1 minute\" \/>\n<script type=\"application\/ld+json\" class=\"yoast-schema-graph\">{\"@context\":\"https:\/\/schema.org\",\"@graph\":[{\"@type\":\"WebPage\",\"@id\":\"https:\/\/librairie7l.com\/en\/produit\/formol-et-melanine-specimens-en-alcool-et-albinos-naturalises-2\/\",\"url\":\"https:\/\/librairie7l.com\/en\/produit\/formol-et-melanine-specimens-en-alcool-et-albinos-naturalises-2\/\",\"name\":\"Formol et m\u00e9lanine ; sp\u00e9cimens en alcool et albinos naturalis\u00e9s - Librairie 7L\",\"isPartOf\":{\"@id\":\"https:\/\/librairie7l.com\/en\/#website\"},\"datePublished\":\"2025-01-27T09:18:24+00:00\",\"dateModified\":\"2026-04-21T21:30:25+00:00\",\"breadcrumb\":{\"@id\":\"https:\/\/librairie7l.com\/en\/produit\/formol-et-melanine-specimens-en-alcool-et-albinos-naturalises-2\/#breadcrumb\"},\"inLanguage\":\"en-US\",\"potentialAction\":[{\"@type\":\"ReadAction\",\"target\":[\"https:\/\/librairie7l.com\/en\/produit\/formol-et-melanine-specimens-en-alcool-et-albinos-naturalises-2\/\"]}]},{\"@type\":\"BreadcrumbList\",\"@id\":\"https:\/\/librairie7l.com\/en\/produit\/formol-et-melanine-specimens-en-alcool-et-albinos-naturalises-2\/#breadcrumb\",\"itemListElement\":[{\"@type\":\"ListItem\",\"position\":1,\"name\":\"Accueil\",\"item\":\"https:\/\/librairie7l.com\/en\/\"},{\"@type\":\"ListItem\",\"position\":2,\"name\":\"Shop\",\"item\":\"https:\/\/librairie7l.com\/en\/shop\/\"},{\"@type\":\"ListItem\",\"position\":3,\"name\":\"FORMOL ET M\u00c9LANINE ; SP\u00c9CIMENS EN ALCOOL ET ALBINOS NATURALIS\u00c9S\"}]},{\"@type\":\"WebSite\",\"@id\":\"https:\/\/librairie7l.com\/en\/#website\",\"url\":\"https:\/\/librairie7l.com\/en\/\",\"name\":\"Librairie 7L\",\"description\":\"Librairie fond\u00e9e en 1999 par Karl Lagerfeld \u00e0 Paris\",\"publisher\":{\"@id\":\"https:\/\/librairie7l.com\/en\/#organization\"},\"potentialAction\":[{\"@type\":\"SearchAction\",\"target\":{\"@type\":\"EntryPoint\",\"urlTemplate\":\"https:\/\/librairie7l.com\/en\/?s={search_term_string}\"},\"query-input\":\"required name=search_term_string\"}],\"inLanguage\":\"en-US\"},{\"@type\":\"Organization\",\"@id\":\"https:\/\/librairie7l.com\/en\/#organization\",\"name\":\"Librairie 7L\",\"url\":\"https:\/\/librairie7l.com\/en\/\",\"logo\":{\"@type\":\"ImageObject\",\"inLanguage\":\"en-US\",\"@id\":\"https:\/\/librairie7l.com\/en\/#\/schema\/logo\/image\/\",\"url\":\"https:\/\/librairie7l.com\/wp-content\/uploads\/2022\/08\/logo-1.png\",\"contentUrl\":\"https:\/\/librairie7l.com\/wp-content\/uploads\/2022\/08\/logo-1.png\",\"width\":227,\"height\":301,\"caption\":\"Librairie 7L\"},\"image\":{\"@id\":\"https:\/\/librairie7l.com\/en\/#\/schema\/logo\/image\/\"}}]}<\/script>\n<!-- \/ Yoast SEO plugin. -->","yoast_head_json":{"title":"Formol et m\u00e9lanine ; sp\u00e9cimens en alcool et albinos naturalis\u00e9s - Librairie 7L","robots":{"index":"index","follow":"follow","max-snippet":"max-snippet:-1","max-image-preview":"max-image-preview:large","max-video-preview":"max-video-preview:-1"},"canonical":"https:\/\/librairie7l.com\/en\/produit\/formol-et-melanine-specimens-en-alcool-et-albinos-naturalises-2\/","og_locale":"en_US","og_type":"article","og_title":"Formol et m\u00e9lanine ; sp\u00e9cimens en alcool et albinos naturalis\u00e9s - Librairie 7L","og_description":"(Texte provisoire) Specimens. Albinos et bocaux du Mus\u00e9e zoologique Plac\u00e9 sous le signe de l&#8217;\u00e9tranget\u00e9, ce num\u00e9ro du Cabinet de l&#8217;amateur confronte deux ensembles sp\u00e9cifiques du Mus\u00e9e zoologique de Strasbourg. D&#8217;une part, une collection d&#8217;albinos naturalis\u00e9s, esp\u00e8ces intrigantes souvent rejet\u00e9es par leurs cong\u00e9n\u00e8res de leur vivant, qui trouvent ici une place de choix. D&#8217;autre part, [&hellip;]","og_url":"https:\/\/librairie7l.com\/en\/produit\/formol-et-melanine-specimens-en-alcool-et-albinos-naturalises-2\/","og_site_name":"Librairie 7L","article_modified_time":"2026-04-21T21:30:25+00:00","og_image":[{"width":600,"height":858,"url":"https:\/\/librairie7l.com\/wp-content\/uploads\/2016\/04\/9782351251430_1_75.jpg","type":"image\/jpeg"}],"twitter_card":"summary_large_image","twitter_misc":{"Est. reading time":"1 minute"},"schema":{"@context":"https:\/\/schema.org","@graph":[{"@type":"WebPage","@id":"https:\/\/librairie7l.com\/en\/produit\/formol-et-melanine-specimens-en-alcool-et-albinos-naturalises-2\/","url":"https:\/\/librairie7l.com\/en\/produit\/formol-et-melanine-specimens-en-alcool-et-albinos-naturalises-2\/","name":"Formol et m\u00e9lanine ; sp\u00e9cimens en alcool et albinos naturalis\u00e9s - Librairie 7L","isPartOf":{"@id":"https:\/\/librairie7l.com\/en\/#website"},"datePublished":"2025-01-27T09:18:24+00:00","dateModified":"2026-04-21T21:30:25+00:00","breadcrumb":{"@id":"https:\/\/librairie7l.com\/en\/produit\/formol-et-melanine-specimens-en-alcool-et-albinos-naturalises-2\/#breadcrumb"},"inLanguage":"en-US","potentialAction":[{"@type":"ReadAction","target":["https:\/\/librairie7l.com\/en\/produit\/formol-et-melanine-specimens-en-alcool-et-albinos-naturalises-2\/"]}]},{"@type":"BreadcrumbList","@id":"https:\/\/librairie7l.com\/en\/produit\/formol-et-melanine-specimens-en-alcool-et-albinos-naturalises-2\/#breadcrumb","itemListElement":[{"@type":"ListItem","position":1,"name":"Accueil","item":"https:\/\/librairie7l.com\/en\/"},{"@type":"ListItem","position":2,"name":"Shop","item":"https:\/\/librairie7l.com\/en\/shop\/"},{"@type":"ListItem","position":3,"name":"FORMOL ET M\u00c9LANINE ; SP\u00c9CIMENS EN ALCOOL ET ALBINOS NATURALIS\u00c9S"}]},{"@type":"WebSite","@id":"https:\/\/librairie7l.com\/en\/#website","url":"https:\/\/librairie7l.com\/en\/","name":"Librairie 7L","description":"Librairie fond\u00e9e en 1999 par Karl Lagerfeld \u00e0 Paris","publisher":{"@id":"https:\/\/librairie7l.com\/en\/#organization"},"potentialAction":[{"@type":"SearchAction","target":{"@type":"EntryPoint","urlTemplate":"https:\/\/librairie7l.com\/en\/?s={search_term_string}"},"query-input":"required name=search_term_string"}],"inLanguage":"en-US"},{"@type":"Organization","@id":"https:\/\/librairie7l.com\/en\/#organization","name":"Librairie 7L","url":"https:\/\/librairie7l.com\/en\/","logo":{"@type":"ImageObject","inLanguage":"en-US","@id":"https:\/\/librairie7l.com\/en\/#\/schema\/logo\/image\/","url":"https:\/\/librairie7l.com\/wp-content\/uploads\/2022\/08\/logo-1.png","contentUrl":"https:\/\/librairie7l.com\/wp-content\/uploads\/2022\/08\/logo-1.png","width":227,"height":301,"caption":"Librairie 7L"},"image":{"@id":"https:\/\/librairie7l.com\/en\/#\/schema\/logo\/image\/"}}]}},"_links":{"self":[{"href":"https:\/\/librairie7l.com\/en\/wp-json\/wp\/v2\/product\/45679"}],"collection":[{"href":"https:\/\/librairie7l.com\/en\/wp-json\/wp\/v2\/product"}],"about":[{"href":"https:\/\/librairie7l.com\/en\/wp-json\/wp\/v2\/types\/product"}],"wp:featuredmedia":[{"embeddable":true,"href":"https:\/\/librairie7l.com\/en\/wp-json\/wp\/v2\/media\/45677"}],"wp:attachment":[{"href":"https:\/\/librairie7l.com\/en\/wp-json\/wp\/v2\/media?parent=45679"}],"wp:term":[{"taxonomy":"product_cat","embeddable":true,"href":"https:\/\/librairie7l.com\/en\/wp-json\/wp\/v2\/product_cat?post=45679"},{"taxonomy":"product_tag","embeddable":true,"href":"https:\/\/librairie7l.com\/en\/wp-json\/wp\/v2\/product_tag?post=45679"}],"curies":[{"name":"wp","href":"https:\/\/api.w.org\/{rel}","templated":true}]}}