{"id":45691,"date":"2025-01-27T11:16:18","date_gmt":"2025-01-27T10:16:18","guid":{"rendered":"https:\/\/librairie7l.com\/?post_type=product&#038;p=45691"},"modified":"2026-05-02T08:23:06","modified_gmt":"2026-05-02T06:23:06","slug":"un-etrange-et-merveilleux-petit-livre-dart-2","status":"publish","type":"product","link":"https:\/\/librairie7l.com\/en\/produit\/un-etrange-et-merveilleux-petit-livre-dart-2\/","title":{"rendered":"UN \u00c9TRANGE ET MERVEILLEUX PETIT LIVRE D&#8217;ART"},"content":{"rendered":"<p>En 1538 para\u00eet \u00e0 Strasbourg le<br \/>\nFremdes und wunderbares Kunstb\u00fcchlein ou<br \/>\n\u00c9trange et merveilleux petit livre d&#8217;art. Consid\u00e9r\u00e9 comme l&#8217;un des principaux vecteurs de la Renaissance, il frappe par sa virtuosit\u00e9 et sa modernit\u00e9 : entre f\u00e9\u00e9rie et heroic fantasy, ce fac simile est autant une invitation au coloriage &#8221; chevaliers et princesses &#8221; qu&#8217;un voyage dans l&#8217;histoire des formes.<br \/>\nHeinrich Vogtherr l&#8217;Ancien est un artiste de la premi\u00e8re moiti\u00e9 du xvie si\u00e8cle qui a contribu\u00e9 par ses gravures, ses \u00e9crits pol\u00e9miques et ses cantiques \u00e0 la propagande en faveur de la R\u00e9forme, principalement \u00e0 Augsbourg, puis \u00e0 Strasbourg. Il est aussi l&#8217;un des premiers vulgarisateurs des formes de la Renaissance en Allemagne, \u00e0 travers un livre de mod\u00e8les, le Kunstbuchlein, con\u00e7u avec son fils Vogtherr le Jeune, paru en 1538 \u00e0 Strasbourg. R\u00e9\u00e9dit\u00e9 de nombreuses fois jusqu&#8217;\u00e0 la fin du si\u00e8cle, c&#8217;est un livre de mod\u00e8les (t\u00eates, pieds, mains, armes, colonnettes, etc&#8230;) brassant tous les styles, gothique, antique, mais aussi italien et n\u00e9erlandais de l&#8217;\u00e9poque, qui a inspir\u00e9 de nombreux artisans dans diff\u00e9rents domaines. Il frappe aujourd&#8217;hui par la virtuosit\u00e9 et la modernit\u00e9 de son style : entre f\u00e9\u00e9rie et heroic fantasy, caricature et grotesque, le fac simile que nous en proposons est aussi bien une invitation au coloriage (chevaliers et princesses) qu&#8217;un voyage dans l&#8217;histoire des formes<\/p>\n","protected":false},"excerpt":{"rendered":"<p>En 1538 para\u00eet \u00e0 Strasbourg le Fremdes und wunderbares Kunstb\u00fcchlein ou \u00c9trange et merveilleux petit livre d&#8217;art. Consid\u00e9r\u00e9 comme l&#8217;un des principaux vecteurs de la Renaissance, il frappe par sa virtuosit\u00e9 et sa modernit\u00e9 : entre f\u00e9\u00e9rie et heroic fantasy, ce fac simile est autant une invitation au coloriage &#8221; chevaliers et princesses &#8221; qu&#8217;un [&hellip;]<\/p>\n","protected":false},"featured_media":45689,"template":"","meta":[],"product_cat":[2948,2953],"product_tag":[],"acf":[],"yoast_head":"<!-- This site is optimized with the Yoast SEO plugin v20.11 - https:\/\/yoast.com\/wordpress\/plugins\/seo\/ -->\n<title>Un \u00e9trange et merveilleux petit livre d&#039;art - Librairie 7L<\/title>\n<meta name=\"robots\" content=\"index, follow, max-snippet:-1, max-image-preview:large, max-video-preview:-1\" \/>\n<link rel=\"canonical\" href=\"https:\/\/librairie7l.com\/en\/produit\/un-etrange-et-merveilleux-petit-livre-dart-2\/\" \/>\n<meta property=\"og:locale\" content=\"en_US\" \/>\n<meta property=\"og:type\" content=\"article\" \/>\n<meta property=\"og:title\" content=\"Un \u00e9trange et merveilleux petit livre d&#039;art - Librairie 7L\" \/>\n<meta property=\"og:description\" content=\"En 1538 para\u00eet \u00e0 Strasbourg le Fremdes und wunderbares Kunstb\u00fcchlein ou \u00c9trange et merveilleux petit livre d&#8217;art. Consid\u00e9r\u00e9 comme l&#8217;un des principaux vecteurs de la Renaissance, il frappe par sa virtuosit\u00e9 et sa modernit\u00e9 : entre f\u00e9\u00e9rie et heroic fantasy, ce fac simile est autant une invitation au coloriage &#8221; chevaliers et princesses &#8221; qu&#8217;un [&hellip;]\" \/>\n<meta property=\"og:url\" content=\"https:\/\/librairie7l.com\/en\/produit\/un-etrange-et-merveilleux-petit-livre-dart-2\/\" \/>\n<meta property=\"og:site_name\" content=\"Librairie 7L\" \/>\n<meta property=\"article:modified_time\" content=\"2026-05-02T06:23:06+00:00\" \/>\n<meta property=\"og:image\" content=\"https:\/\/librairie7l.com\/wp-content\/uploads\/2023\/10\/9782351252192_1_75.jpg\" \/>\n\t<meta property=\"og:image:width\" content=\"600\" \/>\n\t<meta property=\"og:image:height\" content=\"814\" \/>\n\t<meta property=\"og:image:type\" content=\"image\/jpeg\" \/>\n<meta name=\"twitter:card\" content=\"summary_large_image\" \/>\n<meta name=\"twitter:label1\" content=\"Est. reading time\" \/>\n\t<meta name=\"twitter:data1\" content=\"1 minute\" \/>\n<script type=\"application\/ld+json\" class=\"yoast-schema-graph\">{\"@context\":\"https:\/\/schema.org\",\"@graph\":[{\"@type\":\"WebPage\",\"@id\":\"https:\/\/librairie7l.com\/en\/produit\/un-etrange-et-merveilleux-petit-livre-dart-2\/\",\"url\":\"https:\/\/librairie7l.com\/en\/produit\/un-etrange-et-merveilleux-petit-livre-dart-2\/\",\"name\":\"Un \u00e9trange et merveilleux petit livre d'art - Librairie 7L\",\"isPartOf\":{\"@id\":\"https:\/\/librairie7l.com\/en\/#website\"},\"datePublished\":\"2025-01-27T10:16:18+00:00\",\"dateModified\":\"2026-05-02T06:23:06+00:00\",\"breadcrumb\":{\"@id\":\"https:\/\/librairie7l.com\/en\/produit\/un-etrange-et-merveilleux-petit-livre-dart-2\/#breadcrumb\"},\"inLanguage\":\"en-US\",\"potentialAction\":[{\"@type\":\"ReadAction\",\"target\":[\"https:\/\/librairie7l.com\/en\/produit\/un-etrange-et-merveilleux-petit-livre-dart-2\/\"]}]},{\"@type\":\"BreadcrumbList\",\"@id\":\"https:\/\/librairie7l.com\/en\/produit\/un-etrange-et-merveilleux-petit-livre-dart-2\/#breadcrumb\",\"itemListElement\":[{\"@type\":\"ListItem\",\"position\":1,\"name\":\"Accueil\",\"item\":\"https:\/\/librairie7l.com\/en\/\"},{\"@type\":\"ListItem\",\"position\":2,\"name\":\"Shop\",\"item\":\"https:\/\/librairie7l.com\/en\/shop\/\"},{\"@type\":\"ListItem\",\"position\":3,\"name\":\"UN \u00c9TRANGE ET MERVEILLEUX PETIT LIVRE D&#8217;ART\"}]},{\"@type\":\"WebSite\",\"@id\":\"https:\/\/librairie7l.com\/en\/#website\",\"url\":\"https:\/\/librairie7l.com\/en\/\",\"name\":\"Librairie 7L\",\"description\":\"Librairie fond\u00e9e en 1999 par Karl Lagerfeld \u00e0 Paris\",\"publisher\":{\"@id\":\"https:\/\/librairie7l.com\/en\/#organization\"},\"potentialAction\":[{\"@type\":\"SearchAction\",\"target\":{\"@type\":\"EntryPoint\",\"urlTemplate\":\"https:\/\/librairie7l.com\/en\/?s={search_term_string}\"},\"query-input\":\"required name=search_term_string\"}],\"inLanguage\":\"en-US\"},{\"@type\":\"Organization\",\"@id\":\"https:\/\/librairie7l.com\/en\/#organization\",\"name\":\"Librairie 7L\",\"url\":\"https:\/\/librairie7l.com\/en\/\",\"logo\":{\"@type\":\"ImageObject\",\"inLanguage\":\"en-US\",\"@id\":\"https:\/\/librairie7l.com\/en\/#\/schema\/logo\/image\/\",\"url\":\"https:\/\/librairie7l.com\/wp-content\/uploads\/2022\/08\/logo-1.png\",\"contentUrl\":\"https:\/\/librairie7l.com\/wp-content\/uploads\/2022\/08\/logo-1.png\",\"width\":227,\"height\":301,\"caption\":\"Librairie 7L\"},\"image\":{\"@id\":\"https:\/\/librairie7l.com\/en\/#\/schema\/logo\/image\/\"}}]}<\/script>\n<!-- \/ Yoast SEO plugin. -->","yoast_head_json":{"title":"Un \u00e9trange et merveilleux petit livre d'art - Librairie 7L","robots":{"index":"index","follow":"follow","max-snippet":"max-snippet:-1","max-image-preview":"max-image-preview:large","max-video-preview":"max-video-preview:-1"},"canonical":"https:\/\/librairie7l.com\/en\/produit\/un-etrange-et-merveilleux-petit-livre-dart-2\/","og_locale":"en_US","og_type":"article","og_title":"Un \u00e9trange et merveilleux petit livre d'art - Librairie 7L","og_description":"En 1538 para\u00eet \u00e0 Strasbourg le Fremdes und wunderbares Kunstb\u00fcchlein ou \u00c9trange et merveilleux petit livre d&#8217;art. Consid\u00e9r\u00e9 comme l&#8217;un des principaux vecteurs de la Renaissance, il frappe par sa virtuosit\u00e9 et sa modernit\u00e9 : entre f\u00e9\u00e9rie et heroic fantasy, ce fac simile est autant une invitation au coloriage &#8221; chevaliers et princesses &#8221; qu&#8217;un [&hellip;]","og_url":"https:\/\/librairie7l.com\/en\/produit\/un-etrange-et-merveilleux-petit-livre-dart-2\/","og_site_name":"Librairie 7L","article_modified_time":"2026-05-02T06:23:06+00:00","og_image":[{"width":600,"height":814,"url":"https:\/\/librairie7l.com\/wp-content\/uploads\/2023\/10\/9782351252192_1_75.jpg","type":"image\/jpeg"}],"twitter_card":"summary_large_image","twitter_misc":{"Est. reading time":"1 minute"},"schema":{"@context":"https:\/\/schema.org","@graph":[{"@type":"WebPage","@id":"https:\/\/librairie7l.com\/en\/produit\/un-etrange-et-merveilleux-petit-livre-dart-2\/","url":"https:\/\/librairie7l.com\/en\/produit\/un-etrange-et-merveilleux-petit-livre-dart-2\/","name":"Un \u00e9trange et merveilleux petit livre d'art - Librairie 7L","isPartOf":{"@id":"https:\/\/librairie7l.com\/en\/#website"},"datePublished":"2025-01-27T10:16:18+00:00","dateModified":"2026-05-02T06:23:06+00:00","breadcrumb":{"@id":"https:\/\/librairie7l.com\/en\/produit\/un-etrange-et-merveilleux-petit-livre-dart-2\/#breadcrumb"},"inLanguage":"en-US","potentialAction":[{"@type":"ReadAction","target":["https:\/\/librairie7l.com\/en\/produit\/un-etrange-et-merveilleux-petit-livre-dart-2\/"]}]},{"@type":"BreadcrumbList","@id":"https:\/\/librairie7l.com\/en\/produit\/un-etrange-et-merveilleux-petit-livre-dart-2\/#breadcrumb","itemListElement":[{"@type":"ListItem","position":1,"name":"Accueil","item":"https:\/\/librairie7l.com\/en\/"},{"@type":"ListItem","position":2,"name":"Shop","item":"https:\/\/librairie7l.com\/en\/shop\/"},{"@type":"ListItem","position":3,"name":"UN \u00c9TRANGE ET MERVEILLEUX PETIT LIVRE D&#8217;ART"}]},{"@type":"WebSite","@id":"https:\/\/librairie7l.com\/en\/#website","url":"https:\/\/librairie7l.com\/en\/","name":"Librairie 7L","description":"Librairie fond\u00e9e en 1999 par Karl Lagerfeld \u00e0 Paris","publisher":{"@id":"https:\/\/librairie7l.com\/en\/#organization"},"potentialAction":[{"@type":"SearchAction","target":{"@type":"EntryPoint","urlTemplate":"https:\/\/librairie7l.com\/en\/?s={search_term_string}"},"query-input":"required name=search_term_string"}],"inLanguage":"en-US"},{"@type":"Organization","@id":"https:\/\/librairie7l.com\/en\/#organization","name":"Librairie 7L","url":"https:\/\/librairie7l.com\/en\/","logo":{"@type":"ImageObject","inLanguage":"en-US","@id":"https:\/\/librairie7l.com\/en\/#\/schema\/logo\/image\/","url":"https:\/\/librairie7l.com\/wp-content\/uploads\/2022\/08\/logo-1.png","contentUrl":"https:\/\/librairie7l.com\/wp-content\/uploads\/2022\/08\/logo-1.png","width":227,"height":301,"caption":"Librairie 7L"},"image":{"@id":"https:\/\/librairie7l.com\/en\/#\/schema\/logo\/image\/"}}]}},"_links":{"self":[{"href":"https:\/\/librairie7l.com\/en\/wp-json\/wp\/v2\/product\/45691"}],"collection":[{"href":"https:\/\/librairie7l.com\/en\/wp-json\/wp\/v2\/product"}],"about":[{"href":"https:\/\/librairie7l.com\/en\/wp-json\/wp\/v2\/types\/product"}],"wp:featuredmedia":[{"embeddable":true,"href":"https:\/\/librairie7l.com\/en\/wp-json\/wp\/v2\/media\/45689"}],"wp:attachment":[{"href":"https:\/\/librairie7l.com\/en\/wp-json\/wp\/v2\/media?parent=45691"}],"wp:term":[{"taxonomy":"product_cat","embeddable":true,"href":"https:\/\/librairie7l.com\/en\/wp-json\/wp\/v2\/product_cat?post=45691"},{"taxonomy":"product_tag","embeddable":true,"href":"https:\/\/librairie7l.com\/en\/wp-json\/wp\/v2\/product_tag?post=45691"}],"curies":[{"name":"wp","href":"https:\/\/api.w.org\/{rel}","templated":true}]}}