{"id":45695,"date":"2025-01-27T11:16:23","date_gmt":"2025-01-27T10:16:23","guid":{"rendered":"https:\/\/librairie7l.com\/?post_type=product&#038;p=45695"},"modified":"2026-04-21T22:33:13","modified_gmt":"2026-04-21T20:33:13","slug":"francois-kollar-un-ouvrier-du-regard-le-catalogue-de-lexposition-2","status":"publish","type":"product","link":"https:\/\/librairie7l.com\/en\/produit\/francois-kollar-un-ouvrier-du-regard-le-catalogue-de-lexposition-2\/","title":{"rendered":"FRAN\u00c7OIS KOLLAR, UN OUVRIER DU REGARD ; LE CATALOGUE DE L&#8217;EXPOSITION"},"content":{"rendered":"<p>Fran\u00e7ois Kollar (1904-1979), fils d&#8217;une famille modeste de Slovaquie, devient photographe professionnel \u00e0 la fin des ann\u00e9es 1920. Sa grande sensibilit\u00e9 \u00e0 la lumi\u00e8re et \u00e0 la mati\u00e8re lui permet de trouver sa place en tant que photographe publicitaire pour les plus grandes marques de luxe et ainsi d&#8217;exp\u00e9rimenter diverses techniques photographiques et des compositions originales. Mais il s&#8217;est surtout distingu\u00e9 pour ses photoreportages industriels en France et \u00e0 l&#8217;\u00e9tranger, l\u00e9gitim\u00e9s par son exp\u00e9rience comme employ\u00e9 de chemin de fer et comme tourneur sur m\u00e9taux chez Renault. L&#8217;importante commande des \u00e9ditions Horizons de France regroupe, en 15 fascicules \u00ab La France Travaille \u00bb, un millier d&#8217;\u00e9preuves, fruit d&#8217;un travail men\u00e9 jusqu&#8217;\u00e0 la fin de sa vie.<\/p>\n<p>Ce catalogue porte une regard contemporain sur son ouvre, \u00e0 la lumi\u00e8re du contexte historique, et analyse la nature des commandes qu&#8217;il re\u00e7oit tout au long de sa vie.<\/p>\n<p>Le catalogue est pr\u00e9fac\u00e9 par Marta Gili, directrice du mus\u00e9e du Jeu de Paume.<br \/>\nLe livre sera organis\u00e9 en 4 parties, chacune introduite par un texte d&#8217;un sp\u00e9cialiste.<br \/>\n* Une contextualisation de l&#8217;oeuvre de Kollar par Pia Viewing, chercheuse et co-commissaire de l&#8217;exposition ;<br \/>\n* Une approche contemporaine du grand projet photographique \u00ab La France Travaille \u00bb par Jean-Fran\u00e7ois Chevrier, historien et critique d&#8217;art ;<br \/>\n* Une analyse des reportages effectu\u00e9s dans l&#8217;Afrique occidentale fran\u00e7aise (AOF) par Pascal Blanchard, historien sp\u00e9cialiste du \u00ab fait colonial \u00bb et de l&#8217;histoire des immigrations en France ;<br \/>\n* Une pr\u00e9sentation de la donation faite \u00e0 la M\u00e9diath\u00e8que de l&#8217;Architecture et du Patrimoine par Matthieu Rivallin, charg\u00e9 de collection \u00e0 la M\u00e9diath\u00e8que et co-commissaire de l&#8217;exposition.<\/p>\n","protected":false},"excerpt":{"rendered":"<p>Fran\u00e7ois Kollar (1904-1979), fils d&#8217;une famille modeste de Slovaquie, devient photographe professionnel \u00e0 la fin des ann\u00e9es 1920. Sa grande sensibilit\u00e9 \u00e0 la lumi\u00e8re et \u00e0 la mati\u00e8re lui permet de trouver sa place en tant que photographe publicitaire pour les plus grandes marques de luxe et ainsi d&#8217;exp\u00e9rimenter diverses techniques photographiques et des compositions [&hellip;]<\/p>\n","protected":false},"featured_media":45693,"template":"","meta":[],"product_cat":[2948,2958],"product_tag":[],"acf":[],"yoast_head":"<!-- This site is optimized with the Yoast SEO plugin v20.11 - https:\/\/yoast.com\/wordpress\/plugins\/seo\/ -->\n<title>Fran\u00e7ois Kollar, un ouvrier du regard ; le catalogue de l&#039;exposition - Librairie 7L<\/title>\n<meta name=\"robots\" content=\"index, follow, max-snippet:-1, max-image-preview:large, max-video-preview:-1\" \/>\n<link rel=\"canonical\" href=\"https:\/\/librairie7l.com\/en\/produit\/francois-kollar-un-ouvrier-du-regard-le-catalogue-de-lexposition-2\/\" \/>\n<meta property=\"og:locale\" content=\"en_US\" \/>\n<meta property=\"og:type\" content=\"article\" \/>\n<meta property=\"og:title\" content=\"Fran\u00e7ois Kollar, un ouvrier du regard ; le catalogue de l&#039;exposition - Librairie 7L\" \/>\n<meta property=\"og:description\" content=\"Fran\u00e7ois Kollar (1904-1979), fils d&#8217;une famille modeste de Slovaquie, devient photographe professionnel \u00e0 la fin des ann\u00e9es 1920. Sa grande sensibilit\u00e9 \u00e0 la lumi\u00e8re et \u00e0 la mati\u00e8re lui permet de trouver sa place en tant que photographe publicitaire pour les plus grandes marques de luxe et ainsi d&#8217;exp\u00e9rimenter diverses techniques photographiques et des compositions [&hellip;]\" \/>\n<meta property=\"og:url\" content=\"https:\/\/librairie7l.com\/en\/produit\/francois-kollar-un-ouvrier-du-regard-le-catalogue-de-lexposition-2\/\" \/>\n<meta property=\"og:site_name\" content=\"Librairie 7L\" \/>\n<meta property=\"article:modified_time\" content=\"2026-04-21T20:33:13+00:00\" \/>\n<meta property=\"og:image\" content=\"https:\/\/librairie7l.com\/wp-content\/uploads\/2015\/09\/9782732477213_1_75.jpg\" \/>\n\t<meta property=\"og:image:width\" content=\"500\" \/>\n\t<meta property=\"og:image:height\" content=\"640\" \/>\n\t<meta property=\"og:image:type\" content=\"image\/jpeg\" \/>\n<meta name=\"twitter:card\" content=\"summary_large_image\" \/>\n<meta name=\"twitter:label1\" content=\"Est. reading time\" \/>\n\t<meta name=\"twitter:data1\" content=\"1 minute\" \/>\n<script type=\"application\/ld+json\" class=\"yoast-schema-graph\">{\"@context\":\"https:\/\/schema.org\",\"@graph\":[{\"@type\":\"WebPage\",\"@id\":\"https:\/\/librairie7l.com\/en\/produit\/francois-kollar-un-ouvrier-du-regard-le-catalogue-de-lexposition-2\/\",\"url\":\"https:\/\/librairie7l.com\/en\/produit\/francois-kollar-un-ouvrier-du-regard-le-catalogue-de-lexposition-2\/\",\"name\":\"Fran\u00e7ois Kollar, un ouvrier du regard ; le catalogue de l'exposition - Librairie 7L\",\"isPartOf\":{\"@id\":\"https:\/\/librairie7l.com\/en\/#website\"},\"datePublished\":\"2025-01-27T10:16:23+00:00\",\"dateModified\":\"2026-04-21T20:33:13+00:00\",\"breadcrumb\":{\"@id\":\"https:\/\/librairie7l.com\/en\/produit\/francois-kollar-un-ouvrier-du-regard-le-catalogue-de-lexposition-2\/#breadcrumb\"},\"inLanguage\":\"en-US\",\"potentialAction\":[{\"@type\":\"ReadAction\",\"target\":[\"https:\/\/librairie7l.com\/en\/produit\/francois-kollar-un-ouvrier-du-regard-le-catalogue-de-lexposition-2\/\"]}]},{\"@type\":\"BreadcrumbList\",\"@id\":\"https:\/\/librairie7l.com\/en\/produit\/francois-kollar-un-ouvrier-du-regard-le-catalogue-de-lexposition-2\/#breadcrumb\",\"itemListElement\":[{\"@type\":\"ListItem\",\"position\":1,\"name\":\"Accueil\",\"item\":\"https:\/\/librairie7l.com\/en\/\"},{\"@type\":\"ListItem\",\"position\":2,\"name\":\"Shop\",\"item\":\"https:\/\/librairie7l.com\/en\/shop\/\"},{\"@type\":\"ListItem\",\"position\":3,\"name\":\"FRAN\u00c7OIS KOLLAR, UN OUVRIER DU REGARD ; LE CATALOGUE DE L&#8217;EXPOSITION\"}]},{\"@type\":\"WebSite\",\"@id\":\"https:\/\/librairie7l.com\/en\/#website\",\"url\":\"https:\/\/librairie7l.com\/en\/\",\"name\":\"Librairie 7L\",\"description\":\"Librairie fond\u00e9e en 1999 par Karl Lagerfeld \u00e0 Paris\",\"publisher\":{\"@id\":\"https:\/\/librairie7l.com\/en\/#organization\"},\"potentialAction\":[{\"@type\":\"SearchAction\",\"target\":{\"@type\":\"EntryPoint\",\"urlTemplate\":\"https:\/\/librairie7l.com\/en\/?s={search_term_string}\"},\"query-input\":\"required name=search_term_string\"}],\"inLanguage\":\"en-US\"},{\"@type\":\"Organization\",\"@id\":\"https:\/\/librairie7l.com\/en\/#organization\",\"name\":\"Librairie 7L\",\"url\":\"https:\/\/librairie7l.com\/en\/\",\"logo\":{\"@type\":\"ImageObject\",\"inLanguage\":\"en-US\",\"@id\":\"https:\/\/librairie7l.com\/en\/#\/schema\/logo\/image\/\",\"url\":\"https:\/\/librairie7l.com\/wp-content\/uploads\/2022\/08\/logo-1.png\",\"contentUrl\":\"https:\/\/librairie7l.com\/wp-content\/uploads\/2022\/08\/logo-1.png\",\"width\":227,\"height\":301,\"caption\":\"Librairie 7L\"},\"image\":{\"@id\":\"https:\/\/librairie7l.com\/en\/#\/schema\/logo\/image\/\"}}]}<\/script>\n<!-- \/ Yoast SEO plugin. -->","yoast_head_json":{"title":"Fran\u00e7ois Kollar, un ouvrier du regard ; le catalogue de l'exposition - Librairie 7L","robots":{"index":"index","follow":"follow","max-snippet":"max-snippet:-1","max-image-preview":"max-image-preview:large","max-video-preview":"max-video-preview:-1"},"canonical":"https:\/\/librairie7l.com\/en\/produit\/francois-kollar-un-ouvrier-du-regard-le-catalogue-de-lexposition-2\/","og_locale":"en_US","og_type":"article","og_title":"Fran\u00e7ois Kollar, un ouvrier du regard ; le catalogue de l'exposition - Librairie 7L","og_description":"Fran\u00e7ois Kollar (1904-1979), fils d&#8217;une famille modeste de Slovaquie, devient photographe professionnel \u00e0 la fin des ann\u00e9es 1920. Sa grande sensibilit\u00e9 \u00e0 la lumi\u00e8re et \u00e0 la mati\u00e8re lui permet de trouver sa place en tant que photographe publicitaire pour les plus grandes marques de luxe et ainsi d&#8217;exp\u00e9rimenter diverses techniques photographiques et des compositions [&hellip;]","og_url":"https:\/\/librairie7l.com\/en\/produit\/francois-kollar-un-ouvrier-du-regard-le-catalogue-de-lexposition-2\/","og_site_name":"Librairie 7L","article_modified_time":"2026-04-21T20:33:13+00:00","og_image":[{"width":500,"height":640,"url":"https:\/\/librairie7l.com\/wp-content\/uploads\/2015\/09\/9782732477213_1_75.jpg","type":"image\/jpeg"}],"twitter_card":"summary_large_image","twitter_misc":{"Est. reading time":"1 minute"},"schema":{"@context":"https:\/\/schema.org","@graph":[{"@type":"WebPage","@id":"https:\/\/librairie7l.com\/en\/produit\/francois-kollar-un-ouvrier-du-regard-le-catalogue-de-lexposition-2\/","url":"https:\/\/librairie7l.com\/en\/produit\/francois-kollar-un-ouvrier-du-regard-le-catalogue-de-lexposition-2\/","name":"Fran\u00e7ois Kollar, un ouvrier du regard ; le catalogue de l'exposition - Librairie 7L","isPartOf":{"@id":"https:\/\/librairie7l.com\/en\/#website"},"datePublished":"2025-01-27T10:16:23+00:00","dateModified":"2026-04-21T20:33:13+00:00","breadcrumb":{"@id":"https:\/\/librairie7l.com\/en\/produit\/francois-kollar-un-ouvrier-du-regard-le-catalogue-de-lexposition-2\/#breadcrumb"},"inLanguage":"en-US","potentialAction":[{"@type":"ReadAction","target":["https:\/\/librairie7l.com\/en\/produit\/francois-kollar-un-ouvrier-du-regard-le-catalogue-de-lexposition-2\/"]}]},{"@type":"BreadcrumbList","@id":"https:\/\/librairie7l.com\/en\/produit\/francois-kollar-un-ouvrier-du-regard-le-catalogue-de-lexposition-2\/#breadcrumb","itemListElement":[{"@type":"ListItem","position":1,"name":"Accueil","item":"https:\/\/librairie7l.com\/en\/"},{"@type":"ListItem","position":2,"name":"Shop","item":"https:\/\/librairie7l.com\/en\/shop\/"},{"@type":"ListItem","position":3,"name":"FRAN\u00c7OIS KOLLAR, UN OUVRIER DU REGARD ; LE CATALOGUE DE L&#8217;EXPOSITION"}]},{"@type":"WebSite","@id":"https:\/\/librairie7l.com\/en\/#website","url":"https:\/\/librairie7l.com\/en\/","name":"Librairie 7L","description":"Librairie fond\u00e9e en 1999 par Karl Lagerfeld \u00e0 Paris","publisher":{"@id":"https:\/\/librairie7l.com\/en\/#organization"},"potentialAction":[{"@type":"SearchAction","target":{"@type":"EntryPoint","urlTemplate":"https:\/\/librairie7l.com\/en\/?s={search_term_string}"},"query-input":"required name=search_term_string"}],"inLanguage":"en-US"},{"@type":"Organization","@id":"https:\/\/librairie7l.com\/en\/#organization","name":"Librairie 7L","url":"https:\/\/librairie7l.com\/en\/","logo":{"@type":"ImageObject","inLanguage":"en-US","@id":"https:\/\/librairie7l.com\/en\/#\/schema\/logo\/image\/","url":"https:\/\/librairie7l.com\/wp-content\/uploads\/2022\/08\/logo-1.png","contentUrl":"https:\/\/librairie7l.com\/wp-content\/uploads\/2022\/08\/logo-1.png","width":227,"height":301,"caption":"Librairie 7L"},"image":{"@id":"https:\/\/librairie7l.com\/en\/#\/schema\/logo\/image\/"}}]}},"_links":{"self":[{"href":"https:\/\/librairie7l.com\/en\/wp-json\/wp\/v2\/product\/45695"}],"collection":[{"href":"https:\/\/librairie7l.com\/en\/wp-json\/wp\/v2\/product"}],"about":[{"href":"https:\/\/librairie7l.com\/en\/wp-json\/wp\/v2\/types\/product"}],"wp:featuredmedia":[{"embeddable":true,"href":"https:\/\/librairie7l.com\/en\/wp-json\/wp\/v2\/media\/45693"}],"wp:attachment":[{"href":"https:\/\/librairie7l.com\/en\/wp-json\/wp\/v2\/media?parent=45695"}],"wp:term":[{"taxonomy":"product_cat","embeddable":true,"href":"https:\/\/librairie7l.com\/en\/wp-json\/wp\/v2\/product_cat?post=45695"},{"taxonomy":"product_tag","embeddable":true,"href":"https:\/\/librairie7l.com\/en\/wp-json\/wp\/v2\/product_tag?post=45695"}],"curies":[{"name":"wp","href":"https:\/\/api.w.org\/{rel}","templated":true}]}}