{"id":45699,"date":"2025-01-27T11:16:27","date_gmt":"2025-01-27T10:16:27","guid":{"rendered":"https:\/\/librairie7l.com\/?post_type=product&#038;p=45699"},"modified":"2026-04-21T23:31:26","modified_gmt":"2026-04-21T21:31:26","slug":"lartigue-lalbum-dune-vie-1894-1986-2","status":"publish","type":"product","link":"https:\/\/librairie7l.com\/en\/produit\/lartigue-lalbum-dune-vie-1894-1986-2\/","title":{"rendered":"LARTIGUE ; L&#8217;ALBUM D&#8217;UNE VIE ; 1894-1986"},"content":{"rendered":"<p>Cet ouvrage pr\u00e9sente les albums photographiques que Lartigue a \u00e9labor\u00e9s entre 1902 (d\u00e9but de son activit\u00e9 photographique) et 1986 (date de sa mort). Lartigue y collait les plus belles images qu&#8217;il r\u00e9alisait jour apr\u00e8s jour, accompagn\u00e9es de ses commentaires. De la Belle \u00c9poque, en passant par les ann\u00e9es folles jusqu&#8217;aux ann\u00e9es 1960, ces albums d&#8217;un artiste g\u00e2t\u00e9 par la vie, traversant palaces, lieux de vill\u00e9giature \u00e0 la mode, rencontrant les personnalit\u00e9s artistiques et mondaines les plus marquantes de son temps, racontent de fa\u00e7on subjective un si\u00e8cle particuli\u00e8rement riche.Adoptant le format \u00ab\u00e0 l&#8217;italienne\u00bb des albums d&#8217;origine, reproduisant toute la subtilit\u00e9 des images et de leur mise en page, cet ouvrage d\u00e9voile de fa\u00e7on exhaustive le \u00abd\u00e9roul\u00e9\u00bb chronologique de l&#8217;oeuvre de l&#8217;artiste et nous offre dans leur v\u00e9ritable contexte de production les images de ce photographe g\u00e9nial.<br \/>\nDes textes critiques des meilleurs sp\u00e9cialistes de Lartigue accompagnent la pr\u00e9sentation des albums, fournissant un appareil critique indispensable.<\/p>\n","protected":false},"excerpt":{"rendered":"<p>Cet ouvrage pr\u00e9sente les albums photographiques que Lartigue a \u00e9labor\u00e9s entre 1902 (d\u00e9but de son activit\u00e9 photographique) et 1986 (date de sa mort). Lartigue y collait les plus belles images qu&#8217;il r\u00e9alisait jour apr\u00e8s jour, accompagn\u00e9es de ses commentaires. De la Belle \u00c9poque, en passant par les ann\u00e9es folles jusqu&#8217;aux ann\u00e9es 1960, ces albums d&#8217;un [&hellip;]<\/p>\n","protected":false},"featured_media":45697,"template":"","meta":[],"product_cat":[2948,2958],"product_tag":[],"acf":[],"yoast_head":"<!-- This site is optimized with the Yoast SEO plugin v20.11 - https:\/\/yoast.com\/wordpress\/plugins\/seo\/ -->\n<title>Lartigue ; l&#039;album d&#039;une vie ; 1894-1986 - Librairie 7L<\/title>\n<meta name=\"robots\" content=\"index, follow, max-snippet:-1, max-image-preview:large, max-video-preview:-1\" \/>\n<link rel=\"canonical\" href=\"https:\/\/librairie7l.com\/en\/produit\/lartigue-lalbum-dune-vie-1894-1986-2\/\" \/>\n<meta property=\"og:locale\" content=\"en_US\" \/>\n<meta property=\"og:type\" content=\"article\" \/>\n<meta property=\"og:title\" content=\"Lartigue ; l&#039;album d&#039;une vie ; 1894-1986 - Librairie 7L\" \/>\n<meta property=\"og:description\" content=\"Cet ouvrage pr\u00e9sente les albums photographiques que Lartigue a \u00e9labor\u00e9s entre 1902 (d\u00e9but de son activit\u00e9 photographique) et 1986 (date de sa mort). Lartigue y collait les plus belles images qu&#8217;il r\u00e9alisait jour apr\u00e8s jour, accompagn\u00e9es de ses commentaires. De la Belle \u00c9poque, en passant par les ann\u00e9es folles jusqu&#8217;aux ann\u00e9es 1960, ces albums d&#8217;un [&hellip;]\" \/>\n<meta property=\"og:url\" content=\"https:\/\/librairie7l.com\/en\/produit\/lartigue-lalbum-dune-vie-1894-1986-2\/\" \/>\n<meta property=\"og:site_name\" content=\"Librairie 7L\" \/>\n<meta property=\"article:modified_time\" content=\"2026-04-21T21:31:26+00:00\" \/>\n<meta property=\"og:image\" content=\"https:\/\/librairie7l.com\/wp-content\/uploads\/2011\/11\/9782021060003_1_75.jpg\" \/>\n\t<meta property=\"og:image:width\" content=\"500\" \/>\n\t<meta property=\"og:image:height\" content=\"364\" \/>\n\t<meta property=\"og:image:type\" content=\"image\/jpeg\" \/>\n<meta name=\"twitter:card\" content=\"summary_large_image\" \/>\n<meta name=\"twitter:label1\" content=\"Est. reading time\" \/>\n\t<meta name=\"twitter:data1\" content=\"1 minute\" \/>\n<script type=\"application\/ld+json\" class=\"yoast-schema-graph\">{\"@context\":\"https:\/\/schema.org\",\"@graph\":[{\"@type\":\"WebPage\",\"@id\":\"https:\/\/librairie7l.com\/en\/produit\/lartigue-lalbum-dune-vie-1894-1986-2\/\",\"url\":\"https:\/\/librairie7l.com\/en\/produit\/lartigue-lalbum-dune-vie-1894-1986-2\/\",\"name\":\"Lartigue ; l'album d'une vie ; 1894-1986 - Librairie 7L\",\"isPartOf\":{\"@id\":\"https:\/\/librairie7l.com\/en\/#website\"},\"datePublished\":\"2025-01-27T10:16:27+00:00\",\"dateModified\":\"2026-04-21T21:31:26+00:00\",\"breadcrumb\":{\"@id\":\"https:\/\/librairie7l.com\/en\/produit\/lartigue-lalbum-dune-vie-1894-1986-2\/#breadcrumb\"},\"inLanguage\":\"en-US\",\"potentialAction\":[{\"@type\":\"ReadAction\",\"target\":[\"https:\/\/librairie7l.com\/en\/produit\/lartigue-lalbum-dune-vie-1894-1986-2\/\"]}]},{\"@type\":\"BreadcrumbList\",\"@id\":\"https:\/\/librairie7l.com\/en\/produit\/lartigue-lalbum-dune-vie-1894-1986-2\/#breadcrumb\",\"itemListElement\":[{\"@type\":\"ListItem\",\"position\":1,\"name\":\"Accueil\",\"item\":\"https:\/\/librairie7l.com\/en\/\"},{\"@type\":\"ListItem\",\"position\":2,\"name\":\"Shop\",\"item\":\"https:\/\/librairie7l.com\/en\/shop\/\"},{\"@type\":\"ListItem\",\"position\":3,\"name\":\"LARTIGUE ; L&#8217;ALBUM D&#8217;UNE VIE ; 1894-1986\"}]},{\"@type\":\"WebSite\",\"@id\":\"https:\/\/librairie7l.com\/en\/#website\",\"url\":\"https:\/\/librairie7l.com\/en\/\",\"name\":\"Librairie 7L\",\"description\":\"Librairie fond\u00e9e en 1999 par Karl Lagerfeld \u00e0 Paris\",\"publisher\":{\"@id\":\"https:\/\/librairie7l.com\/en\/#organization\"},\"potentialAction\":[{\"@type\":\"SearchAction\",\"target\":{\"@type\":\"EntryPoint\",\"urlTemplate\":\"https:\/\/librairie7l.com\/en\/?s={search_term_string}\"},\"query-input\":\"required name=search_term_string\"}],\"inLanguage\":\"en-US\"},{\"@type\":\"Organization\",\"@id\":\"https:\/\/librairie7l.com\/en\/#organization\",\"name\":\"Librairie 7L\",\"url\":\"https:\/\/librairie7l.com\/en\/\",\"logo\":{\"@type\":\"ImageObject\",\"inLanguage\":\"en-US\",\"@id\":\"https:\/\/librairie7l.com\/en\/#\/schema\/logo\/image\/\",\"url\":\"https:\/\/librairie7l.com\/wp-content\/uploads\/2022\/08\/logo-1.png\",\"contentUrl\":\"https:\/\/librairie7l.com\/wp-content\/uploads\/2022\/08\/logo-1.png\",\"width\":227,\"height\":301,\"caption\":\"Librairie 7L\"},\"image\":{\"@id\":\"https:\/\/librairie7l.com\/en\/#\/schema\/logo\/image\/\"}}]}<\/script>\n<!-- \/ Yoast SEO plugin. -->","yoast_head_json":{"title":"Lartigue ; l'album d'une vie ; 1894-1986 - Librairie 7L","robots":{"index":"index","follow":"follow","max-snippet":"max-snippet:-1","max-image-preview":"max-image-preview:large","max-video-preview":"max-video-preview:-1"},"canonical":"https:\/\/librairie7l.com\/en\/produit\/lartigue-lalbum-dune-vie-1894-1986-2\/","og_locale":"en_US","og_type":"article","og_title":"Lartigue ; l'album d'une vie ; 1894-1986 - Librairie 7L","og_description":"Cet ouvrage pr\u00e9sente les albums photographiques que Lartigue a \u00e9labor\u00e9s entre 1902 (d\u00e9but de son activit\u00e9 photographique) et 1986 (date de sa mort). Lartigue y collait les plus belles images qu&#8217;il r\u00e9alisait jour apr\u00e8s jour, accompagn\u00e9es de ses commentaires. De la Belle \u00c9poque, en passant par les ann\u00e9es folles jusqu&#8217;aux ann\u00e9es 1960, ces albums d&#8217;un [&hellip;]","og_url":"https:\/\/librairie7l.com\/en\/produit\/lartigue-lalbum-dune-vie-1894-1986-2\/","og_site_name":"Librairie 7L","article_modified_time":"2026-04-21T21:31:26+00:00","og_image":[{"width":500,"height":364,"url":"https:\/\/librairie7l.com\/wp-content\/uploads\/2011\/11\/9782021060003_1_75.jpg","type":"image\/jpeg"}],"twitter_card":"summary_large_image","twitter_misc":{"Est. reading time":"1 minute"},"schema":{"@context":"https:\/\/schema.org","@graph":[{"@type":"WebPage","@id":"https:\/\/librairie7l.com\/en\/produit\/lartigue-lalbum-dune-vie-1894-1986-2\/","url":"https:\/\/librairie7l.com\/en\/produit\/lartigue-lalbum-dune-vie-1894-1986-2\/","name":"Lartigue ; l'album d'une vie ; 1894-1986 - Librairie 7L","isPartOf":{"@id":"https:\/\/librairie7l.com\/en\/#website"},"datePublished":"2025-01-27T10:16:27+00:00","dateModified":"2026-04-21T21:31:26+00:00","breadcrumb":{"@id":"https:\/\/librairie7l.com\/en\/produit\/lartigue-lalbum-dune-vie-1894-1986-2\/#breadcrumb"},"inLanguage":"en-US","potentialAction":[{"@type":"ReadAction","target":["https:\/\/librairie7l.com\/en\/produit\/lartigue-lalbum-dune-vie-1894-1986-2\/"]}]},{"@type":"BreadcrumbList","@id":"https:\/\/librairie7l.com\/en\/produit\/lartigue-lalbum-dune-vie-1894-1986-2\/#breadcrumb","itemListElement":[{"@type":"ListItem","position":1,"name":"Accueil","item":"https:\/\/librairie7l.com\/en\/"},{"@type":"ListItem","position":2,"name":"Shop","item":"https:\/\/librairie7l.com\/en\/shop\/"},{"@type":"ListItem","position":3,"name":"LARTIGUE ; L&#8217;ALBUM D&#8217;UNE VIE ; 1894-1986"}]},{"@type":"WebSite","@id":"https:\/\/librairie7l.com\/en\/#website","url":"https:\/\/librairie7l.com\/en\/","name":"Librairie 7L","description":"Librairie fond\u00e9e en 1999 par Karl Lagerfeld \u00e0 Paris","publisher":{"@id":"https:\/\/librairie7l.com\/en\/#organization"},"potentialAction":[{"@type":"SearchAction","target":{"@type":"EntryPoint","urlTemplate":"https:\/\/librairie7l.com\/en\/?s={search_term_string}"},"query-input":"required name=search_term_string"}],"inLanguage":"en-US"},{"@type":"Organization","@id":"https:\/\/librairie7l.com\/en\/#organization","name":"Librairie 7L","url":"https:\/\/librairie7l.com\/en\/","logo":{"@type":"ImageObject","inLanguage":"en-US","@id":"https:\/\/librairie7l.com\/en\/#\/schema\/logo\/image\/","url":"https:\/\/librairie7l.com\/wp-content\/uploads\/2022\/08\/logo-1.png","contentUrl":"https:\/\/librairie7l.com\/wp-content\/uploads\/2022\/08\/logo-1.png","width":227,"height":301,"caption":"Librairie 7L"},"image":{"@id":"https:\/\/librairie7l.com\/en\/#\/schema\/logo\/image\/"}}]}},"_links":{"self":[{"href":"https:\/\/librairie7l.com\/en\/wp-json\/wp\/v2\/product\/45699"}],"collection":[{"href":"https:\/\/librairie7l.com\/en\/wp-json\/wp\/v2\/product"}],"about":[{"href":"https:\/\/librairie7l.com\/en\/wp-json\/wp\/v2\/types\/product"}],"wp:featuredmedia":[{"embeddable":true,"href":"https:\/\/librairie7l.com\/en\/wp-json\/wp\/v2\/media\/45697"}],"wp:attachment":[{"href":"https:\/\/librairie7l.com\/en\/wp-json\/wp\/v2\/media?parent=45699"}],"wp:term":[{"taxonomy":"product_cat","embeddable":true,"href":"https:\/\/librairie7l.com\/en\/wp-json\/wp\/v2\/product_cat?post=45699"},{"taxonomy":"product_tag","embeddable":true,"href":"https:\/\/librairie7l.com\/en\/wp-json\/wp\/v2\/product_tag?post=45699"}],"curies":[{"name":"wp","href":"https:\/\/api.w.org\/{rel}","templated":true}]}}