{"id":45703,"date":"2025-01-27T11:16:32","date_gmt":"2025-01-27T10:16:32","guid":{"rendered":"https:\/\/librairie7l.com\/?post_type=product&#038;p=45703"},"modified":"2026-04-15T07:23:48","modified_gmt":"2026-04-15T05:23:48","slug":"lartigue-la-vie-en-couleurs-2","status":"publish","type":"product","link":"https:\/\/librairie7l.com\/en\/produit\/lartigue-la-vie-en-couleurs-2\/","title":{"rendered":"LARTIGUE, LA VIE EN COULEURS"},"content":{"rendered":"<p>C\u00e9l\u00e9br\u00e9 au XXe si\u00e8cle comme un g\u00e9nie du noir et blanc, Jacques Henri Lartigue se r\u00e9v\u00e8le aussi un artiste de la couleur, et la perception que nous avions de son travail en est boulevers\u00e9e et enrichie. Pour lui, la vie et la couleur sont indissociables. Les autochromes de sa jeunesse (1912-1927) puis le proc\u00e9d\u00e9 Ektachrome qu&#8217;il adopte \u00e0 partir des ann\u00e9es 50 jusqu&#8217;\u00e0 sa mort en 1986 lui permettent de traduire la joie passionn\u00e9e qui l&#8217;habite et restent, selon ses mots, ce qui est \u00ab le mieux capable d&#8217;exprimer le charme et la po\u00e9sie \u00bb. Dans les photographies de cette derni\u00e8re p\u00e9riode de sa vie, la couleur appara\u00eet comme la partie enchant\u00e9e d&#8217;une ouvre de plus en plus libre. Une magnifique occasion de d\u00e9couvrir un pan in\u00e9dit de l&#8217;ouvre de Lartigue<\/p>\n","protected":false},"excerpt":{"rendered":"<p>C\u00e9l\u00e9br\u00e9 au XXe si\u00e8cle comme un g\u00e9nie du noir et blanc, Jacques Henri Lartigue se r\u00e9v\u00e8le aussi un artiste de la couleur, et la perception que nous avions de son travail en est boulevers\u00e9e et enrichie. Pour lui, la vie et la couleur sont indissociables. Les autochromes de sa jeunesse (1912-1927) puis le proc\u00e9d\u00e9 Ektachrome [&hellip;]<\/p>\n","protected":false},"featured_media":45701,"template":"","meta":[],"product_cat":[2948,2958],"product_tag":[],"acf":[],"yoast_head":"<!-- This site is optimized with the Yoast SEO plugin v20.11 - https:\/\/yoast.com\/wordpress\/plugins\/seo\/ -->\n<title>Lartigue, la vie en couleurs - Librairie 7L<\/title>\n<meta name=\"robots\" content=\"index, follow, max-snippet:-1, max-image-preview:large, max-video-preview:-1\" \/>\n<link rel=\"canonical\" href=\"https:\/\/librairie7l.com\/en\/produit\/lartigue-la-vie-en-couleurs-2\/\" \/>\n<meta property=\"og:locale\" content=\"en_US\" \/>\n<meta property=\"og:type\" content=\"article\" \/>\n<meta property=\"og:title\" content=\"Lartigue, la vie en couleurs - Librairie 7L\" \/>\n<meta property=\"og:description\" content=\"C\u00e9l\u00e9br\u00e9 au XXe si\u00e8cle comme un g\u00e9nie du noir et blanc, Jacques Henri Lartigue se r\u00e9v\u00e8le aussi un artiste de la couleur, et la perception que nous avions de son travail en est boulevers\u00e9e et enrichie. Pour lui, la vie et la couleur sont indissociables. Les autochromes de sa jeunesse (1912-1927) puis le proc\u00e9d\u00e9 Ektachrome [&hellip;]\" \/>\n<meta property=\"og:url\" content=\"https:\/\/librairie7l.com\/en\/produit\/lartigue-la-vie-en-couleurs-2\/\" \/>\n<meta property=\"og:site_name\" content=\"Librairie 7L\" \/>\n<meta property=\"article:modified_time\" content=\"2026-04-15T05:23:48+00:00\" \/>\n<meta property=\"og:image\" content=\"https:\/\/librairie7l.com\/wp-content\/uploads\/2015\/02\/9782021235128_1_75.jpg\" \/>\n\t<meta property=\"og:image:width\" content=\"1000\" \/>\n\t<meta property=\"og:image:height\" content=\"1080\" \/>\n\t<meta property=\"og:image:type\" content=\"image\/jpeg\" \/>\n<meta name=\"twitter:card\" content=\"summary_large_image\" \/>\n<meta name=\"twitter:label1\" content=\"Est. reading time\" \/>\n\t<meta name=\"twitter:data1\" content=\"1 minute\" \/>\n<script type=\"application\/ld+json\" class=\"yoast-schema-graph\">{\"@context\":\"https:\/\/schema.org\",\"@graph\":[{\"@type\":\"WebPage\",\"@id\":\"https:\/\/librairie7l.com\/en\/produit\/lartigue-la-vie-en-couleurs-2\/\",\"url\":\"https:\/\/librairie7l.com\/en\/produit\/lartigue-la-vie-en-couleurs-2\/\",\"name\":\"Lartigue, la vie en couleurs - Librairie 7L\",\"isPartOf\":{\"@id\":\"https:\/\/librairie7l.com\/en\/#website\"},\"datePublished\":\"2025-01-27T10:16:32+00:00\",\"dateModified\":\"2026-04-15T05:23:48+00:00\",\"breadcrumb\":{\"@id\":\"https:\/\/librairie7l.com\/en\/produit\/lartigue-la-vie-en-couleurs-2\/#breadcrumb\"},\"inLanguage\":\"en-US\",\"potentialAction\":[{\"@type\":\"ReadAction\",\"target\":[\"https:\/\/librairie7l.com\/en\/produit\/lartigue-la-vie-en-couleurs-2\/\"]}]},{\"@type\":\"BreadcrumbList\",\"@id\":\"https:\/\/librairie7l.com\/en\/produit\/lartigue-la-vie-en-couleurs-2\/#breadcrumb\",\"itemListElement\":[{\"@type\":\"ListItem\",\"position\":1,\"name\":\"Accueil\",\"item\":\"https:\/\/librairie7l.com\/en\/\"},{\"@type\":\"ListItem\",\"position\":2,\"name\":\"Shop\",\"item\":\"https:\/\/librairie7l.com\/en\/shop\/\"},{\"@type\":\"ListItem\",\"position\":3,\"name\":\"LARTIGUE, LA VIE EN COULEURS\"}]},{\"@type\":\"WebSite\",\"@id\":\"https:\/\/librairie7l.com\/en\/#website\",\"url\":\"https:\/\/librairie7l.com\/en\/\",\"name\":\"Librairie 7L\",\"description\":\"Librairie fond\u00e9e en 1999 par Karl Lagerfeld \u00e0 Paris\",\"publisher\":{\"@id\":\"https:\/\/librairie7l.com\/en\/#organization\"},\"potentialAction\":[{\"@type\":\"SearchAction\",\"target\":{\"@type\":\"EntryPoint\",\"urlTemplate\":\"https:\/\/librairie7l.com\/en\/?s={search_term_string}\"},\"query-input\":\"required name=search_term_string\"}],\"inLanguage\":\"en-US\"},{\"@type\":\"Organization\",\"@id\":\"https:\/\/librairie7l.com\/en\/#organization\",\"name\":\"Librairie 7L\",\"url\":\"https:\/\/librairie7l.com\/en\/\",\"logo\":{\"@type\":\"ImageObject\",\"inLanguage\":\"en-US\",\"@id\":\"https:\/\/librairie7l.com\/en\/#\/schema\/logo\/image\/\",\"url\":\"https:\/\/librairie7l.com\/wp-content\/uploads\/2022\/08\/logo-1.png\",\"contentUrl\":\"https:\/\/librairie7l.com\/wp-content\/uploads\/2022\/08\/logo-1.png\",\"width\":227,\"height\":301,\"caption\":\"Librairie 7L\"},\"image\":{\"@id\":\"https:\/\/librairie7l.com\/en\/#\/schema\/logo\/image\/\"}}]}<\/script>\n<!-- \/ Yoast SEO plugin. -->","yoast_head_json":{"title":"Lartigue, la vie en couleurs - Librairie 7L","robots":{"index":"index","follow":"follow","max-snippet":"max-snippet:-1","max-image-preview":"max-image-preview:large","max-video-preview":"max-video-preview:-1"},"canonical":"https:\/\/librairie7l.com\/en\/produit\/lartigue-la-vie-en-couleurs-2\/","og_locale":"en_US","og_type":"article","og_title":"Lartigue, la vie en couleurs - Librairie 7L","og_description":"C\u00e9l\u00e9br\u00e9 au XXe si\u00e8cle comme un g\u00e9nie du noir et blanc, Jacques Henri Lartigue se r\u00e9v\u00e8le aussi un artiste de la couleur, et la perception que nous avions de son travail en est boulevers\u00e9e et enrichie. Pour lui, la vie et la couleur sont indissociables. Les autochromes de sa jeunesse (1912-1927) puis le proc\u00e9d\u00e9 Ektachrome [&hellip;]","og_url":"https:\/\/librairie7l.com\/en\/produit\/lartigue-la-vie-en-couleurs-2\/","og_site_name":"Librairie 7L","article_modified_time":"2026-04-15T05:23:48+00:00","og_image":[{"width":1000,"height":1080,"url":"https:\/\/librairie7l.com\/wp-content\/uploads\/2015\/02\/9782021235128_1_75.jpg","type":"image\/jpeg"}],"twitter_card":"summary_large_image","twitter_misc":{"Est. reading time":"1 minute"},"schema":{"@context":"https:\/\/schema.org","@graph":[{"@type":"WebPage","@id":"https:\/\/librairie7l.com\/en\/produit\/lartigue-la-vie-en-couleurs-2\/","url":"https:\/\/librairie7l.com\/en\/produit\/lartigue-la-vie-en-couleurs-2\/","name":"Lartigue, la vie en couleurs - Librairie 7L","isPartOf":{"@id":"https:\/\/librairie7l.com\/en\/#website"},"datePublished":"2025-01-27T10:16:32+00:00","dateModified":"2026-04-15T05:23:48+00:00","breadcrumb":{"@id":"https:\/\/librairie7l.com\/en\/produit\/lartigue-la-vie-en-couleurs-2\/#breadcrumb"},"inLanguage":"en-US","potentialAction":[{"@type":"ReadAction","target":["https:\/\/librairie7l.com\/en\/produit\/lartigue-la-vie-en-couleurs-2\/"]}]},{"@type":"BreadcrumbList","@id":"https:\/\/librairie7l.com\/en\/produit\/lartigue-la-vie-en-couleurs-2\/#breadcrumb","itemListElement":[{"@type":"ListItem","position":1,"name":"Accueil","item":"https:\/\/librairie7l.com\/en\/"},{"@type":"ListItem","position":2,"name":"Shop","item":"https:\/\/librairie7l.com\/en\/shop\/"},{"@type":"ListItem","position":3,"name":"LARTIGUE, LA VIE EN COULEURS"}]},{"@type":"WebSite","@id":"https:\/\/librairie7l.com\/en\/#website","url":"https:\/\/librairie7l.com\/en\/","name":"Librairie 7L","description":"Librairie fond\u00e9e en 1999 par Karl Lagerfeld \u00e0 Paris","publisher":{"@id":"https:\/\/librairie7l.com\/en\/#organization"},"potentialAction":[{"@type":"SearchAction","target":{"@type":"EntryPoint","urlTemplate":"https:\/\/librairie7l.com\/en\/?s={search_term_string}"},"query-input":"required name=search_term_string"}],"inLanguage":"en-US"},{"@type":"Organization","@id":"https:\/\/librairie7l.com\/en\/#organization","name":"Librairie 7L","url":"https:\/\/librairie7l.com\/en\/","logo":{"@type":"ImageObject","inLanguage":"en-US","@id":"https:\/\/librairie7l.com\/en\/#\/schema\/logo\/image\/","url":"https:\/\/librairie7l.com\/wp-content\/uploads\/2022\/08\/logo-1.png","contentUrl":"https:\/\/librairie7l.com\/wp-content\/uploads\/2022\/08\/logo-1.png","width":227,"height":301,"caption":"Librairie 7L"},"image":{"@id":"https:\/\/librairie7l.com\/en\/#\/schema\/logo\/image\/"}}]}},"_links":{"self":[{"href":"https:\/\/librairie7l.com\/en\/wp-json\/wp\/v2\/product\/45703"}],"collection":[{"href":"https:\/\/librairie7l.com\/en\/wp-json\/wp\/v2\/product"}],"about":[{"href":"https:\/\/librairie7l.com\/en\/wp-json\/wp\/v2\/types\/product"}],"wp:featuredmedia":[{"embeddable":true,"href":"https:\/\/librairie7l.com\/en\/wp-json\/wp\/v2\/media\/45701"}],"wp:attachment":[{"href":"https:\/\/librairie7l.com\/en\/wp-json\/wp\/v2\/media?parent=45703"}],"wp:term":[{"taxonomy":"product_cat","embeddable":true,"href":"https:\/\/librairie7l.com\/en\/wp-json\/wp\/v2\/product_cat?post=45703"},{"taxonomy":"product_tag","embeddable":true,"href":"https:\/\/librairie7l.com\/en\/wp-json\/wp\/v2\/product_tag?post=45703"}],"curies":[{"name":"wp","href":"https:\/\/api.w.org\/{rel}","templated":true}]}}