{"id":45707,"date":"2025-01-27T11:16:35","date_gmt":"2025-01-27T10:16:35","guid":{"rendered":"https:\/\/librairie7l.com\/?post_type=product&#038;p=45707"},"modified":"2026-04-17T19:47:33","modified_gmt":"2026-04-17T17:47:33","slug":"memoires-2","status":"publish","type":"product","link":"https:\/\/librairie7l.com\/en\/produit\/memoires-2\/","title":{"rendered":"MEMOIRES"},"content":{"rendered":"<p>\u00ab J&#8217;appris que, lors de la mise en \u00e9tat de la tombe de Pouchkine, il s&#8217;\u00e9tait produit un glissement partiel du sol sablonneux de la colline, qui avait d\u00e9couvert un coin du cercueil. Je me pr\u00e9cipitai vers la tombe et, en effet, l\u00e0 o\u00f9 la colline de sable avait c\u00e9d\u00e9, j&#8217;aper\u00e7us un coin du cercueil sacr\u00e9. Je l&#8217;entourai de mes bras et le baisai pieusement ; j&#8217;en arrachai m\u00eame un d\u00e9bris de quelque chose qui me parut avoir \u00e9t\u00e9 jadis un galon de passementerie&#8230; \u00bb<\/p>\n<p>Les M\u00e9moires de Diaghilev sont pleins d&#8217;anecdotes, souvent l\u00e9g\u00e8res et dr\u00f4les, sur les ballets russes, la cour de Russie et les personnalit\u00e9s du Tout-Paris. Le lecteur y croisera des grands-ducs, le tsar Alexandre III, les membres de la famille Pouchkine, Aristide Briand et des barytons ivres. L&#8217;int\u00e9r\u00eat de ces M\u00e9moires ne se r\u00e9sume cependant pas aux savoureuses descriptions que Diaghilev fait de \u00ab la soci\u00e9t\u00e9 des snobs \u00bb. Les musicologues y trouveront d&#8217;importantes informations sur des compositeurs comme Massenet, Stravinsky, Tcha\u00efkovsky, Rimski-Korsakov, etc., ou des chanteurs, tels Tamagno ou Chaliapine. Enfin, ces M\u00e9moires, qui jusque-l\u00e0 \u00e9taient rest\u00e9s in\u00e9dits, permettront aux esth\u00e8tes de tout bord de mieux appr\u00e9cier l&#8217;extraordinaire personnalit\u00e9 de celui qui, il y a tout juste cent ans, stup\u00e9fia la France avec ses concerts de musique russe.<\/p>\n","protected":false},"excerpt":{"rendered":"<p>\u00ab J&#8217;appris que, lors de la mise en \u00e9tat de la tombe de Pouchkine, il s&#8217;\u00e9tait produit un glissement partiel du sol sablonneux de la colline, qui avait d\u00e9couvert un coin du cercueil. Je me pr\u00e9cipitai vers la tombe et, en effet, l\u00e0 o\u00f9 la colline de sable avait c\u00e9d\u00e9, j&#8217;aper\u00e7us un coin du cercueil [&hellip;]<\/p>\n","protected":false},"featured_media":45705,"template":"","meta":[],"product_cat":[2948,2953],"product_tag":[],"acf":[],"yoast_head":"<!-- This site is optimized with the Yoast SEO plugin v20.11 - https:\/\/yoast.com\/wordpress\/plugins\/seo\/ -->\n<title>Memoires - Librairie 7L<\/title>\n<meta name=\"robots\" content=\"index, follow, max-snippet:-1, max-image-preview:large, max-video-preview:-1\" \/>\n<link rel=\"canonical\" href=\"https:\/\/librairie7l.com\/en\/produit\/memoires-2\/\" \/>\n<meta property=\"og:locale\" content=\"en_US\" \/>\n<meta property=\"og:type\" content=\"article\" \/>\n<meta property=\"og:title\" content=\"Memoires - Librairie 7L\" \/>\n<meta property=\"og:description\" content=\"\u00ab J&#8217;appris que, lors de la mise en \u00e9tat de la tombe de Pouchkine, il s&#8217;\u00e9tait produit un glissement partiel du sol sablonneux de la colline, qui avait d\u00e9couvert un coin du cercueil. Je me pr\u00e9cipitai vers la tombe et, en effet, l\u00e0 o\u00f9 la colline de sable avait c\u00e9d\u00e9, j&#8217;aper\u00e7us un coin du cercueil [&hellip;]\" \/>\n<meta property=\"og:url\" content=\"https:\/\/librairie7l.com\/en\/produit\/memoires-2\/\" \/>\n<meta property=\"og:site_name\" content=\"Librairie 7L\" \/>\n<meta property=\"article:modified_time\" content=\"2026-04-17T17:47:33+00:00\" \/>\n<meta property=\"og:image\" content=\"https:\/\/librairie7l.com\/wp-content\/uploads\/2007\/02\/9782705666200_1_75.jpg\" \/>\n\t<meta property=\"og:image:width\" content=\"600\" \/>\n\t<meta property=\"og:image:height\" content=\"884\" \/>\n\t<meta property=\"og:image:type\" content=\"image\/jpeg\" \/>\n<meta name=\"twitter:card\" content=\"summary_large_image\" \/>\n<meta name=\"twitter:label1\" content=\"Est. reading time\" \/>\n\t<meta name=\"twitter:data1\" content=\"1 minute\" \/>\n<script type=\"application\/ld+json\" class=\"yoast-schema-graph\">{\"@context\":\"https:\/\/schema.org\",\"@graph\":[{\"@type\":\"WebPage\",\"@id\":\"https:\/\/librairie7l.com\/en\/produit\/memoires-2\/\",\"url\":\"https:\/\/librairie7l.com\/en\/produit\/memoires-2\/\",\"name\":\"Memoires - Librairie 7L\",\"isPartOf\":{\"@id\":\"https:\/\/librairie7l.com\/en\/#website\"},\"datePublished\":\"2025-01-27T10:16:35+00:00\",\"dateModified\":\"2026-04-17T17:47:33+00:00\",\"breadcrumb\":{\"@id\":\"https:\/\/librairie7l.com\/en\/produit\/memoires-2\/#breadcrumb\"},\"inLanguage\":\"en-US\",\"potentialAction\":[{\"@type\":\"ReadAction\",\"target\":[\"https:\/\/librairie7l.com\/en\/produit\/memoires-2\/\"]}]},{\"@type\":\"BreadcrumbList\",\"@id\":\"https:\/\/librairie7l.com\/en\/produit\/memoires-2\/#breadcrumb\",\"itemListElement\":[{\"@type\":\"ListItem\",\"position\":1,\"name\":\"Accueil\",\"item\":\"https:\/\/librairie7l.com\/en\/\"},{\"@type\":\"ListItem\",\"position\":2,\"name\":\"Shop\",\"item\":\"https:\/\/librairie7l.com\/en\/shop\/\"},{\"@type\":\"ListItem\",\"position\":3,\"name\":\"MEMOIRES\"}]},{\"@type\":\"WebSite\",\"@id\":\"https:\/\/librairie7l.com\/en\/#website\",\"url\":\"https:\/\/librairie7l.com\/en\/\",\"name\":\"Librairie 7L\",\"description\":\"Librairie fond\u00e9e en 1999 par Karl Lagerfeld \u00e0 Paris\",\"publisher\":{\"@id\":\"https:\/\/librairie7l.com\/en\/#organization\"},\"potentialAction\":[{\"@type\":\"SearchAction\",\"target\":{\"@type\":\"EntryPoint\",\"urlTemplate\":\"https:\/\/librairie7l.com\/en\/?s={search_term_string}\"},\"query-input\":\"required name=search_term_string\"}],\"inLanguage\":\"en-US\"},{\"@type\":\"Organization\",\"@id\":\"https:\/\/librairie7l.com\/en\/#organization\",\"name\":\"Librairie 7L\",\"url\":\"https:\/\/librairie7l.com\/en\/\",\"logo\":{\"@type\":\"ImageObject\",\"inLanguage\":\"en-US\",\"@id\":\"https:\/\/librairie7l.com\/en\/#\/schema\/logo\/image\/\",\"url\":\"https:\/\/librairie7l.com\/wp-content\/uploads\/2022\/08\/logo-1.png\",\"contentUrl\":\"https:\/\/librairie7l.com\/wp-content\/uploads\/2022\/08\/logo-1.png\",\"width\":227,\"height\":301,\"caption\":\"Librairie 7L\"},\"image\":{\"@id\":\"https:\/\/librairie7l.com\/en\/#\/schema\/logo\/image\/\"}}]}<\/script>\n<!-- \/ Yoast SEO plugin. -->","yoast_head_json":{"title":"Memoires - Librairie 7L","robots":{"index":"index","follow":"follow","max-snippet":"max-snippet:-1","max-image-preview":"max-image-preview:large","max-video-preview":"max-video-preview:-1"},"canonical":"https:\/\/librairie7l.com\/en\/produit\/memoires-2\/","og_locale":"en_US","og_type":"article","og_title":"Memoires - Librairie 7L","og_description":"\u00ab J&#8217;appris que, lors de la mise en \u00e9tat de la tombe de Pouchkine, il s&#8217;\u00e9tait produit un glissement partiel du sol sablonneux de la colline, qui avait d\u00e9couvert un coin du cercueil. Je me pr\u00e9cipitai vers la tombe et, en effet, l\u00e0 o\u00f9 la colline de sable avait c\u00e9d\u00e9, j&#8217;aper\u00e7us un coin du cercueil [&hellip;]","og_url":"https:\/\/librairie7l.com\/en\/produit\/memoires-2\/","og_site_name":"Librairie 7L","article_modified_time":"2026-04-17T17:47:33+00:00","og_image":[{"width":600,"height":884,"url":"https:\/\/librairie7l.com\/wp-content\/uploads\/2007\/02\/9782705666200_1_75.jpg","type":"image\/jpeg"}],"twitter_card":"summary_large_image","twitter_misc":{"Est. reading time":"1 minute"},"schema":{"@context":"https:\/\/schema.org","@graph":[{"@type":"WebPage","@id":"https:\/\/librairie7l.com\/en\/produit\/memoires-2\/","url":"https:\/\/librairie7l.com\/en\/produit\/memoires-2\/","name":"Memoires - Librairie 7L","isPartOf":{"@id":"https:\/\/librairie7l.com\/en\/#website"},"datePublished":"2025-01-27T10:16:35+00:00","dateModified":"2026-04-17T17:47:33+00:00","breadcrumb":{"@id":"https:\/\/librairie7l.com\/en\/produit\/memoires-2\/#breadcrumb"},"inLanguage":"en-US","potentialAction":[{"@type":"ReadAction","target":["https:\/\/librairie7l.com\/en\/produit\/memoires-2\/"]}]},{"@type":"BreadcrumbList","@id":"https:\/\/librairie7l.com\/en\/produit\/memoires-2\/#breadcrumb","itemListElement":[{"@type":"ListItem","position":1,"name":"Accueil","item":"https:\/\/librairie7l.com\/en\/"},{"@type":"ListItem","position":2,"name":"Shop","item":"https:\/\/librairie7l.com\/en\/shop\/"},{"@type":"ListItem","position":3,"name":"MEMOIRES"}]},{"@type":"WebSite","@id":"https:\/\/librairie7l.com\/en\/#website","url":"https:\/\/librairie7l.com\/en\/","name":"Librairie 7L","description":"Librairie fond\u00e9e en 1999 par Karl Lagerfeld \u00e0 Paris","publisher":{"@id":"https:\/\/librairie7l.com\/en\/#organization"},"potentialAction":[{"@type":"SearchAction","target":{"@type":"EntryPoint","urlTemplate":"https:\/\/librairie7l.com\/en\/?s={search_term_string}"},"query-input":"required name=search_term_string"}],"inLanguage":"en-US"},{"@type":"Organization","@id":"https:\/\/librairie7l.com\/en\/#organization","name":"Librairie 7L","url":"https:\/\/librairie7l.com\/en\/","logo":{"@type":"ImageObject","inLanguage":"en-US","@id":"https:\/\/librairie7l.com\/en\/#\/schema\/logo\/image\/","url":"https:\/\/librairie7l.com\/wp-content\/uploads\/2022\/08\/logo-1.png","contentUrl":"https:\/\/librairie7l.com\/wp-content\/uploads\/2022\/08\/logo-1.png","width":227,"height":301,"caption":"Librairie 7L"},"image":{"@id":"https:\/\/librairie7l.com\/en\/#\/schema\/logo\/image\/"}}]}},"_links":{"self":[{"href":"https:\/\/librairie7l.com\/en\/wp-json\/wp\/v2\/product\/45707"}],"collection":[{"href":"https:\/\/librairie7l.com\/en\/wp-json\/wp\/v2\/product"}],"about":[{"href":"https:\/\/librairie7l.com\/en\/wp-json\/wp\/v2\/types\/product"}],"wp:featuredmedia":[{"embeddable":true,"href":"https:\/\/librairie7l.com\/en\/wp-json\/wp\/v2\/media\/45705"}],"wp:attachment":[{"href":"https:\/\/librairie7l.com\/en\/wp-json\/wp\/v2\/media?parent=45707"}],"wp:term":[{"taxonomy":"product_cat","embeddable":true,"href":"https:\/\/librairie7l.com\/en\/wp-json\/wp\/v2\/product_cat?post=45707"},{"taxonomy":"product_tag","embeddable":true,"href":"https:\/\/librairie7l.com\/en\/wp-json\/wp\/v2\/product_tag?post=45707"}],"curies":[{"name":"wp","href":"https:\/\/api.w.org\/{rel}","templated":true}]}}