{"id":45715,"date":"2025-01-27T11:16:41","date_gmt":"2025-01-27T10:16:41","guid":{"rendered":"https:\/\/librairie7l.com\/?post_type=product&#038;p=45715"},"modified":"2026-04-17T18:28:52","modified_gmt":"2026-04-17T16:28:52","slug":"diaghilev-et-monaco-2","status":"publish","type":"product","link":"https:\/\/librairie7l.com\/en\/produit\/diaghilev-et-monaco-2\/","title":{"rendered":"DIAGHILEV ET MONACO"},"content":{"rendered":"<p>Pourquoi les artistes russes aiment tant Monaco ? Sans aucun doute, le climat y contribue largement. Ils appr\u00e9cient d&#8217;autant la Riviera qu&#8217;\u00e0 Saint-P\u00e9tersbourg, sous la neige, ils subissent de plein fouet la rigueur de l&#8217;hiver avec ses &#8211; 25 \u00b0C et ses 18 heures de nuit. Une autre raison est \u00e9videmment la passion des Russes pour le jeu ; d&#8217;ailleurs le m\u00e9tier d&#8217;artiste n&#8217;est-il pas une sorte de jeu  de l&#8217;amour et du hasard  ? Ensuite, Monaco garde le secret d&#8217;une douceur de vivre m\u00eal\u00e9e \u00e0 un \u00e9lan artistique, m\u00e9lange que les danseurs des Ballets russes ont \u00e9t\u00e9 avides de d\u00e9couvrir en 1911. \u00c0 la veille des festivit\u00e9s du troisi\u00e8me mill\u00e9naire, les journaux du monde entier publi\u00e8rent leur liste des personnalit\u00e9s les plus marquantes du XXe si\u00e8cle. Parmi elles, Le Figaro cita douze grandes figures directement li\u00e9es aux Ballets russes, les journaux allemands en cit\u00e8rent quinze et les journaux russes, quatorze. De Picasso \u00e0 Matisse, de Satie \u00e0 Prokofiev, de Nijinski et Cocteau \u00e0 Stravinski, d&#8217;Apollinaire \u00e0, bien entendu, Dali et Max Ernst. Toutes ces personnalit\u00e9s s&#8217;\u00e9panouirent dans les coulisses des Ballets russes. M\u00ealant l&#8217;amour \u00e0 l&#8217;art, la musique et la danse, ils allaient traverser le si\u00e8cle comme une flamboyante tra\u00een\u00e9e de lumi\u00e8re, suscitant passion et \u00e9merveillement. Pour r\u00e9ussir dans les domaines artistiques il fallait \u00eatre dans les Ballets russes&#8230; Mais pour r\u00e9ussir dans les Ballets russes, chaque printemps, il fallait \u00eatre \u00e0 Monaco<\/p>\n","protected":false},"excerpt":{"rendered":"<p>Pourquoi les artistes russes aiment tant Monaco ? Sans aucun doute, le climat y contribue largement. Ils appr\u00e9cient d&#8217;autant la Riviera qu&#8217;\u00e0 Saint-P\u00e9tersbourg, sous la neige, ils subissent de plein fouet la rigueur de l&#8217;hiver avec ses &#8211; 25 \u00b0C et ses 18 heures de nuit. Une autre raison est \u00e9videmment la passion des Russes [&hellip;]<\/p>\n","protected":false},"featured_media":45713,"template":"","meta":[],"product_cat":[2948,2953],"product_tag":[],"acf":[],"yoast_head":"<!-- This site is optimized with the Yoast SEO plugin v20.11 - https:\/\/yoast.com\/wordpress\/plugins\/seo\/ -->\n<title>Diaghilev et monaco - Librairie 7L<\/title>\n<meta name=\"robots\" content=\"index, follow, max-snippet:-1, max-image-preview:large, max-video-preview:-1\" \/>\n<link rel=\"canonical\" href=\"https:\/\/librairie7l.com\/en\/produit\/diaghilev-et-monaco-2\/\" \/>\n<meta property=\"og:locale\" content=\"en_US\" \/>\n<meta property=\"og:type\" content=\"article\" \/>\n<meta property=\"og:title\" content=\"Diaghilev et monaco - Librairie 7L\" \/>\n<meta property=\"og:description\" content=\"Pourquoi les artistes russes aiment tant Monaco ? Sans aucun doute, le climat y contribue largement. Ils appr\u00e9cient d&#8217;autant la Riviera qu&#8217;\u00e0 Saint-P\u00e9tersbourg, sous la neige, ils subissent de plein fouet la rigueur de l&#8217;hiver avec ses &#8211; 25 \u00b0C et ses 18 heures de nuit. Une autre raison est \u00e9videmment la passion des Russes [&hellip;]\" \/>\n<meta property=\"og:url\" content=\"https:\/\/librairie7l.com\/en\/produit\/diaghilev-et-monaco-2\/\" \/>\n<meta property=\"og:site_name\" content=\"Librairie 7L\" \/>\n<meta property=\"article:modified_time\" content=\"2026-04-17T16:28:52+00:00\" \/>\n<meta property=\"og:image\" content=\"https:\/\/librairie7l.com\/wp-content\/uploads\/2002\/12\/9782268045665_1_75.jpg\" \/>\n\t<meta property=\"og:image:width\" content=\"557\" \/>\n\t<meta property=\"og:image:height\" content=\"699\" \/>\n\t<meta property=\"og:image:type\" content=\"image\/jpeg\" \/>\n<meta name=\"twitter:card\" content=\"summary_large_image\" \/>\n<meta name=\"twitter:label1\" content=\"Est. reading time\" \/>\n\t<meta name=\"twitter:data1\" content=\"1 minute\" \/>\n<script type=\"application\/ld+json\" class=\"yoast-schema-graph\">{\"@context\":\"https:\/\/schema.org\",\"@graph\":[{\"@type\":\"WebPage\",\"@id\":\"https:\/\/librairie7l.com\/en\/produit\/diaghilev-et-monaco-2\/\",\"url\":\"https:\/\/librairie7l.com\/en\/produit\/diaghilev-et-monaco-2\/\",\"name\":\"Diaghilev et monaco - Librairie 7L\",\"isPartOf\":{\"@id\":\"https:\/\/librairie7l.com\/en\/#website\"},\"datePublished\":\"2025-01-27T10:16:41+00:00\",\"dateModified\":\"2026-04-17T16:28:52+00:00\",\"breadcrumb\":{\"@id\":\"https:\/\/librairie7l.com\/en\/produit\/diaghilev-et-monaco-2\/#breadcrumb\"},\"inLanguage\":\"en-US\",\"potentialAction\":[{\"@type\":\"ReadAction\",\"target\":[\"https:\/\/librairie7l.com\/en\/produit\/diaghilev-et-monaco-2\/\"]}]},{\"@type\":\"BreadcrumbList\",\"@id\":\"https:\/\/librairie7l.com\/en\/produit\/diaghilev-et-monaco-2\/#breadcrumb\",\"itemListElement\":[{\"@type\":\"ListItem\",\"position\":1,\"name\":\"Accueil\",\"item\":\"https:\/\/librairie7l.com\/en\/\"},{\"@type\":\"ListItem\",\"position\":2,\"name\":\"Shop\",\"item\":\"https:\/\/librairie7l.com\/en\/shop\/\"},{\"@type\":\"ListItem\",\"position\":3,\"name\":\"DIAGHILEV ET MONACO\"}]},{\"@type\":\"WebSite\",\"@id\":\"https:\/\/librairie7l.com\/en\/#website\",\"url\":\"https:\/\/librairie7l.com\/en\/\",\"name\":\"Librairie 7L\",\"description\":\"Librairie fond\u00e9e en 1999 par Karl Lagerfeld \u00e0 Paris\",\"publisher\":{\"@id\":\"https:\/\/librairie7l.com\/en\/#organization\"},\"potentialAction\":[{\"@type\":\"SearchAction\",\"target\":{\"@type\":\"EntryPoint\",\"urlTemplate\":\"https:\/\/librairie7l.com\/en\/?s={search_term_string}\"},\"query-input\":\"required name=search_term_string\"}],\"inLanguage\":\"en-US\"},{\"@type\":\"Organization\",\"@id\":\"https:\/\/librairie7l.com\/en\/#organization\",\"name\":\"Librairie 7L\",\"url\":\"https:\/\/librairie7l.com\/en\/\",\"logo\":{\"@type\":\"ImageObject\",\"inLanguage\":\"en-US\",\"@id\":\"https:\/\/librairie7l.com\/en\/#\/schema\/logo\/image\/\",\"url\":\"https:\/\/librairie7l.com\/wp-content\/uploads\/2022\/08\/logo-1.png\",\"contentUrl\":\"https:\/\/librairie7l.com\/wp-content\/uploads\/2022\/08\/logo-1.png\",\"width\":227,\"height\":301,\"caption\":\"Librairie 7L\"},\"image\":{\"@id\":\"https:\/\/librairie7l.com\/en\/#\/schema\/logo\/image\/\"}}]}<\/script>\n<!-- \/ Yoast SEO plugin. -->","yoast_head_json":{"title":"Diaghilev et monaco - Librairie 7L","robots":{"index":"index","follow":"follow","max-snippet":"max-snippet:-1","max-image-preview":"max-image-preview:large","max-video-preview":"max-video-preview:-1"},"canonical":"https:\/\/librairie7l.com\/en\/produit\/diaghilev-et-monaco-2\/","og_locale":"en_US","og_type":"article","og_title":"Diaghilev et monaco - Librairie 7L","og_description":"Pourquoi les artistes russes aiment tant Monaco ? Sans aucun doute, le climat y contribue largement. Ils appr\u00e9cient d&#8217;autant la Riviera qu&#8217;\u00e0 Saint-P\u00e9tersbourg, sous la neige, ils subissent de plein fouet la rigueur de l&#8217;hiver avec ses &#8211; 25 \u00b0C et ses 18 heures de nuit. Une autre raison est \u00e9videmment la passion des Russes [&hellip;]","og_url":"https:\/\/librairie7l.com\/en\/produit\/diaghilev-et-monaco-2\/","og_site_name":"Librairie 7L","article_modified_time":"2026-04-17T16:28:52+00:00","og_image":[{"width":557,"height":699,"url":"https:\/\/librairie7l.com\/wp-content\/uploads\/2002\/12\/9782268045665_1_75.jpg","type":"image\/jpeg"}],"twitter_card":"summary_large_image","twitter_misc":{"Est. reading time":"1 minute"},"schema":{"@context":"https:\/\/schema.org","@graph":[{"@type":"WebPage","@id":"https:\/\/librairie7l.com\/en\/produit\/diaghilev-et-monaco-2\/","url":"https:\/\/librairie7l.com\/en\/produit\/diaghilev-et-monaco-2\/","name":"Diaghilev et monaco - Librairie 7L","isPartOf":{"@id":"https:\/\/librairie7l.com\/en\/#website"},"datePublished":"2025-01-27T10:16:41+00:00","dateModified":"2026-04-17T16:28:52+00:00","breadcrumb":{"@id":"https:\/\/librairie7l.com\/en\/produit\/diaghilev-et-monaco-2\/#breadcrumb"},"inLanguage":"en-US","potentialAction":[{"@type":"ReadAction","target":["https:\/\/librairie7l.com\/en\/produit\/diaghilev-et-monaco-2\/"]}]},{"@type":"BreadcrumbList","@id":"https:\/\/librairie7l.com\/en\/produit\/diaghilev-et-monaco-2\/#breadcrumb","itemListElement":[{"@type":"ListItem","position":1,"name":"Accueil","item":"https:\/\/librairie7l.com\/en\/"},{"@type":"ListItem","position":2,"name":"Shop","item":"https:\/\/librairie7l.com\/en\/shop\/"},{"@type":"ListItem","position":3,"name":"DIAGHILEV ET MONACO"}]},{"@type":"WebSite","@id":"https:\/\/librairie7l.com\/en\/#website","url":"https:\/\/librairie7l.com\/en\/","name":"Librairie 7L","description":"Librairie fond\u00e9e en 1999 par Karl Lagerfeld \u00e0 Paris","publisher":{"@id":"https:\/\/librairie7l.com\/en\/#organization"},"potentialAction":[{"@type":"SearchAction","target":{"@type":"EntryPoint","urlTemplate":"https:\/\/librairie7l.com\/en\/?s={search_term_string}"},"query-input":"required name=search_term_string"}],"inLanguage":"en-US"},{"@type":"Organization","@id":"https:\/\/librairie7l.com\/en\/#organization","name":"Librairie 7L","url":"https:\/\/librairie7l.com\/en\/","logo":{"@type":"ImageObject","inLanguage":"en-US","@id":"https:\/\/librairie7l.com\/en\/#\/schema\/logo\/image\/","url":"https:\/\/librairie7l.com\/wp-content\/uploads\/2022\/08\/logo-1.png","contentUrl":"https:\/\/librairie7l.com\/wp-content\/uploads\/2022\/08\/logo-1.png","width":227,"height":301,"caption":"Librairie 7L"},"image":{"@id":"https:\/\/librairie7l.com\/en\/#\/schema\/logo\/image\/"}}]}},"_links":{"self":[{"href":"https:\/\/librairie7l.com\/en\/wp-json\/wp\/v2\/product\/45715"}],"collection":[{"href":"https:\/\/librairie7l.com\/en\/wp-json\/wp\/v2\/product"}],"about":[{"href":"https:\/\/librairie7l.com\/en\/wp-json\/wp\/v2\/types\/product"}],"wp:featuredmedia":[{"embeddable":true,"href":"https:\/\/librairie7l.com\/en\/wp-json\/wp\/v2\/media\/45713"}],"wp:attachment":[{"href":"https:\/\/librairie7l.com\/en\/wp-json\/wp\/v2\/media?parent=45715"}],"wp:term":[{"taxonomy":"product_cat","embeddable":true,"href":"https:\/\/librairie7l.com\/en\/wp-json\/wp\/v2\/product_cat?post=45715"},{"taxonomy":"product_tag","embeddable":true,"href":"https:\/\/librairie7l.com\/en\/wp-json\/wp\/v2\/product_tag?post=45715"}],"curies":[{"name":"wp","href":"https:\/\/api.w.org\/{rel}","templated":true}]}}