{"id":45719,"date":"2025-01-27T11:16:46","date_gmt":"2025-01-27T10:16:46","guid":{"rendered":"https:\/\/librairie7l.com\/?post_type=product&#038;p=45719"},"modified":"2026-04-12T10:06:59","modified_gmt":"2026-04-12T08:06:59","slug":"apres-la-fin-cartes-pour-un-autre-avenir-2","status":"publish","type":"product","link":"https:\/\/librairie7l.com\/en\/produit\/apres-la-fin-cartes-pour-un-autre-avenir-2\/","title":{"rendered":"APR\u00c8S LA FIN : CARTES POUR UN AUTRE AVENIR"},"content":{"rendered":"<p>\u00abIl semble plus facile d&#8217;imaginer la fin du<br \/>\nmonde que la fin du capitalisme\u00bb. Ces mpeurs<br \/>\ncomme Fredric Jameson ou Slavoj Zizek, font<br \/>\n\u00e9cho au titre qu&#8217;il a donn\u00e9 \u00e0 l&#8217;un des essais les<br \/>\nplus remarqu\u00e9s de ces derni\u00e8res d\u00e9cennies:<br \/>\nLe R\u00e9alisme capitaliste. N&#8217;y a-t-il aucune alternative? Cependant, comme l&#8217;explique Marina<br \/>\nGarc\u00e9s, philosophe, cette affirmation abusivement r\u00e9p\u00e9t\u00e9e rec\u00e8le un pi\u00e8ge.<br \/>\nL&#8217;id\u00e9e d&#8217;un temps et d&#8217;un espace lin\u00e9aires et statiques constitue depuis des si\u00e8cles la matrice de<br \/>\nla pens\u00e9e occidentale, marquant non seulement<br \/>\nle rythmede l&#8217;Histoire, mais aussi nos perceptions et notre capacit\u00e9 d&#8217;action sur le pr\u00e9sent.<br \/>\nCe sentiment, g\u00e9n\u00e9ralement organis\u00e9 par le<br \/>\nd\u00e9ploiement de logiques binaires qui fonctionnent par opposition, a fa\u00e7onn\u00e9 en partie la croyance commune selon<br \/>\nlaquelle il n&#8217;y a pas d&#8217;alternative, tout simplement parce qu&#8217;elle ne peut pas \u00eatre pens\u00e9e ou \u00e9nonc\u00e9e. En tout cas,<br \/>\npas collectivement.<br \/>\n\u00abCartographies for After the End\u00bb est une tentative de rassembler et de relier des exp\u00e9riences pour nous permettre<br \/>\nde remettre en question les cadres de r\u00e9f\u00e9rence \u00e0 travers lesquels notre pr\u00e9sent fut expliqu\u00e9. L&#8217;exposition propose<br \/>\nainsi un exercice d&#8217;approche vers des temps relationnels et des espaces frontaliers, ainsi que vers la puissance<br \/>\npo\u00e9tico-politique de certaines pratiques qui s&#8217;attachent \u00e0 d\u00e9senchanter ce qui est \u00e9tabli.<\/p>\n","protected":false},"excerpt":{"rendered":"<p>\u00abIl semble plus facile d&#8217;imaginer la fin du monde que la fin du capitalisme\u00bb. Ces mpeurs comme Fredric Jameson ou Slavoj Zizek, font \u00e9cho au titre qu&#8217;il a donn\u00e9 \u00e0 l&#8217;un des essais les plus remarqu\u00e9s de ces derni\u00e8res d\u00e9cennies: Le R\u00e9alisme capitaliste. N&#8217;y a-t-il aucune alternative? Cependant, comme l&#8217;explique Marina Garc\u00e9s, philosophe, cette affirmation [&hellip;]<\/p>\n","protected":false},"featured_media":45717,"template":"","meta":[],"product_cat":[2948,2953],"product_tag":[],"acf":[],"yoast_head":"<!-- This site is optimized with the Yoast SEO plugin v20.11 - https:\/\/yoast.com\/wordpress\/plugins\/seo\/ -->\n<title>Apr\u00e8s la fin : cartes pour un autre avenir - Librairie 7L<\/title>\n<meta name=\"robots\" content=\"index, follow, max-snippet:-1, max-image-preview:large, max-video-preview:-1\" \/>\n<link rel=\"canonical\" href=\"https:\/\/librairie7l.com\/en\/produit\/apres-la-fin-cartes-pour-un-autre-avenir-2\/\" \/>\n<meta property=\"og:locale\" content=\"en_US\" \/>\n<meta property=\"og:type\" content=\"article\" \/>\n<meta property=\"og:title\" content=\"Apr\u00e8s la fin : cartes pour un autre avenir - Librairie 7L\" \/>\n<meta property=\"og:description\" content=\"\u00abIl semble plus facile d&#8217;imaginer la fin du monde que la fin du capitalisme\u00bb. Ces mpeurs comme Fredric Jameson ou Slavoj Zizek, font \u00e9cho au titre qu&#8217;il a donn\u00e9 \u00e0 l&#8217;un des essais les plus remarqu\u00e9s de ces derni\u00e8res d\u00e9cennies: Le R\u00e9alisme capitaliste. N&#8217;y a-t-il aucune alternative? Cependant, comme l&#8217;explique Marina Garc\u00e9s, philosophe, cette affirmation [&hellip;]\" \/>\n<meta property=\"og:url\" content=\"https:\/\/librairie7l.com\/en\/produit\/apres-la-fin-cartes-pour-un-autre-avenir-2\/\" \/>\n<meta property=\"og:site_name\" content=\"Librairie 7L\" \/>\n<meta property=\"article:modified_time\" content=\"2026-04-12T08:06:59+00:00\" \/>\n<meta property=\"og:image\" content=\"https:\/\/librairie7l.com\/wp-content\/uploads\/2024\/08\/9782359830781_1_75.jpg\" \/>\n\t<meta property=\"og:image:width\" content=\"400\" \/>\n\t<meta property=\"og:image:height\" content=\"541\" \/>\n\t<meta property=\"og:image:type\" content=\"image\/jpeg\" \/>\n<meta name=\"twitter:card\" content=\"summary_large_image\" \/>\n<meta name=\"twitter:label1\" content=\"Est. reading time\" \/>\n\t<meta name=\"twitter:data1\" content=\"1 minute\" \/>\n<script type=\"application\/ld+json\" class=\"yoast-schema-graph\">{\"@context\":\"https:\/\/schema.org\",\"@graph\":[{\"@type\":\"WebPage\",\"@id\":\"https:\/\/librairie7l.com\/en\/produit\/apres-la-fin-cartes-pour-un-autre-avenir-2\/\",\"url\":\"https:\/\/librairie7l.com\/en\/produit\/apres-la-fin-cartes-pour-un-autre-avenir-2\/\",\"name\":\"Apr\u00e8s la fin : cartes pour un autre avenir - Librairie 7L\",\"isPartOf\":{\"@id\":\"https:\/\/librairie7l.com\/en\/#website\"},\"datePublished\":\"2025-01-27T10:16:46+00:00\",\"dateModified\":\"2026-04-12T08:06:59+00:00\",\"breadcrumb\":{\"@id\":\"https:\/\/librairie7l.com\/en\/produit\/apres-la-fin-cartes-pour-un-autre-avenir-2\/#breadcrumb\"},\"inLanguage\":\"en-US\",\"potentialAction\":[{\"@type\":\"ReadAction\",\"target\":[\"https:\/\/librairie7l.com\/en\/produit\/apres-la-fin-cartes-pour-un-autre-avenir-2\/\"]}]},{\"@type\":\"BreadcrumbList\",\"@id\":\"https:\/\/librairie7l.com\/en\/produit\/apres-la-fin-cartes-pour-un-autre-avenir-2\/#breadcrumb\",\"itemListElement\":[{\"@type\":\"ListItem\",\"position\":1,\"name\":\"Accueil\",\"item\":\"https:\/\/librairie7l.com\/en\/\"},{\"@type\":\"ListItem\",\"position\":2,\"name\":\"Shop\",\"item\":\"https:\/\/librairie7l.com\/en\/shop\/\"},{\"@type\":\"ListItem\",\"position\":3,\"name\":\"APR\u00c8S LA FIN : CARTES POUR UN AUTRE AVENIR\"}]},{\"@type\":\"WebSite\",\"@id\":\"https:\/\/librairie7l.com\/en\/#website\",\"url\":\"https:\/\/librairie7l.com\/en\/\",\"name\":\"Librairie 7L\",\"description\":\"Librairie fond\u00e9e en 1999 par Karl Lagerfeld \u00e0 Paris\",\"publisher\":{\"@id\":\"https:\/\/librairie7l.com\/en\/#organization\"},\"potentialAction\":[{\"@type\":\"SearchAction\",\"target\":{\"@type\":\"EntryPoint\",\"urlTemplate\":\"https:\/\/librairie7l.com\/en\/?s={search_term_string}\"},\"query-input\":\"required name=search_term_string\"}],\"inLanguage\":\"en-US\"},{\"@type\":\"Organization\",\"@id\":\"https:\/\/librairie7l.com\/en\/#organization\",\"name\":\"Librairie 7L\",\"url\":\"https:\/\/librairie7l.com\/en\/\",\"logo\":{\"@type\":\"ImageObject\",\"inLanguage\":\"en-US\",\"@id\":\"https:\/\/librairie7l.com\/en\/#\/schema\/logo\/image\/\",\"url\":\"https:\/\/librairie7l.com\/wp-content\/uploads\/2022\/08\/logo-1.png\",\"contentUrl\":\"https:\/\/librairie7l.com\/wp-content\/uploads\/2022\/08\/logo-1.png\",\"width\":227,\"height\":301,\"caption\":\"Librairie 7L\"},\"image\":{\"@id\":\"https:\/\/librairie7l.com\/en\/#\/schema\/logo\/image\/\"}}]}<\/script>\n<!-- \/ Yoast SEO plugin. -->","yoast_head_json":{"title":"Apr\u00e8s la fin : cartes pour un autre avenir - Librairie 7L","robots":{"index":"index","follow":"follow","max-snippet":"max-snippet:-1","max-image-preview":"max-image-preview:large","max-video-preview":"max-video-preview:-1"},"canonical":"https:\/\/librairie7l.com\/en\/produit\/apres-la-fin-cartes-pour-un-autre-avenir-2\/","og_locale":"en_US","og_type":"article","og_title":"Apr\u00e8s la fin : cartes pour un autre avenir - Librairie 7L","og_description":"\u00abIl semble plus facile d&#8217;imaginer la fin du monde que la fin du capitalisme\u00bb. Ces mpeurs comme Fredric Jameson ou Slavoj Zizek, font \u00e9cho au titre qu&#8217;il a donn\u00e9 \u00e0 l&#8217;un des essais les plus remarqu\u00e9s de ces derni\u00e8res d\u00e9cennies: Le R\u00e9alisme capitaliste. N&#8217;y a-t-il aucune alternative? Cependant, comme l&#8217;explique Marina Garc\u00e9s, philosophe, cette affirmation [&hellip;]","og_url":"https:\/\/librairie7l.com\/en\/produit\/apres-la-fin-cartes-pour-un-autre-avenir-2\/","og_site_name":"Librairie 7L","article_modified_time":"2026-04-12T08:06:59+00:00","og_image":[{"width":400,"height":541,"url":"https:\/\/librairie7l.com\/wp-content\/uploads\/2024\/08\/9782359830781_1_75.jpg","type":"image\/jpeg"}],"twitter_card":"summary_large_image","twitter_misc":{"Est. reading time":"1 minute"},"schema":{"@context":"https:\/\/schema.org","@graph":[{"@type":"WebPage","@id":"https:\/\/librairie7l.com\/en\/produit\/apres-la-fin-cartes-pour-un-autre-avenir-2\/","url":"https:\/\/librairie7l.com\/en\/produit\/apres-la-fin-cartes-pour-un-autre-avenir-2\/","name":"Apr\u00e8s la fin : cartes pour un autre avenir - Librairie 7L","isPartOf":{"@id":"https:\/\/librairie7l.com\/en\/#website"},"datePublished":"2025-01-27T10:16:46+00:00","dateModified":"2026-04-12T08:06:59+00:00","breadcrumb":{"@id":"https:\/\/librairie7l.com\/en\/produit\/apres-la-fin-cartes-pour-un-autre-avenir-2\/#breadcrumb"},"inLanguage":"en-US","potentialAction":[{"@type":"ReadAction","target":["https:\/\/librairie7l.com\/en\/produit\/apres-la-fin-cartes-pour-un-autre-avenir-2\/"]}]},{"@type":"BreadcrumbList","@id":"https:\/\/librairie7l.com\/en\/produit\/apres-la-fin-cartes-pour-un-autre-avenir-2\/#breadcrumb","itemListElement":[{"@type":"ListItem","position":1,"name":"Accueil","item":"https:\/\/librairie7l.com\/en\/"},{"@type":"ListItem","position":2,"name":"Shop","item":"https:\/\/librairie7l.com\/en\/shop\/"},{"@type":"ListItem","position":3,"name":"APR\u00c8S LA FIN : CARTES POUR UN AUTRE AVENIR"}]},{"@type":"WebSite","@id":"https:\/\/librairie7l.com\/en\/#website","url":"https:\/\/librairie7l.com\/en\/","name":"Librairie 7L","description":"Librairie fond\u00e9e en 1999 par Karl Lagerfeld \u00e0 Paris","publisher":{"@id":"https:\/\/librairie7l.com\/en\/#organization"},"potentialAction":[{"@type":"SearchAction","target":{"@type":"EntryPoint","urlTemplate":"https:\/\/librairie7l.com\/en\/?s={search_term_string}"},"query-input":"required name=search_term_string"}],"inLanguage":"en-US"},{"@type":"Organization","@id":"https:\/\/librairie7l.com\/en\/#organization","name":"Librairie 7L","url":"https:\/\/librairie7l.com\/en\/","logo":{"@type":"ImageObject","inLanguage":"en-US","@id":"https:\/\/librairie7l.com\/en\/#\/schema\/logo\/image\/","url":"https:\/\/librairie7l.com\/wp-content\/uploads\/2022\/08\/logo-1.png","contentUrl":"https:\/\/librairie7l.com\/wp-content\/uploads\/2022\/08\/logo-1.png","width":227,"height":301,"caption":"Librairie 7L"},"image":{"@id":"https:\/\/librairie7l.com\/en\/#\/schema\/logo\/image\/"}}]}},"_links":{"self":[{"href":"https:\/\/librairie7l.com\/en\/wp-json\/wp\/v2\/product\/45719"}],"collection":[{"href":"https:\/\/librairie7l.com\/en\/wp-json\/wp\/v2\/product"}],"about":[{"href":"https:\/\/librairie7l.com\/en\/wp-json\/wp\/v2\/types\/product"}],"wp:featuredmedia":[{"embeddable":true,"href":"https:\/\/librairie7l.com\/en\/wp-json\/wp\/v2\/media\/45717"}],"wp:attachment":[{"href":"https:\/\/librairie7l.com\/en\/wp-json\/wp\/v2\/media?parent=45719"}],"wp:term":[{"taxonomy":"product_cat","embeddable":true,"href":"https:\/\/librairie7l.com\/en\/wp-json\/wp\/v2\/product_cat?post=45719"},{"taxonomy":"product_tag","embeddable":true,"href":"https:\/\/librairie7l.com\/en\/wp-json\/wp\/v2\/product_tag?post=45719"}],"curies":[{"name":"wp","href":"https:\/\/api.w.org\/{rel}","templated":true}]}}