{"id":45723,"date":"2025-01-27T11:16:50","date_gmt":"2025-01-27T10:16:50","guid":{"rendered":"https:\/\/librairie7l.com\/?post_type=product&#038;p=45723"},"modified":"2026-04-21T12:06:34","modified_gmt":"2026-04-21T10:06:34","slug":"the-savoir-faire-the-best-of-french-craftsmanship-exclusive-atelier-tours-interviews-artist-profiles-edition-2025-2","status":"publish","type":"product","link":"https:\/\/librairie7l.com\/en\/produit\/the-savoir-faire-the-best-of-french-craftsmanship-exclusive-atelier-tours-interviews-artist-profiles-edition-2025-2\/","title":{"rendered":"THE SAVOIR-FAIRE : THE BEST OF FRENCH CRAFTSMANSHIP :  EXCLUSIVE ATELIER TOURS,  INTERVIEWS,  ARTIST PROFILES (\u00c9DITION 2025)"},"content":{"rendered":"<p>Janvier 2025, lancement de The Savoir-Faire, premier mook international consacr\u00e9 \u00e0 l&#8217;excellence artisanale fran\u00e7aise, parrain\u00e9 par le minist\u00e8re de la Culture, pilot\u00e9 par le Mobilier National, con\u00e7u et r\u00e9alis\u00e9 par Yamina Bena\u00ef et Emmanuel Rubin, directrice de la r\u00e9daction et r\u00e9dacteur en chef du mook Geste\/s.<br \/>\nParution annuelle et collector enti\u00e8rement en anglais, \u00e0 mi-pente du livre et du magazine, The Savoir-Faire a pour ambition de partager \u00e0 travers le monde, une France contemporaine r\u00e9v\u00e9l\u00e9e par les talents multiples et singuliers de ses m\u00e9tiers d&#8217;art, de ses manufactures, de ses maisons de luxe de son haut artisanat et de son design.<br \/>\nSi le verbe fait la beaut\u00e9 de la langue fran\u00e7aise, il en fait aussi le style. Partant de cette id\u00e9e forte, The Savoir-Faire en a choisi douze. Douze verbes \u00e9clairants pour autant de sections qui se compl\u00e8tent et se prolongent \u00e0 travers rencontres, reportages, r\u00e9flexions, portraits et portfolios. Douze verbes qui de penser \u00e0 innover, de transmettre \u00e0 rayonner, de pr\u00e9server \u00e0 voyager, d\u00e9voilent les vertus et les valeurs, la pertinence et la p\u00e9rennit\u00e9, la diversit\u00e9 et la cr\u00e9ativit\u00e9 d&#8217;un certain g\u00e9nie fran\u00e7ais lorsqu&#8217;il s&#8217;offre \u00e0 la plan\u00e8te.<\/p>\n","protected":false},"excerpt":{"rendered":"<p>Janvier 2025, lancement de The Savoir-Faire, premier mook international consacr\u00e9 \u00e0 l&#8217;excellence artisanale fran\u00e7aise, parrain\u00e9 par le minist\u00e8re de la Culture, pilot\u00e9 par le Mobilier National, con\u00e7u et r\u00e9alis\u00e9 par Yamina Bena\u00ef et Emmanuel Rubin, directrice de la r\u00e9daction et r\u00e9dacteur en chef du mook Geste\/s. Parution annuelle et collector enti\u00e8rement en anglais, \u00e0 mi-pente [&hellip;]<\/p>\n","protected":false},"featured_media":45721,"template":"","meta":[],"product_cat":[2948,2950],"product_tag":[],"acf":[],"yoast_head":"<!-- This site is optimized with the Yoast SEO plugin v20.11 - https:\/\/yoast.com\/wordpress\/plugins\/seo\/ -->\n<title>The savoir-faire : the best of french craftsmanship : exclusive atelier tours, interviews, artist profiles (\u00e9dition 2025) - Librairie 7L<\/title>\n<meta name=\"robots\" content=\"index, follow, max-snippet:-1, max-image-preview:large, max-video-preview:-1\" \/>\n<link rel=\"canonical\" href=\"https:\/\/librairie7l.com\/en\/produit\/the-savoir-faire-the-best-of-french-craftsmanship-exclusive-atelier-tours-interviews-artist-profiles-edition-2025-2\/\" \/>\n<meta property=\"og:locale\" content=\"en_US\" \/>\n<meta property=\"og:type\" content=\"article\" \/>\n<meta property=\"og:title\" content=\"The savoir-faire : the best of french craftsmanship : exclusive atelier tours, interviews, artist profiles (\u00e9dition 2025) - Librairie 7L\" \/>\n<meta property=\"og:description\" content=\"Janvier 2025, lancement de The Savoir-Faire, premier mook international consacr\u00e9 \u00e0 l&#8217;excellence artisanale fran\u00e7aise, parrain\u00e9 par le minist\u00e8re de la Culture, pilot\u00e9 par le Mobilier National, con\u00e7u et r\u00e9alis\u00e9 par Yamina Bena\u00ef et Emmanuel Rubin, directrice de la r\u00e9daction et r\u00e9dacteur en chef du mook Geste\/s. Parution annuelle et collector enti\u00e8rement en anglais, \u00e0 mi-pente [&hellip;]\" \/>\n<meta property=\"og:url\" content=\"https:\/\/librairie7l.com\/en\/produit\/the-savoir-faire-the-best-of-french-craftsmanship-exclusive-atelier-tours-interviews-artist-profiles-edition-2025-2\/\" \/>\n<meta property=\"og:site_name\" content=\"Librairie 7L\" \/>\n<meta property=\"article:modified_time\" content=\"2026-04-21T10:06:34+00:00\" \/>\n<meta property=\"og:image\" content=\"https:\/\/librairie7l.com\/wp-content\/uploads\/2024\/09\/9791020409591_1_75.jpg\" \/>\n\t<meta property=\"og:image:width\" content=\"600\" \/>\n\t<meta property=\"og:image:height\" content=\"724\" \/>\n\t<meta property=\"og:image:type\" content=\"image\/jpeg\" \/>\n<meta name=\"twitter:card\" content=\"summary_large_image\" \/>\n<meta name=\"twitter:label1\" content=\"Est. reading time\" \/>\n\t<meta name=\"twitter:data1\" content=\"1 minute\" \/>\n<script type=\"application\/ld+json\" class=\"yoast-schema-graph\">{\"@context\":\"https:\/\/schema.org\",\"@graph\":[{\"@type\":\"WebPage\",\"@id\":\"https:\/\/librairie7l.com\/en\/produit\/the-savoir-faire-the-best-of-french-craftsmanship-exclusive-atelier-tours-interviews-artist-profiles-edition-2025-2\/\",\"url\":\"https:\/\/librairie7l.com\/en\/produit\/the-savoir-faire-the-best-of-french-craftsmanship-exclusive-atelier-tours-interviews-artist-profiles-edition-2025-2\/\",\"name\":\"The savoir-faire : the best of french craftsmanship : exclusive atelier tours, interviews, artist profiles (\u00e9dition 2025) - Librairie 7L\",\"isPartOf\":{\"@id\":\"https:\/\/librairie7l.com\/en\/#website\"},\"datePublished\":\"2025-01-27T10:16:50+00:00\",\"dateModified\":\"2026-04-21T10:06:34+00:00\",\"breadcrumb\":{\"@id\":\"https:\/\/librairie7l.com\/en\/produit\/the-savoir-faire-the-best-of-french-craftsmanship-exclusive-atelier-tours-interviews-artist-profiles-edition-2025-2\/#breadcrumb\"},\"inLanguage\":\"en-US\",\"potentialAction\":[{\"@type\":\"ReadAction\",\"target\":[\"https:\/\/librairie7l.com\/en\/produit\/the-savoir-faire-the-best-of-french-craftsmanship-exclusive-atelier-tours-interviews-artist-profiles-edition-2025-2\/\"]}]},{\"@type\":\"BreadcrumbList\",\"@id\":\"https:\/\/librairie7l.com\/en\/produit\/the-savoir-faire-the-best-of-french-craftsmanship-exclusive-atelier-tours-interviews-artist-profiles-edition-2025-2\/#breadcrumb\",\"itemListElement\":[{\"@type\":\"ListItem\",\"position\":1,\"name\":\"Accueil\",\"item\":\"https:\/\/librairie7l.com\/en\/\"},{\"@type\":\"ListItem\",\"position\":2,\"name\":\"Shop\",\"item\":\"https:\/\/librairie7l.com\/en\/shop\/\"},{\"@type\":\"ListItem\",\"position\":3,\"name\":\"THE SAVOIR-FAIRE : THE BEST OF FRENCH CRAFTSMANSHIP : EXCLUSIVE ATELIER TOURS, INTERVIEWS, ARTIST PROFILES (\u00c9DITION 2025)\"}]},{\"@type\":\"WebSite\",\"@id\":\"https:\/\/librairie7l.com\/en\/#website\",\"url\":\"https:\/\/librairie7l.com\/en\/\",\"name\":\"Librairie 7L\",\"description\":\"Librairie fond\u00e9e en 1999 par Karl Lagerfeld \u00e0 Paris\",\"publisher\":{\"@id\":\"https:\/\/librairie7l.com\/en\/#organization\"},\"potentialAction\":[{\"@type\":\"SearchAction\",\"target\":{\"@type\":\"EntryPoint\",\"urlTemplate\":\"https:\/\/librairie7l.com\/en\/?s={search_term_string}\"},\"query-input\":\"required name=search_term_string\"}],\"inLanguage\":\"en-US\"},{\"@type\":\"Organization\",\"@id\":\"https:\/\/librairie7l.com\/en\/#organization\",\"name\":\"Librairie 7L\",\"url\":\"https:\/\/librairie7l.com\/en\/\",\"logo\":{\"@type\":\"ImageObject\",\"inLanguage\":\"en-US\",\"@id\":\"https:\/\/librairie7l.com\/en\/#\/schema\/logo\/image\/\",\"url\":\"https:\/\/librairie7l.com\/wp-content\/uploads\/2022\/08\/logo-1.png\",\"contentUrl\":\"https:\/\/librairie7l.com\/wp-content\/uploads\/2022\/08\/logo-1.png\",\"width\":227,\"height\":301,\"caption\":\"Librairie 7L\"},\"image\":{\"@id\":\"https:\/\/librairie7l.com\/en\/#\/schema\/logo\/image\/\"}}]}<\/script>\n<!-- \/ Yoast SEO plugin. -->","yoast_head_json":{"title":"The savoir-faire : the best of french craftsmanship : exclusive atelier tours, interviews, artist profiles (\u00e9dition 2025) - Librairie 7L","robots":{"index":"index","follow":"follow","max-snippet":"max-snippet:-1","max-image-preview":"max-image-preview:large","max-video-preview":"max-video-preview:-1"},"canonical":"https:\/\/librairie7l.com\/en\/produit\/the-savoir-faire-the-best-of-french-craftsmanship-exclusive-atelier-tours-interviews-artist-profiles-edition-2025-2\/","og_locale":"en_US","og_type":"article","og_title":"The savoir-faire : the best of french craftsmanship : exclusive atelier tours, interviews, artist profiles (\u00e9dition 2025) - Librairie 7L","og_description":"Janvier 2025, lancement de The Savoir-Faire, premier mook international consacr\u00e9 \u00e0 l&#8217;excellence artisanale fran\u00e7aise, parrain\u00e9 par le minist\u00e8re de la Culture, pilot\u00e9 par le Mobilier National, con\u00e7u et r\u00e9alis\u00e9 par Yamina Bena\u00ef et Emmanuel Rubin, directrice de la r\u00e9daction et r\u00e9dacteur en chef du mook Geste\/s. Parution annuelle et collector enti\u00e8rement en anglais, \u00e0 mi-pente [&hellip;]","og_url":"https:\/\/librairie7l.com\/en\/produit\/the-savoir-faire-the-best-of-french-craftsmanship-exclusive-atelier-tours-interviews-artist-profiles-edition-2025-2\/","og_site_name":"Librairie 7L","article_modified_time":"2026-04-21T10:06:34+00:00","og_image":[{"width":600,"height":724,"url":"https:\/\/librairie7l.com\/wp-content\/uploads\/2024\/09\/9791020409591_1_75.jpg","type":"image\/jpeg"}],"twitter_card":"summary_large_image","twitter_misc":{"Est. reading time":"1 minute"},"schema":{"@context":"https:\/\/schema.org","@graph":[{"@type":"WebPage","@id":"https:\/\/librairie7l.com\/en\/produit\/the-savoir-faire-the-best-of-french-craftsmanship-exclusive-atelier-tours-interviews-artist-profiles-edition-2025-2\/","url":"https:\/\/librairie7l.com\/en\/produit\/the-savoir-faire-the-best-of-french-craftsmanship-exclusive-atelier-tours-interviews-artist-profiles-edition-2025-2\/","name":"The savoir-faire : the best of french craftsmanship : exclusive atelier tours, interviews, artist profiles (\u00e9dition 2025) - Librairie 7L","isPartOf":{"@id":"https:\/\/librairie7l.com\/en\/#website"},"datePublished":"2025-01-27T10:16:50+00:00","dateModified":"2026-04-21T10:06:34+00:00","breadcrumb":{"@id":"https:\/\/librairie7l.com\/en\/produit\/the-savoir-faire-the-best-of-french-craftsmanship-exclusive-atelier-tours-interviews-artist-profiles-edition-2025-2\/#breadcrumb"},"inLanguage":"en-US","potentialAction":[{"@type":"ReadAction","target":["https:\/\/librairie7l.com\/en\/produit\/the-savoir-faire-the-best-of-french-craftsmanship-exclusive-atelier-tours-interviews-artist-profiles-edition-2025-2\/"]}]},{"@type":"BreadcrumbList","@id":"https:\/\/librairie7l.com\/en\/produit\/the-savoir-faire-the-best-of-french-craftsmanship-exclusive-atelier-tours-interviews-artist-profiles-edition-2025-2\/#breadcrumb","itemListElement":[{"@type":"ListItem","position":1,"name":"Accueil","item":"https:\/\/librairie7l.com\/en\/"},{"@type":"ListItem","position":2,"name":"Shop","item":"https:\/\/librairie7l.com\/en\/shop\/"},{"@type":"ListItem","position":3,"name":"THE SAVOIR-FAIRE : THE BEST OF FRENCH CRAFTSMANSHIP : EXCLUSIVE ATELIER TOURS, INTERVIEWS, ARTIST PROFILES (\u00c9DITION 2025)"}]},{"@type":"WebSite","@id":"https:\/\/librairie7l.com\/en\/#website","url":"https:\/\/librairie7l.com\/en\/","name":"Librairie 7L","description":"Librairie fond\u00e9e en 1999 par Karl Lagerfeld \u00e0 Paris","publisher":{"@id":"https:\/\/librairie7l.com\/en\/#organization"},"potentialAction":[{"@type":"SearchAction","target":{"@type":"EntryPoint","urlTemplate":"https:\/\/librairie7l.com\/en\/?s={search_term_string}"},"query-input":"required name=search_term_string"}],"inLanguage":"en-US"},{"@type":"Organization","@id":"https:\/\/librairie7l.com\/en\/#organization","name":"Librairie 7L","url":"https:\/\/librairie7l.com\/en\/","logo":{"@type":"ImageObject","inLanguage":"en-US","@id":"https:\/\/librairie7l.com\/en\/#\/schema\/logo\/image\/","url":"https:\/\/librairie7l.com\/wp-content\/uploads\/2022\/08\/logo-1.png","contentUrl":"https:\/\/librairie7l.com\/wp-content\/uploads\/2022\/08\/logo-1.png","width":227,"height":301,"caption":"Librairie 7L"},"image":{"@id":"https:\/\/librairie7l.com\/en\/#\/schema\/logo\/image\/"}}]}},"_links":{"self":[{"href":"https:\/\/librairie7l.com\/en\/wp-json\/wp\/v2\/product\/45723"}],"collection":[{"href":"https:\/\/librairie7l.com\/en\/wp-json\/wp\/v2\/product"}],"about":[{"href":"https:\/\/librairie7l.com\/en\/wp-json\/wp\/v2\/types\/product"}],"wp:featuredmedia":[{"embeddable":true,"href":"https:\/\/librairie7l.com\/en\/wp-json\/wp\/v2\/media\/45721"}],"wp:attachment":[{"href":"https:\/\/librairie7l.com\/en\/wp-json\/wp\/v2\/media?parent=45723"}],"wp:term":[{"taxonomy":"product_cat","embeddable":true,"href":"https:\/\/librairie7l.com\/en\/wp-json\/wp\/v2\/product_cat?post=45723"},{"taxonomy":"product_tag","embeddable":true,"href":"https:\/\/librairie7l.com\/en\/wp-json\/wp\/v2\/product_tag?post=45723"}],"curies":[{"name":"wp","href":"https:\/\/api.w.org\/{rel}","templated":true}]}}