{"id":45735,"date":"2025-01-27T11:17:01","date_gmt":"2025-01-27T10:17:01","guid":{"rendered":"https:\/\/librairie7l.com\/?post_type=product&#038;p=45735"},"modified":"2026-04-17T17:05:53","modified_gmt":"2026-04-17T15:05:53","slug":"renaissance-des-ballets-russes-2","status":"publish","type":"product","link":"https:\/\/librairie7l.com\/en\/produit\/renaissance-des-ballets-russes-2\/","title":{"rendered":"RENAISSANCE DES BALLETS RUSSES"},"content":{"rendered":"<p>Les Ballets russes : un ouvrage de r\u00e9f\u00e9rence sur l&#8217;un des mouvements artistiques les plus marquants et les plus r\u00e9volutionnaires de la danse du XXe si\u00e8cle<br \/>\nPrintemps 1909. Les spectateurs du th\u00e9\u00e2tre du Ch\u00e2telet \u00e0 Paris ouvrent des yeux \u00e9merveill\u00e9s sur une r\u00e9volution artistique qui marquera tout le si\u00e8cle. Une explosion de rythmes et de couleurs secoue un ballet devenu gris \u00e0 force de routine. R\u00e9unie autour de Diaghilev, la g\u00e9n\u00e9ration montante des danseurs chor\u00e9graphes, peintres et musiciens russes apporte l&#8217;\u00e9blouissante d\u00e9monstration que la danse peut \u00eatre autre chose qu&#8217;un aimable divertissement.<\/p>\n<p> Il ne s&#8217;agit plus d&#8217;offrir un \u00e9crin aux jolies ballerines. Les hommes sont d\u00e9sormais de la partie avec Nijinsky, Bolm, Fokine&#8230; Mais surtout Serge Diaghilev convoque sur sc\u00e8ne po\u00e8tes, peintres et compositeurs de talent. Le meilleur de la Russie s&#8217;offre aux spectateurs parisiens. Cinq ans plus tard, toute aur\u00e9ol\u00e9e des scandales du Sacre du printemps et de L&#8217;Apr\u00e8s-midi d&#8217;un faune, la compagnie qui a emball\u00e9 Monte-Carlo, Londres, Berlin&#8230; est au sommet de sa gloire. Mais la d\u00e9claration de guerre brise net son \u00e9lan. Danseurs mobilis\u00e9s, voies de communication coup\u00e9es, th\u00e9\u00e2tres ferm\u00e9s.<\/p>\n<p> En s&#8217;installant \u00e0 Ouchy, le petit port de Lausanne, Diaghilev tente le tout pour le tout. Ses danseurs sont dispers\u00e9s aux quatre coins de l&#8217;Europe d\u00e9vast\u00e9e ? Il les fera chercher. Nijinsky est retenu \u00e0 Budapest ? Il sollicitera l&#8217;intervention du roi d&#8217;Espagne et m\u00eame du Pape. Il n&#8217;a plus d&#8217;argent ? Le Metropolitan Opera de New York lui fera des avances. C&#8217;est qu&#8217;une tourn\u00e9e outre-Atlantique est en vue. Avec le soutien de son ami Strawinsky qui est en train de composer Les Noces, il met tout en oeuvre pour relancer l&#8217;une des plus fantastiques aventures artistiques des temps modernes.<\/p>\n<p> Ressuscit\u00e9s, mais d\u00e9sormais plus europ\u00e9ens que russes, les Ballets de Diaghilev pourront d\u00e9ployer leurs fastes jusqu&#8217;en 1929.<\/p>\n<p> Jean Pierre Pastori \u00e9voque la vie quotidienne de Serge Diaghilev et de sa garde rapproch\u00e9e (Massine, Larionov, Gontcharova, Nijinsky, Ansermet&#8230;), leurs d\u00e9m\u00eal\u00e9s, les malentendus et les intrigues auxquels ils sont associ\u00e9s. Lorsqu&#8217;enfin reconstitu\u00e9e, la compagnie de danse embarque pour New York, le 1er janvier 1916, l&#8217;envoy\u00e9 du Metropolitan Opera, harass\u00e9, va au lit pour une semaine&#8230;<\/p>\n","protected":false},"excerpt":{"rendered":"<p>Les Ballets russes : un ouvrage de r\u00e9f\u00e9rence sur l&#8217;un des mouvements artistiques les plus marquants et les plus r\u00e9volutionnaires de la danse du XXe si\u00e8cle Printemps 1909. Les spectateurs du th\u00e9\u00e2tre du Ch\u00e2telet \u00e0 Paris ouvrent des yeux \u00e9merveill\u00e9s sur une r\u00e9volution artistique qui marquera tout le si\u00e8cle. Une explosion de rythmes et de [&hellip;]<\/p>\n","protected":false},"featured_media":45733,"template":"","meta":[],"product_cat":[2948,2953],"product_tag":[],"acf":[],"yoast_head":"<!-- This site is optimized with the Yoast SEO plugin v20.11 - https:\/\/yoast.com\/wordpress\/plugins\/seo\/ -->\n<title>Renaissance des ballets russes - Librairie 7L<\/title>\n<meta name=\"robots\" content=\"index, follow, max-snippet:-1, max-image-preview:large, max-video-preview:-1\" \/>\n<link rel=\"canonical\" href=\"https:\/\/librairie7l.com\/en\/produit\/renaissance-des-ballets-russes-2\/\" \/>\n<meta property=\"og:locale\" content=\"en_US\" \/>\n<meta property=\"og:type\" content=\"article\" \/>\n<meta property=\"og:title\" content=\"Renaissance des ballets russes - Librairie 7L\" \/>\n<meta property=\"og:description\" content=\"Les Ballets russes : un ouvrage de r\u00e9f\u00e9rence sur l&#8217;un des mouvements artistiques les plus marquants et les plus r\u00e9volutionnaires de la danse du XXe si\u00e8cle Printemps 1909. Les spectateurs du th\u00e9\u00e2tre du Ch\u00e2telet \u00e0 Paris ouvrent des yeux \u00e9merveill\u00e9s sur une r\u00e9volution artistique qui marquera tout le si\u00e8cle. Une explosion de rythmes et de [&hellip;]\" \/>\n<meta property=\"og:url\" content=\"https:\/\/librairie7l.com\/en\/produit\/renaissance-des-ballets-russes-2\/\" \/>\n<meta property=\"og:site_name\" content=\"Librairie 7L\" \/>\n<meta property=\"article:modified_time\" content=\"2026-04-17T15:05:53+00:00\" \/>\n<meta property=\"og:image\" content=\"https:\/\/librairie7l.com\/wp-content\/uploads\/2008\/12\/9782828910655_1_75.jpg\" \/>\n\t<meta property=\"og:image:width\" content=\"600\" \/>\n\t<meta property=\"og:image:height\" content=\"945\" \/>\n\t<meta property=\"og:image:type\" content=\"image\/jpeg\" \/>\n<meta name=\"twitter:card\" content=\"summary_large_image\" \/>\n<meta name=\"twitter:label1\" content=\"Est. reading time\" \/>\n\t<meta name=\"twitter:data1\" content=\"2 minutes\" \/>\n<script type=\"application\/ld+json\" class=\"yoast-schema-graph\">{\"@context\":\"https:\/\/schema.org\",\"@graph\":[{\"@type\":\"WebPage\",\"@id\":\"https:\/\/librairie7l.com\/en\/produit\/renaissance-des-ballets-russes-2\/\",\"url\":\"https:\/\/librairie7l.com\/en\/produit\/renaissance-des-ballets-russes-2\/\",\"name\":\"Renaissance des ballets russes - Librairie 7L\",\"isPartOf\":{\"@id\":\"https:\/\/librairie7l.com\/en\/#website\"},\"datePublished\":\"2025-01-27T10:17:01+00:00\",\"dateModified\":\"2026-04-17T15:05:53+00:00\",\"breadcrumb\":{\"@id\":\"https:\/\/librairie7l.com\/en\/produit\/renaissance-des-ballets-russes-2\/#breadcrumb\"},\"inLanguage\":\"en-US\",\"potentialAction\":[{\"@type\":\"ReadAction\",\"target\":[\"https:\/\/librairie7l.com\/en\/produit\/renaissance-des-ballets-russes-2\/\"]}]},{\"@type\":\"BreadcrumbList\",\"@id\":\"https:\/\/librairie7l.com\/en\/produit\/renaissance-des-ballets-russes-2\/#breadcrumb\",\"itemListElement\":[{\"@type\":\"ListItem\",\"position\":1,\"name\":\"Accueil\",\"item\":\"https:\/\/librairie7l.com\/en\/\"},{\"@type\":\"ListItem\",\"position\":2,\"name\":\"Shop\",\"item\":\"https:\/\/librairie7l.com\/en\/shop\/\"},{\"@type\":\"ListItem\",\"position\":3,\"name\":\"RENAISSANCE DES BALLETS RUSSES\"}]},{\"@type\":\"WebSite\",\"@id\":\"https:\/\/librairie7l.com\/en\/#website\",\"url\":\"https:\/\/librairie7l.com\/en\/\",\"name\":\"Librairie 7L\",\"description\":\"Librairie fond\u00e9e en 1999 par Karl Lagerfeld \u00e0 Paris\",\"publisher\":{\"@id\":\"https:\/\/librairie7l.com\/en\/#organization\"},\"potentialAction\":[{\"@type\":\"SearchAction\",\"target\":{\"@type\":\"EntryPoint\",\"urlTemplate\":\"https:\/\/librairie7l.com\/en\/?s={search_term_string}\"},\"query-input\":\"required name=search_term_string\"}],\"inLanguage\":\"en-US\"},{\"@type\":\"Organization\",\"@id\":\"https:\/\/librairie7l.com\/en\/#organization\",\"name\":\"Librairie 7L\",\"url\":\"https:\/\/librairie7l.com\/en\/\",\"logo\":{\"@type\":\"ImageObject\",\"inLanguage\":\"en-US\",\"@id\":\"https:\/\/librairie7l.com\/en\/#\/schema\/logo\/image\/\",\"url\":\"https:\/\/librairie7l.com\/wp-content\/uploads\/2022\/08\/logo-1.png\",\"contentUrl\":\"https:\/\/librairie7l.com\/wp-content\/uploads\/2022\/08\/logo-1.png\",\"width\":227,\"height\":301,\"caption\":\"Librairie 7L\"},\"image\":{\"@id\":\"https:\/\/librairie7l.com\/en\/#\/schema\/logo\/image\/\"}}]}<\/script>\n<!-- \/ Yoast SEO plugin. -->","yoast_head_json":{"title":"Renaissance des ballets russes - Librairie 7L","robots":{"index":"index","follow":"follow","max-snippet":"max-snippet:-1","max-image-preview":"max-image-preview:large","max-video-preview":"max-video-preview:-1"},"canonical":"https:\/\/librairie7l.com\/en\/produit\/renaissance-des-ballets-russes-2\/","og_locale":"en_US","og_type":"article","og_title":"Renaissance des ballets russes - Librairie 7L","og_description":"Les Ballets russes : un ouvrage de r\u00e9f\u00e9rence sur l&#8217;un des mouvements artistiques les plus marquants et les plus r\u00e9volutionnaires de la danse du XXe si\u00e8cle Printemps 1909. Les spectateurs du th\u00e9\u00e2tre du Ch\u00e2telet \u00e0 Paris ouvrent des yeux \u00e9merveill\u00e9s sur une r\u00e9volution artistique qui marquera tout le si\u00e8cle. Une explosion de rythmes et de [&hellip;]","og_url":"https:\/\/librairie7l.com\/en\/produit\/renaissance-des-ballets-russes-2\/","og_site_name":"Librairie 7L","article_modified_time":"2026-04-17T15:05:53+00:00","og_image":[{"width":600,"height":945,"url":"https:\/\/librairie7l.com\/wp-content\/uploads\/2008\/12\/9782828910655_1_75.jpg","type":"image\/jpeg"}],"twitter_card":"summary_large_image","twitter_misc":{"Est. reading time":"2 minutes"},"schema":{"@context":"https:\/\/schema.org","@graph":[{"@type":"WebPage","@id":"https:\/\/librairie7l.com\/en\/produit\/renaissance-des-ballets-russes-2\/","url":"https:\/\/librairie7l.com\/en\/produit\/renaissance-des-ballets-russes-2\/","name":"Renaissance des ballets russes - Librairie 7L","isPartOf":{"@id":"https:\/\/librairie7l.com\/en\/#website"},"datePublished":"2025-01-27T10:17:01+00:00","dateModified":"2026-04-17T15:05:53+00:00","breadcrumb":{"@id":"https:\/\/librairie7l.com\/en\/produit\/renaissance-des-ballets-russes-2\/#breadcrumb"},"inLanguage":"en-US","potentialAction":[{"@type":"ReadAction","target":["https:\/\/librairie7l.com\/en\/produit\/renaissance-des-ballets-russes-2\/"]}]},{"@type":"BreadcrumbList","@id":"https:\/\/librairie7l.com\/en\/produit\/renaissance-des-ballets-russes-2\/#breadcrumb","itemListElement":[{"@type":"ListItem","position":1,"name":"Accueil","item":"https:\/\/librairie7l.com\/en\/"},{"@type":"ListItem","position":2,"name":"Shop","item":"https:\/\/librairie7l.com\/en\/shop\/"},{"@type":"ListItem","position":3,"name":"RENAISSANCE DES BALLETS RUSSES"}]},{"@type":"WebSite","@id":"https:\/\/librairie7l.com\/en\/#website","url":"https:\/\/librairie7l.com\/en\/","name":"Librairie 7L","description":"Librairie fond\u00e9e en 1999 par Karl Lagerfeld \u00e0 Paris","publisher":{"@id":"https:\/\/librairie7l.com\/en\/#organization"},"potentialAction":[{"@type":"SearchAction","target":{"@type":"EntryPoint","urlTemplate":"https:\/\/librairie7l.com\/en\/?s={search_term_string}"},"query-input":"required name=search_term_string"}],"inLanguage":"en-US"},{"@type":"Organization","@id":"https:\/\/librairie7l.com\/en\/#organization","name":"Librairie 7L","url":"https:\/\/librairie7l.com\/en\/","logo":{"@type":"ImageObject","inLanguage":"en-US","@id":"https:\/\/librairie7l.com\/en\/#\/schema\/logo\/image\/","url":"https:\/\/librairie7l.com\/wp-content\/uploads\/2022\/08\/logo-1.png","contentUrl":"https:\/\/librairie7l.com\/wp-content\/uploads\/2022\/08\/logo-1.png","width":227,"height":301,"caption":"Librairie 7L"},"image":{"@id":"https:\/\/librairie7l.com\/en\/#\/schema\/logo\/image\/"}}]}},"_links":{"self":[{"href":"https:\/\/librairie7l.com\/en\/wp-json\/wp\/v2\/product\/45735"}],"collection":[{"href":"https:\/\/librairie7l.com\/en\/wp-json\/wp\/v2\/product"}],"about":[{"href":"https:\/\/librairie7l.com\/en\/wp-json\/wp\/v2\/types\/product"}],"wp:featuredmedia":[{"embeddable":true,"href":"https:\/\/librairie7l.com\/en\/wp-json\/wp\/v2\/media\/45733"}],"wp:attachment":[{"href":"https:\/\/librairie7l.com\/en\/wp-json\/wp\/v2\/media?parent=45735"}],"wp:term":[{"taxonomy":"product_cat","embeddable":true,"href":"https:\/\/librairie7l.com\/en\/wp-json\/wp\/v2\/product_cat?post=45735"},{"taxonomy":"product_tag","embeddable":true,"href":"https:\/\/librairie7l.com\/en\/wp-json\/wp\/v2\/product_tag?post=45735"}],"curies":[{"name":"wp","href":"https:\/\/api.w.org\/{rel}","templated":true}]}}