{"id":45739,"date":"2025-01-27T11:17:06","date_gmt":"2025-01-27T10:17:06","guid":{"rendered":"https:\/\/librairie7l.com\/?post_type=product&#038;p=45739"},"modified":"2026-04-21T23:59:36","modified_gmt":"2026-04-21T21:59:36","slug":"les-abbayes-cisterciennes-2","status":"publish","type":"product","link":"https:\/\/librairie7l.com\/en\/produit\/les-abbayes-cisterciennes-2\/","title":{"rendered":"LES ABBAYES CISTERCIENNES"},"content":{"rendered":"<p>Un ouvrage de r\u00e9f\u00e9rence sur les plus belles r\u00e9alisations de l&#8217;ordre cistercien.<br \/>\nL&#8217;ouvrage de Jean-Fran\u00e7ois Leroux retrace chronologiquement l&#8217;aventure cistercienne qui s&#8217;est d\u00e9roul\u00e9e aussi bien en France (Fontfroide, Fontenay, Senanque, Pontigny, Royaumont) qu&#8217;en Allemagne (Bebenausen, Maulbronn), en R\u00e9publique Tch\u00e8que (Osek, Sedlec, Tisnov, Zdar) ou au Portugal (Alcobaca, Portalegre), etc.<br \/>\n Ce texte savant est illustr\u00e9 par les somptueuses photographies d&#8217;Henri Gaud qui a consacr\u00e9 plus de cinq ann\u00e9es \u00e0 parcourir l&#8217;Europe pour immortaliser les sites prestigieux consacr\u00e9s \u00e0 l&#8217;art cistercien. Il a su capter la rigueur po\u00e9tique de ces lieux, leur aust\u00e9rit\u00e9 s\u00e9duisante ; il rend magnifiquement compte des lignes harmonieuses et majestueuses des principales abbayes cisterciennes europ\u00e9ennes.<\/p>\n","protected":false},"excerpt":{"rendered":"<p>Un ouvrage de r\u00e9f\u00e9rence sur les plus belles r\u00e9alisations de l&#8217;ordre cistercien. L&#8217;ouvrage de Jean-Fran\u00e7ois Leroux retrace chronologiquement l&#8217;aventure cistercienne qui s&#8217;est d\u00e9roul\u00e9e aussi bien en France (Fontfroide, Fontenay, Senanque, Pontigny, Royaumont) qu&#8217;en Allemagne (Bebenausen, Maulbronn), en R\u00e9publique Tch\u00e8que (Osek, Sedlec, Tisnov, Zdar) ou au Portugal (Alcobaca, Portalegre), etc. Ce texte savant est illustr\u00e9 par [&hellip;]<\/p>\n","protected":false},"featured_media":45737,"template":"","meta":[],"product_cat":[2948,2950],"product_tag":[],"acf":[],"yoast_head":"<!-- This site is optimized with the Yoast SEO plugin v20.11 - https:\/\/yoast.com\/wordpress\/plugins\/seo\/ -->\n<title>Les abbayes cisterciennes - Librairie 7L<\/title>\n<meta name=\"robots\" content=\"index, follow, max-snippet:-1, max-image-preview:large, max-video-preview:-1\" \/>\n<link rel=\"canonical\" href=\"https:\/\/librairie7l.com\/en\/produit\/les-abbayes-cisterciennes-2\/\" \/>\n<meta property=\"og:locale\" content=\"en_US\" \/>\n<meta property=\"og:type\" content=\"article\" \/>\n<meta property=\"og:title\" content=\"Les abbayes cisterciennes - Librairie 7L\" \/>\n<meta property=\"og:description\" content=\"Un ouvrage de r\u00e9f\u00e9rence sur les plus belles r\u00e9alisations de l&#8217;ordre cistercien. L&#8217;ouvrage de Jean-Fran\u00e7ois Leroux retrace chronologiquement l&#8217;aventure cistercienne qui s&#8217;est d\u00e9roul\u00e9e aussi bien en France (Fontfroide, Fontenay, Senanque, Pontigny, Royaumont) qu&#8217;en Allemagne (Bebenausen, Maulbronn), en R\u00e9publique Tch\u00e8que (Osek, Sedlec, Tisnov, Zdar) ou au Portugal (Alcobaca, Portalegre), etc. Ce texte savant est illustr\u00e9 par [&hellip;]\" \/>\n<meta property=\"og:url\" content=\"https:\/\/librairie7l.com\/en\/produit\/les-abbayes-cisterciennes-2\/\" \/>\n<meta property=\"og:site_name\" content=\"Librairie 7L\" \/>\n<meta property=\"article:modified_time\" content=\"2026-04-21T21:59:36+00:00\" \/>\n<meta property=\"og:image\" content=\"https:\/\/librairie7l.com\/wp-content\/uploads\/2018\/01\/9782809915570_1_75.jpg\" \/>\n\t<meta property=\"og:image:width\" content=\"400\" \/>\n\t<meta property=\"og:image:height\" content=\"468\" \/>\n\t<meta property=\"og:image:type\" content=\"image\/jpeg\" \/>\n<meta name=\"twitter:card\" content=\"summary_large_image\" \/>\n<meta name=\"twitter:label1\" content=\"Est. reading time\" \/>\n\t<meta name=\"twitter:data1\" content=\"1 minute\" \/>\n<script type=\"application\/ld+json\" class=\"yoast-schema-graph\">{\"@context\":\"https:\/\/schema.org\",\"@graph\":[{\"@type\":\"WebPage\",\"@id\":\"https:\/\/librairie7l.com\/en\/produit\/les-abbayes-cisterciennes-2\/\",\"url\":\"https:\/\/librairie7l.com\/en\/produit\/les-abbayes-cisterciennes-2\/\",\"name\":\"Les abbayes cisterciennes - Librairie 7L\",\"isPartOf\":{\"@id\":\"https:\/\/librairie7l.com\/en\/#website\"},\"datePublished\":\"2025-01-27T10:17:06+00:00\",\"dateModified\":\"2026-04-21T21:59:36+00:00\",\"breadcrumb\":{\"@id\":\"https:\/\/librairie7l.com\/en\/produit\/les-abbayes-cisterciennes-2\/#breadcrumb\"},\"inLanguage\":\"en-US\",\"potentialAction\":[{\"@type\":\"ReadAction\",\"target\":[\"https:\/\/librairie7l.com\/en\/produit\/les-abbayes-cisterciennes-2\/\"]}]},{\"@type\":\"BreadcrumbList\",\"@id\":\"https:\/\/librairie7l.com\/en\/produit\/les-abbayes-cisterciennes-2\/#breadcrumb\",\"itemListElement\":[{\"@type\":\"ListItem\",\"position\":1,\"name\":\"Accueil\",\"item\":\"https:\/\/librairie7l.com\/en\/\"},{\"@type\":\"ListItem\",\"position\":2,\"name\":\"Shop\",\"item\":\"https:\/\/librairie7l.com\/en\/shop\/\"},{\"@type\":\"ListItem\",\"position\":3,\"name\":\"LES ABBAYES CISTERCIENNES\"}]},{\"@type\":\"WebSite\",\"@id\":\"https:\/\/librairie7l.com\/en\/#website\",\"url\":\"https:\/\/librairie7l.com\/en\/\",\"name\":\"Librairie 7L\",\"description\":\"Librairie fond\u00e9e en 1999 par Karl Lagerfeld \u00e0 Paris\",\"publisher\":{\"@id\":\"https:\/\/librairie7l.com\/en\/#organization\"},\"potentialAction\":[{\"@type\":\"SearchAction\",\"target\":{\"@type\":\"EntryPoint\",\"urlTemplate\":\"https:\/\/librairie7l.com\/en\/?s={search_term_string}\"},\"query-input\":\"required name=search_term_string\"}],\"inLanguage\":\"en-US\"},{\"@type\":\"Organization\",\"@id\":\"https:\/\/librairie7l.com\/en\/#organization\",\"name\":\"Librairie 7L\",\"url\":\"https:\/\/librairie7l.com\/en\/\",\"logo\":{\"@type\":\"ImageObject\",\"inLanguage\":\"en-US\",\"@id\":\"https:\/\/librairie7l.com\/en\/#\/schema\/logo\/image\/\",\"url\":\"https:\/\/librairie7l.com\/wp-content\/uploads\/2022\/08\/logo-1.png\",\"contentUrl\":\"https:\/\/librairie7l.com\/wp-content\/uploads\/2022\/08\/logo-1.png\",\"width\":227,\"height\":301,\"caption\":\"Librairie 7L\"},\"image\":{\"@id\":\"https:\/\/librairie7l.com\/en\/#\/schema\/logo\/image\/\"}}]}<\/script>\n<!-- \/ Yoast SEO plugin. -->","yoast_head_json":{"title":"Les abbayes cisterciennes - Librairie 7L","robots":{"index":"index","follow":"follow","max-snippet":"max-snippet:-1","max-image-preview":"max-image-preview:large","max-video-preview":"max-video-preview:-1"},"canonical":"https:\/\/librairie7l.com\/en\/produit\/les-abbayes-cisterciennes-2\/","og_locale":"en_US","og_type":"article","og_title":"Les abbayes cisterciennes - Librairie 7L","og_description":"Un ouvrage de r\u00e9f\u00e9rence sur les plus belles r\u00e9alisations de l&#8217;ordre cistercien. L&#8217;ouvrage de Jean-Fran\u00e7ois Leroux retrace chronologiquement l&#8217;aventure cistercienne qui s&#8217;est d\u00e9roul\u00e9e aussi bien en France (Fontfroide, Fontenay, Senanque, Pontigny, Royaumont) qu&#8217;en Allemagne (Bebenausen, Maulbronn), en R\u00e9publique Tch\u00e8que (Osek, Sedlec, Tisnov, Zdar) ou au Portugal (Alcobaca, Portalegre), etc. Ce texte savant est illustr\u00e9 par [&hellip;]","og_url":"https:\/\/librairie7l.com\/en\/produit\/les-abbayes-cisterciennes-2\/","og_site_name":"Librairie 7L","article_modified_time":"2026-04-21T21:59:36+00:00","og_image":[{"width":400,"height":468,"url":"https:\/\/librairie7l.com\/wp-content\/uploads\/2018\/01\/9782809915570_1_75.jpg","type":"image\/jpeg"}],"twitter_card":"summary_large_image","twitter_misc":{"Est. reading time":"1 minute"},"schema":{"@context":"https:\/\/schema.org","@graph":[{"@type":"WebPage","@id":"https:\/\/librairie7l.com\/en\/produit\/les-abbayes-cisterciennes-2\/","url":"https:\/\/librairie7l.com\/en\/produit\/les-abbayes-cisterciennes-2\/","name":"Les abbayes cisterciennes - Librairie 7L","isPartOf":{"@id":"https:\/\/librairie7l.com\/en\/#website"},"datePublished":"2025-01-27T10:17:06+00:00","dateModified":"2026-04-21T21:59:36+00:00","breadcrumb":{"@id":"https:\/\/librairie7l.com\/en\/produit\/les-abbayes-cisterciennes-2\/#breadcrumb"},"inLanguage":"en-US","potentialAction":[{"@type":"ReadAction","target":["https:\/\/librairie7l.com\/en\/produit\/les-abbayes-cisterciennes-2\/"]}]},{"@type":"BreadcrumbList","@id":"https:\/\/librairie7l.com\/en\/produit\/les-abbayes-cisterciennes-2\/#breadcrumb","itemListElement":[{"@type":"ListItem","position":1,"name":"Accueil","item":"https:\/\/librairie7l.com\/en\/"},{"@type":"ListItem","position":2,"name":"Shop","item":"https:\/\/librairie7l.com\/en\/shop\/"},{"@type":"ListItem","position":3,"name":"LES ABBAYES CISTERCIENNES"}]},{"@type":"WebSite","@id":"https:\/\/librairie7l.com\/en\/#website","url":"https:\/\/librairie7l.com\/en\/","name":"Librairie 7L","description":"Librairie fond\u00e9e en 1999 par Karl Lagerfeld \u00e0 Paris","publisher":{"@id":"https:\/\/librairie7l.com\/en\/#organization"},"potentialAction":[{"@type":"SearchAction","target":{"@type":"EntryPoint","urlTemplate":"https:\/\/librairie7l.com\/en\/?s={search_term_string}"},"query-input":"required name=search_term_string"}],"inLanguage":"en-US"},{"@type":"Organization","@id":"https:\/\/librairie7l.com\/en\/#organization","name":"Librairie 7L","url":"https:\/\/librairie7l.com\/en\/","logo":{"@type":"ImageObject","inLanguage":"en-US","@id":"https:\/\/librairie7l.com\/en\/#\/schema\/logo\/image\/","url":"https:\/\/librairie7l.com\/wp-content\/uploads\/2022\/08\/logo-1.png","contentUrl":"https:\/\/librairie7l.com\/wp-content\/uploads\/2022\/08\/logo-1.png","width":227,"height":301,"caption":"Librairie 7L"},"image":{"@id":"https:\/\/librairie7l.com\/en\/#\/schema\/logo\/image\/"}}]}},"_links":{"self":[{"href":"https:\/\/librairie7l.com\/en\/wp-json\/wp\/v2\/product\/45739"}],"collection":[{"href":"https:\/\/librairie7l.com\/en\/wp-json\/wp\/v2\/product"}],"about":[{"href":"https:\/\/librairie7l.com\/en\/wp-json\/wp\/v2\/types\/product"}],"wp:featuredmedia":[{"embeddable":true,"href":"https:\/\/librairie7l.com\/en\/wp-json\/wp\/v2\/media\/45737"}],"wp:attachment":[{"href":"https:\/\/librairie7l.com\/en\/wp-json\/wp\/v2\/media?parent=45739"}],"wp:term":[{"taxonomy":"product_cat","embeddable":true,"href":"https:\/\/librairie7l.com\/en\/wp-json\/wp\/v2\/product_cat?post=45739"},{"taxonomy":"product_tag","embeddable":true,"href":"https:\/\/librairie7l.com\/en\/wp-json\/wp\/v2\/product_tag?post=45739"}],"curies":[{"name":"wp","href":"https:\/\/api.w.org\/{rel}","templated":true}]}}