{"id":45743,"date":"2025-01-27T11:17:11","date_gmt":"2025-01-27T10:17:11","guid":{"rendered":"https:\/\/librairie7l.com\/?post_type=product&#038;p=45743"},"modified":"2026-04-17T15:06:09","modified_gmt":"2026-04-17T13:06:09","slug":"ballets-russes-et-compagnies-2","status":"publish","type":"product","link":"https:\/\/librairie7l.com\/en\/produit\/ballets-russes-et-compagnies-2\/","title":{"rendered":"BALLETS RUSSES ET COMPAGNIES"},"content":{"rendered":"<p>Imagin\u00e9 par l&#8217;artiste plasticien Philippe Favier pour la c\u00e9l\u00e9bration du Centenaire des Ballets Russes \u00e0 Monaco, cet ouvrage retrace 100 ans de cr\u00e9ation : un voyage d&#8217;une effervescence, d&#8217;une \u00e9bullition artistique digne du cr\u00e9ateur des Ballets Russes, Serge Diaghilev, avec une succession d&#8217;images de sc\u00e8nes, de souvenirs et de rencontres. L&#8217;aventure des Ballets Russes, contemporaine de la naissance de la NRF, a \u00e9t\u00e9 c\u00e9l\u00e9br\u00e9e \u00e0 Monaco par de nombreuses manifestations, qui ont d\u00e9pass\u00e9 le cadre de la chor\u00e9graphie.<br \/>\nLe directeur de la compagnie, Jean-Christophe Maillot, voulait \u00e0 cette occasion renouer avec la tradition multidisciplinaire des Ballets, qui virent la collaboration des plus grands artistes de l&#8217;\u00e9poque : peintres, po\u00e8tes, musiciens. Cette tradition d&#8217;ouverture a largement \u00e9t\u00e9 abandonn\u00e9e par la danse contemporaine. Pour la raviver \u00e0 l&#8217;occasion du centenaire, Jean-Christophe Maillot a fait appel aux artistes qui travaillent r\u00e9guli\u00e8rement avec lui (Ernest Pignon-Ernest, Yann Maresz, Bruno Mantovani.) pour r\u00e9aliser une s\u00e9rie de spectacles avec des chor\u00e9graphes qu&#8217;il estime : Jiri Kilian, William Forsythe, Lucinda Childs, Karole Armitage, Sidi Larbi Cherkaoui, Alonso King. Certains ont revisit\u00e9 des oeuvres l\u00e9gendaires des Ballets Russes (L&#8217;Apr\u00e8s-midi d&#8217;un Faune.).<br \/>\nJean-Christophe Maillot souhaitait \u00e9galement attirer vers la danse des \u00e9crivains qui puissent, comme jadis Cocteau, apporter leur regard sur cet art. Jean-Marie Laclavetine avait travaill\u00e9 \u00e0 plusieurs reprises avec lui sur des arguments de ballet. C&#8217;est pourquoi il a fait appel \u00e0 lui pour solliciter des romanciers, afin de constituer des \u00ab tandems \u00bb avec des chor\u00e9graphes et donner naissance \u00e0 une s\u00e9rie de spectacles.<br \/>\nJean Rouaud, Muriel Barbery, Patrick Goujon, Tristan Garcia, Christian Giudicelli ou Colum Mc Cann ont accept\u00e9 de pr\u00eater leur concours. C&#8217;est de cette effervescence du Centenaire, \u00e0 laquelle ont donc particip\u00e9, et continuent de le faire, plusieurs auteurs Gallimard, que cet \u00e9tonnant livre-objet, la couverture souple est taill\u00e9e dans un authentique tapis de danse, le coffret est habill\u00e9 d&#8217;une carte ancienne de l&#8217;URSS, et l&#8217;essentiel de l&#8217;ouvrage est imprim\u00e9 en couleurs sur papier sulfuris\u00e9 translucide, veut rendre compte de fa\u00e7on originale.<\/p>\n","protected":false},"excerpt":{"rendered":"<p>Imagin\u00e9 par l&#8217;artiste plasticien Philippe Favier pour la c\u00e9l\u00e9bration du Centenaire des Ballets Russes \u00e0 Monaco, cet ouvrage retrace 100 ans de cr\u00e9ation : un voyage d&#8217;une effervescence, d&#8217;une \u00e9bullition artistique digne du cr\u00e9ateur des Ballets Russes, Serge Diaghilev, avec une succession d&#8217;images de sc\u00e8nes, de souvenirs et de rencontres. L&#8217;aventure des Ballets Russes, contemporaine [&hellip;]<\/p>\n","protected":false},"featured_media":45741,"template":"","meta":[],"product_cat":[2948,2953],"product_tag":[],"acf":[],"yoast_head":"<!-- This site is optimized with the Yoast SEO plugin v20.11 - https:\/\/yoast.com\/wordpress\/plugins\/seo\/ -->\n<title>Ballets russes et compagnies - Librairie 7L<\/title>\n<meta name=\"robots\" content=\"index, follow, max-snippet:-1, max-image-preview:large, max-video-preview:-1\" \/>\n<link rel=\"canonical\" href=\"https:\/\/librairie7l.com\/en\/produit\/ballets-russes-et-compagnies-2\/\" \/>\n<meta property=\"og:locale\" content=\"en_US\" \/>\n<meta property=\"og:type\" content=\"article\" \/>\n<meta property=\"og:title\" content=\"Ballets russes et compagnies - Librairie 7L\" \/>\n<meta property=\"og:description\" content=\"Imagin\u00e9 par l&#8217;artiste plasticien Philippe Favier pour la c\u00e9l\u00e9bration du Centenaire des Ballets Russes \u00e0 Monaco, cet ouvrage retrace 100 ans de cr\u00e9ation : un voyage d&#8217;une effervescence, d&#8217;une \u00e9bullition artistique digne du cr\u00e9ateur des Ballets Russes, Serge Diaghilev, avec une succession d&#8217;images de sc\u00e8nes, de souvenirs et de rencontres. L&#8217;aventure des Ballets Russes, contemporaine [&hellip;]\" \/>\n<meta property=\"og:url\" content=\"https:\/\/librairie7l.com\/en\/produit\/ballets-russes-et-compagnies-2\/\" \/>\n<meta property=\"og:site_name\" content=\"Librairie 7L\" \/>\n<meta property=\"article:modified_time\" content=\"2026-04-17T13:06:09+00:00\" \/>\n<meta property=\"og:image\" content=\"https:\/\/librairie7l.com\/wp-content\/uploads\/2010\/11\/9782070132881_1_75.jpg\" \/>\n\t<meta property=\"og:image:width\" content=\"500\" \/>\n\t<meta property=\"og:image:height\" content=\"440\" \/>\n\t<meta property=\"og:image:type\" content=\"image\/jpeg\" \/>\n<meta name=\"twitter:card\" content=\"summary_large_image\" \/>\n<meta name=\"twitter:label1\" content=\"Est. reading time\" \/>\n\t<meta name=\"twitter:data1\" content=\"2 minutes\" \/>\n<script type=\"application\/ld+json\" class=\"yoast-schema-graph\">{\"@context\":\"https:\/\/schema.org\",\"@graph\":[{\"@type\":\"WebPage\",\"@id\":\"https:\/\/librairie7l.com\/en\/produit\/ballets-russes-et-compagnies-2\/\",\"url\":\"https:\/\/librairie7l.com\/en\/produit\/ballets-russes-et-compagnies-2\/\",\"name\":\"Ballets russes et compagnies - Librairie 7L\",\"isPartOf\":{\"@id\":\"https:\/\/librairie7l.com\/en\/#website\"},\"datePublished\":\"2025-01-27T10:17:11+00:00\",\"dateModified\":\"2026-04-17T13:06:09+00:00\",\"breadcrumb\":{\"@id\":\"https:\/\/librairie7l.com\/en\/produit\/ballets-russes-et-compagnies-2\/#breadcrumb\"},\"inLanguage\":\"en-US\",\"potentialAction\":[{\"@type\":\"ReadAction\",\"target\":[\"https:\/\/librairie7l.com\/en\/produit\/ballets-russes-et-compagnies-2\/\"]}]},{\"@type\":\"BreadcrumbList\",\"@id\":\"https:\/\/librairie7l.com\/en\/produit\/ballets-russes-et-compagnies-2\/#breadcrumb\",\"itemListElement\":[{\"@type\":\"ListItem\",\"position\":1,\"name\":\"Accueil\",\"item\":\"https:\/\/librairie7l.com\/en\/\"},{\"@type\":\"ListItem\",\"position\":2,\"name\":\"Shop\",\"item\":\"https:\/\/librairie7l.com\/en\/shop\/\"},{\"@type\":\"ListItem\",\"position\":3,\"name\":\"BALLETS RUSSES ET COMPAGNIES\"}]},{\"@type\":\"WebSite\",\"@id\":\"https:\/\/librairie7l.com\/en\/#website\",\"url\":\"https:\/\/librairie7l.com\/en\/\",\"name\":\"Librairie 7L\",\"description\":\"Librairie fond\u00e9e en 1999 par Karl Lagerfeld \u00e0 Paris\",\"publisher\":{\"@id\":\"https:\/\/librairie7l.com\/en\/#organization\"},\"potentialAction\":[{\"@type\":\"SearchAction\",\"target\":{\"@type\":\"EntryPoint\",\"urlTemplate\":\"https:\/\/librairie7l.com\/en\/?s={search_term_string}\"},\"query-input\":\"required name=search_term_string\"}],\"inLanguage\":\"en-US\"},{\"@type\":\"Organization\",\"@id\":\"https:\/\/librairie7l.com\/en\/#organization\",\"name\":\"Librairie 7L\",\"url\":\"https:\/\/librairie7l.com\/en\/\",\"logo\":{\"@type\":\"ImageObject\",\"inLanguage\":\"en-US\",\"@id\":\"https:\/\/librairie7l.com\/en\/#\/schema\/logo\/image\/\",\"url\":\"https:\/\/librairie7l.com\/wp-content\/uploads\/2022\/08\/logo-1.png\",\"contentUrl\":\"https:\/\/librairie7l.com\/wp-content\/uploads\/2022\/08\/logo-1.png\",\"width\":227,\"height\":301,\"caption\":\"Librairie 7L\"},\"image\":{\"@id\":\"https:\/\/librairie7l.com\/en\/#\/schema\/logo\/image\/\"}}]}<\/script>\n<!-- \/ Yoast SEO plugin. -->","yoast_head_json":{"title":"Ballets russes et compagnies - Librairie 7L","robots":{"index":"index","follow":"follow","max-snippet":"max-snippet:-1","max-image-preview":"max-image-preview:large","max-video-preview":"max-video-preview:-1"},"canonical":"https:\/\/librairie7l.com\/en\/produit\/ballets-russes-et-compagnies-2\/","og_locale":"en_US","og_type":"article","og_title":"Ballets russes et compagnies - Librairie 7L","og_description":"Imagin\u00e9 par l&#8217;artiste plasticien Philippe Favier pour la c\u00e9l\u00e9bration du Centenaire des Ballets Russes \u00e0 Monaco, cet ouvrage retrace 100 ans de cr\u00e9ation : un voyage d&#8217;une effervescence, d&#8217;une \u00e9bullition artistique digne du cr\u00e9ateur des Ballets Russes, Serge Diaghilev, avec une succession d&#8217;images de sc\u00e8nes, de souvenirs et de rencontres. L&#8217;aventure des Ballets Russes, contemporaine [&hellip;]","og_url":"https:\/\/librairie7l.com\/en\/produit\/ballets-russes-et-compagnies-2\/","og_site_name":"Librairie 7L","article_modified_time":"2026-04-17T13:06:09+00:00","og_image":[{"width":500,"height":440,"url":"https:\/\/librairie7l.com\/wp-content\/uploads\/2010\/11\/9782070132881_1_75.jpg","type":"image\/jpeg"}],"twitter_card":"summary_large_image","twitter_misc":{"Est. reading time":"2 minutes"},"schema":{"@context":"https:\/\/schema.org","@graph":[{"@type":"WebPage","@id":"https:\/\/librairie7l.com\/en\/produit\/ballets-russes-et-compagnies-2\/","url":"https:\/\/librairie7l.com\/en\/produit\/ballets-russes-et-compagnies-2\/","name":"Ballets russes et compagnies - Librairie 7L","isPartOf":{"@id":"https:\/\/librairie7l.com\/en\/#website"},"datePublished":"2025-01-27T10:17:11+00:00","dateModified":"2026-04-17T13:06:09+00:00","breadcrumb":{"@id":"https:\/\/librairie7l.com\/en\/produit\/ballets-russes-et-compagnies-2\/#breadcrumb"},"inLanguage":"en-US","potentialAction":[{"@type":"ReadAction","target":["https:\/\/librairie7l.com\/en\/produit\/ballets-russes-et-compagnies-2\/"]}]},{"@type":"BreadcrumbList","@id":"https:\/\/librairie7l.com\/en\/produit\/ballets-russes-et-compagnies-2\/#breadcrumb","itemListElement":[{"@type":"ListItem","position":1,"name":"Accueil","item":"https:\/\/librairie7l.com\/en\/"},{"@type":"ListItem","position":2,"name":"Shop","item":"https:\/\/librairie7l.com\/en\/shop\/"},{"@type":"ListItem","position":3,"name":"BALLETS RUSSES ET COMPAGNIES"}]},{"@type":"WebSite","@id":"https:\/\/librairie7l.com\/en\/#website","url":"https:\/\/librairie7l.com\/en\/","name":"Librairie 7L","description":"Librairie fond\u00e9e en 1999 par Karl Lagerfeld \u00e0 Paris","publisher":{"@id":"https:\/\/librairie7l.com\/en\/#organization"},"potentialAction":[{"@type":"SearchAction","target":{"@type":"EntryPoint","urlTemplate":"https:\/\/librairie7l.com\/en\/?s={search_term_string}"},"query-input":"required name=search_term_string"}],"inLanguage":"en-US"},{"@type":"Organization","@id":"https:\/\/librairie7l.com\/en\/#organization","name":"Librairie 7L","url":"https:\/\/librairie7l.com\/en\/","logo":{"@type":"ImageObject","inLanguage":"en-US","@id":"https:\/\/librairie7l.com\/en\/#\/schema\/logo\/image\/","url":"https:\/\/librairie7l.com\/wp-content\/uploads\/2022\/08\/logo-1.png","contentUrl":"https:\/\/librairie7l.com\/wp-content\/uploads\/2022\/08\/logo-1.png","width":227,"height":301,"caption":"Librairie 7L"},"image":{"@id":"https:\/\/librairie7l.com\/en\/#\/schema\/logo\/image\/"}}]}},"_links":{"self":[{"href":"https:\/\/librairie7l.com\/en\/wp-json\/wp\/v2\/product\/45743"}],"collection":[{"href":"https:\/\/librairie7l.com\/en\/wp-json\/wp\/v2\/product"}],"about":[{"href":"https:\/\/librairie7l.com\/en\/wp-json\/wp\/v2\/types\/product"}],"wp:featuredmedia":[{"embeddable":true,"href":"https:\/\/librairie7l.com\/en\/wp-json\/wp\/v2\/media\/45741"}],"wp:attachment":[{"href":"https:\/\/librairie7l.com\/en\/wp-json\/wp\/v2\/media?parent=45743"}],"wp:term":[{"taxonomy":"product_cat","embeddable":true,"href":"https:\/\/librairie7l.com\/en\/wp-json\/wp\/v2\/product_cat?post=45743"},{"taxonomy":"product_tag","embeddable":true,"href":"https:\/\/librairie7l.com\/en\/wp-json\/wp\/v2\/product_tag?post=45743"}],"curies":[{"name":"wp","href":"https:\/\/api.w.org\/{rel}","templated":true}]}}