{"id":45751,"date":"2025-01-27T11:17:20","date_gmt":"2025-01-27T10:17:20","guid":{"rendered":"https:\/\/librairie7l.com\/?post_type=product&#038;p=45751"},"modified":"2026-04-21T23:59:37","modified_gmt":"2026-04-21T21:59:37","slug":"villa-mauresque-2","status":"publish","type":"product","link":"https:\/\/librairie7l.com\/en\/produit\/villa-mauresque-2\/","title":{"rendered":"VILLA MAURESQUE"},"content":{"rendered":"<p>\u00ab L&#8217;\u00e9crivain anglais W. Somerset Maugham (1874-1965) fait partie de la \u00ab mythologie \u00bb de nos deux h\u00e9ros Francis Albany et Olivia Sturgess. Il avait d&#8217;ailleurs trouv\u00e9 sa place dans l&#8217;album consacr\u00e9 \u00e0 la vie et la carri\u00e8re de la romanci\u00e8re Olivia Sturgess paru chez Dargaud en 2004.<br \/>\nSomerset Maugham, personnage extravagant, romancier \u00e0 succ\u00e8s (Le Fil du Rasoir, Servitude Humaine, etc.) a v\u00e9cu du milieu des ann\u00e9es trente \u00e0 la fin de sa vie sur la Riviera fran\u00e7aise dans une magnifique demeure baptis\u00e9e \u00ab Villa Mauresque \u00bb o\u00f9 d\u00e9fila tout ce qui comptait alors dans le monde des arts et des lettres. Ses amis se nommaient Churchill, Cocteau, H.G. Wells et Ian Fleming&#8230;<br \/>\nC&#8217;est \u00e0 l&#8217;\u00e9crivain, mauvaise langue et toujours lucide, que nous avons donn\u00e9 la parole, ainsi qu&#8217;\u00e0 un cercle de familiers qui ne se privent pas de dire ce qu&#8217;ils pensent du \u00ab grand homme \u00bb, de ses hauts-faits comme de ses servitudes : son propre fr\u00e8re, son neveu Robin, le chroniqueur Beverly Nichols, son rival malheureux Hugh Walpole, sa partenaire au bridge Barbara Bach et sa cuisini\u00e8re, Annette. \u00bb<\/p>\n","protected":false},"excerpt":{"rendered":"<p>\u00ab L&#8217;\u00e9crivain anglais W. Somerset Maugham (1874-1965) fait partie de la \u00ab mythologie \u00bb de nos deux h\u00e9ros Francis Albany et Olivia Sturgess. Il avait d&#8217;ailleurs trouv\u00e9 sa place dans l&#8217;album consacr\u00e9 \u00e0 la vie et la carri\u00e8re de la romanci\u00e8re Olivia Sturgess paru chez Dargaud en 2004. Somerset Maugham, personnage extravagant, romancier \u00e0 succ\u00e8s [&hellip;]<\/p>\n","protected":false},"featured_media":45749,"template":"","meta":[],"product_cat":[2948,2953],"product_tag":[],"acf":[],"yoast_head":"<!-- This site is optimized with the Yoast SEO plugin v20.11 - https:\/\/yoast.com\/wordpress\/plugins\/seo\/ -->\n<title>Villa mauresque - Librairie 7L<\/title>\n<meta name=\"robots\" content=\"index, follow, max-snippet:-1, max-image-preview:large, max-video-preview:-1\" \/>\n<link rel=\"canonical\" href=\"https:\/\/librairie7l.com\/en\/produit\/villa-mauresque-2\/\" \/>\n<meta property=\"og:locale\" content=\"en_US\" \/>\n<meta property=\"og:type\" content=\"article\" \/>\n<meta property=\"og:title\" content=\"Villa mauresque - Librairie 7L\" \/>\n<meta property=\"og:description\" content=\"\u00ab L&#8217;\u00e9crivain anglais W. Somerset Maugham (1874-1965) fait partie de la \u00ab mythologie \u00bb de nos deux h\u00e9ros Francis Albany et Olivia Sturgess. Il avait d&#8217;ailleurs trouv\u00e9 sa place dans l&#8217;album consacr\u00e9 \u00e0 la vie et la carri\u00e8re de la romanci\u00e8re Olivia Sturgess paru chez Dargaud en 2004. Somerset Maugham, personnage extravagant, romancier \u00e0 succ\u00e8s [&hellip;]\" \/>\n<meta property=\"og:url\" content=\"https:\/\/librairie7l.com\/en\/produit\/villa-mauresque-2\/\" \/>\n<meta property=\"og:site_name\" content=\"Librairie 7L\" \/>\n<meta property=\"article:modified_time\" content=\"2026-04-21T21:59:37+00:00\" \/>\n<meta property=\"og:image\" content=\"https:\/\/librairie7l.com\/wp-content\/uploads\/2013\/01\/9782710370642_1_75.jpg\" \/>\n\t<meta property=\"og:image:width\" content=\"600\" \/>\n\t<meta property=\"og:image:height\" content=\"855\" \/>\n\t<meta property=\"og:image:type\" content=\"image\/jpeg\" \/>\n<meta name=\"twitter:card\" content=\"summary_large_image\" \/>\n<meta name=\"twitter:label1\" content=\"Est. reading time\" \/>\n\t<meta name=\"twitter:data1\" content=\"1 minute\" \/>\n<script type=\"application\/ld+json\" class=\"yoast-schema-graph\">{\"@context\":\"https:\/\/schema.org\",\"@graph\":[{\"@type\":\"WebPage\",\"@id\":\"https:\/\/librairie7l.com\/en\/produit\/villa-mauresque-2\/\",\"url\":\"https:\/\/librairie7l.com\/en\/produit\/villa-mauresque-2\/\",\"name\":\"Villa mauresque - Librairie 7L\",\"isPartOf\":{\"@id\":\"https:\/\/librairie7l.com\/en\/#website\"},\"datePublished\":\"2025-01-27T10:17:20+00:00\",\"dateModified\":\"2026-04-21T21:59:37+00:00\",\"breadcrumb\":{\"@id\":\"https:\/\/librairie7l.com\/en\/produit\/villa-mauresque-2\/#breadcrumb\"},\"inLanguage\":\"en-US\",\"potentialAction\":[{\"@type\":\"ReadAction\",\"target\":[\"https:\/\/librairie7l.com\/en\/produit\/villa-mauresque-2\/\"]}]},{\"@type\":\"BreadcrumbList\",\"@id\":\"https:\/\/librairie7l.com\/en\/produit\/villa-mauresque-2\/#breadcrumb\",\"itemListElement\":[{\"@type\":\"ListItem\",\"position\":1,\"name\":\"Accueil\",\"item\":\"https:\/\/librairie7l.com\/en\/\"},{\"@type\":\"ListItem\",\"position\":2,\"name\":\"Shop\",\"item\":\"https:\/\/librairie7l.com\/en\/shop\/\"},{\"@type\":\"ListItem\",\"position\":3,\"name\":\"VILLA MAURESQUE\"}]},{\"@type\":\"WebSite\",\"@id\":\"https:\/\/librairie7l.com\/en\/#website\",\"url\":\"https:\/\/librairie7l.com\/en\/\",\"name\":\"Librairie 7L\",\"description\":\"Librairie fond\u00e9e en 1999 par Karl Lagerfeld \u00e0 Paris\",\"publisher\":{\"@id\":\"https:\/\/librairie7l.com\/en\/#organization\"},\"potentialAction\":[{\"@type\":\"SearchAction\",\"target\":{\"@type\":\"EntryPoint\",\"urlTemplate\":\"https:\/\/librairie7l.com\/en\/?s={search_term_string}\"},\"query-input\":\"required name=search_term_string\"}],\"inLanguage\":\"en-US\"},{\"@type\":\"Organization\",\"@id\":\"https:\/\/librairie7l.com\/en\/#organization\",\"name\":\"Librairie 7L\",\"url\":\"https:\/\/librairie7l.com\/en\/\",\"logo\":{\"@type\":\"ImageObject\",\"inLanguage\":\"en-US\",\"@id\":\"https:\/\/librairie7l.com\/en\/#\/schema\/logo\/image\/\",\"url\":\"https:\/\/librairie7l.com\/wp-content\/uploads\/2022\/08\/logo-1.png\",\"contentUrl\":\"https:\/\/librairie7l.com\/wp-content\/uploads\/2022\/08\/logo-1.png\",\"width\":227,\"height\":301,\"caption\":\"Librairie 7L\"},\"image\":{\"@id\":\"https:\/\/librairie7l.com\/en\/#\/schema\/logo\/image\/\"}}]}<\/script>\n<!-- \/ Yoast SEO plugin. -->","yoast_head_json":{"title":"Villa mauresque - Librairie 7L","robots":{"index":"index","follow":"follow","max-snippet":"max-snippet:-1","max-image-preview":"max-image-preview:large","max-video-preview":"max-video-preview:-1"},"canonical":"https:\/\/librairie7l.com\/en\/produit\/villa-mauresque-2\/","og_locale":"en_US","og_type":"article","og_title":"Villa mauresque - Librairie 7L","og_description":"\u00ab L&#8217;\u00e9crivain anglais W. Somerset Maugham (1874-1965) fait partie de la \u00ab mythologie \u00bb de nos deux h\u00e9ros Francis Albany et Olivia Sturgess. Il avait d&#8217;ailleurs trouv\u00e9 sa place dans l&#8217;album consacr\u00e9 \u00e0 la vie et la carri\u00e8re de la romanci\u00e8re Olivia Sturgess paru chez Dargaud en 2004. Somerset Maugham, personnage extravagant, romancier \u00e0 succ\u00e8s [&hellip;]","og_url":"https:\/\/librairie7l.com\/en\/produit\/villa-mauresque-2\/","og_site_name":"Librairie 7L","article_modified_time":"2026-04-21T21:59:37+00:00","og_image":[{"width":600,"height":855,"url":"https:\/\/librairie7l.com\/wp-content\/uploads\/2013\/01\/9782710370642_1_75.jpg","type":"image\/jpeg"}],"twitter_card":"summary_large_image","twitter_misc":{"Est. reading time":"1 minute"},"schema":{"@context":"https:\/\/schema.org","@graph":[{"@type":"WebPage","@id":"https:\/\/librairie7l.com\/en\/produit\/villa-mauresque-2\/","url":"https:\/\/librairie7l.com\/en\/produit\/villa-mauresque-2\/","name":"Villa mauresque - Librairie 7L","isPartOf":{"@id":"https:\/\/librairie7l.com\/en\/#website"},"datePublished":"2025-01-27T10:17:20+00:00","dateModified":"2026-04-21T21:59:37+00:00","breadcrumb":{"@id":"https:\/\/librairie7l.com\/en\/produit\/villa-mauresque-2\/#breadcrumb"},"inLanguage":"en-US","potentialAction":[{"@type":"ReadAction","target":["https:\/\/librairie7l.com\/en\/produit\/villa-mauresque-2\/"]}]},{"@type":"BreadcrumbList","@id":"https:\/\/librairie7l.com\/en\/produit\/villa-mauresque-2\/#breadcrumb","itemListElement":[{"@type":"ListItem","position":1,"name":"Accueil","item":"https:\/\/librairie7l.com\/en\/"},{"@type":"ListItem","position":2,"name":"Shop","item":"https:\/\/librairie7l.com\/en\/shop\/"},{"@type":"ListItem","position":3,"name":"VILLA MAURESQUE"}]},{"@type":"WebSite","@id":"https:\/\/librairie7l.com\/en\/#website","url":"https:\/\/librairie7l.com\/en\/","name":"Librairie 7L","description":"Librairie fond\u00e9e en 1999 par Karl Lagerfeld \u00e0 Paris","publisher":{"@id":"https:\/\/librairie7l.com\/en\/#organization"},"potentialAction":[{"@type":"SearchAction","target":{"@type":"EntryPoint","urlTemplate":"https:\/\/librairie7l.com\/en\/?s={search_term_string}"},"query-input":"required name=search_term_string"}],"inLanguage":"en-US"},{"@type":"Organization","@id":"https:\/\/librairie7l.com\/en\/#organization","name":"Librairie 7L","url":"https:\/\/librairie7l.com\/en\/","logo":{"@type":"ImageObject","inLanguage":"en-US","@id":"https:\/\/librairie7l.com\/en\/#\/schema\/logo\/image\/","url":"https:\/\/librairie7l.com\/wp-content\/uploads\/2022\/08\/logo-1.png","contentUrl":"https:\/\/librairie7l.com\/wp-content\/uploads\/2022\/08\/logo-1.png","width":227,"height":301,"caption":"Librairie 7L"},"image":{"@id":"https:\/\/librairie7l.com\/en\/#\/schema\/logo\/image\/"}}]}},"_links":{"self":[{"href":"https:\/\/librairie7l.com\/en\/wp-json\/wp\/v2\/product\/45751"}],"collection":[{"href":"https:\/\/librairie7l.com\/en\/wp-json\/wp\/v2\/product"}],"about":[{"href":"https:\/\/librairie7l.com\/en\/wp-json\/wp\/v2\/types\/product"}],"wp:featuredmedia":[{"embeddable":true,"href":"https:\/\/librairie7l.com\/en\/wp-json\/wp\/v2\/media\/45749"}],"wp:attachment":[{"href":"https:\/\/librairie7l.com\/en\/wp-json\/wp\/v2\/media?parent=45751"}],"wp:term":[{"taxonomy":"product_cat","embeddable":true,"href":"https:\/\/librairie7l.com\/en\/wp-json\/wp\/v2\/product_cat?post=45751"},{"taxonomy":"product_tag","embeddable":true,"href":"https:\/\/librairie7l.com\/en\/wp-json\/wp\/v2\/product_tag?post=45751"}],"curies":[{"name":"wp","href":"https:\/\/api.w.org\/{rel}","templated":true}]}}