{"id":45755,"date":"2025-01-27T11:17:24","date_gmt":"2025-01-27T10:17:24","guid":{"rendered":"https:\/\/librairie7l.com\/?post_type=product&#038;p=45755"},"modified":"2026-04-21T23:37:19","modified_gmt":"2026-04-21T21:37:19","slug":"histoire-des-palais-le-pouvoir-et-sa-mise-en-scene-en-france-du-ve-au-xxie-siecle-2","status":"publish","type":"product","link":"https:\/\/librairie7l.com\/en\/produit\/histoire-des-palais-le-pouvoir-et-sa-mise-en-scene-en-france-du-ve-au-xxie-siecle-2\/","title":{"rendered":"HISTOIRE DES PALAIS : LE POUVOIR ET SA MISE EN SC\u00c8NE EN FRANCE DU VE AU XXIE SI\u00c8CLE"},"content":{"rendered":"<p>Dites-moi o\u00f9 vous habitez, je vous dirai qui vous \u00eates : \u00e0 travers l&#8217;histoire des b\u00e2timents, des d\u00e9cors et des objets qui ont entour\u00e9 les r\u00e9gimes successifs en France, depuis la fin de l&#8217;Antiquit\u00e9 jusqu&#8217;\u00e0 aujourd&#8217;hui, beaucoup se r\u00e9v\u00e8le de la nature du pouvoir et de la mani\u00e8re dont il se met en sc\u00e8ne.<\/p>\n<p>Du palais m\u00e9di\u00e9val de la Cit\u00e9 \u00e0 l&#8217;\u00c9lys\u00e9e contemporain, en passant par le Louvre, Versailles, les Tuileries et Saint-Cloud, nous rencontrons les hommes &#8211; souverains, architectes, artistes, artisans, administrateurs &#8211; qui ont command\u00e9, cr\u00e9\u00e9 ou entretenu ces d\u00e9cors et ces oeuvres d&#8217;art. Entrent en sc\u00e8ne tour \u00e0 tour Charles V, Fran\u00e7ois Ier, Louis XIV, Louis XVI et Marie-Antoinette, Napol\u00e9on Ier et Jos\u00e9phine, Napol\u00e9on III et Eug\u00e9nie, Vincent et Michelle Auriol, Charles de Gaulle, Val\u00e9ry Giscard d&#8217;Estaing, Fran\u00e7ois Mitterrand et Emmanuel Macron. Dans leurs ambitions pour leurs diff\u00e9rentes r\u00e9sidences, le souci du confort, le sens de la communication politique et la volont\u00e9 de promouvoir les arts et les industries du luxe entrent en composition variable suivant les \u00e9poques et le temp\u00e9rament des int\u00e9ress\u00e9s.<\/p>\n<p>Enrichie de nombreuses illustrations, cette Histoire des palais offre ainsi une histoire du pouvoir en repr\u00e9sentation &#8211; une autre fa\u00e7on de d\u00e9crypter la psych\u00e9 de ceux qui ont fait l&#8217;histoire de France.<\/p>\n","protected":false},"excerpt":{"rendered":"<p>Dites-moi o\u00f9 vous habitez, je vous dirai qui vous \u00eates : \u00e0 travers l&#8217;histoire des b\u00e2timents, des d\u00e9cors et des objets qui ont entour\u00e9 les r\u00e9gimes successifs en France, depuis la fin de l&#8217;Antiquit\u00e9 jusqu&#8217;\u00e0 aujourd&#8217;hui, beaucoup se r\u00e9v\u00e8le de la nature du pouvoir et de la mani\u00e8re dont il se met en sc\u00e8ne. Du [&hellip;]<\/p>\n","protected":false},"featured_media":45753,"template":"","meta":[],"product_cat":[2948,2952],"product_tag":[],"acf":[],"yoast_head":"<!-- This site is optimized with the Yoast SEO plugin v20.11 - https:\/\/yoast.com\/wordpress\/plugins\/seo\/ -->\n<title>Histoire des palais : Le pouvoir et sa mise en sc\u00e8ne en France du Ve au XXIe si\u00e8cle - Librairie 7L<\/title>\n<meta name=\"robots\" content=\"index, follow, max-snippet:-1, max-image-preview:large, max-video-preview:-1\" \/>\n<link rel=\"canonical\" href=\"https:\/\/librairie7l.com\/en\/produit\/histoire-des-palais-le-pouvoir-et-sa-mise-en-scene-en-france-du-ve-au-xxie-siecle-2\/\" \/>\n<meta property=\"og:locale\" content=\"en_US\" \/>\n<meta property=\"og:type\" content=\"article\" \/>\n<meta property=\"og:title\" content=\"Histoire des palais : Le pouvoir et sa mise en sc\u00e8ne en France du Ve au XXIe si\u00e8cle - Librairie 7L\" \/>\n<meta property=\"og:description\" content=\"Dites-moi o\u00f9 vous habitez, je vous dirai qui vous \u00eates : \u00e0 travers l&#8217;histoire des b\u00e2timents, des d\u00e9cors et des objets qui ont entour\u00e9 les r\u00e9gimes successifs en France, depuis la fin de l&#8217;Antiquit\u00e9 jusqu&#8217;\u00e0 aujourd&#8217;hui, beaucoup se r\u00e9v\u00e8le de la nature du pouvoir et de la mani\u00e8re dont il se met en sc\u00e8ne. Du [&hellip;]\" \/>\n<meta property=\"og:url\" content=\"https:\/\/librairie7l.com\/en\/produit\/histoire-des-palais-le-pouvoir-et-sa-mise-en-scene-en-france-du-ve-au-xxie-siecle-2\/\" \/>\n<meta property=\"og:site_name\" content=\"Librairie 7L\" \/>\n<meta property=\"article:modified_time\" content=\"2026-04-21T21:37:19+00:00\" \/>\n<meta property=\"og:image\" content=\"https:\/\/librairie7l.com\/wp-content\/uploads\/2024\/09\/9791021052123_1_75.jpg\" \/>\n\t<meta property=\"og:image:width\" content=\"600\" \/>\n\t<meta property=\"og:image:height\" content=\"890\" \/>\n\t<meta property=\"og:image:type\" content=\"image\/jpeg\" \/>\n<meta name=\"twitter:card\" content=\"summary_large_image\" \/>\n<meta name=\"twitter:label1\" content=\"Est. reading time\" \/>\n\t<meta name=\"twitter:data1\" content=\"1 minute\" \/>\n<script type=\"application\/ld+json\" class=\"yoast-schema-graph\">{\"@context\":\"https:\/\/schema.org\",\"@graph\":[{\"@type\":\"WebPage\",\"@id\":\"https:\/\/librairie7l.com\/en\/produit\/histoire-des-palais-le-pouvoir-et-sa-mise-en-scene-en-france-du-ve-au-xxie-siecle-2\/\",\"url\":\"https:\/\/librairie7l.com\/en\/produit\/histoire-des-palais-le-pouvoir-et-sa-mise-en-scene-en-france-du-ve-au-xxie-siecle-2\/\",\"name\":\"Histoire des palais : Le pouvoir et sa mise en sc\u00e8ne en France du Ve au XXIe si\u00e8cle - Librairie 7L\",\"isPartOf\":{\"@id\":\"https:\/\/librairie7l.com\/en\/#website\"},\"datePublished\":\"2025-01-27T10:17:24+00:00\",\"dateModified\":\"2026-04-21T21:37:19+00:00\",\"breadcrumb\":{\"@id\":\"https:\/\/librairie7l.com\/en\/produit\/histoire-des-palais-le-pouvoir-et-sa-mise-en-scene-en-france-du-ve-au-xxie-siecle-2\/#breadcrumb\"},\"inLanguage\":\"en-US\",\"potentialAction\":[{\"@type\":\"ReadAction\",\"target\":[\"https:\/\/librairie7l.com\/en\/produit\/histoire-des-palais-le-pouvoir-et-sa-mise-en-scene-en-france-du-ve-au-xxie-siecle-2\/\"]}]},{\"@type\":\"BreadcrumbList\",\"@id\":\"https:\/\/librairie7l.com\/en\/produit\/histoire-des-palais-le-pouvoir-et-sa-mise-en-scene-en-france-du-ve-au-xxie-siecle-2\/#breadcrumb\",\"itemListElement\":[{\"@type\":\"ListItem\",\"position\":1,\"name\":\"Accueil\",\"item\":\"https:\/\/librairie7l.com\/en\/\"},{\"@type\":\"ListItem\",\"position\":2,\"name\":\"Shop\",\"item\":\"https:\/\/librairie7l.com\/en\/shop\/\"},{\"@type\":\"ListItem\",\"position\":3,\"name\":\"HISTOIRE DES PALAIS : LE POUVOIR ET SA MISE EN SC\u00c8NE EN FRANCE DU VE AU XXIE SI\u00c8CLE\"}]},{\"@type\":\"WebSite\",\"@id\":\"https:\/\/librairie7l.com\/en\/#website\",\"url\":\"https:\/\/librairie7l.com\/en\/\",\"name\":\"Librairie 7L\",\"description\":\"Librairie fond\u00e9e en 1999 par Karl Lagerfeld \u00e0 Paris\",\"publisher\":{\"@id\":\"https:\/\/librairie7l.com\/en\/#organization\"},\"potentialAction\":[{\"@type\":\"SearchAction\",\"target\":{\"@type\":\"EntryPoint\",\"urlTemplate\":\"https:\/\/librairie7l.com\/en\/?s={search_term_string}\"},\"query-input\":\"required name=search_term_string\"}],\"inLanguage\":\"en-US\"},{\"@type\":\"Organization\",\"@id\":\"https:\/\/librairie7l.com\/en\/#organization\",\"name\":\"Librairie 7L\",\"url\":\"https:\/\/librairie7l.com\/en\/\",\"logo\":{\"@type\":\"ImageObject\",\"inLanguage\":\"en-US\",\"@id\":\"https:\/\/librairie7l.com\/en\/#\/schema\/logo\/image\/\",\"url\":\"https:\/\/librairie7l.com\/wp-content\/uploads\/2022\/08\/logo-1.png\",\"contentUrl\":\"https:\/\/librairie7l.com\/wp-content\/uploads\/2022\/08\/logo-1.png\",\"width\":227,\"height\":301,\"caption\":\"Librairie 7L\"},\"image\":{\"@id\":\"https:\/\/librairie7l.com\/en\/#\/schema\/logo\/image\/\"}}]}<\/script>\n<!-- \/ Yoast SEO plugin. -->","yoast_head_json":{"title":"Histoire des palais : Le pouvoir et sa mise en sc\u00e8ne en France du Ve au XXIe si\u00e8cle - Librairie 7L","robots":{"index":"index","follow":"follow","max-snippet":"max-snippet:-1","max-image-preview":"max-image-preview:large","max-video-preview":"max-video-preview:-1"},"canonical":"https:\/\/librairie7l.com\/en\/produit\/histoire-des-palais-le-pouvoir-et-sa-mise-en-scene-en-france-du-ve-au-xxie-siecle-2\/","og_locale":"en_US","og_type":"article","og_title":"Histoire des palais : Le pouvoir et sa mise en sc\u00e8ne en France du Ve au XXIe si\u00e8cle - Librairie 7L","og_description":"Dites-moi o\u00f9 vous habitez, je vous dirai qui vous \u00eates : \u00e0 travers l&#8217;histoire des b\u00e2timents, des d\u00e9cors et des objets qui ont entour\u00e9 les r\u00e9gimes successifs en France, depuis la fin de l&#8217;Antiquit\u00e9 jusqu&#8217;\u00e0 aujourd&#8217;hui, beaucoup se r\u00e9v\u00e8le de la nature du pouvoir et de la mani\u00e8re dont il se met en sc\u00e8ne. Du [&hellip;]","og_url":"https:\/\/librairie7l.com\/en\/produit\/histoire-des-palais-le-pouvoir-et-sa-mise-en-scene-en-france-du-ve-au-xxie-siecle-2\/","og_site_name":"Librairie 7L","article_modified_time":"2026-04-21T21:37:19+00:00","og_image":[{"width":600,"height":890,"url":"https:\/\/librairie7l.com\/wp-content\/uploads\/2024\/09\/9791021052123_1_75.jpg","type":"image\/jpeg"}],"twitter_card":"summary_large_image","twitter_misc":{"Est. reading time":"1 minute"},"schema":{"@context":"https:\/\/schema.org","@graph":[{"@type":"WebPage","@id":"https:\/\/librairie7l.com\/en\/produit\/histoire-des-palais-le-pouvoir-et-sa-mise-en-scene-en-france-du-ve-au-xxie-siecle-2\/","url":"https:\/\/librairie7l.com\/en\/produit\/histoire-des-palais-le-pouvoir-et-sa-mise-en-scene-en-france-du-ve-au-xxie-siecle-2\/","name":"Histoire des palais : Le pouvoir et sa mise en sc\u00e8ne en France du Ve au XXIe si\u00e8cle - Librairie 7L","isPartOf":{"@id":"https:\/\/librairie7l.com\/en\/#website"},"datePublished":"2025-01-27T10:17:24+00:00","dateModified":"2026-04-21T21:37:19+00:00","breadcrumb":{"@id":"https:\/\/librairie7l.com\/en\/produit\/histoire-des-palais-le-pouvoir-et-sa-mise-en-scene-en-france-du-ve-au-xxie-siecle-2\/#breadcrumb"},"inLanguage":"en-US","potentialAction":[{"@type":"ReadAction","target":["https:\/\/librairie7l.com\/en\/produit\/histoire-des-palais-le-pouvoir-et-sa-mise-en-scene-en-france-du-ve-au-xxie-siecle-2\/"]}]},{"@type":"BreadcrumbList","@id":"https:\/\/librairie7l.com\/en\/produit\/histoire-des-palais-le-pouvoir-et-sa-mise-en-scene-en-france-du-ve-au-xxie-siecle-2\/#breadcrumb","itemListElement":[{"@type":"ListItem","position":1,"name":"Accueil","item":"https:\/\/librairie7l.com\/en\/"},{"@type":"ListItem","position":2,"name":"Shop","item":"https:\/\/librairie7l.com\/en\/shop\/"},{"@type":"ListItem","position":3,"name":"HISTOIRE DES PALAIS : LE POUVOIR ET SA MISE EN SC\u00c8NE EN FRANCE DU VE AU XXIE SI\u00c8CLE"}]},{"@type":"WebSite","@id":"https:\/\/librairie7l.com\/en\/#website","url":"https:\/\/librairie7l.com\/en\/","name":"Librairie 7L","description":"Librairie fond\u00e9e en 1999 par Karl Lagerfeld \u00e0 Paris","publisher":{"@id":"https:\/\/librairie7l.com\/en\/#organization"},"potentialAction":[{"@type":"SearchAction","target":{"@type":"EntryPoint","urlTemplate":"https:\/\/librairie7l.com\/en\/?s={search_term_string}"},"query-input":"required name=search_term_string"}],"inLanguage":"en-US"},{"@type":"Organization","@id":"https:\/\/librairie7l.com\/en\/#organization","name":"Librairie 7L","url":"https:\/\/librairie7l.com\/en\/","logo":{"@type":"ImageObject","inLanguage":"en-US","@id":"https:\/\/librairie7l.com\/en\/#\/schema\/logo\/image\/","url":"https:\/\/librairie7l.com\/wp-content\/uploads\/2022\/08\/logo-1.png","contentUrl":"https:\/\/librairie7l.com\/wp-content\/uploads\/2022\/08\/logo-1.png","width":227,"height":301,"caption":"Librairie 7L"},"image":{"@id":"https:\/\/librairie7l.com\/en\/#\/schema\/logo\/image\/"}}]}},"_links":{"self":[{"href":"https:\/\/librairie7l.com\/en\/wp-json\/wp\/v2\/product\/45755"}],"collection":[{"href":"https:\/\/librairie7l.com\/en\/wp-json\/wp\/v2\/product"}],"about":[{"href":"https:\/\/librairie7l.com\/en\/wp-json\/wp\/v2\/types\/product"}],"wp:featuredmedia":[{"embeddable":true,"href":"https:\/\/librairie7l.com\/en\/wp-json\/wp\/v2\/media\/45753"}],"wp:attachment":[{"href":"https:\/\/librairie7l.com\/en\/wp-json\/wp\/v2\/media?parent=45755"}],"wp:term":[{"taxonomy":"product_cat","embeddable":true,"href":"https:\/\/librairie7l.com\/en\/wp-json\/wp\/v2\/product_cat?post=45755"},{"taxonomy":"product_tag","embeddable":true,"href":"https:\/\/librairie7l.com\/en\/wp-json\/wp\/v2\/product_tag?post=45755"}],"curies":[{"name":"wp","href":"https:\/\/api.w.org\/{rel}","templated":true}]}}