{"id":45771,"date":"2025-01-27T11:17:40","date_gmt":"2025-01-27T10:17:40","guid":{"rendered":"https:\/\/librairie7l.com\/?post_type=product&#038;p=45771"},"modified":"2026-04-22T01:14:53","modified_gmt":"2026-04-21T23:14:53","slug":"seeberger-freres-2","status":"publish","type":"product","link":"https:\/\/librairie7l.com\/en\/produit\/seeberger-freres-2\/","title":{"rendered":"S\u00c9EBERGER FR\u00c8RES"},"content":{"rendered":"<p>Devenue une r\u00e9f\u00e9rence dans l&#8217;histoire du livre de photographie, la collection Photo Poche poursuit son travail de d\u00e9voilement des grands noms, courants et \u00e9coles de l&#8217;histoire de la photographie. Premi\u00e8re collection de livres de photographie au format de poche, elle propose des ouvrages soigneusement imprim\u00e9s, maniables par leur format, accessibles par leur prix, \u00e0 tous ceux que passionne un moyen d&#8217;expression dont on reconna\u00eet aujourd&#8217;hui l&#8217;importance. Ses diff\u00e9rentes d\u00e9clinaisons (histoire, soci\u00e9t\u00e9&#8230;) couvrent tous les champs de la photographie et constituent une iconographie d&#8217;une exceptionnelle richesse et diversit\u00e9.<br \/>\nEn cent quarante-quatre pages et soixante-quatre photographies reproduites en couleur et duotone, Photo Poche donne \u00e0 voir l&#8217;essentiel d&#8217;une oeuvre de Nadar \u00e0 Henri Cartier-Bresson, des pictorialistes aux grands noms du photoreportage. Les monographies des grands ma\u00eetres du m\u00e9dium alternent avec les sujets th\u00e9matiques essentiels qui de La Nature morte au Nu d\u00e9ploient les diff\u00e9rentes approches d&#8217;une esth\u00e9tique du XIXe si\u00e8cle \u00e0 nos jours. Chaque titre est pr\u00e9fac\u00e9 de mani\u00e8re didactique par un sp\u00e9cialiste du sujet abord\u00e9 et enrichi de notices biographiques et bibliographiques r\u00e9guli\u00e8rement remises \u00e0 jour.<\/p>\n","protected":false},"excerpt":{"rendered":"<p>Devenue une r\u00e9f\u00e9rence dans l&#8217;histoire du livre de photographie, la collection Photo Poche poursuit son travail de d\u00e9voilement des grands noms, courants et \u00e9coles de l&#8217;histoire de la photographie. Premi\u00e8re collection de livres de photographie au format de poche, elle propose des ouvrages soigneusement imprim\u00e9s, maniables par leur format, accessibles par leur prix, \u00e0 tous [&hellip;]<\/p>\n","protected":false},"featured_media":45769,"template":"","meta":[],"product_cat":[2948,2958],"product_tag":[],"acf":[],"yoast_head":"<!-- This site is optimized with the Yoast SEO plugin v20.11 - https:\/\/yoast.com\/wordpress\/plugins\/seo\/ -->\n<title>S\u00e9eberger Fr\u00e8res - Librairie 7L<\/title>\n<meta name=\"robots\" content=\"index, follow, max-snippet:-1, max-image-preview:large, max-video-preview:-1\" \/>\n<link rel=\"canonical\" href=\"https:\/\/librairie7l.com\/en\/produit\/seeberger-freres-2\/\" \/>\n<meta property=\"og:locale\" content=\"en_US\" \/>\n<meta property=\"og:type\" content=\"article\" \/>\n<meta property=\"og:title\" content=\"S\u00e9eberger Fr\u00e8res - Librairie 7L\" \/>\n<meta property=\"og:description\" content=\"Devenue une r\u00e9f\u00e9rence dans l&#8217;histoire du livre de photographie, la collection Photo Poche poursuit son travail de d\u00e9voilement des grands noms, courants et \u00e9coles de l&#8217;histoire de la photographie. Premi\u00e8re collection de livres de photographie au format de poche, elle propose des ouvrages soigneusement imprim\u00e9s, maniables par leur format, accessibles par leur prix, \u00e0 tous [&hellip;]\" \/>\n<meta property=\"og:url\" content=\"https:\/\/librairie7l.com\/en\/produit\/seeberger-freres-2\/\" \/>\n<meta property=\"og:site_name\" content=\"Librairie 7L\" \/>\n<meta property=\"article:modified_time\" content=\"2026-04-21T23:14:53+00:00\" \/>\n<meta property=\"og:image\" content=\"https:\/\/librairie7l.com\/wp-content\/uploads\/2005\/05\/9782742756865_1_75.jpg\" \/>\n\t<meta property=\"og:image:width\" content=\"600\" \/>\n\t<meta property=\"og:image:height\" content=\"910\" \/>\n\t<meta property=\"og:image:type\" content=\"image\/jpeg\" \/>\n<meta name=\"twitter:card\" content=\"summary_large_image\" \/>\n<meta name=\"twitter:label1\" content=\"Est. reading time\" \/>\n\t<meta name=\"twitter:data1\" content=\"1 minute\" \/>\n<script type=\"application\/ld+json\" class=\"yoast-schema-graph\">{\"@context\":\"https:\/\/schema.org\",\"@graph\":[{\"@type\":\"WebPage\",\"@id\":\"https:\/\/librairie7l.com\/en\/produit\/seeberger-freres-2\/\",\"url\":\"https:\/\/librairie7l.com\/en\/produit\/seeberger-freres-2\/\",\"name\":\"S\u00e9eberger Fr\u00e8res - Librairie 7L\",\"isPartOf\":{\"@id\":\"https:\/\/librairie7l.com\/en\/#website\"},\"datePublished\":\"2025-01-27T10:17:40+00:00\",\"dateModified\":\"2026-04-21T23:14:53+00:00\",\"breadcrumb\":{\"@id\":\"https:\/\/librairie7l.com\/en\/produit\/seeberger-freres-2\/#breadcrumb\"},\"inLanguage\":\"en-US\",\"potentialAction\":[{\"@type\":\"ReadAction\",\"target\":[\"https:\/\/librairie7l.com\/en\/produit\/seeberger-freres-2\/\"]}]},{\"@type\":\"BreadcrumbList\",\"@id\":\"https:\/\/librairie7l.com\/en\/produit\/seeberger-freres-2\/#breadcrumb\",\"itemListElement\":[{\"@type\":\"ListItem\",\"position\":1,\"name\":\"Accueil\",\"item\":\"https:\/\/librairie7l.com\/en\/\"},{\"@type\":\"ListItem\",\"position\":2,\"name\":\"Shop\",\"item\":\"https:\/\/librairie7l.com\/en\/shop\/\"},{\"@type\":\"ListItem\",\"position\":3,\"name\":\"S\u00c9EBERGER FR\u00c8RES\"}]},{\"@type\":\"WebSite\",\"@id\":\"https:\/\/librairie7l.com\/en\/#website\",\"url\":\"https:\/\/librairie7l.com\/en\/\",\"name\":\"Librairie 7L\",\"description\":\"Librairie fond\u00e9e en 1999 par Karl Lagerfeld \u00e0 Paris\",\"publisher\":{\"@id\":\"https:\/\/librairie7l.com\/en\/#organization\"},\"potentialAction\":[{\"@type\":\"SearchAction\",\"target\":{\"@type\":\"EntryPoint\",\"urlTemplate\":\"https:\/\/librairie7l.com\/en\/?s={search_term_string}\"},\"query-input\":\"required name=search_term_string\"}],\"inLanguage\":\"en-US\"},{\"@type\":\"Organization\",\"@id\":\"https:\/\/librairie7l.com\/en\/#organization\",\"name\":\"Librairie 7L\",\"url\":\"https:\/\/librairie7l.com\/en\/\",\"logo\":{\"@type\":\"ImageObject\",\"inLanguage\":\"en-US\",\"@id\":\"https:\/\/librairie7l.com\/en\/#\/schema\/logo\/image\/\",\"url\":\"https:\/\/librairie7l.com\/wp-content\/uploads\/2022\/08\/logo-1.png\",\"contentUrl\":\"https:\/\/librairie7l.com\/wp-content\/uploads\/2022\/08\/logo-1.png\",\"width\":227,\"height\":301,\"caption\":\"Librairie 7L\"},\"image\":{\"@id\":\"https:\/\/librairie7l.com\/en\/#\/schema\/logo\/image\/\"}}]}<\/script>\n<!-- \/ Yoast SEO plugin. -->","yoast_head_json":{"title":"S\u00e9eberger Fr\u00e8res - Librairie 7L","robots":{"index":"index","follow":"follow","max-snippet":"max-snippet:-1","max-image-preview":"max-image-preview:large","max-video-preview":"max-video-preview:-1"},"canonical":"https:\/\/librairie7l.com\/en\/produit\/seeberger-freres-2\/","og_locale":"en_US","og_type":"article","og_title":"S\u00e9eberger Fr\u00e8res - Librairie 7L","og_description":"Devenue une r\u00e9f\u00e9rence dans l&#8217;histoire du livre de photographie, la collection Photo Poche poursuit son travail de d\u00e9voilement des grands noms, courants et \u00e9coles de l&#8217;histoire de la photographie. Premi\u00e8re collection de livres de photographie au format de poche, elle propose des ouvrages soigneusement imprim\u00e9s, maniables par leur format, accessibles par leur prix, \u00e0 tous [&hellip;]","og_url":"https:\/\/librairie7l.com\/en\/produit\/seeberger-freres-2\/","og_site_name":"Librairie 7L","article_modified_time":"2026-04-21T23:14:53+00:00","og_image":[{"width":600,"height":910,"url":"https:\/\/librairie7l.com\/wp-content\/uploads\/2005\/05\/9782742756865_1_75.jpg","type":"image\/jpeg"}],"twitter_card":"summary_large_image","twitter_misc":{"Est. reading time":"1 minute"},"schema":{"@context":"https:\/\/schema.org","@graph":[{"@type":"WebPage","@id":"https:\/\/librairie7l.com\/en\/produit\/seeberger-freres-2\/","url":"https:\/\/librairie7l.com\/en\/produit\/seeberger-freres-2\/","name":"S\u00e9eberger Fr\u00e8res - Librairie 7L","isPartOf":{"@id":"https:\/\/librairie7l.com\/en\/#website"},"datePublished":"2025-01-27T10:17:40+00:00","dateModified":"2026-04-21T23:14:53+00:00","breadcrumb":{"@id":"https:\/\/librairie7l.com\/en\/produit\/seeberger-freres-2\/#breadcrumb"},"inLanguage":"en-US","potentialAction":[{"@type":"ReadAction","target":["https:\/\/librairie7l.com\/en\/produit\/seeberger-freres-2\/"]}]},{"@type":"BreadcrumbList","@id":"https:\/\/librairie7l.com\/en\/produit\/seeberger-freres-2\/#breadcrumb","itemListElement":[{"@type":"ListItem","position":1,"name":"Accueil","item":"https:\/\/librairie7l.com\/en\/"},{"@type":"ListItem","position":2,"name":"Shop","item":"https:\/\/librairie7l.com\/en\/shop\/"},{"@type":"ListItem","position":3,"name":"S\u00c9EBERGER FR\u00c8RES"}]},{"@type":"WebSite","@id":"https:\/\/librairie7l.com\/en\/#website","url":"https:\/\/librairie7l.com\/en\/","name":"Librairie 7L","description":"Librairie fond\u00e9e en 1999 par Karl Lagerfeld \u00e0 Paris","publisher":{"@id":"https:\/\/librairie7l.com\/en\/#organization"},"potentialAction":[{"@type":"SearchAction","target":{"@type":"EntryPoint","urlTemplate":"https:\/\/librairie7l.com\/en\/?s={search_term_string}"},"query-input":"required name=search_term_string"}],"inLanguage":"en-US"},{"@type":"Organization","@id":"https:\/\/librairie7l.com\/en\/#organization","name":"Librairie 7L","url":"https:\/\/librairie7l.com\/en\/","logo":{"@type":"ImageObject","inLanguage":"en-US","@id":"https:\/\/librairie7l.com\/en\/#\/schema\/logo\/image\/","url":"https:\/\/librairie7l.com\/wp-content\/uploads\/2022\/08\/logo-1.png","contentUrl":"https:\/\/librairie7l.com\/wp-content\/uploads\/2022\/08\/logo-1.png","width":227,"height":301,"caption":"Librairie 7L"},"image":{"@id":"https:\/\/librairie7l.com\/en\/#\/schema\/logo\/image\/"}}]}},"_links":{"self":[{"href":"https:\/\/librairie7l.com\/en\/wp-json\/wp\/v2\/product\/45771"}],"collection":[{"href":"https:\/\/librairie7l.com\/en\/wp-json\/wp\/v2\/product"}],"about":[{"href":"https:\/\/librairie7l.com\/en\/wp-json\/wp\/v2\/types\/product"}],"wp:featuredmedia":[{"embeddable":true,"href":"https:\/\/librairie7l.com\/en\/wp-json\/wp\/v2\/media\/45769"}],"wp:attachment":[{"href":"https:\/\/librairie7l.com\/en\/wp-json\/wp\/v2\/media?parent=45771"}],"wp:term":[{"taxonomy":"product_cat","embeddable":true,"href":"https:\/\/librairie7l.com\/en\/wp-json\/wp\/v2\/product_cat?post=45771"},{"taxonomy":"product_tag","embeddable":true,"href":"https:\/\/librairie7l.com\/en\/wp-json\/wp\/v2\/product_tag?post=45771"}],"curies":[{"name":"wp","href":"https:\/\/api.w.org\/{rel}","templated":true}]}}