{"id":45779,"date":"2025-01-27T11:17:49","date_gmt":"2025-01-27T10:17:49","guid":{"rendered":"https:\/\/librairie7l.com\/?post_type=product&#038;p=45779"},"modified":"2026-04-17T18:30:03","modified_gmt":"2026-04-17T16:30:03","slug":"les-lionnes-de-la-riviera-2","status":"publish","type":"product","link":"https:\/\/librairie7l.com\/en\/produit\/les-lionnes-de-la-riviera-2\/","title":{"rendered":"LES LIONNES DE LA RIVIERA"},"content":{"rendered":"<p>A leur fa\u00e7on d&#8217;arpenter le tapis rouge sous les palmiers fr\u00e9missants, on reconna\u00eet les Lionnes : \u00eatre \u00e0 l&#8217;aise est une gr\u00e2ce. Qu&#8217;elles soient Am\u00e9ricaines comme Grace de Monaco ou Florence Gould, Russes comme Lydia Varsano, Italiennes comme Ljuba Rizzoli, Fran\u00e7aises comme Carven, Ultra Violet ou B\u00e9atrice Ephrussi de Rothschild, elles ont l\u00e9oninement oeuvr\u00e9 \u00e0 l&#8217;aura de la Riviera, \u00e0 son art de vivre, \u00e0 son chic si particulier. Souvent n\u00e9es sous le signe du Lion &#8211; ou ascendant -, archiconnues ou moins connues, elles n&#8217;\u00e9coutent que leur courage et foncent. Ce livre permet d&#8217;en d\u00e9couvrir une quinzaine dans leur vie quotidienne et leurs extravagances, d&#8217;hier comme d&#8217;aujourd&#8217;hui.<\/p>\n","protected":false},"excerpt":{"rendered":"<p>A leur fa\u00e7on d&#8217;arpenter le tapis rouge sous les palmiers fr\u00e9missants, on reconna\u00eet les Lionnes : \u00eatre \u00e0 l&#8217;aise est une gr\u00e2ce. Qu&#8217;elles soient Am\u00e9ricaines comme Grace de Monaco ou Florence Gould, Russes comme Lydia Varsano, Italiennes comme Ljuba Rizzoli, Fran\u00e7aises comme Carven, Ultra Violet ou B\u00e9atrice Ephrussi de Rothschild, elles ont l\u00e9oninement oeuvr\u00e9 \u00e0 [&hellip;]<\/p>\n","protected":false},"featured_media":45777,"template":"","meta":[],"product_cat":[2948,2953],"product_tag":[],"acf":[],"yoast_head":"<!-- This site is optimized with the Yoast SEO plugin v20.11 - https:\/\/yoast.com\/wordpress\/plugins\/seo\/ -->\n<title>Les lionnes de la Riviera - Librairie 7L<\/title>\n<meta name=\"robots\" content=\"index, follow, max-snippet:-1, max-image-preview:large, max-video-preview:-1\" \/>\n<link rel=\"canonical\" href=\"https:\/\/librairie7l.com\/en\/produit\/les-lionnes-de-la-riviera-2\/\" \/>\n<meta property=\"og:locale\" content=\"en_US\" \/>\n<meta property=\"og:type\" content=\"article\" \/>\n<meta property=\"og:title\" content=\"Les lionnes de la Riviera - Librairie 7L\" \/>\n<meta property=\"og:description\" content=\"A leur fa\u00e7on d&#8217;arpenter le tapis rouge sous les palmiers fr\u00e9missants, on reconna\u00eet les Lionnes : \u00eatre \u00e0 l&#8217;aise est une gr\u00e2ce. Qu&#8217;elles soient Am\u00e9ricaines comme Grace de Monaco ou Florence Gould, Russes comme Lydia Varsano, Italiennes comme Ljuba Rizzoli, Fran\u00e7aises comme Carven, Ultra Violet ou B\u00e9atrice Ephrussi de Rothschild, elles ont l\u00e9oninement oeuvr\u00e9 \u00e0 [&hellip;]\" \/>\n<meta property=\"og:url\" content=\"https:\/\/librairie7l.com\/en\/produit\/les-lionnes-de-la-riviera-2\/\" \/>\n<meta property=\"og:site_name\" content=\"Librairie 7L\" \/>\n<meta property=\"article:modified_time\" content=\"2026-04-17T16:30:03+00:00\" \/>\n<meta property=\"og:image\" content=\"https:\/\/librairie7l.com\/wp-content\/uploads\/2009\/01\/9782756401096_1_75.jpg\" \/>\n\t<meta property=\"og:image:width\" content=\"420\" \/>\n\t<meta property=\"og:image:height\" content=\"667\" \/>\n\t<meta property=\"og:image:type\" content=\"image\/jpeg\" \/>\n<meta name=\"twitter:card\" content=\"summary_large_image\" \/>\n<meta name=\"twitter:label1\" content=\"Est. reading time\" \/>\n\t<meta name=\"twitter:data1\" content=\"1 minute\" \/>\n<script type=\"application\/ld+json\" class=\"yoast-schema-graph\">{\"@context\":\"https:\/\/schema.org\",\"@graph\":[{\"@type\":\"WebPage\",\"@id\":\"https:\/\/librairie7l.com\/en\/produit\/les-lionnes-de-la-riviera-2\/\",\"url\":\"https:\/\/librairie7l.com\/en\/produit\/les-lionnes-de-la-riviera-2\/\",\"name\":\"Les lionnes de la Riviera - Librairie 7L\",\"isPartOf\":{\"@id\":\"https:\/\/librairie7l.com\/en\/#website\"},\"datePublished\":\"2025-01-27T10:17:49+00:00\",\"dateModified\":\"2026-04-17T16:30:03+00:00\",\"breadcrumb\":{\"@id\":\"https:\/\/librairie7l.com\/en\/produit\/les-lionnes-de-la-riviera-2\/#breadcrumb\"},\"inLanguage\":\"en-US\",\"potentialAction\":[{\"@type\":\"ReadAction\",\"target\":[\"https:\/\/librairie7l.com\/en\/produit\/les-lionnes-de-la-riviera-2\/\"]}]},{\"@type\":\"BreadcrumbList\",\"@id\":\"https:\/\/librairie7l.com\/en\/produit\/les-lionnes-de-la-riviera-2\/#breadcrumb\",\"itemListElement\":[{\"@type\":\"ListItem\",\"position\":1,\"name\":\"Accueil\",\"item\":\"https:\/\/librairie7l.com\/en\/\"},{\"@type\":\"ListItem\",\"position\":2,\"name\":\"Shop\",\"item\":\"https:\/\/librairie7l.com\/en\/shop\/\"},{\"@type\":\"ListItem\",\"position\":3,\"name\":\"LES LIONNES DE LA RIVIERA\"}]},{\"@type\":\"WebSite\",\"@id\":\"https:\/\/librairie7l.com\/en\/#website\",\"url\":\"https:\/\/librairie7l.com\/en\/\",\"name\":\"Librairie 7L\",\"description\":\"Librairie fond\u00e9e en 1999 par Karl Lagerfeld \u00e0 Paris\",\"publisher\":{\"@id\":\"https:\/\/librairie7l.com\/en\/#organization\"},\"potentialAction\":[{\"@type\":\"SearchAction\",\"target\":{\"@type\":\"EntryPoint\",\"urlTemplate\":\"https:\/\/librairie7l.com\/en\/?s={search_term_string}\"},\"query-input\":\"required name=search_term_string\"}],\"inLanguage\":\"en-US\"},{\"@type\":\"Organization\",\"@id\":\"https:\/\/librairie7l.com\/en\/#organization\",\"name\":\"Librairie 7L\",\"url\":\"https:\/\/librairie7l.com\/en\/\",\"logo\":{\"@type\":\"ImageObject\",\"inLanguage\":\"en-US\",\"@id\":\"https:\/\/librairie7l.com\/en\/#\/schema\/logo\/image\/\",\"url\":\"https:\/\/librairie7l.com\/wp-content\/uploads\/2022\/08\/logo-1.png\",\"contentUrl\":\"https:\/\/librairie7l.com\/wp-content\/uploads\/2022\/08\/logo-1.png\",\"width\":227,\"height\":301,\"caption\":\"Librairie 7L\"},\"image\":{\"@id\":\"https:\/\/librairie7l.com\/en\/#\/schema\/logo\/image\/\"}}]}<\/script>\n<!-- \/ Yoast SEO plugin. -->","yoast_head_json":{"title":"Les lionnes de la Riviera - Librairie 7L","robots":{"index":"index","follow":"follow","max-snippet":"max-snippet:-1","max-image-preview":"max-image-preview:large","max-video-preview":"max-video-preview:-1"},"canonical":"https:\/\/librairie7l.com\/en\/produit\/les-lionnes-de-la-riviera-2\/","og_locale":"en_US","og_type":"article","og_title":"Les lionnes de la Riviera - Librairie 7L","og_description":"A leur fa\u00e7on d&#8217;arpenter le tapis rouge sous les palmiers fr\u00e9missants, on reconna\u00eet les Lionnes : \u00eatre \u00e0 l&#8217;aise est une gr\u00e2ce. Qu&#8217;elles soient Am\u00e9ricaines comme Grace de Monaco ou Florence Gould, Russes comme Lydia Varsano, Italiennes comme Ljuba Rizzoli, Fran\u00e7aises comme Carven, Ultra Violet ou B\u00e9atrice Ephrussi de Rothschild, elles ont l\u00e9oninement oeuvr\u00e9 \u00e0 [&hellip;]","og_url":"https:\/\/librairie7l.com\/en\/produit\/les-lionnes-de-la-riviera-2\/","og_site_name":"Librairie 7L","article_modified_time":"2026-04-17T16:30:03+00:00","og_image":[{"width":420,"height":667,"url":"https:\/\/librairie7l.com\/wp-content\/uploads\/2009\/01\/9782756401096_1_75.jpg","type":"image\/jpeg"}],"twitter_card":"summary_large_image","twitter_misc":{"Est. reading time":"1 minute"},"schema":{"@context":"https:\/\/schema.org","@graph":[{"@type":"WebPage","@id":"https:\/\/librairie7l.com\/en\/produit\/les-lionnes-de-la-riviera-2\/","url":"https:\/\/librairie7l.com\/en\/produit\/les-lionnes-de-la-riviera-2\/","name":"Les lionnes de la Riviera - Librairie 7L","isPartOf":{"@id":"https:\/\/librairie7l.com\/en\/#website"},"datePublished":"2025-01-27T10:17:49+00:00","dateModified":"2026-04-17T16:30:03+00:00","breadcrumb":{"@id":"https:\/\/librairie7l.com\/en\/produit\/les-lionnes-de-la-riviera-2\/#breadcrumb"},"inLanguage":"en-US","potentialAction":[{"@type":"ReadAction","target":["https:\/\/librairie7l.com\/en\/produit\/les-lionnes-de-la-riviera-2\/"]}]},{"@type":"BreadcrumbList","@id":"https:\/\/librairie7l.com\/en\/produit\/les-lionnes-de-la-riviera-2\/#breadcrumb","itemListElement":[{"@type":"ListItem","position":1,"name":"Accueil","item":"https:\/\/librairie7l.com\/en\/"},{"@type":"ListItem","position":2,"name":"Shop","item":"https:\/\/librairie7l.com\/en\/shop\/"},{"@type":"ListItem","position":3,"name":"LES LIONNES DE LA RIVIERA"}]},{"@type":"WebSite","@id":"https:\/\/librairie7l.com\/en\/#website","url":"https:\/\/librairie7l.com\/en\/","name":"Librairie 7L","description":"Librairie fond\u00e9e en 1999 par Karl Lagerfeld \u00e0 Paris","publisher":{"@id":"https:\/\/librairie7l.com\/en\/#organization"},"potentialAction":[{"@type":"SearchAction","target":{"@type":"EntryPoint","urlTemplate":"https:\/\/librairie7l.com\/en\/?s={search_term_string}"},"query-input":"required name=search_term_string"}],"inLanguage":"en-US"},{"@type":"Organization","@id":"https:\/\/librairie7l.com\/en\/#organization","name":"Librairie 7L","url":"https:\/\/librairie7l.com\/en\/","logo":{"@type":"ImageObject","inLanguage":"en-US","@id":"https:\/\/librairie7l.com\/en\/#\/schema\/logo\/image\/","url":"https:\/\/librairie7l.com\/wp-content\/uploads\/2022\/08\/logo-1.png","contentUrl":"https:\/\/librairie7l.com\/wp-content\/uploads\/2022\/08\/logo-1.png","width":227,"height":301,"caption":"Librairie 7L"},"image":{"@id":"https:\/\/librairie7l.com\/en\/#\/schema\/logo\/image\/"}}]}},"_links":{"self":[{"href":"https:\/\/librairie7l.com\/en\/wp-json\/wp\/v2\/product\/45779"}],"collection":[{"href":"https:\/\/librairie7l.com\/en\/wp-json\/wp\/v2\/product"}],"about":[{"href":"https:\/\/librairie7l.com\/en\/wp-json\/wp\/v2\/types\/product"}],"wp:featuredmedia":[{"embeddable":true,"href":"https:\/\/librairie7l.com\/en\/wp-json\/wp\/v2\/media\/45777"}],"wp:attachment":[{"href":"https:\/\/librairie7l.com\/en\/wp-json\/wp\/v2\/media?parent=45779"}],"wp:term":[{"taxonomy":"product_cat","embeddable":true,"href":"https:\/\/librairie7l.com\/en\/wp-json\/wp\/v2\/product_cat?post=45779"},{"taxonomy":"product_tag","embeddable":true,"href":"https:\/\/librairie7l.com\/en\/wp-json\/wp\/v2\/product_tag?post=45779"}],"curies":[{"name":"wp","href":"https:\/\/api.w.org\/{rel}","templated":true}]}}