{"id":45783,"date":"2025-01-27T11:17:53","date_gmt":"2025-01-27T10:17:53","guid":{"rendered":"https:\/\/librairie7l.com\/?post_type=product&#038;p=45783"},"modified":"2026-04-15T09:52:05","modified_gmt":"2026-04-15T07:52:05","slug":"picasso-et-les-ballets-russes-entre-italie-et-espagne-2","status":"publish","type":"product","link":"https:\/\/librairie7l.com\/en\/produit\/picasso-et-les-ballets-russes-entre-italie-et-espagne-2\/","title":{"rendered":"PICASSO ET LES BALLETS RUSSES ; ENTRE ITALIE ET ESPAGNE"},"content":{"rendered":"<p>Entre 1916 et 1921, Picasso collabore \u00e0 quatre spectacles de Sergei Diaghilev pour lesquels il r\u00e9alise d\u00e9cors et costumes\u00a0: les ballets \u00abParade \u00bb(1917), \u00abTricorne \u00bb(1919), \u00abPulcinella\u00bb (1920), et \u00abCuadro Flamenco\u00bb (1921). Cette exp\u00e9rience expose le peintre au langage du corps et de la danse, lui inspirant de nouvelles possibilit\u00e9s formelles, qu&#8217;il m\u00eale \u00e0 des \u00e9l\u00e9ments emprunt\u00e9s au th\u00e9\u00e2tre de marionnettes, \u00e0 la commedia dell&#8217;arte, \u00e0 l&#8217;art sacr\u00e9 ou encore au folklore espagnol. Confrontant oeuvres de l&#8217;artiste (toiles, dessins, esquisses, maquettes, costumes) et objets issus des collections du Mucem, ce catalogue d&#8217;exposition (Mucem, 16 f\u00e9vrier au 24 juin 2018) montre comment Picasso a su assimiler et r\u00e9interpr\u00e9ter les traditions figuratives de son temps, pour les placer au centre d&#8217;une nouvelle modernit\u00e9.<\/p>\n","protected":false},"excerpt":{"rendered":"<p>Entre 1916 et 1921, Picasso collabore \u00e0 quatre spectacles de Sergei Diaghilev pour lesquels il r\u00e9alise d\u00e9cors et costumes\u00a0: les ballets \u00abParade \u00bb(1917), \u00abTricorne \u00bb(1919), \u00abPulcinella\u00bb (1920), et \u00abCuadro Flamenco\u00bb (1921). Cette exp\u00e9rience expose le peintre au langage du corps et de la danse, lui inspirant de nouvelles possibilit\u00e9s formelles, qu&#8217;il m\u00eale \u00e0 des \u00e9l\u00e9ments [&hellip;]<\/p>\n","protected":false},"featured_media":45781,"template":"","meta":[],"product_cat":[2948,2953],"product_tag":[],"acf":[],"yoast_head":"<!-- This site is optimized with the Yoast SEO plugin v20.11 - https:\/\/yoast.com\/wordpress\/plugins\/seo\/ -->\n<title>Picasso et les ballets russes ; entre Italie et Espagne - Librairie 7L<\/title>\n<meta name=\"robots\" content=\"index, follow, max-snippet:-1, max-image-preview:large, max-video-preview:-1\" \/>\n<link rel=\"canonical\" href=\"https:\/\/librairie7l.com\/en\/produit\/picasso-et-les-ballets-russes-entre-italie-et-espagne-2\/\" \/>\n<meta property=\"og:locale\" content=\"en_US\" \/>\n<meta property=\"og:type\" content=\"article\" \/>\n<meta property=\"og:title\" content=\"Picasso et les ballets russes ; entre Italie et Espagne - Librairie 7L\" \/>\n<meta property=\"og:description\" content=\"Entre 1916 et 1921, Picasso collabore \u00e0 quatre spectacles de Sergei Diaghilev pour lesquels il r\u00e9alise d\u00e9cors et costumes\u00a0: les ballets \u00abParade \u00bb(1917), \u00abTricorne \u00bb(1919), \u00abPulcinella\u00bb (1920), et \u00abCuadro Flamenco\u00bb (1921). Cette exp\u00e9rience expose le peintre au langage du corps et de la danse, lui inspirant de nouvelles possibilit\u00e9s formelles, qu&#8217;il m\u00eale \u00e0 des \u00e9l\u00e9ments [&hellip;]\" \/>\n<meta property=\"og:url\" content=\"https:\/\/librairie7l.com\/en\/produit\/picasso-et-les-ballets-russes-entre-italie-et-espagne-2\/\" \/>\n<meta property=\"og:site_name\" content=\"Librairie 7L\" \/>\n<meta property=\"article:modified_time\" content=\"2026-04-15T07:52:05+00:00\" \/>\n<meta property=\"og:image\" content=\"https:\/\/librairie7l.com\/wp-content\/uploads\/2017\/11\/9782330096762_1_75.jpg\" \/>\n\t<meta property=\"og:image:width\" content=\"500\" \/>\n\t<meta property=\"og:image:height\" content=\"583\" \/>\n\t<meta property=\"og:image:type\" content=\"image\/jpeg\" \/>\n<meta name=\"twitter:card\" content=\"summary_large_image\" \/>\n<meta name=\"twitter:label1\" content=\"Est. reading time\" \/>\n\t<meta name=\"twitter:data1\" content=\"1 minute\" \/>\n<script type=\"application\/ld+json\" class=\"yoast-schema-graph\">{\"@context\":\"https:\/\/schema.org\",\"@graph\":[{\"@type\":\"WebPage\",\"@id\":\"https:\/\/librairie7l.com\/en\/produit\/picasso-et-les-ballets-russes-entre-italie-et-espagne-2\/\",\"url\":\"https:\/\/librairie7l.com\/en\/produit\/picasso-et-les-ballets-russes-entre-italie-et-espagne-2\/\",\"name\":\"Picasso et les ballets russes ; entre Italie et Espagne - Librairie 7L\",\"isPartOf\":{\"@id\":\"https:\/\/librairie7l.com\/en\/#website\"},\"datePublished\":\"2025-01-27T10:17:53+00:00\",\"dateModified\":\"2026-04-15T07:52:05+00:00\",\"breadcrumb\":{\"@id\":\"https:\/\/librairie7l.com\/en\/produit\/picasso-et-les-ballets-russes-entre-italie-et-espagne-2\/#breadcrumb\"},\"inLanguage\":\"en-US\",\"potentialAction\":[{\"@type\":\"ReadAction\",\"target\":[\"https:\/\/librairie7l.com\/en\/produit\/picasso-et-les-ballets-russes-entre-italie-et-espagne-2\/\"]}]},{\"@type\":\"BreadcrumbList\",\"@id\":\"https:\/\/librairie7l.com\/en\/produit\/picasso-et-les-ballets-russes-entre-italie-et-espagne-2\/#breadcrumb\",\"itemListElement\":[{\"@type\":\"ListItem\",\"position\":1,\"name\":\"Accueil\",\"item\":\"https:\/\/librairie7l.com\/en\/\"},{\"@type\":\"ListItem\",\"position\":2,\"name\":\"Shop\",\"item\":\"https:\/\/librairie7l.com\/en\/shop\/\"},{\"@type\":\"ListItem\",\"position\":3,\"name\":\"PICASSO ET LES BALLETS RUSSES ; ENTRE ITALIE ET ESPAGNE\"}]},{\"@type\":\"WebSite\",\"@id\":\"https:\/\/librairie7l.com\/en\/#website\",\"url\":\"https:\/\/librairie7l.com\/en\/\",\"name\":\"Librairie 7L\",\"description\":\"Librairie fond\u00e9e en 1999 par Karl Lagerfeld \u00e0 Paris\",\"publisher\":{\"@id\":\"https:\/\/librairie7l.com\/en\/#organization\"},\"potentialAction\":[{\"@type\":\"SearchAction\",\"target\":{\"@type\":\"EntryPoint\",\"urlTemplate\":\"https:\/\/librairie7l.com\/en\/?s={search_term_string}\"},\"query-input\":\"required name=search_term_string\"}],\"inLanguage\":\"en-US\"},{\"@type\":\"Organization\",\"@id\":\"https:\/\/librairie7l.com\/en\/#organization\",\"name\":\"Librairie 7L\",\"url\":\"https:\/\/librairie7l.com\/en\/\",\"logo\":{\"@type\":\"ImageObject\",\"inLanguage\":\"en-US\",\"@id\":\"https:\/\/librairie7l.com\/en\/#\/schema\/logo\/image\/\",\"url\":\"https:\/\/librairie7l.com\/wp-content\/uploads\/2022\/08\/logo-1.png\",\"contentUrl\":\"https:\/\/librairie7l.com\/wp-content\/uploads\/2022\/08\/logo-1.png\",\"width\":227,\"height\":301,\"caption\":\"Librairie 7L\"},\"image\":{\"@id\":\"https:\/\/librairie7l.com\/en\/#\/schema\/logo\/image\/\"}}]}<\/script>\n<!-- \/ Yoast SEO plugin. -->","yoast_head_json":{"title":"Picasso et les ballets russes ; entre Italie et Espagne - Librairie 7L","robots":{"index":"index","follow":"follow","max-snippet":"max-snippet:-1","max-image-preview":"max-image-preview:large","max-video-preview":"max-video-preview:-1"},"canonical":"https:\/\/librairie7l.com\/en\/produit\/picasso-et-les-ballets-russes-entre-italie-et-espagne-2\/","og_locale":"en_US","og_type":"article","og_title":"Picasso et les ballets russes ; entre Italie et Espagne - Librairie 7L","og_description":"Entre 1916 et 1921, Picasso collabore \u00e0 quatre spectacles de Sergei Diaghilev pour lesquels il r\u00e9alise d\u00e9cors et costumes\u00a0: les ballets \u00abParade \u00bb(1917), \u00abTricorne \u00bb(1919), \u00abPulcinella\u00bb (1920), et \u00abCuadro Flamenco\u00bb (1921). Cette exp\u00e9rience expose le peintre au langage du corps et de la danse, lui inspirant de nouvelles possibilit\u00e9s formelles, qu&#8217;il m\u00eale \u00e0 des \u00e9l\u00e9ments [&hellip;]","og_url":"https:\/\/librairie7l.com\/en\/produit\/picasso-et-les-ballets-russes-entre-italie-et-espagne-2\/","og_site_name":"Librairie 7L","article_modified_time":"2026-04-15T07:52:05+00:00","og_image":[{"width":500,"height":583,"url":"https:\/\/librairie7l.com\/wp-content\/uploads\/2017\/11\/9782330096762_1_75.jpg","type":"image\/jpeg"}],"twitter_card":"summary_large_image","twitter_misc":{"Est. reading time":"1 minute"},"schema":{"@context":"https:\/\/schema.org","@graph":[{"@type":"WebPage","@id":"https:\/\/librairie7l.com\/en\/produit\/picasso-et-les-ballets-russes-entre-italie-et-espagne-2\/","url":"https:\/\/librairie7l.com\/en\/produit\/picasso-et-les-ballets-russes-entre-italie-et-espagne-2\/","name":"Picasso et les ballets russes ; entre Italie et Espagne - Librairie 7L","isPartOf":{"@id":"https:\/\/librairie7l.com\/en\/#website"},"datePublished":"2025-01-27T10:17:53+00:00","dateModified":"2026-04-15T07:52:05+00:00","breadcrumb":{"@id":"https:\/\/librairie7l.com\/en\/produit\/picasso-et-les-ballets-russes-entre-italie-et-espagne-2\/#breadcrumb"},"inLanguage":"en-US","potentialAction":[{"@type":"ReadAction","target":["https:\/\/librairie7l.com\/en\/produit\/picasso-et-les-ballets-russes-entre-italie-et-espagne-2\/"]}]},{"@type":"BreadcrumbList","@id":"https:\/\/librairie7l.com\/en\/produit\/picasso-et-les-ballets-russes-entre-italie-et-espagne-2\/#breadcrumb","itemListElement":[{"@type":"ListItem","position":1,"name":"Accueil","item":"https:\/\/librairie7l.com\/en\/"},{"@type":"ListItem","position":2,"name":"Shop","item":"https:\/\/librairie7l.com\/en\/shop\/"},{"@type":"ListItem","position":3,"name":"PICASSO ET LES BALLETS RUSSES ; ENTRE ITALIE ET ESPAGNE"}]},{"@type":"WebSite","@id":"https:\/\/librairie7l.com\/en\/#website","url":"https:\/\/librairie7l.com\/en\/","name":"Librairie 7L","description":"Librairie fond\u00e9e en 1999 par Karl Lagerfeld \u00e0 Paris","publisher":{"@id":"https:\/\/librairie7l.com\/en\/#organization"},"potentialAction":[{"@type":"SearchAction","target":{"@type":"EntryPoint","urlTemplate":"https:\/\/librairie7l.com\/en\/?s={search_term_string}"},"query-input":"required name=search_term_string"}],"inLanguage":"en-US"},{"@type":"Organization","@id":"https:\/\/librairie7l.com\/en\/#organization","name":"Librairie 7L","url":"https:\/\/librairie7l.com\/en\/","logo":{"@type":"ImageObject","inLanguage":"en-US","@id":"https:\/\/librairie7l.com\/en\/#\/schema\/logo\/image\/","url":"https:\/\/librairie7l.com\/wp-content\/uploads\/2022\/08\/logo-1.png","contentUrl":"https:\/\/librairie7l.com\/wp-content\/uploads\/2022\/08\/logo-1.png","width":227,"height":301,"caption":"Librairie 7L"},"image":{"@id":"https:\/\/librairie7l.com\/en\/#\/schema\/logo\/image\/"}}]}},"_links":{"self":[{"href":"https:\/\/librairie7l.com\/en\/wp-json\/wp\/v2\/product\/45783"}],"collection":[{"href":"https:\/\/librairie7l.com\/en\/wp-json\/wp\/v2\/product"}],"about":[{"href":"https:\/\/librairie7l.com\/en\/wp-json\/wp\/v2\/types\/product"}],"wp:featuredmedia":[{"embeddable":true,"href":"https:\/\/librairie7l.com\/en\/wp-json\/wp\/v2\/media\/45781"}],"wp:attachment":[{"href":"https:\/\/librairie7l.com\/en\/wp-json\/wp\/v2\/media?parent=45783"}],"wp:term":[{"taxonomy":"product_cat","embeddable":true,"href":"https:\/\/librairie7l.com\/en\/wp-json\/wp\/v2\/product_cat?post=45783"},{"taxonomy":"product_tag","embeddable":true,"href":"https:\/\/librairie7l.com\/en\/wp-json\/wp\/v2\/product_tag?post=45783"}],"curies":[{"name":"wp","href":"https:\/\/api.w.org\/{rel}","templated":true}]}}