{"id":45819,"date":"2025-01-27T11:40:24","date_gmt":"2025-01-27T10:40:24","guid":{"rendered":"https:\/\/librairie7l.com\/?post_type=product&#038;p=45819"},"modified":"2026-04-16T17:33:07","modified_gmt":"2026-04-16T15:33:07","slug":"emilio-terry-1890-1969-etudes-sur-larchitecte-et-le-decorateur-2","status":"publish","type":"product","link":"https:\/\/librairie7l.com\/en\/produit\/emilio-terry-1890-1969-etudes-sur-larchitecte-et-le-decorateur-2\/","title":{"rendered":"EMILIO TERRY 1890-1969 ; \u00c9TUDES SUR L&#8217;ARCHITECTE ET LE D\u00c9CORATEUR"},"content":{"rendered":"<p>Jusqu&#8217;\u00e0 pr\u00e9sent aucun ouvrage n&#8217;a jamais \u00e9t\u00e9 consacr\u00e9 \u00e0 l&#8217;architecte et d\u00e9corateur Emilio Terry. L&#8217;ami de Jean-Michel Franck, Christian B\u00e9rard, Boris Kochno, Paul Morand, Julien Green, Dali, des Noailles et de tant d&#8217;autres, est pourtant une figure embl\u00e9matique de l&#8217;\u00e9poque foisonnante et brillante de l&#8217;entre-deux guerres. Il a l\u00e9gu\u00e9 une documentation abondante sur son travail, au mus\u00e9e des arts d\u00e9coratifs de Paris afin qu&#8217;elle soit mis \u00e0 la disposition du public.<br \/>\nC&#8217;est cet ensemble de notes, carnets, plans et maquettes que l&#8217;auteur a consult\u00e9 pendant plus de trois ans pour \u00e9crire ces \u00e9tudes et apporter un maximum de pr\u00e9cisions sur les principaux am\u00e9nagements et chantiers dont Emilio Terry s&#8217;est occup\u00e9 tout au long de sa vie. Pour la premi\u00e8re fois, dans un domaine o\u00f9 beaucoup a \u00e9t\u00e9 dit et \u00e9crit, la documentation originale du cr\u00e9ateur vient \u00e9tayer un texte remarquable qui apporte une meilleure compr\u00e9hension de son travail.<br \/>\nL&#8217;auteur y pr\u00e9sente notamment les chantiers de : Amphion, Lutry, Clavary, la villa Loste, l&#8217;H\u00f4tel de Chanaleilles, etc&#8230; Une biographie tr\u00e8s \u00e9vocatrice et des annexes abondantes font de ce livre un ouvrage de r\u00e9f\u00e9rence qui s\u00e9duira \u00e0 la fois les passionn\u00e9s d&#8217;histoire du go\u00fbt et les amateurs d&#8217;architecture et de d\u00e9coration.<\/p>\n","protected":false},"excerpt":{"rendered":"<p>Jusqu&#8217;\u00e0 pr\u00e9sent aucun ouvrage n&#8217;a jamais \u00e9t\u00e9 consacr\u00e9 \u00e0 l&#8217;architecte et d\u00e9corateur Emilio Terry. L&#8217;ami de Jean-Michel Franck, Christian B\u00e9rard, Boris Kochno, Paul Morand, Julien Green, Dali, des Noailles et de tant d&#8217;autres, est pourtant une figure embl\u00e9matique de l&#8217;\u00e9poque foisonnante et brillante de l&#8217;entre-deux guerres. Il a l\u00e9gu\u00e9 une documentation abondante sur son travail, [&hellip;]<\/p>\n","protected":false},"featured_media":45817,"template":"","meta":[],"product_cat":[2948,2952],"product_tag":[],"acf":[],"yoast_head":"<!-- This site is optimized with the Yoast SEO plugin v20.11 - https:\/\/yoast.com\/wordpress\/plugins\/seo\/ -->\n<title>Emilio Terry 1890-1969 ; \u00e9tudes sur l&#039;architecte et le d\u00e9corateur - Librairie 7L<\/title>\n<meta name=\"robots\" content=\"index, follow, max-snippet:-1, max-image-preview:large, max-video-preview:-1\" \/>\n<link rel=\"canonical\" href=\"https:\/\/librairie7l.com\/en\/produit\/emilio-terry-1890-1969-etudes-sur-larchitecte-et-le-decorateur-2\/\" \/>\n<meta property=\"og:locale\" content=\"en_US\" \/>\n<meta property=\"og:type\" content=\"article\" \/>\n<meta property=\"og:title\" content=\"Emilio Terry 1890-1969 ; \u00e9tudes sur l&#039;architecte et le d\u00e9corateur - Librairie 7L\" \/>\n<meta property=\"og:description\" content=\"Jusqu&#8217;\u00e0 pr\u00e9sent aucun ouvrage n&#8217;a jamais \u00e9t\u00e9 consacr\u00e9 \u00e0 l&#8217;architecte et d\u00e9corateur Emilio Terry. L&#8217;ami de Jean-Michel Franck, Christian B\u00e9rard, Boris Kochno, Paul Morand, Julien Green, Dali, des Noailles et de tant d&#8217;autres, est pourtant une figure embl\u00e9matique de l&#8217;\u00e9poque foisonnante et brillante de l&#8217;entre-deux guerres. Il a l\u00e9gu\u00e9 une documentation abondante sur son travail, [&hellip;]\" \/>\n<meta property=\"og:url\" content=\"https:\/\/librairie7l.com\/en\/produit\/emilio-terry-1890-1969-etudes-sur-larchitecte-et-le-decorateur-2\/\" \/>\n<meta property=\"og:site_name\" content=\"Librairie 7L\" \/>\n<meta property=\"article:modified_time\" content=\"2026-04-16T15:33:07+00:00\" \/>\n<meta property=\"og:image\" content=\"https:\/\/librairie7l.com\/wp-content\/uploads\/2013\/06\/9782353401659_1_75.jpg\" \/>\n\t<meta property=\"og:image:width\" content=\"1258\" \/>\n\t<meta property=\"og:image:height\" content=\"1606\" \/>\n\t<meta property=\"og:image:type\" content=\"image\/jpeg\" \/>\n<meta name=\"twitter:card\" content=\"summary_large_image\" \/>\n<meta name=\"twitter:label1\" content=\"Est. reading time\" \/>\n\t<meta name=\"twitter:data1\" content=\"1 minute\" \/>\n<script type=\"application\/ld+json\" class=\"yoast-schema-graph\">{\"@context\":\"https:\/\/schema.org\",\"@graph\":[{\"@type\":\"WebPage\",\"@id\":\"https:\/\/librairie7l.com\/en\/produit\/emilio-terry-1890-1969-etudes-sur-larchitecte-et-le-decorateur-2\/\",\"url\":\"https:\/\/librairie7l.com\/en\/produit\/emilio-terry-1890-1969-etudes-sur-larchitecte-et-le-decorateur-2\/\",\"name\":\"Emilio Terry 1890-1969 ; \u00e9tudes sur l'architecte et le d\u00e9corateur - Librairie 7L\",\"isPartOf\":{\"@id\":\"https:\/\/librairie7l.com\/en\/#website\"},\"datePublished\":\"2025-01-27T10:40:24+00:00\",\"dateModified\":\"2026-04-16T15:33:07+00:00\",\"breadcrumb\":{\"@id\":\"https:\/\/librairie7l.com\/en\/produit\/emilio-terry-1890-1969-etudes-sur-larchitecte-et-le-decorateur-2\/#breadcrumb\"},\"inLanguage\":\"en-US\",\"potentialAction\":[{\"@type\":\"ReadAction\",\"target\":[\"https:\/\/librairie7l.com\/en\/produit\/emilio-terry-1890-1969-etudes-sur-larchitecte-et-le-decorateur-2\/\"]}]},{\"@type\":\"BreadcrumbList\",\"@id\":\"https:\/\/librairie7l.com\/en\/produit\/emilio-terry-1890-1969-etudes-sur-larchitecte-et-le-decorateur-2\/#breadcrumb\",\"itemListElement\":[{\"@type\":\"ListItem\",\"position\":1,\"name\":\"Accueil\",\"item\":\"https:\/\/librairie7l.com\/en\/\"},{\"@type\":\"ListItem\",\"position\":2,\"name\":\"Shop\",\"item\":\"https:\/\/librairie7l.com\/en\/shop\/\"},{\"@type\":\"ListItem\",\"position\":3,\"name\":\"EMILIO TERRY 1890-1969 ; \u00c9TUDES SUR L&#8217;ARCHITECTE ET LE D\u00c9CORATEUR\"}]},{\"@type\":\"WebSite\",\"@id\":\"https:\/\/librairie7l.com\/en\/#website\",\"url\":\"https:\/\/librairie7l.com\/en\/\",\"name\":\"Librairie 7L\",\"description\":\"Librairie fond\u00e9e en 1999 par Karl Lagerfeld \u00e0 Paris\",\"publisher\":{\"@id\":\"https:\/\/librairie7l.com\/en\/#organization\"},\"potentialAction\":[{\"@type\":\"SearchAction\",\"target\":{\"@type\":\"EntryPoint\",\"urlTemplate\":\"https:\/\/librairie7l.com\/en\/?s={search_term_string}\"},\"query-input\":\"required name=search_term_string\"}],\"inLanguage\":\"en-US\"},{\"@type\":\"Organization\",\"@id\":\"https:\/\/librairie7l.com\/en\/#organization\",\"name\":\"Librairie 7L\",\"url\":\"https:\/\/librairie7l.com\/en\/\",\"logo\":{\"@type\":\"ImageObject\",\"inLanguage\":\"en-US\",\"@id\":\"https:\/\/librairie7l.com\/en\/#\/schema\/logo\/image\/\",\"url\":\"https:\/\/librairie7l.com\/wp-content\/uploads\/2022\/08\/logo-1.png\",\"contentUrl\":\"https:\/\/librairie7l.com\/wp-content\/uploads\/2022\/08\/logo-1.png\",\"width\":227,\"height\":301,\"caption\":\"Librairie 7L\"},\"image\":{\"@id\":\"https:\/\/librairie7l.com\/en\/#\/schema\/logo\/image\/\"}}]}<\/script>\n<!-- \/ Yoast SEO plugin. -->","yoast_head_json":{"title":"Emilio Terry 1890-1969 ; \u00e9tudes sur l'architecte et le d\u00e9corateur - Librairie 7L","robots":{"index":"index","follow":"follow","max-snippet":"max-snippet:-1","max-image-preview":"max-image-preview:large","max-video-preview":"max-video-preview:-1"},"canonical":"https:\/\/librairie7l.com\/en\/produit\/emilio-terry-1890-1969-etudes-sur-larchitecte-et-le-decorateur-2\/","og_locale":"en_US","og_type":"article","og_title":"Emilio Terry 1890-1969 ; \u00e9tudes sur l'architecte et le d\u00e9corateur - Librairie 7L","og_description":"Jusqu&#8217;\u00e0 pr\u00e9sent aucun ouvrage n&#8217;a jamais \u00e9t\u00e9 consacr\u00e9 \u00e0 l&#8217;architecte et d\u00e9corateur Emilio Terry. L&#8217;ami de Jean-Michel Franck, Christian B\u00e9rard, Boris Kochno, Paul Morand, Julien Green, Dali, des Noailles et de tant d&#8217;autres, est pourtant une figure embl\u00e9matique de l&#8217;\u00e9poque foisonnante et brillante de l&#8217;entre-deux guerres. Il a l\u00e9gu\u00e9 une documentation abondante sur son travail, [&hellip;]","og_url":"https:\/\/librairie7l.com\/en\/produit\/emilio-terry-1890-1969-etudes-sur-larchitecte-et-le-decorateur-2\/","og_site_name":"Librairie 7L","article_modified_time":"2026-04-16T15:33:07+00:00","og_image":[{"width":1258,"height":1606,"url":"https:\/\/librairie7l.com\/wp-content\/uploads\/2013\/06\/9782353401659_1_75.jpg","type":"image\/jpeg"}],"twitter_card":"summary_large_image","twitter_misc":{"Est. reading time":"1 minute"},"schema":{"@context":"https:\/\/schema.org","@graph":[{"@type":"WebPage","@id":"https:\/\/librairie7l.com\/en\/produit\/emilio-terry-1890-1969-etudes-sur-larchitecte-et-le-decorateur-2\/","url":"https:\/\/librairie7l.com\/en\/produit\/emilio-terry-1890-1969-etudes-sur-larchitecte-et-le-decorateur-2\/","name":"Emilio Terry 1890-1969 ; \u00e9tudes sur l'architecte et le d\u00e9corateur - Librairie 7L","isPartOf":{"@id":"https:\/\/librairie7l.com\/en\/#website"},"datePublished":"2025-01-27T10:40:24+00:00","dateModified":"2026-04-16T15:33:07+00:00","breadcrumb":{"@id":"https:\/\/librairie7l.com\/en\/produit\/emilio-terry-1890-1969-etudes-sur-larchitecte-et-le-decorateur-2\/#breadcrumb"},"inLanguage":"en-US","potentialAction":[{"@type":"ReadAction","target":["https:\/\/librairie7l.com\/en\/produit\/emilio-terry-1890-1969-etudes-sur-larchitecte-et-le-decorateur-2\/"]}]},{"@type":"BreadcrumbList","@id":"https:\/\/librairie7l.com\/en\/produit\/emilio-terry-1890-1969-etudes-sur-larchitecte-et-le-decorateur-2\/#breadcrumb","itemListElement":[{"@type":"ListItem","position":1,"name":"Accueil","item":"https:\/\/librairie7l.com\/en\/"},{"@type":"ListItem","position":2,"name":"Shop","item":"https:\/\/librairie7l.com\/en\/shop\/"},{"@type":"ListItem","position":3,"name":"EMILIO TERRY 1890-1969 ; \u00c9TUDES SUR L&#8217;ARCHITECTE ET LE D\u00c9CORATEUR"}]},{"@type":"WebSite","@id":"https:\/\/librairie7l.com\/en\/#website","url":"https:\/\/librairie7l.com\/en\/","name":"Librairie 7L","description":"Librairie fond\u00e9e en 1999 par Karl Lagerfeld \u00e0 Paris","publisher":{"@id":"https:\/\/librairie7l.com\/en\/#organization"},"potentialAction":[{"@type":"SearchAction","target":{"@type":"EntryPoint","urlTemplate":"https:\/\/librairie7l.com\/en\/?s={search_term_string}"},"query-input":"required name=search_term_string"}],"inLanguage":"en-US"},{"@type":"Organization","@id":"https:\/\/librairie7l.com\/en\/#organization","name":"Librairie 7L","url":"https:\/\/librairie7l.com\/en\/","logo":{"@type":"ImageObject","inLanguage":"en-US","@id":"https:\/\/librairie7l.com\/en\/#\/schema\/logo\/image\/","url":"https:\/\/librairie7l.com\/wp-content\/uploads\/2022\/08\/logo-1.png","contentUrl":"https:\/\/librairie7l.com\/wp-content\/uploads\/2022\/08\/logo-1.png","width":227,"height":301,"caption":"Librairie 7L"},"image":{"@id":"https:\/\/librairie7l.com\/en\/#\/schema\/logo\/image\/"}}]}},"_links":{"self":[{"href":"https:\/\/librairie7l.com\/en\/wp-json\/wp\/v2\/product\/45819"}],"collection":[{"href":"https:\/\/librairie7l.com\/en\/wp-json\/wp\/v2\/product"}],"about":[{"href":"https:\/\/librairie7l.com\/en\/wp-json\/wp\/v2\/types\/product"}],"wp:featuredmedia":[{"embeddable":true,"href":"https:\/\/librairie7l.com\/en\/wp-json\/wp\/v2\/media\/45817"}],"wp:attachment":[{"href":"https:\/\/librairie7l.com\/en\/wp-json\/wp\/v2\/media?parent=45819"}],"wp:term":[{"taxonomy":"product_cat","embeddable":true,"href":"https:\/\/librairie7l.com\/en\/wp-json\/wp\/v2\/product_cat?post=45819"},{"taxonomy":"product_tag","embeddable":true,"href":"https:\/\/librairie7l.com\/en\/wp-json\/wp\/v2\/product_tag?post=45819"}],"curies":[{"name":"wp","href":"https:\/\/api.w.org\/{rel}","templated":true}]}}