{"id":45823,"date":"2025-01-27T11:40:28","date_gmt":"2025-01-27T10:40:28","guid":{"rendered":"https:\/\/librairie7l.com\/?post_type=product&#038;p=45823"},"modified":"2026-04-22T01:58:41","modified_gmt":"2026-04-21T23:58:41","slug":"le-paquebot-france-2","status":"publish","type":"product","link":"https:\/\/librairie7l.com\/en\/produit\/le-paquebot-france-2\/","title":{"rendered":"LE PAQUEBOT FRANCE"},"content":{"rendered":"<p>Lanc\u00e9 le 11 mai 1960, le France fait partie des mythes de son temps, au m\u00eame titre que la DS 19 ou que le Concorde. Si, dans son discours de lancement, le g\u00e9n\u00e9ral de Gaulle reprend le th\u00e8me traditionnel du transatlantique comme ambassadeur du g\u00e9nie fran\u00e7ais et souligne l&#8217;exploit technologique que repr\u00e9sente sa construction, il met surtout l&#8217;accent sur l&#8217;importance de l \u00e9change des id\u00e9es et des richesses entre les peuples dans un monde marqu\u00e9 par la guerre froide. La modernit\u00e9 du France, destin\u00e9 \u00e0 \u00ab porter des hommes vers les hommes \u00bb, r\u00e9side dans les solutions apport\u00e9es \u00e0 la demande de la soci\u00e9t\u00e9 de loisirs naissante, plus \u00e9galitaire, pr\u00e9occup\u00e9e de confort, de bien-\u00eatre et de s\u00e9curit\u00e9, mais aussi de plaisir. Ing\u00e9nieurs, architectes, d\u00e9corateurs et artistes se doivent d inventer des formules in\u00e9dites, sans pour autant c\u00e9der aux tentations d&#8217;une \u00e9poque facilement provocatrice. Cet ouvrage, qui s&#8217;appuie sur une documentation consid\u00e9rable &#8211; plans, dessins, descriptifs, photographies, correspondances, proc\u00e8sverbaux du Comit\u00e9 d&#8217;\u00e9tudes pour la d\u00e9coration et notes internes -, nous \u00e9claire sur la r\u00e9flexion des concepteurs confront\u00e9s \u00e0 la volont\u00e9 du ma\u00eetre d&#8217;oeuvre, aux contraintes du cahier des charges et aux aspirations d&#8217;une client\u00e8le nouvelle. Ainsi, nous voyons se dessiner, entre \u00e9clectisme et homog\u00e9n\u00e9it\u00e9, modernit\u00e9 et conservatisme, l&#8217;image d&#8217;un paquebot qui propose un style nouveau, dans lequel le m\u00e9tal, rempla\u00e7ant pour des raisons de poids et de s\u00e9curit\u00e9 le bois et le marbre, devient l&#8217;\u00e9l\u00e9ment principal du d\u00e9cor. Apr\u00e8s avoir d\u00e9fini les conditions de la commande et des choix artistiques, l&#8217;auteur nous fait visiter le bateau, r\u00e9v\u00e9lant une organisation rationnelle des communications et de l&#8217;espace dans laquelle les volumes et les grandes descentes des palaces flottants de jadis sont abandonn\u00e9s au profit de deux ponts superpos\u00e9s avec le m\u00eame confort pour les deux classes. \u00c9tablissant en historienne de l&#8217;art des correspondances entre les \u00e9poques et les styles, Armelle Bouchet Mazas inscrit la d\u00e9coration du France dans la grande tradition artisanale. De la salle de spectacle aux cabines, nous d\u00e9couvrons la multiplicit\u00e9 des intervenants : les ma\u00eetres d&#8217;avant-guerre n\u00e9oclassiques ou modernistes Andr\u00e9 Arbus, Maxime Old, Leleu, Jean Pascaud et Jacques Dumond ; les cr\u00e9ateurs des ann\u00e9es 50 et 60 Renou et G\u00e9nisset, Fran\u00e7oise Chim\u00e8nes, Micheline Willemetz ; les peintres cartonniers Picart Le Doux, Gromaire et Wogenscky ; Max Ingrand pour le travail du verre ; Raymond Subes et Robert Pansart pour celui du m\u00e9tal. Au total, 132 artistes, d\u00e9corateurs, c\u00e9ramistes, peintres et laqueurs, qui contribuent avec une inventivit\u00e9 \u00e9tonnante \u00e0 cr\u00e9er le style France. Un style fonctionnaliste, confortable et luxueux, dans lequel l&#8217;aluminium et la tapisserie omnipr\u00e9sents se marient au verre, aux laques et aux tissus synth\u00e9tiques dans des harmonies de couleurs r\u00e9solument ann\u00e9es 60.<\/p>\n","protected":false},"excerpt":{"rendered":"<p>Lanc\u00e9 le 11 mai 1960, le France fait partie des mythes de son temps, au m\u00eame titre que la DS 19 ou que le Concorde. Si, dans son discours de lancement, le g\u00e9n\u00e9ral de Gaulle reprend le th\u00e8me traditionnel du transatlantique comme ambassadeur du g\u00e9nie fran\u00e7ais et souligne l&#8217;exploit technologique que repr\u00e9sente sa construction, il [&hellip;]<\/p>\n","protected":false},"featured_media":45821,"template":"","meta":[],"product_cat":[2948,2952],"product_tag":[],"acf":[],"yoast_head":"<!-- This site is optimized with the Yoast SEO plugin v20.11 - https:\/\/yoast.com\/wordpress\/plugins\/seo\/ -->\n<title>Le paquebot France - Librairie 7L<\/title>\n<meta name=\"robots\" content=\"index, follow, max-snippet:-1, max-image-preview:large, max-video-preview:-1\" \/>\n<link rel=\"canonical\" href=\"https:\/\/librairie7l.com\/en\/produit\/le-paquebot-france-2\/\" \/>\n<meta property=\"og:locale\" content=\"en_US\" \/>\n<meta property=\"og:type\" content=\"article\" \/>\n<meta property=\"og:title\" content=\"Le paquebot France - Librairie 7L\" \/>\n<meta property=\"og:description\" content=\"Lanc\u00e9 le 11 mai 1960, le France fait partie des mythes de son temps, au m\u00eame titre que la DS 19 ou que le Concorde. Si, dans son discours de lancement, le g\u00e9n\u00e9ral de Gaulle reprend le th\u00e8me traditionnel du transatlantique comme ambassadeur du g\u00e9nie fran\u00e7ais et souligne l&#8217;exploit technologique que repr\u00e9sente sa construction, il [&hellip;]\" \/>\n<meta property=\"og:url\" content=\"https:\/\/librairie7l.com\/en\/produit\/le-paquebot-france-2\/\" \/>\n<meta property=\"og:site_name\" content=\"Librairie 7L\" \/>\n<meta property=\"article:modified_time\" content=\"2026-04-21T23:58:41+00:00\" \/>\n<meta property=\"og:image\" content=\"https:\/\/librairie7l.com\/wp-content\/uploads\/2006\/04\/9782915542035_1_75.jpg\" \/>\n\t<meta property=\"og:image:width\" content=\"600\" \/>\n\t<meta property=\"og:image:height\" content=\"722\" \/>\n\t<meta property=\"og:image:type\" content=\"image\/jpeg\" \/>\n<meta name=\"twitter:card\" content=\"summary_large_image\" \/>\n<meta name=\"twitter:label1\" content=\"Est. reading time\" \/>\n\t<meta name=\"twitter:data1\" content=\"2 minutes\" \/>\n<script type=\"application\/ld+json\" class=\"yoast-schema-graph\">{\"@context\":\"https:\/\/schema.org\",\"@graph\":[{\"@type\":\"WebPage\",\"@id\":\"https:\/\/librairie7l.com\/en\/produit\/le-paquebot-france-2\/\",\"url\":\"https:\/\/librairie7l.com\/en\/produit\/le-paquebot-france-2\/\",\"name\":\"Le paquebot France - Librairie 7L\",\"isPartOf\":{\"@id\":\"https:\/\/librairie7l.com\/en\/#website\"},\"datePublished\":\"2025-01-27T10:40:28+00:00\",\"dateModified\":\"2026-04-21T23:58:41+00:00\",\"breadcrumb\":{\"@id\":\"https:\/\/librairie7l.com\/en\/produit\/le-paquebot-france-2\/#breadcrumb\"},\"inLanguage\":\"en-US\",\"potentialAction\":[{\"@type\":\"ReadAction\",\"target\":[\"https:\/\/librairie7l.com\/en\/produit\/le-paquebot-france-2\/\"]}]},{\"@type\":\"BreadcrumbList\",\"@id\":\"https:\/\/librairie7l.com\/en\/produit\/le-paquebot-france-2\/#breadcrumb\",\"itemListElement\":[{\"@type\":\"ListItem\",\"position\":1,\"name\":\"Accueil\",\"item\":\"https:\/\/librairie7l.com\/en\/\"},{\"@type\":\"ListItem\",\"position\":2,\"name\":\"Shop\",\"item\":\"https:\/\/librairie7l.com\/en\/shop\/\"},{\"@type\":\"ListItem\",\"position\":3,\"name\":\"LE PAQUEBOT FRANCE\"}]},{\"@type\":\"WebSite\",\"@id\":\"https:\/\/librairie7l.com\/en\/#website\",\"url\":\"https:\/\/librairie7l.com\/en\/\",\"name\":\"Librairie 7L\",\"description\":\"Librairie fond\u00e9e en 1999 par Karl Lagerfeld \u00e0 Paris\",\"publisher\":{\"@id\":\"https:\/\/librairie7l.com\/en\/#organization\"},\"potentialAction\":[{\"@type\":\"SearchAction\",\"target\":{\"@type\":\"EntryPoint\",\"urlTemplate\":\"https:\/\/librairie7l.com\/en\/?s={search_term_string}\"},\"query-input\":\"required name=search_term_string\"}],\"inLanguage\":\"en-US\"},{\"@type\":\"Organization\",\"@id\":\"https:\/\/librairie7l.com\/en\/#organization\",\"name\":\"Librairie 7L\",\"url\":\"https:\/\/librairie7l.com\/en\/\",\"logo\":{\"@type\":\"ImageObject\",\"inLanguage\":\"en-US\",\"@id\":\"https:\/\/librairie7l.com\/en\/#\/schema\/logo\/image\/\",\"url\":\"https:\/\/librairie7l.com\/wp-content\/uploads\/2022\/08\/logo-1.png\",\"contentUrl\":\"https:\/\/librairie7l.com\/wp-content\/uploads\/2022\/08\/logo-1.png\",\"width\":227,\"height\":301,\"caption\":\"Librairie 7L\"},\"image\":{\"@id\":\"https:\/\/librairie7l.com\/en\/#\/schema\/logo\/image\/\"}}]}<\/script>\n<!-- \/ Yoast SEO plugin. -->","yoast_head_json":{"title":"Le paquebot France - Librairie 7L","robots":{"index":"index","follow":"follow","max-snippet":"max-snippet:-1","max-image-preview":"max-image-preview:large","max-video-preview":"max-video-preview:-1"},"canonical":"https:\/\/librairie7l.com\/en\/produit\/le-paquebot-france-2\/","og_locale":"en_US","og_type":"article","og_title":"Le paquebot France - Librairie 7L","og_description":"Lanc\u00e9 le 11 mai 1960, le France fait partie des mythes de son temps, au m\u00eame titre que la DS 19 ou que le Concorde. Si, dans son discours de lancement, le g\u00e9n\u00e9ral de Gaulle reprend le th\u00e8me traditionnel du transatlantique comme ambassadeur du g\u00e9nie fran\u00e7ais et souligne l&#8217;exploit technologique que repr\u00e9sente sa construction, il [&hellip;]","og_url":"https:\/\/librairie7l.com\/en\/produit\/le-paquebot-france-2\/","og_site_name":"Librairie 7L","article_modified_time":"2026-04-21T23:58:41+00:00","og_image":[{"width":600,"height":722,"url":"https:\/\/librairie7l.com\/wp-content\/uploads\/2006\/04\/9782915542035_1_75.jpg","type":"image\/jpeg"}],"twitter_card":"summary_large_image","twitter_misc":{"Est. reading time":"2 minutes"},"schema":{"@context":"https:\/\/schema.org","@graph":[{"@type":"WebPage","@id":"https:\/\/librairie7l.com\/en\/produit\/le-paquebot-france-2\/","url":"https:\/\/librairie7l.com\/en\/produit\/le-paquebot-france-2\/","name":"Le paquebot France - Librairie 7L","isPartOf":{"@id":"https:\/\/librairie7l.com\/en\/#website"},"datePublished":"2025-01-27T10:40:28+00:00","dateModified":"2026-04-21T23:58:41+00:00","breadcrumb":{"@id":"https:\/\/librairie7l.com\/en\/produit\/le-paquebot-france-2\/#breadcrumb"},"inLanguage":"en-US","potentialAction":[{"@type":"ReadAction","target":["https:\/\/librairie7l.com\/en\/produit\/le-paquebot-france-2\/"]}]},{"@type":"BreadcrumbList","@id":"https:\/\/librairie7l.com\/en\/produit\/le-paquebot-france-2\/#breadcrumb","itemListElement":[{"@type":"ListItem","position":1,"name":"Accueil","item":"https:\/\/librairie7l.com\/en\/"},{"@type":"ListItem","position":2,"name":"Shop","item":"https:\/\/librairie7l.com\/en\/shop\/"},{"@type":"ListItem","position":3,"name":"LE PAQUEBOT FRANCE"}]},{"@type":"WebSite","@id":"https:\/\/librairie7l.com\/en\/#website","url":"https:\/\/librairie7l.com\/en\/","name":"Librairie 7L","description":"Librairie fond\u00e9e en 1999 par Karl Lagerfeld \u00e0 Paris","publisher":{"@id":"https:\/\/librairie7l.com\/en\/#organization"},"potentialAction":[{"@type":"SearchAction","target":{"@type":"EntryPoint","urlTemplate":"https:\/\/librairie7l.com\/en\/?s={search_term_string}"},"query-input":"required name=search_term_string"}],"inLanguage":"en-US"},{"@type":"Organization","@id":"https:\/\/librairie7l.com\/en\/#organization","name":"Librairie 7L","url":"https:\/\/librairie7l.com\/en\/","logo":{"@type":"ImageObject","inLanguage":"en-US","@id":"https:\/\/librairie7l.com\/en\/#\/schema\/logo\/image\/","url":"https:\/\/librairie7l.com\/wp-content\/uploads\/2022\/08\/logo-1.png","contentUrl":"https:\/\/librairie7l.com\/wp-content\/uploads\/2022\/08\/logo-1.png","width":227,"height":301,"caption":"Librairie 7L"},"image":{"@id":"https:\/\/librairie7l.com\/en\/#\/schema\/logo\/image\/"}}]}},"_links":{"self":[{"href":"https:\/\/librairie7l.com\/en\/wp-json\/wp\/v2\/product\/45823"}],"collection":[{"href":"https:\/\/librairie7l.com\/en\/wp-json\/wp\/v2\/product"}],"about":[{"href":"https:\/\/librairie7l.com\/en\/wp-json\/wp\/v2\/types\/product"}],"wp:featuredmedia":[{"embeddable":true,"href":"https:\/\/librairie7l.com\/en\/wp-json\/wp\/v2\/media\/45821"}],"wp:attachment":[{"href":"https:\/\/librairie7l.com\/en\/wp-json\/wp\/v2\/media?parent=45823"}],"wp:term":[{"taxonomy":"product_cat","embeddable":true,"href":"https:\/\/librairie7l.com\/en\/wp-json\/wp\/v2\/product_cat?post=45823"},{"taxonomy":"product_tag","embeddable":true,"href":"https:\/\/librairie7l.com\/en\/wp-json\/wp\/v2\/product_tag?post=45823"}],"curies":[{"name":"wp","href":"https:\/\/api.w.org\/{rel}","templated":true}]}}