{"id":45827,"date":"2025-01-27T11:40:31","date_gmt":"2025-01-27T10:40:31","guid":{"rendered":"https:\/\/librairie7l.com\/?post_type=product&#038;p=45827"},"modified":"2026-04-22T00:08:04","modified_gmt":"2026-04-21T22:08:04","slug":"a-bord-des-paquebots-50-ans-darts-decoratifs-2","status":"publish","type":"product","link":"https:\/\/librairie7l.com\/en\/produit\/a-bord-des-paquebots-50-ans-darts-decoratifs-2\/","title":{"rendered":"\u00c0 BORD DES PAQUEBOTS ; 50 ANS D&#8217;ARTS D\u00c9CORATIFS"},"content":{"rendered":"<p>Au-del\u00e0 des flux migratoires vers les Am\u00e9riques, le voyage devient, dans la seconde partie du XIXe si\u00e8cle, un ph\u00e9nom\u00e8ne de masse qui accompagne les \u00e9changes commerciaux et le d\u00e9veloppement des colonies en Asie et en Afrique. Cette r\u00e9volution \u00e9conomique va de pair avec les r\u00e9volutions techniques : la vapeur associ\u00e9e \u00e0 la turbine permet un accroissement extraordinaire de la capacit\u00e9 et de la vitesse des navires. \u00c0 partir de 1912, les compagnies internationales vont se livrer une concurrence sans merci. La France, dans ce contexte, va jouer un r\u00f4le un peu \u00e0 part, en proposant une conception du luxe tr\u00e8s fran\u00e7aise qui am\u00e8ne \u00e0 la r\u00e9alisation de v\u00e9ritables palais flottants o\u00f9 les plus grands d\u00e9corateurs du moment lancent les modes, le point culminant \u00e9tant atteint avec Normandie en 1935.<\/p>\n<p>Dans la seconde partie de l&#8217;ouvrage, Franck S\u00e9nant propose une v\u00e9ritable promenade dans ces paquebots fran\u00e7ais, de France (1912) \u00e0 France (1962), en passant par Paris (1921), \u00cele-de-France (1927), L&#8217;Atlantique (1932), mais aussi Pasteur (1939), Libert\u00e9 (1950), ou encore Antilles (1953). L&#8217;extraordinaire documentation de l&#8217;association French Lines et de l&#8217;\u00e9comus\u00e9e de Saint-Nazaire permet une description tr\u00e8s fine de chacune de ces r\u00e9alisations \u00e9ph\u00e9m\u00e8res, pour certaines tr\u00e8s peu connues et toutes disparues.<\/p>\n<p>Enfin, Aymeric Perroy \u00e9tudie les arts d\u00e9coratifs et pr\u00e9sente le cahier des charges tr\u00e8s pr\u00e9cis impos\u00e9 pour chaque navire. Il met en lumi\u00e8re la relation tr\u00e8s \u00e9troite entre l&#8217;armateur, le constructeur et le d\u00e9corateur.<br \/>\nTrente-six notices biographiques (Arbus, Adnet, Dunand, Lalique, Leleu, Spade, Sabino, etc.) mettent l&#8217;accent sur les r\u00e9alisations les plus importantes de chacun.<\/p>\n","protected":false},"excerpt":{"rendered":"<p>Au-del\u00e0 des flux migratoires vers les Am\u00e9riques, le voyage devient, dans la seconde partie du XIXe si\u00e8cle, un ph\u00e9nom\u00e8ne de masse qui accompagne les \u00e9changes commerciaux et le d\u00e9veloppement des colonies en Asie et en Afrique. Cette r\u00e9volution \u00e9conomique va de pair avec les r\u00e9volutions techniques : la vapeur associ\u00e9e \u00e0 la turbine permet un [&hellip;]<\/p>\n","protected":false},"featured_media":45825,"template":"","meta":[],"product_cat":[2948,2952],"product_tag":[],"acf":[],"yoast_head":"<!-- This site is optimized with the Yoast SEO plugin v20.11 - https:\/\/yoast.com\/wordpress\/plugins\/seo\/ -->\n<title>\u00e0 bord des paquebots ; 50 ans d&#039;arts d\u00e9coratifs - Librairie 7L<\/title>\n<meta name=\"robots\" content=\"index, follow, max-snippet:-1, max-image-preview:large, max-video-preview:-1\" \/>\n<link rel=\"canonical\" href=\"https:\/\/librairie7l.com\/en\/produit\/a-bord-des-paquebots-50-ans-darts-decoratifs-2\/\" \/>\n<meta property=\"og:locale\" content=\"en_US\" \/>\n<meta property=\"og:type\" content=\"article\" \/>\n<meta property=\"og:title\" content=\"\u00e0 bord des paquebots ; 50 ans d&#039;arts d\u00e9coratifs - Librairie 7L\" \/>\n<meta property=\"og:description\" content=\"Au-del\u00e0 des flux migratoires vers les Am\u00e9riques, le voyage devient, dans la seconde partie du XIXe si\u00e8cle, un ph\u00e9nom\u00e8ne de masse qui accompagne les \u00e9changes commerciaux et le d\u00e9veloppement des colonies en Asie et en Afrique. Cette r\u00e9volution \u00e9conomique va de pair avec les r\u00e9volutions techniques : la vapeur associ\u00e9e \u00e0 la turbine permet un [&hellip;]\" \/>\n<meta property=\"og:url\" content=\"https:\/\/librairie7l.com\/en\/produit\/a-bord-des-paquebots-50-ans-darts-decoratifs-2\/\" \/>\n<meta property=\"og:site_name\" content=\"Librairie 7L\" \/>\n<meta property=\"article:modified_time\" content=\"2026-04-21T22:08:04+00:00\" \/>\n<meta property=\"og:image\" content=\"https:\/\/librairie7l.com\/wp-content\/uploads\/2010\/10\/9782915542387_1_75.jpg\" \/>\n\t<meta property=\"og:image:width\" content=\"600\" \/>\n\t<meta property=\"og:image:height\" content=\"738\" \/>\n\t<meta property=\"og:image:type\" content=\"image\/jpeg\" \/>\n<meta name=\"twitter:card\" content=\"summary_large_image\" \/>\n<meta name=\"twitter:label1\" content=\"Est. reading time\" \/>\n\t<meta name=\"twitter:data1\" content=\"1 minute\" \/>\n<script type=\"application\/ld+json\" class=\"yoast-schema-graph\">{\"@context\":\"https:\/\/schema.org\",\"@graph\":[{\"@type\":\"WebPage\",\"@id\":\"https:\/\/librairie7l.com\/en\/produit\/a-bord-des-paquebots-50-ans-darts-decoratifs-2\/\",\"url\":\"https:\/\/librairie7l.com\/en\/produit\/a-bord-des-paquebots-50-ans-darts-decoratifs-2\/\",\"name\":\"\u00e0 bord des paquebots ; 50 ans d'arts d\u00e9coratifs - Librairie 7L\",\"isPartOf\":{\"@id\":\"https:\/\/librairie7l.com\/en\/#website\"},\"datePublished\":\"2025-01-27T10:40:31+00:00\",\"dateModified\":\"2026-04-21T22:08:04+00:00\",\"breadcrumb\":{\"@id\":\"https:\/\/librairie7l.com\/en\/produit\/a-bord-des-paquebots-50-ans-darts-decoratifs-2\/#breadcrumb\"},\"inLanguage\":\"en-US\",\"potentialAction\":[{\"@type\":\"ReadAction\",\"target\":[\"https:\/\/librairie7l.com\/en\/produit\/a-bord-des-paquebots-50-ans-darts-decoratifs-2\/\"]}]},{\"@type\":\"BreadcrumbList\",\"@id\":\"https:\/\/librairie7l.com\/en\/produit\/a-bord-des-paquebots-50-ans-darts-decoratifs-2\/#breadcrumb\",\"itemListElement\":[{\"@type\":\"ListItem\",\"position\":1,\"name\":\"Accueil\",\"item\":\"https:\/\/librairie7l.com\/en\/\"},{\"@type\":\"ListItem\",\"position\":2,\"name\":\"Shop\",\"item\":\"https:\/\/librairie7l.com\/en\/shop\/\"},{\"@type\":\"ListItem\",\"position\":3,\"name\":\"\u00c0 BORD DES PAQUEBOTS ; 50 ANS D&#8217;ARTS D\u00c9CORATIFS\"}]},{\"@type\":\"WebSite\",\"@id\":\"https:\/\/librairie7l.com\/en\/#website\",\"url\":\"https:\/\/librairie7l.com\/en\/\",\"name\":\"Librairie 7L\",\"description\":\"Librairie fond\u00e9e en 1999 par Karl Lagerfeld \u00e0 Paris\",\"publisher\":{\"@id\":\"https:\/\/librairie7l.com\/en\/#organization\"},\"potentialAction\":[{\"@type\":\"SearchAction\",\"target\":{\"@type\":\"EntryPoint\",\"urlTemplate\":\"https:\/\/librairie7l.com\/en\/?s={search_term_string}\"},\"query-input\":\"required name=search_term_string\"}],\"inLanguage\":\"en-US\"},{\"@type\":\"Organization\",\"@id\":\"https:\/\/librairie7l.com\/en\/#organization\",\"name\":\"Librairie 7L\",\"url\":\"https:\/\/librairie7l.com\/en\/\",\"logo\":{\"@type\":\"ImageObject\",\"inLanguage\":\"en-US\",\"@id\":\"https:\/\/librairie7l.com\/en\/#\/schema\/logo\/image\/\",\"url\":\"https:\/\/librairie7l.com\/wp-content\/uploads\/2022\/08\/logo-1.png\",\"contentUrl\":\"https:\/\/librairie7l.com\/wp-content\/uploads\/2022\/08\/logo-1.png\",\"width\":227,\"height\":301,\"caption\":\"Librairie 7L\"},\"image\":{\"@id\":\"https:\/\/librairie7l.com\/en\/#\/schema\/logo\/image\/\"}}]}<\/script>\n<!-- \/ Yoast SEO plugin. -->","yoast_head_json":{"title":"\u00e0 bord des paquebots ; 50 ans d'arts d\u00e9coratifs - Librairie 7L","robots":{"index":"index","follow":"follow","max-snippet":"max-snippet:-1","max-image-preview":"max-image-preview:large","max-video-preview":"max-video-preview:-1"},"canonical":"https:\/\/librairie7l.com\/en\/produit\/a-bord-des-paquebots-50-ans-darts-decoratifs-2\/","og_locale":"en_US","og_type":"article","og_title":"\u00e0 bord des paquebots ; 50 ans d'arts d\u00e9coratifs - Librairie 7L","og_description":"Au-del\u00e0 des flux migratoires vers les Am\u00e9riques, le voyage devient, dans la seconde partie du XIXe si\u00e8cle, un ph\u00e9nom\u00e8ne de masse qui accompagne les \u00e9changes commerciaux et le d\u00e9veloppement des colonies en Asie et en Afrique. Cette r\u00e9volution \u00e9conomique va de pair avec les r\u00e9volutions techniques : la vapeur associ\u00e9e \u00e0 la turbine permet un [&hellip;]","og_url":"https:\/\/librairie7l.com\/en\/produit\/a-bord-des-paquebots-50-ans-darts-decoratifs-2\/","og_site_name":"Librairie 7L","article_modified_time":"2026-04-21T22:08:04+00:00","og_image":[{"width":600,"height":738,"url":"https:\/\/librairie7l.com\/wp-content\/uploads\/2010\/10\/9782915542387_1_75.jpg","type":"image\/jpeg"}],"twitter_card":"summary_large_image","twitter_misc":{"Est. reading time":"1 minute"},"schema":{"@context":"https:\/\/schema.org","@graph":[{"@type":"WebPage","@id":"https:\/\/librairie7l.com\/en\/produit\/a-bord-des-paquebots-50-ans-darts-decoratifs-2\/","url":"https:\/\/librairie7l.com\/en\/produit\/a-bord-des-paquebots-50-ans-darts-decoratifs-2\/","name":"\u00e0 bord des paquebots ; 50 ans d'arts d\u00e9coratifs - Librairie 7L","isPartOf":{"@id":"https:\/\/librairie7l.com\/en\/#website"},"datePublished":"2025-01-27T10:40:31+00:00","dateModified":"2026-04-21T22:08:04+00:00","breadcrumb":{"@id":"https:\/\/librairie7l.com\/en\/produit\/a-bord-des-paquebots-50-ans-darts-decoratifs-2\/#breadcrumb"},"inLanguage":"en-US","potentialAction":[{"@type":"ReadAction","target":["https:\/\/librairie7l.com\/en\/produit\/a-bord-des-paquebots-50-ans-darts-decoratifs-2\/"]}]},{"@type":"BreadcrumbList","@id":"https:\/\/librairie7l.com\/en\/produit\/a-bord-des-paquebots-50-ans-darts-decoratifs-2\/#breadcrumb","itemListElement":[{"@type":"ListItem","position":1,"name":"Accueil","item":"https:\/\/librairie7l.com\/en\/"},{"@type":"ListItem","position":2,"name":"Shop","item":"https:\/\/librairie7l.com\/en\/shop\/"},{"@type":"ListItem","position":3,"name":"\u00c0 BORD DES PAQUEBOTS ; 50 ANS D&#8217;ARTS D\u00c9CORATIFS"}]},{"@type":"WebSite","@id":"https:\/\/librairie7l.com\/en\/#website","url":"https:\/\/librairie7l.com\/en\/","name":"Librairie 7L","description":"Librairie fond\u00e9e en 1999 par Karl Lagerfeld \u00e0 Paris","publisher":{"@id":"https:\/\/librairie7l.com\/en\/#organization"},"potentialAction":[{"@type":"SearchAction","target":{"@type":"EntryPoint","urlTemplate":"https:\/\/librairie7l.com\/en\/?s={search_term_string}"},"query-input":"required name=search_term_string"}],"inLanguage":"en-US"},{"@type":"Organization","@id":"https:\/\/librairie7l.com\/en\/#organization","name":"Librairie 7L","url":"https:\/\/librairie7l.com\/en\/","logo":{"@type":"ImageObject","inLanguage":"en-US","@id":"https:\/\/librairie7l.com\/en\/#\/schema\/logo\/image\/","url":"https:\/\/librairie7l.com\/wp-content\/uploads\/2022\/08\/logo-1.png","contentUrl":"https:\/\/librairie7l.com\/wp-content\/uploads\/2022\/08\/logo-1.png","width":227,"height":301,"caption":"Librairie 7L"},"image":{"@id":"https:\/\/librairie7l.com\/en\/#\/schema\/logo\/image\/"}}]}},"_links":{"self":[{"href":"https:\/\/librairie7l.com\/en\/wp-json\/wp\/v2\/product\/45827"}],"collection":[{"href":"https:\/\/librairie7l.com\/en\/wp-json\/wp\/v2\/product"}],"about":[{"href":"https:\/\/librairie7l.com\/en\/wp-json\/wp\/v2\/types\/product"}],"wp:featuredmedia":[{"embeddable":true,"href":"https:\/\/librairie7l.com\/en\/wp-json\/wp\/v2\/media\/45825"}],"wp:attachment":[{"href":"https:\/\/librairie7l.com\/en\/wp-json\/wp\/v2\/media?parent=45827"}],"wp:term":[{"taxonomy":"product_cat","embeddable":true,"href":"https:\/\/librairie7l.com\/en\/wp-json\/wp\/v2\/product_cat?post=45827"},{"taxonomy":"product_tag","embeddable":true,"href":"https:\/\/librairie7l.com\/en\/wp-json\/wp\/v2\/product_tag?post=45827"}],"curies":[{"name":"wp","href":"https:\/\/api.w.org\/{rel}","templated":true}]}}