{"id":45838,"date":"2025-01-28T03:25:04","date_gmt":"2025-01-28T02:25:04","guid":{"rendered":"https:\/\/librairie7l.com\/?post_type=product&#038;p=45838"},"modified":"2026-04-21T03:06:43","modified_gmt":"2026-04-21T01:06:43","slug":"mille-vies-recits-depuis-la-prison-2","status":"publish","type":"product","link":"https:\/\/librairie7l.com\/en\/produit\/mille-vies-recits-depuis-la-prison-2\/","title":{"rendered":"MILLE VIES : R\u00c9CITS DEPUIS LA PRISON"},"content":{"rendered":"<p>Ce sont mille vies en une seule, des histoires de gamins aux tumultes de l&#8217;adolescence, des gal\u00e8res v\u00e9cues et des rebellions, et toujours la prison, dont il est difficile de sortir. Sinc\u00e8re, poignant, dr\u00f4le, Mille vies est un r\u00e9cit choral \u00e9crit par 82 prisonniers et prisonni\u00e8res, qui racontent leur parcours et le quotidien carc\u00e9ral. \u00c0 travers ce recueil de t\u00e9moignages qui se lit comme un roman noir, on d\u00e9couvre la prison dans toute sa violence, ses injustices, mais aussi ses joies et ses sagesses. Cela nous conduit \u00e0 r\u00e9fl\u00e9chir \u00e0 la place qu&#8217;elle prend dans nos soci\u00e9t\u00e9s, au Mexique comme en France. Le livre est illustr\u00e9s par un grand nombre de gravures, reprenant des photographies d&#8217;Antoine d&#8217;Agata.<\/p>\n","protected":false},"excerpt":{"rendered":"<p>Ce sont mille vies en une seule, des histoires de gamins aux tumultes de l&#8217;adolescence, des gal\u00e8res v\u00e9cues et des rebellions, et toujours la prison, dont il est difficile de sortir. Sinc\u00e8re, poignant, dr\u00f4le, Mille vies est un r\u00e9cit choral \u00e9crit par 82 prisonniers et prisonni\u00e8res, qui racontent leur parcours et le quotidien carc\u00e9ral. \u00c0 [&hellip;]<\/p>\n","protected":false},"featured_media":45836,"template":"","meta":[],"product_cat":[7364,2948],"product_tag":[],"acf":[],"yoast_head":"<!-- This site is optimized with the Yoast SEO plugin v20.11 - https:\/\/yoast.com\/wordpress\/plugins\/seo\/ -->\n<title>Mille vies : r\u00e9cits depuis la prison - Librairie 7L<\/title>\n<meta name=\"robots\" content=\"index, follow, max-snippet:-1, max-image-preview:large, max-video-preview:-1\" \/>\n<link rel=\"canonical\" href=\"https:\/\/librairie7l.com\/en\/produit\/mille-vies-recits-depuis-la-prison-2\/\" \/>\n<meta property=\"og:locale\" content=\"en_US\" \/>\n<meta property=\"og:type\" content=\"article\" \/>\n<meta property=\"og:title\" content=\"Mille vies : r\u00e9cits depuis la prison - Librairie 7L\" \/>\n<meta property=\"og:description\" content=\"Ce sont mille vies en une seule, des histoires de gamins aux tumultes de l&#8217;adolescence, des gal\u00e8res v\u00e9cues et des rebellions, et toujours la prison, dont il est difficile de sortir. Sinc\u00e8re, poignant, dr\u00f4le, Mille vies est un r\u00e9cit choral \u00e9crit par 82 prisonniers et prisonni\u00e8res, qui racontent leur parcours et le quotidien carc\u00e9ral. \u00c0 [&hellip;]\" \/>\n<meta property=\"og:url\" content=\"https:\/\/librairie7l.com\/en\/produit\/mille-vies-recits-depuis-la-prison-2\/\" \/>\n<meta property=\"og:site_name\" content=\"Librairie 7L\" \/>\n<meta property=\"article:modified_time\" content=\"2026-04-21T01:06:43+00:00\" \/>\n<meta property=\"og:image\" content=\"https:\/\/librairie7l.com\/wp-content\/uploads\/2024\/04\/9791090507487_1_75.jpg\" \/>\n\t<meta property=\"og:image:width\" content=\"600\" \/>\n\t<meta property=\"og:image:height\" content=\"955\" \/>\n\t<meta property=\"og:image:type\" content=\"image\/jpeg\" \/>\n<meta name=\"twitter:card\" content=\"summary_large_image\" \/>\n<meta name=\"twitter:label1\" content=\"Est. reading time\" \/>\n\t<meta name=\"twitter:data1\" content=\"1 minute\" \/>\n<script type=\"application\/ld+json\" class=\"yoast-schema-graph\">{\"@context\":\"https:\/\/schema.org\",\"@graph\":[{\"@type\":\"WebPage\",\"@id\":\"https:\/\/librairie7l.com\/en\/produit\/mille-vies-recits-depuis-la-prison-2\/\",\"url\":\"https:\/\/librairie7l.com\/en\/produit\/mille-vies-recits-depuis-la-prison-2\/\",\"name\":\"Mille vies : r\u00e9cits depuis la prison - Librairie 7L\",\"isPartOf\":{\"@id\":\"https:\/\/librairie7l.com\/en\/#website\"},\"datePublished\":\"2025-01-28T02:25:04+00:00\",\"dateModified\":\"2026-04-21T01:06:43+00:00\",\"breadcrumb\":{\"@id\":\"https:\/\/librairie7l.com\/en\/produit\/mille-vies-recits-depuis-la-prison-2\/#breadcrumb\"},\"inLanguage\":\"en-US\",\"potentialAction\":[{\"@type\":\"ReadAction\",\"target\":[\"https:\/\/librairie7l.com\/en\/produit\/mille-vies-recits-depuis-la-prison-2\/\"]}]},{\"@type\":\"BreadcrumbList\",\"@id\":\"https:\/\/librairie7l.com\/en\/produit\/mille-vies-recits-depuis-la-prison-2\/#breadcrumb\",\"itemListElement\":[{\"@type\":\"ListItem\",\"position\":1,\"name\":\"Accueil\",\"item\":\"https:\/\/librairie7l.com\/en\/\"},{\"@type\":\"ListItem\",\"position\":2,\"name\":\"Shop\",\"item\":\"https:\/\/librairie7l.com\/en\/shop\/\"},{\"@type\":\"ListItem\",\"position\":3,\"name\":\"MILLE VIES : R\u00c9CITS DEPUIS LA PRISON\"}]},{\"@type\":\"WebSite\",\"@id\":\"https:\/\/librairie7l.com\/en\/#website\",\"url\":\"https:\/\/librairie7l.com\/en\/\",\"name\":\"Librairie 7L\",\"description\":\"Librairie fond\u00e9e en 1999 par Karl Lagerfeld \u00e0 Paris\",\"publisher\":{\"@id\":\"https:\/\/librairie7l.com\/en\/#organization\"},\"potentialAction\":[{\"@type\":\"SearchAction\",\"target\":{\"@type\":\"EntryPoint\",\"urlTemplate\":\"https:\/\/librairie7l.com\/en\/?s={search_term_string}\"},\"query-input\":\"required name=search_term_string\"}],\"inLanguage\":\"en-US\"},{\"@type\":\"Organization\",\"@id\":\"https:\/\/librairie7l.com\/en\/#organization\",\"name\":\"Librairie 7L\",\"url\":\"https:\/\/librairie7l.com\/en\/\",\"logo\":{\"@type\":\"ImageObject\",\"inLanguage\":\"en-US\",\"@id\":\"https:\/\/librairie7l.com\/en\/#\/schema\/logo\/image\/\",\"url\":\"https:\/\/librairie7l.com\/wp-content\/uploads\/2022\/08\/logo-1.png\",\"contentUrl\":\"https:\/\/librairie7l.com\/wp-content\/uploads\/2022\/08\/logo-1.png\",\"width\":227,\"height\":301,\"caption\":\"Librairie 7L\"},\"image\":{\"@id\":\"https:\/\/librairie7l.com\/en\/#\/schema\/logo\/image\/\"}}]}<\/script>\n<!-- \/ Yoast SEO plugin. -->","yoast_head_json":{"title":"Mille vies : r\u00e9cits depuis la prison - Librairie 7L","robots":{"index":"index","follow":"follow","max-snippet":"max-snippet:-1","max-image-preview":"max-image-preview:large","max-video-preview":"max-video-preview:-1"},"canonical":"https:\/\/librairie7l.com\/en\/produit\/mille-vies-recits-depuis-la-prison-2\/","og_locale":"en_US","og_type":"article","og_title":"Mille vies : r\u00e9cits depuis la prison - Librairie 7L","og_description":"Ce sont mille vies en une seule, des histoires de gamins aux tumultes de l&#8217;adolescence, des gal\u00e8res v\u00e9cues et des rebellions, et toujours la prison, dont il est difficile de sortir. Sinc\u00e8re, poignant, dr\u00f4le, Mille vies est un r\u00e9cit choral \u00e9crit par 82 prisonniers et prisonni\u00e8res, qui racontent leur parcours et le quotidien carc\u00e9ral. \u00c0 [&hellip;]","og_url":"https:\/\/librairie7l.com\/en\/produit\/mille-vies-recits-depuis-la-prison-2\/","og_site_name":"Librairie 7L","article_modified_time":"2026-04-21T01:06:43+00:00","og_image":[{"width":600,"height":955,"url":"https:\/\/librairie7l.com\/wp-content\/uploads\/2024\/04\/9791090507487_1_75.jpg","type":"image\/jpeg"}],"twitter_card":"summary_large_image","twitter_misc":{"Est. reading time":"1 minute"},"schema":{"@context":"https:\/\/schema.org","@graph":[{"@type":"WebPage","@id":"https:\/\/librairie7l.com\/en\/produit\/mille-vies-recits-depuis-la-prison-2\/","url":"https:\/\/librairie7l.com\/en\/produit\/mille-vies-recits-depuis-la-prison-2\/","name":"Mille vies : r\u00e9cits depuis la prison - Librairie 7L","isPartOf":{"@id":"https:\/\/librairie7l.com\/en\/#website"},"datePublished":"2025-01-28T02:25:04+00:00","dateModified":"2026-04-21T01:06:43+00:00","breadcrumb":{"@id":"https:\/\/librairie7l.com\/en\/produit\/mille-vies-recits-depuis-la-prison-2\/#breadcrumb"},"inLanguage":"en-US","potentialAction":[{"@type":"ReadAction","target":["https:\/\/librairie7l.com\/en\/produit\/mille-vies-recits-depuis-la-prison-2\/"]}]},{"@type":"BreadcrumbList","@id":"https:\/\/librairie7l.com\/en\/produit\/mille-vies-recits-depuis-la-prison-2\/#breadcrumb","itemListElement":[{"@type":"ListItem","position":1,"name":"Accueil","item":"https:\/\/librairie7l.com\/en\/"},{"@type":"ListItem","position":2,"name":"Shop","item":"https:\/\/librairie7l.com\/en\/shop\/"},{"@type":"ListItem","position":3,"name":"MILLE VIES : R\u00c9CITS DEPUIS LA PRISON"}]},{"@type":"WebSite","@id":"https:\/\/librairie7l.com\/en\/#website","url":"https:\/\/librairie7l.com\/en\/","name":"Librairie 7L","description":"Librairie fond\u00e9e en 1999 par Karl Lagerfeld \u00e0 Paris","publisher":{"@id":"https:\/\/librairie7l.com\/en\/#organization"},"potentialAction":[{"@type":"SearchAction","target":{"@type":"EntryPoint","urlTemplate":"https:\/\/librairie7l.com\/en\/?s={search_term_string}"},"query-input":"required name=search_term_string"}],"inLanguage":"en-US"},{"@type":"Organization","@id":"https:\/\/librairie7l.com\/en\/#organization","name":"Librairie 7L","url":"https:\/\/librairie7l.com\/en\/","logo":{"@type":"ImageObject","inLanguage":"en-US","@id":"https:\/\/librairie7l.com\/en\/#\/schema\/logo\/image\/","url":"https:\/\/librairie7l.com\/wp-content\/uploads\/2022\/08\/logo-1.png","contentUrl":"https:\/\/librairie7l.com\/wp-content\/uploads\/2022\/08\/logo-1.png","width":227,"height":301,"caption":"Librairie 7L"},"image":{"@id":"https:\/\/librairie7l.com\/en\/#\/schema\/logo\/image\/"}}]}},"_links":{"self":[{"href":"https:\/\/librairie7l.com\/en\/wp-json\/wp\/v2\/product\/45838"}],"collection":[{"href":"https:\/\/librairie7l.com\/en\/wp-json\/wp\/v2\/product"}],"about":[{"href":"https:\/\/librairie7l.com\/en\/wp-json\/wp\/v2\/types\/product"}],"wp:featuredmedia":[{"embeddable":true,"href":"https:\/\/librairie7l.com\/en\/wp-json\/wp\/v2\/media\/45836"}],"wp:attachment":[{"href":"https:\/\/librairie7l.com\/en\/wp-json\/wp\/v2\/media?parent=45838"}],"wp:term":[{"taxonomy":"product_cat","embeddable":true,"href":"https:\/\/librairie7l.com\/en\/wp-json\/wp\/v2\/product_cat?post=45838"},{"taxonomy":"product_tag","embeddable":true,"href":"https:\/\/librairie7l.com\/en\/wp-json\/wp\/v2\/product_tag?post=45838"}],"curies":[{"name":"wp","href":"https:\/\/api.w.org\/{rel}","templated":true}]}}