{"id":45850,"date":"2025-01-28T21:05:25","date_gmt":"2025-01-28T20:05:25","guid":{"rendered":"https:\/\/librairie7l.com\/?post_type=product&#038;p=45850"},"modified":"2026-04-06T01:28:02","modified_gmt":"2026-04-05T23:28:02","slug":"provence-petit-atlas-hedoniste-2","status":"publish","type":"product","link":"https:\/\/librairie7l.com\/en\/produit\/provence-petit-atlas-hedoniste-2\/","title":{"rendered":"PROVENCE : PETIT ATLAS H\u00c9DONISTE"},"content":{"rendered":"<p>R\u00e9gion hautement pris\u00e9e des touristes, la Provence permet d&#8217;aborder le tourisme de la mani\u00e8re que l&#8217;on pr\u00e9f\u00e8re, en se concentrant sur la visite de ses grandes villes, de ses vall\u00e9es ou encore de son littoral.<\/p>\n<p>&#8211; Un plan de la Provence en d\u00e9but de livre et un d\u00e9coupage clair par r\u00e9gion pour se rep\u00e9rer.<br \/>\n&#8211; Des photos artistiques, un graphisme moderne et \u00e9pur\u00e9 pour d\u00e9couvrir en images l&#8217;une des r\u00e9gions pr\u00e9f\u00e9r\u00e9es des Fran\u00e7ais.<br \/>\n&#8211; Des textes pointus pour en apprendre plus sur des th\u00e9matiques comme la culture de l&#8217;olivier, l&#8217;architecture proven\u00e7ale ou encore la confection du savon de Marseille.<br \/>\n&#8211; Dans chaque chapitre : une pr\u00e9sentation en images des \u00ab  Essentiels  \u00bb, des \u00ab  must  \u00bb \u00e0 ne pas rater et une promenade\/itin\u00e9raire th\u00e9matique \u00e0 faire dans chacune des r\u00e9gions du pays comme un tour des villages perch\u00e9s de Drac\u00e9nie, une randonn\u00e9e dans le parc des calanques, ou une promenade sur les routes romaines des Alpilles.<\/p>\n<p>Les + :<br \/>\nLa Provence : une destination accueillante \u00e0 seulement 3h de Paris en train.<br \/>\n10 millions de visiteurs par an.<br \/>\nUn traitement graphique et visuel sobre et moderne.<br \/>\nDes th\u00e8mes et textes pointus pour d\u00e9couvrir la Provence autrement, avec des partis-pris originaux.<\/p>\n","protected":false},"excerpt":{"rendered":"<p>R\u00e9gion hautement pris\u00e9e des touristes, la Provence permet d&#8217;aborder le tourisme de la mani\u00e8re que l&#8217;on pr\u00e9f\u00e8re, en se concentrant sur la visite de ses grandes villes, de ses vall\u00e9es ou encore de son littoral. &#8211; Un plan de la Provence en d\u00e9but de livre et un d\u00e9coupage clair par r\u00e9gion pour se rep\u00e9rer. &#8211; [&hellip;]<\/p>\n","protected":false},"featured_media":45848,"template":"","meta":[],"product_cat":[7364,2948],"product_tag":[],"acf":[],"yoast_head":"<!-- This site is optimized with the Yoast SEO plugin v20.11 - https:\/\/yoast.com\/wordpress\/plugins\/seo\/ -->\n<title>Provence : Petit Atlas H\u00e9doniste - Librairie 7L<\/title>\n<meta name=\"robots\" content=\"index, follow, max-snippet:-1, max-image-preview:large, max-video-preview:-1\" \/>\n<link rel=\"canonical\" href=\"https:\/\/librairie7l.com\/en\/produit\/provence-petit-atlas-hedoniste-2\/\" \/>\n<meta property=\"og:locale\" content=\"en_US\" \/>\n<meta property=\"og:type\" content=\"article\" \/>\n<meta property=\"og:title\" content=\"Provence : Petit Atlas H\u00e9doniste - Librairie 7L\" \/>\n<meta property=\"og:description\" content=\"R\u00e9gion hautement pris\u00e9e des touristes, la Provence permet d&#8217;aborder le tourisme de la mani\u00e8re que l&#8217;on pr\u00e9f\u00e8re, en se concentrant sur la visite de ses grandes villes, de ses vall\u00e9es ou encore de son littoral. &#8211; Un plan de la Provence en d\u00e9but de livre et un d\u00e9coupage clair par r\u00e9gion pour se rep\u00e9rer. &#8211; [&hellip;]\" \/>\n<meta property=\"og:url\" content=\"https:\/\/librairie7l.com\/en\/produit\/provence-petit-atlas-hedoniste-2\/\" \/>\n<meta property=\"og:site_name\" content=\"Librairie 7L\" \/>\n<meta property=\"article:modified_time\" content=\"2026-04-05T23:28:02+00:00\" \/>\n<meta property=\"og:image\" content=\"https:\/\/librairie7l.com\/wp-content\/uploads\/2024\/01\/9782812321405_1_75.jpg\" \/>\n\t<meta property=\"og:image:width\" content=\"600\" \/>\n\t<meta property=\"og:image:height\" content=\"803\" \/>\n\t<meta property=\"og:image:type\" content=\"image\/jpeg\" \/>\n<meta name=\"twitter:card\" content=\"summary_large_image\" \/>\n<meta name=\"twitter:label1\" content=\"Est. reading time\" \/>\n\t<meta name=\"twitter:data1\" content=\"1 minute\" \/>\n<script type=\"application\/ld+json\" class=\"yoast-schema-graph\">{\"@context\":\"https:\/\/schema.org\",\"@graph\":[{\"@type\":\"WebPage\",\"@id\":\"https:\/\/librairie7l.com\/en\/produit\/provence-petit-atlas-hedoniste-2\/\",\"url\":\"https:\/\/librairie7l.com\/en\/produit\/provence-petit-atlas-hedoniste-2\/\",\"name\":\"Provence : Petit Atlas H\u00e9doniste - Librairie 7L\",\"isPartOf\":{\"@id\":\"https:\/\/librairie7l.com\/en\/#website\"},\"datePublished\":\"2025-01-28T20:05:25+00:00\",\"dateModified\":\"2026-04-05T23:28:02+00:00\",\"breadcrumb\":{\"@id\":\"https:\/\/librairie7l.com\/en\/produit\/provence-petit-atlas-hedoniste-2\/#breadcrumb\"},\"inLanguage\":\"en-US\",\"potentialAction\":[{\"@type\":\"ReadAction\",\"target\":[\"https:\/\/librairie7l.com\/en\/produit\/provence-petit-atlas-hedoniste-2\/\"]}]},{\"@type\":\"BreadcrumbList\",\"@id\":\"https:\/\/librairie7l.com\/en\/produit\/provence-petit-atlas-hedoniste-2\/#breadcrumb\",\"itemListElement\":[{\"@type\":\"ListItem\",\"position\":1,\"name\":\"Accueil\",\"item\":\"https:\/\/librairie7l.com\/en\/\"},{\"@type\":\"ListItem\",\"position\":2,\"name\":\"Shop\",\"item\":\"https:\/\/librairie7l.com\/en\/shop\/\"},{\"@type\":\"ListItem\",\"position\":3,\"name\":\"PROVENCE : PETIT ATLAS H\u00c9DONISTE\"}]},{\"@type\":\"WebSite\",\"@id\":\"https:\/\/librairie7l.com\/en\/#website\",\"url\":\"https:\/\/librairie7l.com\/en\/\",\"name\":\"Librairie 7L\",\"description\":\"Librairie fond\u00e9e en 1999 par Karl Lagerfeld \u00e0 Paris\",\"publisher\":{\"@id\":\"https:\/\/librairie7l.com\/en\/#organization\"},\"potentialAction\":[{\"@type\":\"SearchAction\",\"target\":{\"@type\":\"EntryPoint\",\"urlTemplate\":\"https:\/\/librairie7l.com\/en\/?s={search_term_string}\"},\"query-input\":\"required name=search_term_string\"}],\"inLanguage\":\"en-US\"},{\"@type\":\"Organization\",\"@id\":\"https:\/\/librairie7l.com\/en\/#organization\",\"name\":\"Librairie 7L\",\"url\":\"https:\/\/librairie7l.com\/en\/\",\"logo\":{\"@type\":\"ImageObject\",\"inLanguage\":\"en-US\",\"@id\":\"https:\/\/librairie7l.com\/en\/#\/schema\/logo\/image\/\",\"url\":\"https:\/\/librairie7l.com\/wp-content\/uploads\/2022\/08\/logo-1.png\",\"contentUrl\":\"https:\/\/librairie7l.com\/wp-content\/uploads\/2022\/08\/logo-1.png\",\"width\":227,\"height\":301,\"caption\":\"Librairie 7L\"},\"image\":{\"@id\":\"https:\/\/librairie7l.com\/en\/#\/schema\/logo\/image\/\"}}]}<\/script>\n<!-- \/ Yoast SEO plugin. -->","yoast_head_json":{"title":"Provence : Petit Atlas H\u00e9doniste - Librairie 7L","robots":{"index":"index","follow":"follow","max-snippet":"max-snippet:-1","max-image-preview":"max-image-preview:large","max-video-preview":"max-video-preview:-1"},"canonical":"https:\/\/librairie7l.com\/en\/produit\/provence-petit-atlas-hedoniste-2\/","og_locale":"en_US","og_type":"article","og_title":"Provence : Petit Atlas H\u00e9doniste - Librairie 7L","og_description":"R\u00e9gion hautement pris\u00e9e des touristes, la Provence permet d&#8217;aborder le tourisme de la mani\u00e8re que l&#8217;on pr\u00e9f\u00e8re, en se concentrant sur la visite de ses grandes villes, de ses vall\u00e9es ou encore de son littoral. &#8211; Un plan de la Provence en d\u00e9but de livre et un d\u00e9coupage clair par r\u00e9gion pour se rep\u00e9rer. &#8211; [&hellip;]","og_url":"https:\/\/librairie7l.com\/en\/produit\/provence-petit-atlas-hedoniste-2\/","og_site_name":"Librairie 7L","article_modified_time":"2026-04-05T23:28:02+00:00","og_image":[{"width":600,"height":803,"url":"https:\/\/librairie7l.com\/wp-content\/uploads\/2024\/01\/9782812321405_1_75.jpg","type":"image\/jpeg"}],"twitter_card":"summary_large_image","twitter_misc":{"Est. reading time":"1 minute"},"schema":{"@context":"https:\/\/schema.org","@graph":[{"@type":"WebPage","@id":"https:\/\/librairie7l.com\/en\/produit\/provence-petit-atlas-hedoniste-2\/","url":"https:\/\/librairie7l.com\/en\/produit\/provence-petit-atlas-hedoniste-2\/","name":"Provence : Petit Atlas H\u00e9doniste - Librairie 7L","isPartOf":{"@id":"https:\/\/librairie7l.com\/en\/#website"},"datePublished":"2025-01-28T20:05:25+00:00","dateModified":"2026-04-05T23:28:02+00:00","breadcrumb":{"@id":"https:\/\/librairie7l.com\/en\/produit\/provence-petit-atlas-hedoniste-2\/#breadcrumb"},"inLanguage":"en-US","potentialAction":[{"@type":"ReadAction","target":["https:\/\/librairie7l.com\/en\/produit\/provence-petit-atlas-hedoniste-2\/"]}]},{"@type":"BreadcrumbList","@id":"https:\/\/librairie7l.com\/en\/produit\/provence-petit-atlas-hedoniste-2\/#breadcrumb","itemListElement":[{"@type":"ListItem","position":1,"name":"Accueil","item":"https:\/\/librairie7l.com\/en\/"},{"@type":"ListItem","position":2,"name":"Shop","item":"https:\/\/librairie7l.com\/en\/shop\/"},{"@type":"ListItem","position":3,"name":"PROVENCE : PETIT ATLAS H\u00c9DONISTE"}]},{"@type":"WebSite","@id":"https:\/\/librairie7l.com\/en\/#website","url":"https:\/\/librairie7l.com\/en\/","name":"Librairie 7L","description":"Librairie fond\u00e9e en 1999 par Karl Lagerfeld \u00e0 Paris","publisher":{"@id":"https:\/\/librairie7l.com\/en\/#organization"},"potentialAction":[{"@type":"SearchAction","target":{"@type":"EntryPoint","urlTemplate":"https:\/\/librairie7l.com\/en\/?s={search_term_string}"},"query-input":"required name=search_term_string"}],"inLanguage":"en-US"},{"@type":"Organization","@id":"https:\/\/librairie7l.com\/en\/#organization","name":"Librairie 7L","url":"https:\/\/librairie7l.com\/en\/","logo":{"@type":"ImageObject","inLanguage":"en-US","@id":"https:\/\/librairie7l.com\/en\/#\/schema\/logo\/image\/","url":"https:\/\/librairie7l.com\/wp-content\/uploads\/2022\/08\/logo-1.png","contentUrl":"https:\/\/librairie7l.com\/wp-content\/uploads\/2022\/08\/logo-1.png","width":227,"height":301,"caption":"Librairie 7L"},"image":{"@id":"https:\/\/librairie7l.com\/en\/#\/schema\/logo\/image\/"}}]}},"_links":{"self":[{"href":"https:\/\/librairie7l.com\/en\/wp-json\/wp\/v2\/product\/45850"}],"collection":[{"href":"https:\/\/librairie7l.com\/en\/wp-json\/wp\/v2\/product"}],"about":[{"href":"https:\/\/librairie7l.com\/en\/wp-json\/wp\/v2\/types\/product"}],"wp:featuredmedia":[{"embeddable":true,"href":"https:\/\/librairie7l.com\/en\/wp-json\/wp\/v2\/media\/45848"}],"wp:attachment":[{"href":"https:\/\/librairie7l.com\/en\/wp-json\/wp\/v2\/media?parent=45850"}],"wp:term":[{"taxonomy":"product_cat","embeddable":true,"href":"https:\/\/librairie7l.com\/en\/wp-json\/wp\/v2\/product_cat?post=45850"},{"taxonomy":"product_tag","embeddable":true,"href":"https:\/\/librairie7l.com\/en\/wp-json\/wp\/v2\/product_tag?post=45850"}],"curies":[{"name":"wp","href":"https:\/\/api.w.org\/{rel}","templated":true}]}}