{"id":45862,"date":"2025-01-29T09:18:15","date_gmt":"2025-01-29T08:18:15","guid":{"rendered":"https:\/\/librairie7l.com\/?post_type=product&#038;p=45862"},"modified":"2026-04-05T23:12:58","modified_gmt":"2026-04-05T21:12:58","slug":"ecrits-sur-la-mode-lart-de-surprendre-2","status":"publish","type":"product","link":"https:\/\/librairie7l.com\/en\/produit\/ecrits-sur-la-mode-lart-de-surprendre-2\/","title":{"rendered":"\u00c9CRITS SUR LA MODE : L&#8217;ART DE SURPRENDRE"},"content":{"rendered":"<p>Dans toute l&#8217;oeuvre de Colette, des Claudine au Fanal bleu, la d\u00e9esse Mode est au rendez-vous. Comment Colette, habit\u00e9e par un esprit de curiosit\u00e9 qui n&#8217;est jamais blas\u00e9 ni las, pouvait-elle rester insensible \u00e0 ce ph\u00e9nom\u00e8ne qui, en r\u00e9gissant la fa\u00e7on de se v\u00eatir conform\u00e9ment au go\u00fbt d&#8217;une \u00e9poque et \u00e0 un moment pr\u00e9cis, renvoie \u00e0 une mani\u00e8re de vivre, exprime la v\u00e9rit\u00e9 int\u00e9rieure d&#8217;un \u00eatre dans son dialogue avec le monde qui l&#8217;entoure ? Voluptueuse, toujours \u00e0 l&#8217;aise dans sa jupe un peu large, son corsage et son gros foulard, ou son costume de vieux chasseur et son feutre de braconnier, elle observe d&#8217;un oeil savamment critique ce ph\u00e9nom\u00e8ne \u00e9ph\u00e9m\u00e8re et changeant qui \u00e0 la fois renvoie \u00e0 l&#8217;\u00e9l\u00e9gance et \u00e0 la beaut\u00e9, mais aussi \u00e0 l&#8217;inconstance et \u00e0 l&#8217;artifice. V\u00eatements et maquillage, coupe des cheveux, chaussures et chapeaux : chacun de ces \u00e9l\u00e9ments dit \u00e0 sa fa\u00e7on le fourmillement de la vie, la force de son pouvoir cr\u00e9ateur, un jaillissement de couleurs et de formes. Au-del\u00e0 des apparences, Colette les savoure avec gourmandise, \u00e0 la d\u00e9couverte des v\u00e9rit\u00e9s intimes des \u00eatres et des caract\u00e9ristiques mouvantes des \u00e9poques Ce livre retrace un demi-si\u00e8cle d&#8217;\u00e9volution stylistique pour les femmes de 1900 aux ann\u00e9es 1950.<\/p>\n","protected":false},"excerpt":{"rendered":"<p>Dans toute l&#8217;oeuvre de Colette, des Claudine au Fanal bleu, la d\u00e9esse Mode est au rendez-vous. Comment Colette, habit\u00e9e par un esprit de curiosit\u00e9 qui n&#8217;est jamais blas\u00e9 ni las, pouvait-elle rester insensible \u00e0 ce ph\u00e9nom\u00e8ne qui, en r\u00e9gissant la fa\u00e7on de se v\u00eatir conform\u00e9ment au go\u00fbt d&#8217;une \u00e9poque et \u00e0 un moment pr\u00e9cis, renvoie [&hellip;]<\/p>\n","protected":false},"featured_media":45860,"template":"","meta":[],"product_cat":[2948,2957],"product_tag":[],"acf":[],"yoast_head":"<!-- This site is optimized with the Yoast SEO plugin v20.11 - https:\/\/yoast.com\/wordpress\/plugins\/seo\/ -->\n<title>\u00c9crits sur la mode : L&#039;art de surprendre - Librairie 7L<\/title>\n<meta name=\"robots\" content=\"index, follow, max-snippet:-1, max-image-preview:large, max-video-preview:-1\" \/>\n<link rel=\"canonical\" href=\"https:\/\/librairie7l.com\/en\/produit\/ecrits-sur-la-mode-lart-de-surprendre-2\/\" \/>\n<meta property=\"og:locale\" content=\"en_US\" \/>\n<meta property=\"og:type\" content=\"article\" \/>\n<meta property=\"og:title\" content=\"\u00c9crits sur la mode : L&#039;art de surprendre - Librairie 7L\" \/>\n<meta property=\"og:description\" content=\"Dans toute l&#8217;oeuvre de Colette, des Claudine au Fanal bleu, la d\u00e9esse Mode est au rendez-vous. Comment Colette, habit\u00e9e par un esprit de curiosit\u00e9 qui n&#8217;est jamais blas\u00e9 ni las, pouvait-elle rester insensible \u00e0 ce ph\u00e9nom\u00e8ne qui, en r\u00e9gissant la fa\u00e7on de se v\u00eatir conform\u00e9ment au go\u00fbt d&#8217;une \u00e9poque et \u00e0 un moment pr\u00e9cis, renvoie [&hellip;]\" \/>\n<meta property=\"og:url\" content=\"https:\/\/librairie7l.com\/en\/produit\/ecrits-sur-la-mode-lart-de-surprendre-2\/\" \/>\n<meta property=\"og:site_name\" content=\"Librairie 7L\" \/>\n<meta property=\"article:modified_time\" content=\"2026-04-05T21:12:58+00:00\" \/>\n<meta property=\"og:image\" content=\"https:\/\/librairie7l.com\/wp-content\/uploads\/2024\/10\/9782841007813_1_75.jpg\" \/>\n\t<meta property=\"og:image:width\" content=\"600\" \/>\n\t<meta property=\"og:image:height\" content=\"890\" \/>\n\t<meta property=\"og:image:type\" content=\"image\/jpeg\" \/>\n<meta name=\"twitter:card\" content=\"summary_large_image\" \/>\n<meta name=\"twitter:label1\" content=\"Est. reading time\" \/>\n\t<meta name=\"twitter:data1\" content=\"1 minute\" \/>\n<script type=\"application\/ld+json\" class=\"yoast-schema-graph\">{\"@context\":\"https:\/\/schema.org\",\"@graph\":[{\"@type\":\"WebPage\",\"@id\":\"https:\/\/librairie7l.com\/en\/produit\/ecrits-sur-la-mode-lart-de-surprendre-2\/\",\"url\":\"https:\/\/librairie7l.com\/en\/produit\/ecrits-sur-la-mode-lart-de-surprendre-2\/\",\"name\":\"\u00c9crits sur la mode : L'art de surprendre - Librairie 7L\",\"isPartOf\":{\"@id\":\"https:\/\/librairie7l.com\/en\/#website\"},\"datePublished\":\"2025-01-29T08:18:15+00:00\",\"dateModified\":\"2026-04-05T21:12:58+00:00\",\"breadcrumb\":{\"@id\":\"https:\/\/librairie7l.com\/en\/produit\/ecrits-sur-la-mode-lart-de-surprendre-2\/#breadcrumb\"},\"inLanguage\":\"en-US\",\"potentialAction\":[{\"@type\":\"ReadAction\",\"target\":[\"https:\/\/librairie7l.com\/en\/produit\/ecrits-sur-la-mode-lart-de-surprendre-2\/\"]}]},{\"@type\":\"BreadcrumbList\",\"@id\":\"https:\/\/librairie7l.com\/en\/produit\/ecrits-sur-la-mode-lart-de-surprendre-2\/#breadcrumb\",\"itemListElement\":[{\"@type\":\"ListItem\",\"position\":1,\"name\":\"Accueil\",\"item\":\"https:\/\/librairie7l.com\/en\/\"},{\"@type\":\"ListItem\",\"position\":2,\"name\":\"Shop\",\"item\":\"https:\/\/librairie7l.com\/en\/shop\/\"},{\"@type\":\"ListItem\",\"position\":3,\"name\":\"\u00c9CRITS SUR LA MODE : L&#8217;ART DE SURPRENDRE\"}]},{\"@type\":\"WebSite\",\"@id\":\"https:\/\/librairie7l.com\/en\/#website\",\"url\":\"https:\/\/librairie7l.com\/en\/\",\"name\":\"Librairie 7L\",\"description\":\"Librairie fond\u00e9e en 1999 par Karl Lagerfeld \u00e0 Paris\",\"publisher\":{\"@id\":\"https:\/\/librairie7l.com\/en\/#organization\"},\"potentialAction\":[{\"@type\":\"SearchAction\",\"target\":{\"@type\":\"EntryPoint\",\"urlTemplate\":\"https:\/\/librairie7l.com\/en\/?s={search_term_string}\"},\"query-input\":\"required name=search_term_string\"}],\"inLanguage\":\"en-US\"},{\"@type\":\"Organization\",\"@id\":\"https:\/\/librairie7l.com\/en\/#organization\",\"name\":\"Librairie 7L\",\"url\":\"https:\/\/librairie7l.com\/en\/\",\"logo\":{\"@type\":\"ImageObject\",\"inLanguage\":\"en-US\",\"@id\":\"https:\/\/librairie7l.com\/en\/#\/schema\/logo\/image\/\",\"url\":\"https:\/\/librairie7l.com\/wp-content\/uploads\/2022\/08\/logo-1.png\",\"contentUrl\":\"https:\/\/librairie7l.com\/wp-content\/uploads\/2022\/08\/logo-1.png\",\"width\":227,\"height\":301,\"caption\":\"Librairie 7L\"},\"image\":{\"@id\":\"https:\/\/librairie7l.com\/en\/#\/schema\/logo\/image\/\"}}]}<\/script>\n<!-- \/ Yoast SEO plugin. -->","yoast_head_json":{"title":"\u00c9crits sur la mode : L'art de surprendre - Librairie 7L","robots":{"index":"index","follow":"follow","max-snippet":"max-snippet:-1","max-image-preview":"max-image-preview:large","max-video-preview":"max-video-preview:-1"},"canonical":"https:\/\/librairie7l.com\/en\/produit\/ecrits-sur-la-mode-lart-de-surprendre-2\/","og_locale":"en_US","og_type":"article","og_title":"\u00c9crits sur la mode : L'art de surprendre - Librairie 7L","og_description":"Dans toute l&#8217;oeuvre de Colette, des Claudine au Fanal bleu, la d\u00e9esse Mode est au rendez-vous. Comment Colette, habit\u00e9e par un esprit de curiosit\u00e9 qui n&#8217;est jamais blas\u00e9 ni las, pouvait-elle rester insensible \u00e0 ce ph\u00e9nom\u00e8ne qui, en r\u00e9gissant la fa\u00e7on de se v\u00eatir conform\u00e9ment au go\u00fbt d&#8217;une \u00e9poque et \u00e0 un moment pr\u00e9cis, renvoie [&hellip;]","og_url":"https:\/\/librairie7l.com\/en\/produit\/ecrits-sur-la-mode-lart-de-surprendre-2\/","og_site_name":"Librairie 7L","article_modified_time":"2026-04-05T21:12:58+00:00","og_image":[{"width":600,"height":890,"url":"https:\/\/librairie7l.com\/wp-content\/uploads\/2024\/10\/9782841007813_1_75.jpg","type":"image\/jpeg"}],"twitter_card":"summary_large_image","twitter_misc":{"Est. reading time":"1 minute"},"schema":{"@context":"https:\/\/schema.org","@graph":[{"@type":"WebPage","@id":"https:\/\/librairie7l.com\/en\/produit\/ecrits-sur-la-mode-lart-de-surprendre-2\/","url":"https:\/\/librairie7l.com\/en\/produit\/ecrits-sur-la-mode-lart-de-surprendre-2\/","name":"\u00c9crits sur la mode : L'art de surprendre - Librairie 7L","isPartOf":{"@id":"https:\/\/librairie7l.com\/en\/#website"},"datePublished":"2025-01-29T08:18:15+00:00","dateModified":"2026-04-05T21:12:58+00:00","breadcrumb":{"@id":"https:\/\/librairie7l.com\/en\/produit\/ecrits-sur-la-mode-lart-de-surprendre-2\/#breadcrumb"},"inLanguage":"en-US","potentialAction":[{"@type":"ReadAction","target":["https:\/\/librairie7l.com\/en\/produit\/ecrits-sur-la-mode-lart-de-surprendre-2\/"]}]},{"@type":"BreadcrumbList","@id":"https:\/\/librairie7l.com\/en\/produit\/ecrits-sur-la-mode-lart-de-surprendre-2\/#breadcrumb","itemListElement":[{"@type":"ListItem","position":1,"name":"Accueil","item":"https:\/\/librairie7l.com\/en\/"},{"@type":"ListItem","position":2,"name":"Shop","item":"https:\/\/librairie7l.com\/en\/shop\/"},{"@type":"ListItem","position":3,"name":"\u00c9CRITS SUR LA MODE : L&#8217;ART DE SURPRENDRE"}]},{"@type":"WebSite","@id":"https:\/\/librairie7l.com\/en\/#website","url":"https:\/\/librairie7l.com\/en\/","name":"Librairie 7L","description":"Librairie fond\u00e9e en 1999 par Karl Lagerfeld \u00e0 Paris","publisher":{"@id":"https:\/\/librairie7l.com\/en\/#organization"},"potentialAction":[{"@type":"SearchAction","target":{"@type":"EntryPoint","urlTemplate":"https:\/\/librairie7l.com\/en\/?s={search_term_string}"},"query-input":"required name=search_term_string"}],"inLanguage":"en-US"},{"@type":"Organization","@id":"https:\/\/librairie7l.com\/en\/#organization","name":"Librairie 7L","url":"https:\/\/librairie7l.com\/en\/","logo":{"@type":"ImageObject","inLanguage":"en-US","@id":"https:\/\/librairie7l.com\/en\/#\/schema\/logo\/image\/","url":"https:\/\/librairie7l.com\/wp-content\/uploads\/2022\/08\/logo-1.png","contentUrl":"https:\/\/librairie7l.com\/wp-content\/uploads\/2022\/08\/logo-1.png","width":227,"height":301,"caption":"Librairie 7L"},"image":{"@id":"https:\/\/librairie7l.com\/en\/#\/schema\/logo\/image\/"}}]}},"_links":{"self":[{"href":"https:\/\/librairie7l.com\/en\/wp-json\/wp\/v2\/product\/45862"}],"collection":[{"href":"https:\/\/librairie7l.com\/en\/wp-json\/wp\/v2\/product"}],"about":[{"href":"https:\/\/librairie7l.com\/en\/wp-json\/wp\/v2\/types\/product"}],"wp:featuredmedia":[{"embeddable":true,"href":"https:\/\/librairie7l.com\/en\/wp-json\/wp\/v2\/media\/45860"}],"wp:attachment":[{"href":"https:\/\/librairie7l.com\/en\/wp-json\/wp\/v2\/media?parent=45862"}],"wp:term":[{"taxonomy":"product_cat","embeddable":true,"href":"https:\/\/librairie7l.com\/en\/wp-json\/wp\/v2\/product_cat?post=45862"},{"taxonomy":"product_tag","embeddable":true,"href":"https:\/\/librairie7l.com\/en\/wp-json\/wp\/v2\/product_tag?post=45862"}],"curies":[{"name":"wp","href":"https:\/\/api.w.org\/{rel}","templated":true}]}}