{"id":45876,"date":"2025-01-30T09:18:01","date_gmt":"2025-01-30T08:18:01","guid":{"rendered":"https:\/\/librairie7l.com\/?post_type=product&#038;p=45876"},"modified":"2026-04-21T12:01:53","modified_gmt":"2026-04-21T10:01:53","slug":"dali-the-paintings-2","status":"publish","type":"product","link":"https:\/\/librairie7l.com\/en\/produit\/dali-the-paintings-2\/","title":{"rendered":"DALI : THE PAINTINGS"},"content":{"rendered":"<p>Peintre, sculpteur, \u00e9crivain et cin\u00e9aste, Salvador Dali (1904-1989) fut l&#8217;un des plus grands excentriques et exhibitionnistes du XXe si\u00e8cle, provoquant sur son passage de violentes controverses. Il fut un des premiers \u00e0 appliquer les th\u00e9ories de Sigmund Freud et de la psychanalyse \u00e0 la peinture, approchant le subconscient avec une sensibilit\u00e9 et une imagination extraordinaires.<br \/>\nCet ouvrage pr\u00e9sente tout l&#8217;oeuvre peint de Salvador Dali. Apr\u00e8s de nombreuses ann\u00e9es de recherche, Robert Descharnes et Gilles N\u00e9ret ont finalement r\u00e9ussi \u00e0 localiser tous les tableaux de cet artiste si prolifique. Beaucoup de ces oeuvres \u00e9taient demeur\u00e9es inaccessibles pendant des ann\u00e9es, tant et si bien que pr\u00e8s de la moiti\u00e9 des illustrations de ce livre n&#8217;avaient quasiment jamais \u00e9t\u00e9 montr\u00e9es auparavant.<\/p>\n","protected":false},"excerpt":{"rendered":"<p>Peintre, sculpteur, \u00e9crivain et cin\u00e9aste, Salvador Dali (1904-1989) fut l&#8217;un des plus grands excentriques et exhibitionnistes du XXe si\u00e8cle, provoquant sur son passage de violentes controverses. Il fut un des premiers \u00e0 appliquer les th\u00e9ories de Sigmund Freud et de la psychanalyse \u00e0 la peinture, approchant le subconscient avec une sensibilit\u00e9 et une imagination extraordinaires. [&hellip;]<\/p>\n","protected":false},"featured_media":45874,"template":"","meta":[],"product_cat":[2948,2953],"product_tag":[],"acf":[],"yoast_head":"<!-- This site is optimized with the Yoast SEO plugin v20.11 - https:\/\/yoast.com\/wordpress\/plugins\/seo\/ -->\n<title>Dali : the paintings - Librairie 7L<\/title>\n<meta name=\"robots\" content=\"index, follow, max-snippet:-1, max-image-preview:large, max-video-preview:-1\" \/>\n<link rel=\"canonical\" href=\"https:\/\/librairie7l.com\/en\/produit\/dali-the-paintings-2\/\" \/>\n<meta property=\"og:locale\" content=\"en_US\" \/>\n<meta property=\"og:type\" content=\"article\" \/>\n<meta property=\"og:title\" content=\"Dali : the paintings - Librairie 7L\" \/>\n<meta property=\"og:description\" content=\"Peintre, sculpteur, \u00e9crivain et cin\u00e9aste, Salvador Dali (1904-1989) fut l&#8217;un des plus grands excentriques et exhibitionnistes du XXe si\u00e8cle, provoquant sur son passage de violentes controverses. Il fut un des premiers \u00e0 appliquer les th\u00e9ories de Sigmund Freud et de la psychanalyse \u00e0 la peinture, approchant le subconscient avec une sensibilit\u00e9 et une imagination extraordinaires. [&hellip;]\" \/>\n<meta property=\"og:url\" content=\"https:\/\/librairie7l.com\/en\/produit\/dali-the-paintings-2\/\" \/>\n<meta property=\"og:site_name\" content=\"Librairie 7L\" \/>\n<meta property=\"article:modified_time\" content=\"2026-04-21T10:01:53+00:00\" \/>\n<meta property=\"og:image\" content=\"https:\/\/librairie7l.com\/wp-content\/uploads\/2015\/02\/9783836544924_1_75.jpg\" \/>\n\t<meta property=\"og:image:width\" content=\"600\" \/>\n\t<meta property=\"og:image:height\" content=\"719\" \/>\n\t<meta property=\"og:image:type\" content=\"image\/jpeg\" \/>\n<meta name=\"twitter:card\" content=\"summary_large_image\" \/>\n<meta name=\"twitter:label1\" content=\"Est. reading time\" \/>\n\t<meta name=\"twitter:data1\" content=\"1 minute\" \/>\n<script type=\"application\/ld+json\" class=\"yoast-schema-graph\">{\"@context\":\"https:\/\/schema.org\",\"@graph\":[{\"@type\":\"WebPage\",\"@id\":\"https:\/\/librairie7l.com\/en\/produit\/dali-the-paintings-2\/\",\"url\":\"https:\/\/librairie7l.com\/en\/produit\/dali-the-paintings-2\/\",\"name\":\"Dali : the paintings - Librairie 7L\",\"isPartOf\":{\"@id\":\"https:\/\/librairie7l.com\/en\/#website\"},\"datePublished\":\"2025-01-30T08:18:01+00:00\",\"dateModified\":\"2026-04-21T10:01:53+00:00\",\"breadcrumb\":{\"@id\":\"https:\/\/librairie7l.com\/en\/produit\/dali-the-paintings-2\/#breadcrumb\"},\"inLanguage\":\"en-US\",\"potentialAction\":[{\"@type\":\"ReadAction\",\"target\":[\"https:\/\/librairie7l.com\/en\/produit\/dali-the-paintings-2\/\"]}]},{\"@type\":\"BreadcrumbList\",\"@id\":\"https:\/\/librairie7l.com\/en\/produit\/dali-the-paintings-2\/#breadcrumb\",\"itemListElement\":[{\"@type\":\"ListItem\",\"position\":1,\"name\":\"Accueil\",\"item\":\"https:\/\/librairie7l.com\/en\/\"},{\"@type\":\"ListItem\",\"position\":2,\"name\":\"Shop\",\"item\":\"https:\/\/librairie7l.com\/en\/shop\/\"},{\"@type\":\"ListItem\",\"position\":3,\"name\":\"DALI : THE PAINTINGS\"}]},{\"@type\":\"WebSite\",\"@id\":\"https:\/\/librairie7l.com\/en\/#website\",\"url\":\"https:\/\/librairie7l.com\/en\/\",\"name\":\"Librairie 7L\",\"description\":\"Librairie fond\u00e9e en 1999 par Karl Lagerfeld \u00e0 Paris\",\"publisher\":{\"@id\":\"https:\/\/librairie7l.com\/en\/#organization\"},\"potentialAction\":[{\"@type\":\"SearchAction\",\"target\":{\"@type\":\"EntryPoint\",\"urlTemplate\":\"https:\/\/librairie7l.com\/en\/?s={search_term_string}\"},\"query-input\":\"required name=search_term_string\"}],\"inLanguage\":\"en-US\"},{\"@type\":\"Organization\",\"@id\":\"https:\/\/librairie7l.com\/en\/#organization\",\"name\":\"Librairie 7L\",\"url\":\"https:\/\/librairie7l.com\/en\/\",\"logo\":{\"@type\":\"ImageObject\",\"inLanguage\":\"en-US\",\"@id\":\"https:\/\/librairie7l.com\/en\/#\/schema\/logo\/image\/\",\"url\":\"https:\/\/librairie7l.com\/wp-content\/uploads\/2022\/08\/logo-1.png\",\"contentUrl\":\"https:\/\/librairie7l.com\/wp-content\/uploads\/2022\/08\/logo-1.png\",\"width\":227,\"height\":301,\"caption\":\"Librairie 7L\"},\"image\":{\"@id\":\"https:\/\/librairie7l.com\/en\/#\/schema\/logo\/image\/\"}}]}<\/script>\n<!-- \/ Yoast SEO plugin. -->","yoast_head_json":{"title":"Dali : the paintings - Librairie 7L","robots":{"index":"index","follow":"follow","max-snippet":"max-snippet:-1","max-image-preview":"max-image-preview:large","max-video-preview":"max-video-preview:-1"},"canonical":"https:\/\/librairie7l.com\/en\/produit\/dali-the-paintings-2\/","og_locale":"en_US","og_type":"article","og_title":"Dali : the paintings - Librairie 7L","og_description":"Peintre, sculpteur, \u00e9crivain et cin\u00e9aste, Salvador Dali (1904-1989) fut l&#8217;un des plus grands excentriques et exhibitionnistes du XXe si\u00e8cle, provoquant sur son passage de violentes controverses. Il fut un des premiers \u00e0 appliquer les th\u00e9ories de Sigmund Freud et de la psychanalyse \u00e0 la peinture, approchant le subconscient avec une sensibilit\u00e9 et une imagination extraordinaires. [&hellip;]","og_url":"https:\/\/librairie7l.com\/en\/produit\/dali-the-paintings-2\/","og_site_name":"Librairie 7L","article_modified_time":"2026-04-21T10:01:53+00:00","og_image":[{"width":600,"height":719,"url":"https:\/\/librairie7l.com\/wp-content\/uploads\/2015\/02\/9783836544924_1_75.jpg","type":"image\/jpeg"}],"twitter_card":"summary_large_image","twitter_misc":{"Est. reading time":"1 minute"},"schema":{"@context":"https:\/\/schema.org","@graph":[{"@type":"WebPage","@id":"https:\/\/librairie7l.com\/en\/produit\/dali-the-paintings-2\/","url":"https:\/\/librairie7l.com\/en\/produit\/dali-the-paintings-2\/","name":"Dali : the paintings - Librairie 7L","isPartOf":{"@id":"https:\/\/librairie7l.com\/en\/#website"},"datePublished":"2025-01-30T08:18:01+00:00","dateModified":"2026-04-21T10:01:53+00:00","breadcrumb":{"@id":"https:\/\/librairie7l.com\/en\/produit\/dali-the-paintings-2\/#breadcrumb"},"inLanguage":"en-US","potentialAction":[{"@type":"ReadAction","target":["https:\/\/librairie7l.com\/en\/produit\/dali-the-paintings-2\/"]}]},{"@type":"BreadcrumbList","@id":"https:\/\/librairie7l.com\/en\/produit\/dali-the-paintings-2\/#breadcrumb","itemListElement":[{"@type":"ListItem","position":1,"name":"Accueil","item":"https:\/\/librairie7l.com\/en\/"},{"@type":"ListItem","position":2,"name":"Shop","item":"https:\/\/librairie7l.com\/en\/shop\/"},{"@type":"ListItem","position":3,"name":"DALI : THE PAINTINGS"}]},{"@type":"WebSite","@id":"https:\/\/librairie7l.com\/en\/#website","url":"https:\/\/librairie7l.com\/en\/","name":"Librairie 7L","description":"Librairie fond\u00e9e en 1999 par Karl Lagerfeld \u00e0 Paris","publisher":{"@id":"https:\/\/librairie7l.com\/en\/#organization"},"potentialAction":[{"@type":"SearchAction","target":{"@type":"EntryPoint","urlTemplate":"https:\/\/librairie7l.com\/en\/?s={search_term_string}"},"query-input":"required name=search_term_string"}],"inLanguage":"en-US"},{"@type":"Organization","@id":"https:\/\/librairie7l.com\/en\/#organization","name":"Librairie 7L","url":"https:\/\/librairie7l.com\/en\/","logo":{"@type":"ImageObject","inLanguage":"en-US","@id":"https:\/\/librairie7l.com\/en\/#\/schema\/logo\/image\/","url":"https:\/\/librairie7l.com\/wp-content\/uploads\/2022\/08\/logo-1.png","contentUrl":"https:\/\/librairie7l.com\/wp-content\/uploads\/2022\/08\/logo-1.png","width":227,"height":301,"caption":"Librairie 7L"},"image":{"@id":"https:\/\/librairie7l.com\/en\/#\/schema\/logo\/image\/"}}]}},"_links":{"self":[{"href":"https:\/\/librairie7l.com\/en\/wp-json\/wp\/v2\/product\/45876"}],"collection":[{"href":"https:\/\/librairie7l.com\/en\/wp-json\/wp\/v2\/product"}],"about":[{"href":"https:\/\/librairie7l.com\/en\/wp-json\/wp\/v2\/types\/product"}],"wp:featuredmedia":[{"embeddable":true,"href":"https:\/\/librairie7l.com\/en\/wp-json\/wp\/v2\/media\/45874"}],"wp:attachment":[{"href":"https:\/\/librairie7l.com\/en\/wp-json\/wp\/v2\/media?parent=45876"}],"wp:term":[{"taxonomy":"product_cat","embeddable":true,"href":"https:\/\/librairie7l.com\/en\/wp-json\/wp\/v2\/product_cat?post=45876"},{"taxonomy":"product_tag","embeddable":true,"href":"https:\/\/librairie7l.com\/en\/wp-json\/wp\/v2\/product_tag?post=45876"}],"curies":[{"name":"wp","href":"https:\/\/api.w.org\/{rel}","templated":true}]}}