{"id":45880,"date":"2025-01-30T09:18:06","date_gmt":"2025-01-30T08:18:06","guid":{"rendered":"https:\/\/librairie7l.com\/?post_type=product&#038;p=45880"},"modified":"2026-04-22T01:16:31","modified_gmt":"2026-04-21T23:16:31","slug":"dali-vins-de-gala-2","status":"publish","type":"product","link":"https:\/\/librairie7l.com\/en\/produit\/dali-vins-de-gala-2\/","title":{"rendered":"DAL\u00cd ; VINS DE GALA"},"content":{"rendered":"<p>Sur les talons, ou plut\u00f4t dans les pinces de homard des D\u00eeners de Gala, ph\u00e9nom\u00e8ne \u00e9ditorial sign\u00e9 Salvador Dali, pr\u00e9c\u00e9demment publi\u00e9 par TASCHEN, voici les Vins de Gala, sa suite oenologique, tout aussi surr\u00e9aliste et sensuelle. Cette interpr\u00e9tation dalinienne des plaisirs de la grappe, d\u00e9j\u00e0 recherch\u00e9e comme objet de collection, classe les nectars les plus fins \u00abselon les sensations qu&#8217;ils procurent au plus profond de nous\u00bb. Riche en informations \u00e9clectiques sur leurs m\u00e9thodes de production, leur poids et leur couleur, ce livre regroupe les vins du monde dans des cat\u00e9gories aussi cr\u00e9atives et fid\u00e8les \u00e0 Dali que \u00abVins de Volupt\u00e9\u00bb, \u00abVins de l&#8217;Impossible\u00bb ou \u00abVins de Lumi\u00e8re\u00bb.<br \/>\nCe livre foisonnant compte plus de 140 illustrations de Dali, dont beaucoup sont des oeuvres r\u00e9interpr\u00e9t\u00e9es: des nus classiques rehauss\u00e9s d&#8217;une petite touche de surr\u00e9alisme \u00e0 l&#8217;Ang\u00e9lus de Jean-Francois Millet, une des r\u00e9f\u00e9rences favorites et durables de Dali. Le ma\u00eetre catalan y a aussi gliss\u00e9 ce qui est aujourd&#8217;hui consid\u00e9r\u00e9 comme une oeuvre majeure de son ultime p\u00e9riode \u00abmystique nucl\u00e9aire\u00bb, Le Sacrement de la derni\u00e8re C\u00e8ne (1955), qui inscrit l&#8217;illustre sc\u00e8ne biblique dans un dod\u00e9ca\u00e8dre translucide en l\u00e9vitation face \u00e0 un paysage de la c\u00f4te catalane. Dali est alors un fervent catholique, mais toujours captiv\u00e9 par la science, l&#8217;illusion optique et l&#8217;\u00e8re atomique.<br \/>\nLa premi\u00e8re partie est consacr\u00e9e aux \u00abDix vins du divin\u00bb et passe en revue 10 importantes r\u00e9gions vinicoles, tandis que la seconde pr\u00e9sente le classement r\u00e9volutionnaire des vins \u00e9tabli selon l&#8217;exp\u00e9rience \u00e9motionnelle qu&#8217;ils provoquent plut\u00f4t que selon le c\u00e9page ou l&#8217;origine g\u00e9ographique. A la diff\u00e9rence d&#8217;une classification prescriptive, il s&#8217;agit d&#8217;un manifeste qui plaide passionn\u00e9ment pour le go\u00fbt et la sensation, un d\u00e9lice pour les sens et un document cors\u00e9 sur l&#8217;univers cr\u00e9atif de Dali \u00e0 la fin de sa vie, dans lequel l&#8217;artiste revient sur les influences qui l&#8217;ont form\u00e9 tout en peaufinant son propre h\u00e9ritage culturel.Laur\u00e9at des Gourmand World Cookbook Awards 2018<\/p>\n","protected":false},"excerpt":{"rendered":"<p>Sur les talons, ou plut\u00f4t dans les pinces de homard des D\u00eeners de Gala, ph\u00e9nom\u00e8ne \u00e9ditorial sign\u00e9 Salvador Dali, pr\u00e9c\u00e9demment publi\u00e9 par TASCHEN, voici les Vins de Gala, sa suite oenologique, tout aussi surr\u00e9aliste et sensuelle. Cette interpr\u00e9tation dalinienne des plaisirs de la grappe, d\u00e9j\u00e0 recherch\u00e9e comme objet de collection, classe les nectars les plus [&hellip;]<\/p>\n","protected":false},"featured_media":45878,"template":"","meta":[],"product_cat":[2948,2953],"product_tag":[],"acf":[],"yoast_head":"<!-- This site is optimized with the Yoast SEO plugin v20.11 - https:\/\/yoast.com\/wordpress\/plugins\/seo\/ -->\n<title>Dal\u00ed ; vins de Gala - Librairie 7L<\/title>\n<meta name=\"robots\" content=\"index, follow, max-snippet:-1, max-image-preview:large, max-video-preview:-1\" \/>\n<link rel=\"canonical\" href=\"https:\/\/librairie7l.com\/en\/produit\/dali-vins-de-gala-2\/\" \/>\n<meta property=\"og:locale\" content=\"en_US\" \/>\n<meta property=\"og:type\" content=\"article\" \/>\n<meta property=\"og:title\" content=\"Dal\u00ed ; vins de Gala - Librairie 7L\" \/>\n<meta property=\"og:description\" content=\"Sur les talons, ou plut\u00f4t dans les pinces de homard des D\u00eeners de Gala, ph\u00e9nom\u00e8ne \u00e9ditorial sign\u00e9 Salvador Dali, pr\u00e9c\u00e9demment publi\u00e9 par TASCHEN, voici les Vins de Gala, sa suite oenologique, tout aussi surr\u00e9aliste et sensuelle. Cette interpr\u00e9tation dalinienne des plaisirs de la grappe, d\u00e9j\u00e0 recherch\u00e9e comme objet de collection, classe les nectars les plus [&hellip;]\" \/>\n<meta property=\"og:url\" content=\"https:\/\/librairie7l.com\/en\/produit\/dali-vins-de-gala-2\/\" \/>\n<meta property=\"og:site_name\" content=\"Librairie 7L\" \/>\n<meta property=\"article:modified_time\" content=\"2026-04-21T23:16:31+00:00\" \/>\n<meta property=\"og:image\" content=\"https:\/\/librairie7l.com\/wp-content\/uploads\/2017\/08\/9783836567718_1_75.jpg\" \/>\n\t<meta property=\"og:image:width\" content=\"600\" \/>\n\t<meta property=\"og:image:height\" content=\"804\" \/>\n\t<meta property=\"og:image:type\" content=\"image\/jpeg\" \/>\n<meta name=\"twitter:card\" content=\"summary_large_image\" \/>\n<meta name=\"twitter:label1\" content=\"Est. reading time\" \/>\n\t<meta name=\"twitter:data1\" content=\"2 minutes\" \/>\n<script type=\"application\/ld+json\" class=\"yoast-schema-graph\">{\"@context\":\"https:\/\/schema.org\",\"@graph\":[{\"@type\":\"WebPage\",\"@id\":\"https:\/\/librairie7l.com\/en\/produit\/dali-vins-de-gala-2\/\",\"url\":\"https:\/\/librairie7l.com\/en\/produit\/dali-vins-de-gala-2\/\",\"name\":\"Dal\u00ed ; vins de Gala - Librairie 7L\",\"isPartOf\":{\"@id\":\"https:\/\/librairie7l.com\/en\/#website\"},\"datePublished\":\"2025-01-30T08:18:06+00:00\",\"dateModified\":\"2026-04-21T23:16:31+00:00\",\"breadcrumb\":{\"@id\":\"https:\/\/librairie7l.com\/en\/produit\/dali-vins-de-gala-2\/#breadcrumb\"},\"inLanguage\":\"en-US\",\"potentialAction\":[{\"@type\":\"ReadAction\",\"target\":[\"https:\/\/librairie7l.com\/en\/produit\/dali-vins-de-gala-2\/\"]}]},{\"@type\":\"BreadcrumbList\",\"@id\":\"https:\/\/librairie7l.com\/en\/produit\/dali-vins-de-gala-2\/#breadcrumb\",\"itemListElement\":[{\"@type\":\"ListItem\",\"position\":1,\"name\":\"Accueil\",\"item\":\"https:\/\/librairie7l.com\/en\/\"},{\"@type\":\"ListItem\",\"position\":2,\"name\":\"Shop\",\"item\":\"https:\/\/librairie7l.com\/en\/shop\/\"},{\"@type\":\"ListItem\",\"position\":3,\"name\":\"DAL\u00cd ; VINS DE GALA\"}]},{\"@type\":\"WebSite\",\"@id\":\"https:\/\/librairie7l.com\/en\/#website\",\"url\":\"https:\/\/librairie7l.com\/en\/\",\"name\":\"Librairie 7L\",\"description\":\"Librairie fond\u00e9e en 1999 par Karl Lagerfeld \u00e0 Paris\",\"publisher\":{\"@id\":\"https:\/\/librairie7l.com\/en\/#organization\"},\"potentialAction\":[{\"@type\":\"SearchAction\",\"target\":{\"@type\":\"EntryPoint\",\"urlTemplate\":\"https:\/\/librairie7l.com\/en\/?s={search_term_string}\"},\"query-input\":\"required name=search_term_string\"}],\"inLanguage\":\"en-US\"},{\"@type\":\"Organization\",\"@id\":\"https:\/\/librairie7l.com\/en\/#organization\",\"name\":\"Librairie 7L\",\"url\":\"https:\/\/librairie7l.com\/en\/\",\"logo\":{\"@type\":\"ImageObject\",\"inLanguage\":\"en-US\",\"@id\":\"https:\/\/librairie7l.com\/en\/#\/schema\/logo\/image\/\",\"url\":\"https:\/\/librairie7l.com\/wp-content\/uploads\/2022\/08\/logo-1.png\",\"contentUrl\":\"https:\/\/librairie7l.com\/wp-content\/uploads\/2022\/08\/logo-1.png\",\"width\":227,\"height\":301,\"caption\":\"Librairie 7L\"},\"image\":{\"@id\":\"https:\/\/librairie7l.com\/en\/#\/schema\/logo\/image\/\"}}]}<\/script>\n<!-- \/ Yoast SEO plugin. -->","yoast_head_json":{"title":"Dal\u00ed ; vins de Gala - Librairie 7L","robots":{"index":"index","follow":"follow","max-snippet":"max-snippet:-1","max-image-preview":"max-image-preview:large","max-video-preview":"max-video-preview:-1"},"canonical":"https:\/\/librairie7l.com\/en\/produit\/dali-vins-de-gala-2\/","og_locale":"en_US","og_type":"article","og_title":"Dal\u00ed ; vins de Gala - Librairie 7L","og_description":"Sur les talons, ou plut\u00f4t dans les pinces de homard des D\u00eeners de Gala, ph\u00e9nom\u00e8ne \u00e9ditorial sign\u00e9 Salvador Dali, pr\u00e9c\u00e9demment publi\u00e9 par TASCHEN, voici les Vins de Gala, sa suite oenologique, tout aussi surr\u00e9aliste et sensuelle. Cette interpr\u00e9tation dalinienne des plaisirs de la grappe, d\u00e9j\u00e0 recherch\u00e9e comme objet de collection, classe les nectars les plus [&hellip;]","og_url":"https:\/\/librairie7l.com\/en\/produit\/dali-vins-de-gala-2\/","og_site_name":"Librairie 7L","article_modified_time":"2026-04-21T23:16:31+00:00","og_image":[{"width":600,"height":804,"url":"https:\/\/librairie7l.com\/wp-content\/uploads\/2017\/08\/9783836567718_1_75.jpg","type":"image\/jpeg"}],"twitter_card":"summary_large_image","twitter_misc":{"Est. reading time":"2 minutes"},"schema":{"@context":"https:\/\/schema.org","@graph":[{"@type":"WebPage","@id":"https:\/\/librairie7l.com\/en\/produit\/dali-vins-de-gala-2\/","url":"https:\/\/librairie7l.com\/en\/produit\/dali-vins-de-gala-2\/","name":"Dal\u00ed ; vins de Gala - Librairie 7L","isPartOf":{"@id":"https:\/\/librairie7l.com\/en\/#website"},"datePublished":"2025-01-30T08:18:06+00:00","dateModified":"2026-04-21T23:16:31+00:00","breadcrumb":{"@id":"https:\/\/librairie7l.com\/en\/produit\/dali-vins-de-gala-2\/#breadcrumb"},"inLanguage":"en-US","potentialAction":[{"@type":"ReadAction","target":["https:\/\/librairie7l.com\/en\/produit\/dali-vins-de-gala-2\/"]}]},{"@type":"BreadcrumbList","@id":"https:\/\/librairie7l.com\/en\/produit\/dali-vins-de-gala-2\/#breadcrumb","itemListElement":[{"@type":"ListItem","position":1,"name":"Accueil","item":"https:\/\/librairie7l.com\/en\/"},{"@type":"ListItem","position":2,"name":"Shop","item":"https:\/\/librairie7l.com\/en\/shop\/"},{"@type":"ListItem","position":3,"name":"DAL\u00cd ; VINS DE GALA"}]},{"@type":"WebSite","@id":"https:\/\/librairie7l.com\/en\/#website","url":"https:\/\/librairie7l.com\/en\/","name":"Librairie 7L","description":"Librairie fond\u00e9e en 1999 par Karl Lagerfeld \u00e0 Paris","publisher":{"@id":"https:\/\/librairie7l.com\/en\/#organization"},"potentialAction":[{"@type":"SearchAction","target":{"@type":"EntryPoint","urlTemplate":"https:\/\/librairie7l.com\/en\/?s={search_term_string}"},"query-input":"required name=search_term_string"}],"inLanguage":"en-US"},{"@type":"Organization","@id":"https:\/\/librairie7l.com\/en\/#organization","name":"Librairie 7L","url":"https:\/\/librairie7l.com\/en\/","logo":{"@type":"ImageObject","inLanguage":"en-US","@id":"https:\/\/librairie7l.com\/en\/#\/schema\/logo\/image\/","url":"https:\/\/librairie7l.com\/wp-content\/uploads\/2022\/08\/logo-1.png","contentUrl":"https:\/\/librairie7l.com\/wp-content\/uploads\/2022\/08\/logo-1.png","width":227,"height":301,"caption":"Librairie 7L"},"image":{"@id":"https:\/\/librairie7l.com\/en\/#\/schema\/logo\/image\/"}}]}},"_links":{"self":[{"href":"https:\/\/librairie7l.com\/en\/wp-json\/wp\/v2\/product\/45880"}],"collection":[{"href":"https:\/\/librairie7l.com\/en\/wp-json\/wp\/v2\/product"}],"about":[{"href":"https:\/\/librairie7l.com\/en\/wp-json\/wp\/v2\/types\/product"}],"wp:featuredmedia":[{"embeddable":true,"href":"https:\/\/librairie7l.com\/en\/wp-json\/wp\/v2\/media\/45878"}],"wp:attachment":[{"href":"https:\/\/librairie7l.com\/en\/wp-json\/wp\/v2\/media?parent=45880"}],"wp:term":[{"taxonomy":"product_cat","embeddable":true,"href":"https:\/\/librairie7l.com\/en\/wp-json\/wp\/v2\/product_cat?post=45880"},{"taxonomy":"product_tag","embeddable":true,"href":"https:\/\/librairie7l.com\/en\/wp-json\/wp\/v2\/product_tag?post=45880"}],"curies":[{"name":"wp","href":"https:\/\/api.w.org\/{rel}","templated":true}]}}