{"id":45884,"date":"2025-01-30T09:18:09","date_gmt":"2025-01-30T08:18:09","guid":{"rendered":"https:\/\/librairie7l.com\/?post_type=product&#038;p=45884"},"modified":"2026-04-10T20:58:51","modified_gmt":"2026-04-10T18:58:51","slug":"dali-les-diners-de-gala-2","status":"publish","type":"product","link":"https:\/\/librairie7l.com\/en\/produit\/dali-les-diners-de-gala-2\/","title":{"rendered":"DALI ; LES D\u00ceNERS DE GALA"},"content":{"rendered":"<p>\u00abLes d\u00eeners de Gala ont \u00e9t\u00e9 vou\u00e9s aux plaisirs du go\u00fbt&#8230; Si vous \u00eates un disciple de ces peseurs de calories qui transforment les joies d&#8217;un repas en punition, refermez ce livre, il est trop vivant, trop agressif et bien trop impertinent pour vous.\u00bb ? Salvador Dali Nourriture terrestre et surr\u00e9alisme font tr\u00e8s bon m\u00e9nage: sexe et homards, collage et cannibalisme, rencontre d&#8217;un cygne et d&#8217;une brosse \u00e0 dents sur un fond de tarte. Les opulents d\u00eeners mondains lanc\u00e9s par Salvador Dali (1904-1989) et son \u00e9pouse et muse, Gala (1894-1982), ont donn\u00e9 mati\u00e8re \u00e0 bien des l\u00e9gendes. Heureusement pour nous, Dali a publi\u00e9 un livre de recettes en 1973, Les D\u00eeners de Gala, qui r\u00e9v\u00e8le bien des ingr\u00e9dients sensuels, fantaisistes et exotiques qui firent la renomm\u00e9e de ces r\u00e9unions festives.<br \/>\nCette r\u00e9\u00e9dition rassemble en 12 chapitres l&#8217;int\u00e9gralit\u00e9 des 136 recettes, sp\u00e9cialement illustr\u00e9es par Dali et organis\u00e9es par types de plats, y compris les aphrodisiaques. Les images et les recettes sont accompagn\u00e9es des extravagantes pens\u00e9es de Dali sur des sujets tels que les conversations \u00e0 table: \u00abLa m\u00e2choire est notre meilleur outil pour atteindre la connaissance philosophique.\u00bb Toutes ces recettes \u00e9labor\u00e9es peuvent \u00eatre r\u00e9alis\u00e9es \u00e0 la maison, bien que certaines demanderont des talents plus assur\u00e9s et un garde-manger bien fourni. Il s&#8217;agit l\u00e0 d&#8217;une cuisine ancienne \u00e9cole faite de plats concoct\u00e9s par de grands chefs fran\u00e7ais, ma\u00eetres de restaurants \u00e9toil\u00e9s \u00e0 Paris, tels que Lasserre, La Tour d&#8217;Argent, Maxim&#8217;s et Le Train Bleu. Mais le bon go\u00fbt, de m\u00eame que le plaisir voluptueux, ne se d\u00e9mode jamais. En rendant ce livre accessible \u00e0 un large public, TASCHEN offre \u00e0 la cuisine d&#8217;aujourd&#8217;hui une oeuvre d&#8217;art, un livre de cuisine pratique et une aventure riche en sensations.<\/p>\n","protected":false},"excerpt":{"rendered":"<p>\u00abLes d\u00eeners de Gala ont \u00e9t\u00e9 vou\u00e9s aux plaisirs du go\u00fbt&#8230; Si vous \u00eates un disciple de ces peseurs de calories qui transforment les joies d&#8217;un repas en punition, refermez ce livre, il est trop vivant, trop agressif et bien trop impertinent pour vous.\u00bb ? Salvador Dali Nourriture terrestre et surr\u00e9alisme font tr\u00e8s bon m\u00e9nage: [&hellip;]<\/p>\n","protected":false},"featured_media":45882,"template":"","meta":[],"product_cat":[2948,2953],"product_tag":[],"acf":[],"yoast_head":"<!-- This site is optimized with the Yoast SEO plugin v20.11 - https:\/\/yoast.com\/wordpress\/plugins\/seo\/ -->\n<title>Dali ; les d\u00eeners de Gala - Librairie 7L<\/title>\n<meta name=\"robots\" content=\"index, follow, max-snippet:-1, max-image-preview:large, max-video-preview:-1\" \/>\n<link rel=\"canonical\" href=\"https:\/\/librairie7l.com\/en\/produit\/dali-les-diners-de-gala-2\/\" \/>\n<meta property=\"og:locale\" content=\"en_US\" \/>\n<meta property=\"og:type\" content=\"article\" \/>\n<meta property=\"og:title\" content=\"Dali ; les d\u00eeners de Gala - Librairie 7L\" \/>\n<meta property=\"og:description\" content=\"\u00abLes d\u00eeners de Gala ont \u00e9t\u00e9 vou\u00e9s aux plaisirs du go\u00fbt&#8230; Si vous \u00eates un disciple de ces peseurs de calories qui transforment les joies d&#8217;un repas en punition, refermez ce livre, il est trop vivant, trop agressif et bien trop impertinent pour vous.\u00bb ? Salvador Dali Nourriture terrestre et surr\u00e9alisme font tr\u00e8s bon m\u00e9nage: [&hellip;]\" \/>\n<meta property=\"og:url\" content=\"https:\/\/librairie7l.com\/en\/produit\/dali-les-diners-de-gala-2\/\" \/>\n<meta property=\"og:site_name\" content=\"Librairie 7L\" \/>\n<meta property=\"article:modified_time\" content=\"2026-04-10T18:58:51+00:00\" \/>\n<meta property=\"og:image\" content=\"https:\/\/librairie7l.com\/wp-content\/uploads\/2016\/09\/9783836508766_1_75.jpg\" \/>\n\t<meta property=\"og:image:width\" content=\"600\" \/>\n\t<meta property=\"og:image:height\" content=\"802\" \/>\n\t<meta property=\"og:image:type\" content=\"image\/jpeg\" \/>\n<meta name=\"twitter:card\" content=\"summary_large_image\" \/>\n<meta name=\"twitter:label1\" content=\"Est. reading time\" \/>\n\t<meta name=\"twitter:data1\" content=\"2 minutes\" \/>\n<script type=\"application\/ld+json\" class=\"yoast-schema-graph\">{\"@context\":\"https:\/\/schema.org\",\"@graph\":[{\"@type\":\"WebPage\",\"@id\":\"https:\/\/librairie7l.com\/en\/produit\/dali-les-diners-de-gala-2\/\",\"url\":\"https:\/\/librairie7l.com\/en\/produit\/dali-les-diners-de-gala-2\/\",\"name\":\"Dali ; les d\u00eeners de Gala - Librairie 7L\",\"isPartOf\":{\"@id\":\"https:\/\/librairie7l.com\/en\/#website\"},\"datePublished\":\"2025-01-30T08:18:09+00:00\",\"dateModified\":\"2026-04-10T18:58:51+00:00\",\"breadcrumb\":{\"@id\":\"https:\/\/librairie7l.com\/en\/produit\/dali-les-diners-de-gala-2\/#breadcrumb\"},\"inLanguage\":\"en-US\",\"potentialAction\":[{\"@type\":\"ReadAction\",\"target\":[\"https:\/\/librairie7l.com\/en\/produit\/dali-les-diners-de-gala-2\/\"]}]},{\"@type\":\"BreadcrumbList\",\"@id\":\"https:\/\/librairie7l.com\/en\/produit\/dali-les-diners-de-gala-2\/#breadcrumb\",\"itemListElement\":[{\"@type\":\"ListItem\",\"position\":1,\"name\":\"Accueil\",\"item\":\"https:\/\/librairie7l.com\/en\/\"},{\"@type\":\"ListItem\",\"position\":2,\"name\":\"Shop\",\"item\":\"https:\/\/librairie7l.com\/en\/shop\/\"},{\"@type\":\"ListItem\",\"position\":3,\"name\":\"DALI ; LES D\u00ceNERS DE GALA\"}]},{\"@type\":\"WebSite\",\"@id\":\"https:\/\/librairie7l.com\/en\/#website\",\"url\":\"https:\/\/librairie7l.com\/en\/\",\"name\":\"Librairie 7L\",\"description\":\"Librairie fond\u00e9e en 1999 par Karl Lagerfeld \u00e0 Paris\",\"publisher\":{\"@id\":\"https:\/\/librairie7l.com\/en\/#organization\"},\"potentialAction\":[{\"@type\":\"SearchAction\",\"target\":{\"@type\":\"EntryPoint\",\"urlTemplate\":\"https:\/\/librairie7l.com\/en\/?s={search_term_string}\"},\"query-input\":\"required name=search_term_string\"}],\"inLanguage\":\"en-US\"},{\"@type\":\"Organization\",\"@id\":\"https:\/\/librairie7l.com\/en\/#organization\",\"name\":\"Librairie 7L\",\"url\":\"https:\/\/librairie7l.com\/en\/\",\"logo\":{\"@type\":\"ImageObject\",\"inLanguage\":\"en-US\",\"@id\":\"https:\/\/librairie7l.com\/en\/#\/schema\/logo\/image\/\",\"url\":\"https:\/\/librairie7l.com\/wp-content\/uploads\/2022\/08\/logo-1.png\",\"contentUrl\":\"https:\/\/librairie7l.com\/wp-content\/uploads\/2022\/08\/logo-1.png\",\"width\":227,\"height\":301,\"caption\":\"Librairie 7L\"},\"image\":{\"@id\":\"https:\/\/librairie7l.com\/en\/#\/schema\/logo\/image\/\"}}]}<\/script>\n<!-- \/ Yoast SEO plugin. -->","yoast_head_json":{"title":"Dali ; les d\u00eeners de Gala - Librairie 7L","robots":{"index":"index","follow":"follow","max-snippet":"max-snippet:-1","max-image-preview":"max-image-preview:large","max-video-preview":"max-video-preview:-1"},"canonical":"https:\/\/librairie7l.com\/en\/produit\/dali-les-diners-de-gala-2\/","og_locale":"en_US","og_type":"article","og_title":"Dali ; les d\u00eeners de Gala - Librairie 7L","og_description":"\u00abLes d\u00eeners de Gala ont \u00e9t\u00e9 vou\u00e9s aux plaisirs du go\u00fbt&#8230; Si vous \u00eates un disciple de ces peseurs de calories qui transforment les joies d&#8217;un repas en punition, refermez ce livre, il est trop vivant, trop agressif et bien trop impertinent pour vous.\u00bb ? Salvador Dali Nourriture terrestre et surr\u00e9alisme font tr\u00e8s bon m\u00e9nage: [&hellip;]","og_url":"https:\/\/librairie7l.com\/en\/produit\/dali-les-diners-de-gala-2\/","og_site_name":"Librairie 7L","article_modified_time":"2026-04-10T18:58:51+00:00","og_image":[{"width":600,"height":802,"url":"https:\/\/librairie7l.com\/wp-content\/uploads\/2016\/09\/9783836508766_1_75.jpg","type":"image\/jpeg"}],"twitter_card":"summary_large_image","twitter_misc":{"Est. reading time":"2 minutes"},"schema":{"@context":"https:\/\/schema.org","@graph":[{"@type":"WebPage","@id":"https:\/\/librairie7l.com\/en\/produit\/dali-les-diners-de-gala-2\/","url":"https:\/\/librairie7l.com\/en\/produit\/dali-les-diners-de-gala-2\/","name":"Dali ; les d\u00eeners de Gala - Librairie 7L","isPartOf":{"@id":"https:\/\/librairie7l.com\/en\/#website"},"datePublished":"2025-01-30T08:18:09+00:00","dateModified":"2026-04-10T18:58:51+00:00","breadcrumb":{"@id":"https:\/\/librairie7l.com\/en\/produit\/dali-les-diners-de-gala-2\/#breadcrumb"},"inLanguage":"en-US","potentialAction":[{"@type":"ReadAction","target":["https:\/\/librairie7l.com\/en\/produit\/dali-les-diners-de-gala-2\/"]}]},{"@type":"BreadcrumbList","@id":"https:\/\/librairie7l.com\/en\/produit\/dali-les-diners-de-gala-2\/#breadcrumb","itemListElement":[{"@type":"ListItem","position":1,"name":"Accueil","item":"https:\/\/librairie7l.com\/en\/"},{"@type":"ListItem","position":2,"name":"Shop","item":"https:\/\/librairie7l.com\/en\/shop\/"},{"@type":"ListItem","position":3,"name":"DALI ; LES D\u00ceNERS DE GALA"}]},{"@type":"WebSite","@id":"https:\/\/librairie7l.com\/en\/#website","url":"https:\/\/librairie7l.com\/en\/","name":"Librairie 7L","description":"Librairie fond\u00e9e en 1999 par Karl Lagerfeld \u00e0 Paris","publisher":{"@id":"https:\/\/librairie7l.com\/en\/#organization"},"potentialAction":[{"@type":"SearchAction","target":{"@type":"EntryPoint","urlTemplate":"https:\/\/librairie7l.com\/en\/?s={search_term_string}"},"query-input":"required name=search_term_string"}],"inLanguage":"en-US"},{"@type":"Organization","@id":"https:\/\/librairie7l.com\/en\/#organization","name":"Librairie 7L","url":"https:\/\/librairie7l.com\/en\/","logo":{"@type":"ImageObject","inLanguage":"en-US","@id":"https:\/\/librairie7l.com\/en\/#\/schema\/logo\/image\/","url":"https:\/\/librairie7l.com\/wp-content\/uploads\/2022\/08\/logo-1.png","contentUrl":"https:\/\/librairie7l.com\/wp-content\/uploads\/2022\/08\/logo-1.png","width":227,"height":301,"caption":"Librairie 7L"},"image":{"@id":"https:\/\/librairie7l.com\/en\/#\/schema\/logo\/image\/"}}]}},"_links":{"self":[{"href":"https:\/\/librairie7l.com\/en\/wp-json\/wp\/v2\/product\/45884"}],"collection":[{"href":"https:\/\/librairie7l.com\/en\/wp-json\/wp\/v2\/product"}],"about":[{"href":"https:\/\/librairie7l.com\/en\/wp-json\/wp\/v2\/types\/product"}],"wp:featuredmedia":[{"embeddable":true,"href":"https:\/\/librairie7l.com\/en\/wp-json\/wp\/v2\/media\/45882"}],"wp:attachment":[{"href":"https:\/\/librairie7l.com\/en\/wp-json\/wp\/v2\/media?parent=45884"}],"wp:term":[{"taxonomy":"product_cat","embeddable":true,"href":"https:\/\/librairie7l.com\/en\/wp-json\/wp\/v2\/product_cat?post=45884"},{"taxonomy":"product_tag","embeddable":true,"href":"https:\/\/librairie7l.com\/en\/wp-json\/wp\/v2\/product_tag?post=45884"}],"curies":[{"name":"wp","href":"https:\/\/api.w.org\/{rel}","templated":true}]}}