{"id":45892,"date":"2025-01-30T09:18:15","date_gmt":"2025-01-30T08:18:15","guid":{"rendered":"https:\/\/librairie7l.com\/?post_type=product&#038;p=45892"},"modified":"2026-05-05T19:17:04","modified_gmt":"2026-05-05T17:17:04","slug":"churchill-peint-la-cote-dazur-2","status":"publish","type":"product","link":"https:\/\/librairie7l.com\/en\/produit\/churchill-peint-la-cote-dazur-2\/","title":{"rendered":"CHURCHILL PEINT LA C\u00d4TE D&#8217;AZUR"},"content":{"rendered":"<p>\u00ab Quand j&#8217;arriverai au paradis, j&#8217;ai l&#8217;intention de passer le plus clair du temps de mon premier million d&#8217;ann\u00e9es \u00e0 peindre. \u00bb  Sir Winston ChurchillDurant sa vie extr\u00eamement bien remplie, Churchill a trouv\u00e9 le temps de peindre plus de 600 toiles, o\u00f9 la C\u00f4te d&#8217;Azur tient une place pr\u00e9pond\u00e9rante : depuis les ch\u00e2teaux et villas mythiques qui lui servaient de camp de base, il aimait en effet se lancer \u00e0 l&#8217;aventure avec chevalet, palette, fauteuil, parasol, cigares et rafra\u00eechissements, \u00e0 la recherche des lumi\u00e8res du Midi qu&#8217;il ch\u00e9rissait.<br \/>\nCet ouvrage r\u00e9v\u00e8le une facette in\u00e9dite du grand homme, que l&#8217;on peut suivre pas \u00e0 pas, du pont du Gard \u00e0 Monte Carlo. Des images d&#8217;archives rares ou in\u00e9dites et des vues actuelles de chaque paysage, accompagnent les tableaux et de nombreuses anecdotes et citations savoureuses rappellent les liens uniques de Churchill avec la France<\/p>\n","protected":false},"excerpt":{"rendered":"<p>\u00ab Quand j&#8217;arriverai au paradis, j&#8217;ai l&#8217;intention de passer le plus clair du temps de mon premier million d&#8217;ann\u00e9es \u00e0 peindre. \u00bb Sir Winston ChurchillDurant sa vie extr\u00eamement bien remplie, Churchill a trouv\u00e9 le temps de peindre plus de 600 toiles, o\u00f9 la C\u00f4te d&#8217;Azur tient une place pr\u00e9pond\u00e9rante : depuis les ch\u00e2teaux et villas [&hellip;]<\/p>\n","protected":false},"featured_media":45890,"template":"","meta":[],"product_cat":[2948,2953],"product_tag":[],"acf":[],"yoast_head":"<!-- This site is optimized with the Yoast SEO plugin v20.11 - https:\/\/yoast.com\/wordpress\/plugins\/seo\/ -->\n<title>Churchill peint la C\u00f4te d&#039;Azur - Librairie 7L<\/title>\n<meta name=\"robots\" content=\"index, follow, max-snippet:-1, max-image-preview:large, max-video-preview:-1\" \/>\n<link rel=\"canonical\" href=\"https:\/\/librairie7l.com\/en\/produit\/churchill-peint-la-cote-dazur-2\/\" \/>\n<meta property=\"og:locale\" content=\"en_US\" \/>\n<meta property=\"og:type\" content=\"article\" \/>\n<meta property=\"og:title\" content=\"Churchill peint la C\u00f4te d&#039;Azur - Librairie 7L\" \/>\n<meta property=\"og:description\" content=\"\u00ab Quand j&#8217;arriverai au paradis, j&#8217;ai l&#8217;intention de passer le plus clair du temps de mon premier million d&#8217;ann\u00e9es \u00e0 peindre. \u00bb Sir Winston ChurchillDurant sa vie extr\u00eamement bien remplie, Churchill a trouv\u00e9 le temps de peindre plus de 600 toiles, o\u00f9 la C\u00f4te d&#8217;Azur tient une place pr\u00e9pond\u00e9rante : depuis les ch\u00e2teaux et villas [&hellip;]\" \/>\n<meta property=\"og:url\" content=\"https:\/\/librairie7l.com\/en\/produit\/churchill-peint-la-cote-dazur-2\/\" \/>\n<meta property=\"og:site_name\" content=\"Librairie 7L\" \/>\n<meta property=\"article:modified_time\" content=\"2026-05-05T17:17:04+00:00\" \/>\n<meta property=\"og:image\" content=\"https:\/\/librairie7l.com\/wp-content\/uploads\/2021\/05\/9782226465375_1_75.jpg\" \/>\n\t<meta property=\"og:image:width\" content=\"312\" \/>\n\t<meta property=\"og:image:height\" content=\"250\" \/>\n\t<meta property=\"og:image:type\" content=\"image\/jpeg\" \/>\n<meta name=\"twitter:card\" content=\"summary_large_image\" \/>\n<meta name=\"twitter:label1\" content=\"Est. reading time\" \/>\n\t<meta name=\"twitter:data1\" content=\"1 minute\" \/>\n<script type=\"application\/ld+json\" class=\"yoast-schema-graph\">{\"@context\":\"https:\/\/schema.org\",\"@graph\":[{\"@type\":\"WebPage\",\"@id\":\"https:\/\/librairie7l.com\/en\/produit\/churchill-peint-la-cote-dazur-2\/\",\"url\":\"https:\/\/librairie7l.com\/en\/produit\/churchill-peint-la-cote-dazur-2\/\",\"name\":\"Churchill peint la C\u00f4te d'Azur - Librairie 7L\",\"isPartOf\":{\"@id\":\"https:\/\/librairie7l.com\/en\/#website\"},\"datePublished\":\"2025-01-30T08:18:15+00:00\",\"dateModified\":\"2026-05-05T17:17:04+00:00\",\"breadcrumb\":{\"@id\":\"https:\/\/librairie7l.com\/en\/produit\/churchill-peint-la-cote-dazur-2\/#breadcrumb\"},\"inLanguage\":\"en-US\",\"potentialAction\":[{\"@type\":\"ReadAction\",\"target\":[\"https:\/\/librairie7l.com\/en\/produit\/churchill-peint-la-cote-dazur-2\/\"]}]},{\"@type\":\"BreadcrumbList\",\"@id\":\"https:\/\/librairie7l.com\/en\/produit\/churchill-peint-la-cote-dazur-2\/#breadcrumb\",\"itemListElement\":[{\"@type\":\"ListItem\",\"position\":1,\"name\":\"Accueil\",\"item\":\"https:\/\/librairie7l.com\/en\/\"},{\"@type\":\"ListItem\",\"position\":2,\"name\":\"Shop\",\"item\":\"https:\/\/librairie7l.com\/en\/shop\/\"},{\"@type\":\"ListItem\",\"position\":3,\"name\":\"CHURCHILL PEINT LA C\u00d4TE D&#8217;AZUR\"}]},{\"@type\":\"WebSite\",\"@id\":\"https:\/\/librairie7l.com\/en\/#website\",\"url\":\"https:\/\/librairie7l.com\/en\/\",\"name\":\"Librairie 7L\",\"description\":\"Librairie fond\u00e9e en 1999 par Karl Lagerfeld \u00e0 Paris\",\"publisher\":{\"@id\":\"https:\/\/librairie7l.com\/en\/#organization\"},\"potentialAction\":[{\"@type\":\"SearchAction\",\"target\":{\"@type\":\"EntryPoint\",\"urlTemplate\":\"https:\/\/librairie7l.com\/en\/?s={search_term_string}\"},\"query-input\":\"required name=search_term_string\"}],\"inLanguage\":\"en-US\"},{\"@type\":\"Organization\",\"@id\":\"https:\/\/librairie7l.com\/en\/#organization\",\"name\":\"Librairie 7L\",\"url\":\"https:\/\/librairie7l.com\/en\/\",\"logo\":{\"@type\":\"ImageObject\",\"inLanguage\":\"en-US\",\"@id\":\"https:\/\/librairie7l.com\/en\/#\/schema\/logo\/image\/\",\"url\":\"https:\/\/librairie7l.com\/wp-content\/uploads\/2022\/08\/logo-1.png\",\"contentUrl\":\"https:\/\/librairie7l.com\/wp-content\/uploads\/2022\/08\/logo-1.png\",\"width\":227,\"height\":301,\"caption\":\"Librairie 7L\"},\"image\":{\"@id\":\"https:\/\/librairie7l.com\/en\/#\/schema\/logo\/image\/\"}}]}<\/script>\n<!-- \/ Yoast SEO plugin. -->","yoast_head_json":{"title":"Churchill peint la C\u00f4te d'Azur - Librairie 7L","robots":{"index":"index","follow":"follow","max-snippet":"max-snippet:-1","max-image-preview":"max-image-preview:large","max-video-preview":"max-video-preview:-1"},"canonical":"https:\/\/librairie7l.com\/en\/produit\/churchill-peint-la-cote-dazur-2\/","og_locale":"en_US","og_type":"article","og_title":"Churchill peint la C\u00f4te d'Azur - Librairie 7L","og_description":"\u00ab Quand j&#8217;arriverai au paradis, j&#8217;ai l&#8217;intention de passer le plus clair du temps de mon premier million d&#8217;ann\u00e9es \u00e0 peindre. \u00bb Sir Winston ChurchillDurant sa vie extr\u00eamement bien remplie, Churchill a trouv\u00e9 le temps de peindre plus de 600 toiles, o\u00f9 la C\u00f4te d&#8217;Azur tient une place pr\u00e9pond\u00e9rante : depuis les ch\u00e2teaux et villas [&hellip;]","og_url":"https:\/\/librairie7l.com\/en\/produit\/churchill-peint-la-cote-dazur-2\/","og_site_name":"Librairie 7L","article_modified_time":"2026-05-05T17:17:04+00:00","og_image":[{"width":312,"height":250,"url":"https:\/\/librairie7l.com\/wp-content\/uploads\/2021\/05\/9782226465375_1_75.jpg","type":"image\/jpeg"}],"twitter_card":"summary_large_image","twitter_misc":{"Est. reading time":"1 minute"},"schema":{"@context":"https:\/\/schema.org","@graph":[{"@type":"WebPage","@id":"https:\/\/librairie7l.com\/en\/produit\/churchill-peint-la-cote-dazur-2\/","url":"https:\/\/librairie7l.com\/en\/produit\/churchill-peint-la-cote-dazur-2\/","name":"Churchill peint la C\u00f4te d'Azur - Librairie 7L","isPartOf":{"@id":"https:\/\/librairie7l.com\/en\/#website"},"datePublished":"2025-01-30T08:18:15+00:00","dateModified":"2026-05-05T17:17:04+00:00","breadcrumb":{"@id":"https:\/\/librairie7l.com\/en\/produit\/churchill-peint-la-cote-dazur-2\/#breadcrumb"},"inLanguage":"en-US","potentialAction":[{"@type":"ReadAction","target":["https:\/\/librairie7l.com\/en\/produit\/churchill-peint-la-cote-dazur-2\/"]}]},{"@type":"BreadcrumbList","@id":"https:\/\/librairie7l.com\/en\/produit\/churchill-peint-la-cote-dazur-2\/#breadcrumb","itemListElement":[{"@type":"ListItem","position":1,"name":"Accueil","item":"https:\/\/librairie7l.com\/en\/"},{"@type":"ListItem","position":2,"name":"Shop","item":"https:\/\/librairie7l.com\/en\/shop\/"},{"@type":"ListItem","position":3,"name":"CHURCHILL PEINT LA C\u00d4TE D&#8217;AZUR"}]},{"@type":"WebSite","@id":"https:\/\/librairie7l.com\/en\/#website","url":"https:\/\/librairie7l.com\/en\/","name":"Librairie 7L","description":"Librairie fond\u00e9e en 1999 par Karl Lagerfeld \u00e0 Paris","publisher":{"@id":"https:\/\/librairie7l.com\/en\/#organization"},"potentialAction":[{"@type":"SearchAction","target":{"@type":"EntryPoint","urlTemplate":"https:\/\/librairie7l.com\/en\/?s={search_term_string}"},"query-input":"required name=search_term_string"}],"inLanguage":"en-US"},{"@type":"Organization","@id":"https:\/\/librairie7l.com\/en\/#organization","name":"Librairie 7L","url":"https:\/\/librairie7l.com\/en\/","logo":{"@type":"ImageObject","inLanguage":"en-US","@id":"https:\/\/librairie7l.com\/en\/#\/schema\/logo\/image\/","url":"https:\/\/librairie7l.com\/wp-content\/uploads\/2022\/08\/logo-1.png","contentUrl":"https:\/\/librairie7l.com\/wp-content\/uploads\/2022\/08\/logo-1.png","width":227,"height":301,"caption":"Librairie 7L"},"image":{"@id":"https:\/\/librairie7l.com\/en\/#\/schema\/logo\/image\/"}}]}},"_links":{"self":[{"href":"https:\/\/librairie7l.com\/en\/wp-json\/wp\/v2\/product\/45892"}],"collection":[{"href":"https:\/\/librairie7l.com\/en\/wp-json\/wp\/v2\/product"}],"about":[{"href":"https:\/\/librairie7l.com\/en\/wp-json\/wp\/v2\/types\/product"}],"wp:featuredmedia":[{"embeddable":true,"href":"https:\/\/librairie7l.com\/en\/wp-json\/wp\/v2\/media\/45890"}],"wp:attachment":[{"href":"https:\/\/librairie7l.com\/en\/wp-json\/wp\/v2\/media?parent=45892"}],"wp:term":[{"taxonomy":"product_cat","embeddable":true,"href":"https:\/\/librairie7l.com\/en\/wp-json\/wp\/v2\/product_cat?post=45892"},{"taxonomy":"product_tag","embeddable":true,"href":"https:\/\/librairie7l.com\/en\/wp-json\/wp\/v2\/product_tag?post=45892"}],"curies":[{"name":"wp","href":"https:\/\/api.w.org\/{rel}","templated":true}]}}