{"id":45900,"date":"2025-01-30T14:18:44","date_gmt":"2025-01-30T13:18:44","guid":{"rendered":"https:\/\/librairie7l.com\/?post_type=product&#038;p=45900"},"modified":"2026-04-14T04:58:41","modified_gmt":"2026-04-14T02:58:41","slug":"la-chambre-du-lion-2","status":"publish","type":"product","link":"https:\/\/librairie7l.com\/en\/produit\/la-chambre-du-lion-2\/","title":{"rendered":"LA CHAMBRE DU LION"},"content":{"rendered":"<p>Un jour o\u00f9 le Lion n&#8217;est pas l\u00e0, un enfant courageux d\u00e9cide de visiter sa chambre. Mais \u00e0 peine entr\u00e9, il entend un bruit, croit que le Lion revient et se cache sous le lit. Ce n&#8217;est pas le Lion, mais une petite fille qui a eu la m\u00eame id\u00e9e et entre \u00e0 son tour dans la chambre pour la visiter. Or, comme au petit gar\u00e7on avant elle, des bruits de pas lui font croire que le terrifiant occupant des lieux est de retour ; sans r\u00e9fl\u00e9chir, elle se cache sous le tapis.<br \/>\nSuit alors un d\u00e9fil\u00e9 de curieux, qui, tour \u00e0 tour, sont victimes de la m\u00eame m\u00e9prise et se cachent. Dans le lustre, derri\u00e8re le miroir ou les rideaux, la chambre se remplie encore d&#8217;un chien, d&#8217;un gar\u00e7on, d&#8217;une vol\u00e9e d&#8217;oiseau.<br \/>\nTous se trouvent ainsi fig\u00e9s dans leur cachette lorsqu&#8217;entre finalement le Lion tant redout\u00e9. Mais la physionomie de la chambre ainsi envahie a tant chang\u00e9 que le Lion lui-m\u00eame prend peur et se cache sous sa couverture.<br \/>\nUne petite souris arrive alors et trouvant l&#8217;endroit paisible et confortable, s&#8217;installe sans le savoir sur la t\u00eate du Lion o\u00f9 elle s&#8217;endort&#8230;<br \/>\nAdrien Parlange travaille ici autour d&#8217;une structure fixe de lignes qu&#8217;il d\u00e9forme, transformant l&#8217;image sans l&#8217;agrandir, la comblant sans la saturer.<\/p>\n","protected":false},"excerpt":{"rendered":"<p>Un jour o\u00f9 le Lion n&#8217;est pas l\u00e0, un enfant courageux d\u00e9cide de visiter sa chambre. Mais \u00e0 peine entr\u00e9, il entend un bruit, croit que le Lion revient et se cache sous le lit. Ce n&#8217;est pas le Lion, mais une petite fille qui a eu la m\u00eame id\u00e9e et entre \u00e0 son tour [&hellip;]<\/p>\n","protected":false},"featured_media":45898,"template":"","meta":[],"product_cat":[7364,2948],"product_tag":[],"acf":[],"yoast_head":"<!-- This site is optimized with the Yoast SEO plugin v20.11 - https:\/\/yoast.com\/wordpress\/plugins\/seo\/ -->\n<title>La chambre du lion - Librairie 7L<\/title>\n<meta name=\"robots\" content=\"index, follow, max-snippet:-1, max-image-preview:large, max-video-preview:-1\" \/>\n<link rel=\"canonical\" href=\"https:\/\/librairie7l.com\/en\/produit\/la-chambre-du-lion-2\/\" \/>\n<meta property=\"og:locale\" content=\"en_US\" \/>\n<meta property=\"og:type\" content=\"article\" \/>\n<meta property=\"og:title\" content=\"La chambre du lion - Librairie 7L\" \/>\n<meta property=\"og:description\" content=\"Un jour o\u00f9 le Lion n&#8217;est pas l\u00e0, un enfant courageux d\u00e9cide de visiter sa chambre. Mais \u00e0 peine entr\u00e9, il entend un bruit, croit que le Lion revient et se cache sous le lit. Ce n&#8217;est pas le Lion, mais une petite fille qui a eu la m\u00eame id\u00e9e et entre \u00e0 son tour [&hellip;]\" \/>\n<meta property=\"og:url\" content=\"https:\/\/librairie7l.com\/en\/produit\/la-chambre-du-lion-2\/\" \/>\n<meta property=\"og:site_name\" content=\"Librairie 7L\" \/>\n<meta property=\"article:modified_time\" content=\"2026-04-14T02:58:41+00:00\" \/>\n<meta property=\"og:image\" content=\"https:\/\/librairie7l.com\/wp-content\/uploads\/2014\/06\/9782226207326_1_75.jpg\" \/>\n\t<meta property=\"og:image:width\" content=\"1000\" \/>\n\t<meta property=\"og:image:height\" content=\"1407\" \/>\n\t<meta property=\"og:image:type\" content=\"image\/jpeg\" \/>\n<meta name=\"twitter:card\" content=\"summary_large_image\" \/>\n<meta name=\"twitter:label1\" content=\"Est. reading time\" \/>\n\t<meta name=\"twitter:data1\" content=\"1 minute\" \/>\n<script type=\"application\/ld+json\" class=\"yoast-schema-graph\">{\"@context\":\"https:\/\/schema.org\",\"@graph\":[{\"@type\":\"WebPage\",\"@id\":\"https:\/\/librairie7l.com\/en\/produit\/la-chambre-du-lion-2\/\",\"url\":\"https:\/\/librairie7l.com\/en\/produit\/la-chambre-du-lion-2\/\",\"name\":\"La chambre du lion - Librairie 7L\",\"isPartOf\":{\"@id\":\"https:\/\/librairie7l.com\/en\/#website\"},\"datePublished\":\"2025-01-30T13:18:44+00:00\",\"dateModified\":\"2026-04-14T02:58:41+00:00\",\"breadcrumb\":{\"@id\":\"https:\/\/librairie7l.com\/en\/produit\/la-chambre-du-lion-2\/#breadcrumb\"},\"inLanguage\":\"en-US\",\"potentialAction\":[{\"@type\":\"ReadAction\",\"target\":[\"https:\/\/librairie7l.com\/en\/produit\/la-chambre-du-lion-2\/\"]}]},{\"@type\":\"BreadcrumbList\",\"@id\":\"https:\/\/librairie7l.com\/en\/produit\/la-chambre-du-lion-2\/#breadcrumb\",\"itemListElement\":[{\"@type\":\"ListItem\",\"position\":1,\"name\":\"Accueil\",\"item\":\"https:\/\/librairie7l.com\/en\/\"},{\"@type\":\"ListItem\",\"position\":2,\"name\":\"Shop\",\"item\":\"https:\/\/librairie7l.com\/en\/shop\/\"},{\"@type\":\"ListItem\",\"position\":3,\"name\":\"LA CHAMBRE DU LION\"}]},{\"@type\":\"WebSite\",\"@id\":\"https:\/\/librairie7l.com\/en\/#website\",\"url\":\"https:\/\/librairie7l.com\/en\/\",\"name\":\"Librairie 7L\",\"description\":\"Librairie fond\u00e9e en 1999 par Karl Lagerfeld \u00e0 Paris\",\"publisher\":{\"@id\":\"https:\/\/librairie7l.com\/en\/#organization\"},\"potentialAction\":[{\"@type\":\"SearchAction\",\"target\":{\"@type\":\"EntryPoint\",\"urlTemplate\":\"https:\/\/librairie7l.com\/en\/?s={search_term_string}\"},\"query-input\":\"required name=search_term_string\"}],\"inLanguage\":\"en-US\"},{\"@type\":\"Organization\",\"@id\":\"https:\/\/librairie7l.com\/en\/#organization\",\"name\":\"Librairie 7L\",\"url\":\"https:\/\/librairie7l.com\/en\/\",\"logo\":{\"@type\":\"ImageObject\",\"inLanguage\":\"en-US\",\"@id\":\"https:\/\/librairie7l.com\/en\/#\/schema\/logo\/image\/\",\"url\":\"https:\/\/librairie7l.com\/wp-content\/uploads\/2022\/08\/logo-1.png\",\"contentUrl\":\"https:\/\/librairie7l.com\/wp-content\/uploads\/2022\/08\/logo-1.png\",\"width\":227,\"height\":301,\"caption\":\"Librairie 7L\"},\"image\":{\"@id\":\"https:\/\/librairie7l.com\/en\/#\/schema\/logo\/image\/\"}}]}<\/script>\n<!-- \/ Yoast SEO plugin. -->","yoast_head_json":{"title":"La chambre du lion - Librairie 7L","robots":{"index":"index","follow":"follow","max-snippet":"max-snippet:-1","max-image-preview":"max-image-preview:large","max-video-preview":"max-video-preview:-1"},"canonical":"https:\/\/librairie7l.com\/en\/produit\/la-chambre-du-lion-2\/","og_locale":"en_US","og_type":"article","og_title":"La chambre du lion - Librairie 7L","og_description":"Un jour o\u00f9 le Lion n&#8217;est pas l\u00e0, un enfant courageux d\u00e9cide de visiter sa chambre. Mais \u00e0 peine entr\u00e9, il entend un bruit, croit que le Lion revient et se cache sous le lit. Ce n&#8217;est pas le Lion, mais une petite fille qui a eu la m\u00eame id\u00e9e et entre \u00e0 son tour [&hellip;]","og_url":"https:\/\/librairie7l.com\/en\/produit\/la-chambre-du-lion-2\/","og_site_name":"Librairie 7L","article_modified_time":"2026-04-14T02:58:41+00:00","og_image":[{"width":1000,"height":1407,"url":"https:\/\/librairie7l.com\/wp-content\/uploads\/2014\/06\/9782226207326_1_75.jpg","type":"image\/jpeg"}],"twitter_card":"summary_large_image","twitter_misc":{"Est. reading time":"1 minute"},"schema":{"@context":"https:\/\/schema.org","@graph":[{"@type":"WebPage","@id":"https:\/\/librairie7l.com\/en\/produit\/la-chambre-du-lion-2\/","url":"https:\/\/librairie7l.com\/en\/produit\/la-chambre-du-lion-2\/","name":"La chambre du lion - Librairie 7L","isPartOf":{"@id":"https:\/\/librairie7l.com\/en\/#website"},"datePublished":"2025-01-30T13:18:44+00:00","dateModified":"2026-04-14T02:58:41+00:00","breadcrumb":{"@id":"https:\/\/librairie7l.com\/en\/produit\/la-chambre-du-lion-2\/#breadcrumb"},"inLanguage":"en-US","potentialAction":[{"@type":"ReadAction","target":["https:\/\/librairie7l.com\/en\/produit\/la-chambre-du-lion-2\/"]}]},{"@type":"BreadcrumbList","@id":"https:\/\/librairie7l.com\/en\/produit\/la-chambre-du-lion-2\/#breadcrumb","itemListElement":[{"@type":"ListItem","position":1,"name":"Accueil","item":"https:\/\/librairie7l.com\/en\/"},{"@type":"ListItem","position":2,"name":"Shop","item":"https:\/\/librairie7l.com\/en\/shop\/"},{"@type":"ListItem","position":3,"name":"LA CHAMBRE DU LION"}]},{"@type":"WebSite","@id":"https:\/\/librairie7l.com\/en\/#website","url":"https:\/\/librairie7l.com\/en\/","name":"Librairie 7L","description":"Librairie fond\u00e9e en 1999 par Karl Lagerfeld \u00e0 Paris","publisher":{"@id":"https:\/\/librairie7l.com\/en\/#organization"},"potentialAction":[{"@type":"SearchAction","target":{"@type":"EntryPoint","urlTemplate":"https:\/\/librairie7l.com\/en\/?s={search_term_string}"},"query-input":"required name=search_term_string"}],"inLanguage":"en-US"},{"@type":"Organization","@id":"https:\/\/librairie7l.com\/en\/#organization","name":"Librairie 7L","url":"https:\/\/librairie7l.com\/en\/","logo":{"@type":"ImageObject","inLanguage":"en-US","@id":"https:\/\/librairie7l.com\/en\/#\/schema\/logo\/image\/","url":"https:\/\/librairie7l.com\/wp-content\/uploads\/2022\/08\/logo-1.png","contentUrl":"https:\/\/librairie7l.com\/wp-content\/uploads\/2022\/08\/logo-1.png","width":227,"height":301,"caption":"Librairie 7L"},"image":{"@id":"https:\/\/librairie7l.com\/en\/#\/schema\/logo\/image\/"}}]}},"_links":{"self":[{"href":"https:\/\/librairie7l.com\/en\/wp-json\/wp\/v2\/product\/45900"}],"collection":[{"href":"https:\/\/librairie7l.com\/en\/wp-json\/wp\/v2\/product"}],"about":[{"href":"https:\/\/librairie7l.com\/en\/wp-json\/wp\/v2\/types\/product"}],"wp:featuredmedia":[{"embeddable":true,"href":"https:\/\/librairie7l.com\/en\/wp-json\/wp\/v2\/media\/45898"}],"wp:attachment":[{"href":"https:\/\/librairie7l.com\/en\/wp-json\/wp\/v2\/media?parent=45900"}],"wp:term":[{"taxonomy":"product_cat","embeddable":true,"href":"https:\/\/librairie7l.com\/en\/wp-json\/wp\/v2\/product_cat?post=45900"},{"taxonomy":"product_tag","embeddable":true,"href":"https:\/\/librairie7l.com\/en\/wp-json\/wp\/v2\/product_tag?post=45900"}],"curies":[{"name":"wp","href":"https:\/\/api.w.org\/{rel}","templated":true}]}}