{"id":45904,"date":"2025-01-30T14:18:54","date_gmt":"2025-01-30T13:18:54","guid":{"rendered":"https:\/\/librairie7l.com\/?post_type=product&#038;p=45904"},"modified":"2026-05-05T02:50:05","modified_gmt":"2026-05-05T00:50:05","slug":"un-abri-2","status":"publish","type":"product","link":"https:\/\/librairie7l.com\/en\/produit\/un-abri-2\/","title":{"rendered":"UN ABRI"},"content":{"rendered":"<p>Comment cohabiter lorsque tout nous oppose ? Sous un soleil ardent, au milieu du d\u00e9sert, un petit rocher offre un peu de fra\u00eecheur. Une enfant vient s&#8217;y r\u00e9fugier \u00e0 l&#8217;abri des rayons br\u00fblants. Un serpent la rejoint, puis un renard, un li\u00e8vre, un h\u00e9risson, un sanglier, une petite bique et une vol\u00e9e d&#8217;oiseaux. Chacun doit trouver sa place, une posture confortable dans ce minuscule espace ombrag\u00e9. \u00abPartager l&#8217;ombre\u00bb signifie alors plus largement abandonner les peurs, les pr\u00e9jug\u00e9s, les instincts sauvages, aussi forts soient-ils, pour s&#8217;unir et faire une place \u00e0 l&#8217;autre.<\/p>\n","protected":false},"excerpt":{"rendered":"<p>Comment cohabiter lorsque tout nous oppose ? Sous un soleil ardent, au milieu du d\u00e9sert, un petit rocher offre un peu de fra\u00eecheur. Une enfant vient s&#8217;y r\u00e9fugier \u00e0 l&#8217;abri des rayons br\u00fblants. Un serpent la rejoint, puis un renard, un li\u00e8vre, un h\u00e9risson, un sanglier, une petite bique et une vol\u00e9e d&#8217;oiseaux. Chacun doit [&hellip;]<\/p>\n","protected":false},"featured_media":45902,"template":"","meta":[],"product_cat":[7364,2948],"product_tag":[],"acf":[],"yoast_head":"<!-- This site is optimized with the Yoast SEO plugin v20.11 - https:\/\/yoast.com\/wordpress\/plugins\/seo\/ -->\n<title>Un abri - Librairie 7L<\/title>\n<meta name=\"robots\" content=\"index, follow, max-snippet:-1, max-image-preview:large, max-video-preview:-1\" \/>\n<link rel=\"canonical\" href=\"https:\/\/librairie7l.com\/en\/produit\/un-abri-2\/\" \/>\n<meta property=\"og:locale\" content=\"en_US\" \/>\n<meta property=\"og:type\" content=\"article\" \/>\n<meta property=\"og:title\" content=\"Un abri - Librairie 7L\" \/>\n<meta property=\"og:description\" content=\"Comment cohabiter lorsque tout nous oppose ? Sous un soleil ardent, au milieu du d\u00e9sert, un petit rocher offre un peu de fra\u00eecheur. Une enfant vient s&#8217;y r\u00e9fugier \u00e0 l&#8217;abri des rayons br\u00fblants. Un serpent la rejoint, puis un renard, un li\u00e8vre, un h\u00e9risson, un sanglier, une petite bique et une vol\u00e9e d&#8217;oiseaux. Chacun doit [&hellip;]\" \/>\n<meta property=\"og:url\" content=\"https:\/\/librairie7l.com\/en\/produit\/un-abri-2\/\" \/>\n<meta property=\"og:site_name\" content=\"Librairie 7L\" \/>\n<meta property=\"article:modified_time\" content=\"2026-05-05T00:50:05+00:00\" \/>\n<meta property=\"og:image\" content=\"https:\/\/librairie7l.com\/wp-content\/uploads\/2024\/05\/9782492768989_1_75.jpg\" \/>\n\t<meta property=\"og:image:width\" content=\"822\" \/>\n\t<meta property=\"og:image:height\" content=\"600\" \/>\n\t<meta property=\"og:image:type\" content=\"image\/jpeg\" \/>\n<meta name=\"twitter:card\" content=\"summary_large_image\" \/>\n<script type=\"application\/ld+json\" class=\"yoast-schema-graph\">{\"@context\":\"https:\/\/schema.org\",\"@graph\":[{\"@type\":\"WebPage\",\"@id\":\"https:\/\/librairie7l.com\/en\/produit\/un-abri-2\/\",\"url\":\"https:\/\/librairie7l.com\/en\/produit\/un-abri-2\/\",\"name\":\"Un abri - Librairie 7L\",\"isPartOf\":{\"@id\":\"https:\/\/librairie7l.com\/en\/#website\"},\"datePublished\":\"2025-01-30T13:18:54+00:00\",\"dateModified\":\"2026-05-05T00:50:05+00:00\",\"breadcrumb\":{\"@id\":\"https:\/\/librairie7l.com\/en\/produit\/un-abri-2\/#breadcrumb\"},\"inLanguage\":\"en-US\",\"potentialAction\":[{\"@type\":\"ReadAction\",\"target\":[\"https:\/\/librairie7l.com\/en\/produit\/un-abri-2\/\"]}]},{\"@type\":\"BreadcrumbList\",\"@id\":\"https:\/\/librairie7l.com\/en\/produit\/un-abri-2\/#breadcrumb\",\"itemListElement\":[{\"@type\":\"ListItem\",\"position\":1,\"name\":\"Accueil\",\"item\":\"https:\/\/librairie7l.com\/en\/\"},{\"@type\":\"ListItem\",\"position\":2,\"name\":\"Shop\",\"item\":\"https:\/\/librairie7l.com\/en\/shop\/\"},{\"@type\":\"ListItem\",\"position\":3,\"name\":\"UN ABRI\"}]},{\"@type\":\"WebSite\",\"@id\":\"https:\/\/librairie7l.com\/en\/#website\",\"url\":\"https:\/\/librairie7l.com\/en\/\",\"name\":\"Librairie 7L\",\"description\":\"Librairie fond\u00e9e en 1999 par Karl Lagerfeld \u00e0 Paris\",\"publisher\":{\"@id\":\"https:\/\/librairie7l.com\/en\/#organization\"},\"potentialAction\":[{\"@type\":\"SearchAction\",\"target\":{\"@type\":\"EntryPoint\",\"urlTemplate\":\"https:\/\/librairie7l.com\/en\/?s={search_term_string}\"},\"query-input\":\"required name=search_term_string\"}],\"inLanguage\":\"en-US\"},{\"@type\":\"Organization\",\"@id\":\"https:\/\/librairie7l.com\/en\/#organization\",\"name\":\"Librairie 7L\",\"url\":\"https:\/\/librairie7l.com\/en\/\",\"logo\":{\"@type\":\"ImageObject\",\"inLanguage\":\"en-US\",\"@id\":\"https:\/\/librairie7l.com\/en\/#\/schema\/logo\/image\/\",\"url\":\"https:\/\/librairie7l.com\/wp-content\/uploads\/2022\/08\/logo-1.png\",\"contentUrl\":\"https:\/\/librairie7l.com\/wp-content\/uploads\/2022\/08\/logo-1.png\",\"width\":227,\"height\":301,\"caption\":\"Librairie 7L\"},\"image\":{\"@id\":\"https:\/\/librairie7l.com\/en\/#\/schema\/logo\/image\/\"}}]}<\/script>\n<!-- \/ Yoast SEO plugin. -->","yoast_head_json":{"title":"Un abri - Librairie 7L","robots":{"index":"index","follow":"follow","max-snippet":"max-snippet:-1","max-image-preview":"max-image-preview:large","max-video-preview":"max-video-preview:-1"},"canonical":"https:\/\/librairie7l.com\/en\/produit\/un-abri-2\/","og_locale":"en_US","og_type":"article","og_title":"Un abri - Librairie 7L","og_description":"Comment cohabiter lorsque tout nous oppose ? Sous un soleil ardent, au milieu du d\u00e9sert, un petit rocher offre un peu de fra\u00eecheur. Une enfant vient s&#8217;y r\u00e9fugier \u00e0 l&#8217;abri des rayons br\u00fblants. Un serpent la rejoint, puis un renard, un li\u00e8vre, un h\u00e9risson, un sanglier, une petite bique et une vol\u00e9e d&#8217;oiseaux. Chacun doit [&hellip;]","og_url":"https:\/\/librairie7l.com\/en\/produit\/un-abri-2\/","og_site_name":"Librairie 7L","article_modified_time":"2026-05-05T00:50:05+00:00","og_image":[{"width":822,"height":600,"url":"https:\/\/librairie7l.com\/wp-content\/uploads\/2024\/05\/9782492768989_1_75.jpg","type":"image\/jpeg"}],"twitter_card":"summary_large_image","schema":{"@context":"https:\/\/schema.org","@graph":[{"@type":"WebPage","@id":"https:\/\/librairie7l.com\/en\/produit\/un-abri-2\/","url":"https:\/\/librairie7l.com\/en\/produit\/un-abri-2\/","name":"Un abri - Librairie 7L","isPartOf":{"@id":"https:\/\/librairie7l.com\/en\/#website"},"datePublished":"2025-01-30T13:18:54+00:00","dateModified":"2026-05-05T00:50:05+00:00","breadcrumb":{"@id":"https:\/\/librairie7l.com\/en\/produit\/un-abri-2\/#breadcrumb"},"inLanguage":"en-US","potentialAction":[{"@type":"ReadAction","target":["https:\/\/librairie7l.com\/en\/produit\/un-abri-2\/"]}]},{"@type":"BreadcrumbList","@id":"https:\/\/librairie7l.com\/en\/produit\/un-abri-2\/#breadcrumb","itemListElement":[{"@type":"ListItem","position":1,"name":"Accueil","item":"https:\/\/librairie7l.com\/en\/"},{"@type":"ListItem","position":2,"name":"Shop","item":"https:\/\/librairie7l.com\/en\/shop\/"},{"@type":"ListItem","position":3,"name":"UN ABRI"}]},{"@type":"WebSite","@id":"https:\/\/librairie7l.com\/en\/#website","url":"https:\/\/librairie7l.com\/en\/","name":"Librairie 7L","description":"Librairie fond\u00e9e en 1999 par Karl Lagerfeld \u00e0 Paris","publisher":{"@id":"https:\/\/librairie7l.com\/en\/#organization"},"potentialAction":[{"@type":"SearchAction","target":{"@type":"EntryPoint","urlTemplate":"https:\/\/librairie7l.com\/en\/?s={search_term_string}"},"query-input":"required name=search_term_string"}],"inLanguage":"en-US"},{"@type":"Organization","@id":"https:\/\/librairie7l.com\/en\/#organization","name":"Librairie 7L","url":"https:\/\/librairie7l.com\/en\/","logo":{"@type":"ImageObject","inLanguage":"en-US","@id":"https:\/\/librairie7l.com\/en\/#\/schema\/logo\/image\/","url":"https:\/\/librairie7l.com\/wp-content\/uploads\/2022\/08\/logo-1.png","contentUrl":"https:\/\/librairie7l.com\/wp-content\/uploads\/2022\/08\/logo-1.png","width":227,"height":301,"caption":"Librairie 7L"},"image":{"@id":"https:\/\/librairie7l.com\/en\/#\/schema\/logo\/image\/"}}]}},"_links":{"self":[{"href":"https:\/\/librairie7l.com\/en\/wp-json\/wp\/v2\/product\/45904"}],"collection":[{"href":"https:\/\/librairie7l.com\/en\/wp-json\/wp\/v2\/product"}],"about":[{"href":"https:\/\/librairie7l.com\/en\/wp-json\/wp\/v2\/types\/product"}],"wp:featuredmedia":[{"embeddable":true,"href":"https:\/\/librairie7l.com\/en\/wp-json\/wp\/v2\/media\/45902"}],"wp:attachment":[{"href":"https:\/\/librairie7l.com\/en\/wp-json\/wp\/v2\/media?parent=45904"}],"wp:term":[{"taxonomy":"product_cat","embeddable":true,"href":"https:\/\/librairie7l.com\/en\/wp-json\/wp\/v2\/product_cat?post=45904"},{"taxonomy":"product_tag","embeddable":true,"href":"https:\/\/librairie7l.com\/en\/wp-json\/wp\/v2\/product_tag?post=45904"}],"curies":[{"name":"wp","href":"https:\/\/api.w.org\/{rel}","templated":true}]}}