{"id":45950,"date":"2025-02-01T09:17:50","date_gmt":"2025-02-01T08:17:50","guid":{"rendered":"https:\/\/librairie7l.com\/?post_type=product&#038;p=45950"},"modified":"2026-04-17T18:27:53","modified_gmt":"2026-04-17T16:27:53","slug":"la-veritable-gala-dali-2","status":"publish","type":"product","link":"https:\/\/librairie7l.com\/en\/produit\/la-veritable-gala-dali-2\/","title":{"rendered":"LA V\u00c9RITABLE GALA DALI"},"content":{"rendered":"<p>Avec deux maris c\u00e9l\u00e8bres, le po\u00e8te Paul \u00c9luard et le peintre Salvador Dali, devant lesquels elle se conduisit autant comme m\u00e8re que comme \u00e9pouse, Gala Diakonova est entr\u00e9e dans la l\u00e9gende du surr\u00e9alisme. Car cette inspiratrice hors pair fut aussi li\u00e9e \u00e0 d&#8217;innombrables artistes. N\u00e9e \u00e0 Moscou, d&#8217;un p\u00e8re incertain, elle montra tr\u00e8s jeune un caract\u00e8re dot\u00e9 d&#8217;une volont\u00e9 f\u00e9roce. Extr\u00eamement s\u00e9duisante, elle cacha mal un esprit dominateur et un go\u00fbt immod\u00e9r\u00e9 pour l&#8217;argent et le luxe, indiff\u00e9rente au vide que sa cupidit\u00e9 et son cynisme creus\u00e8rent peu \u00e0 peu autour d&#8217;elle. II n&#8217;emp\u00eache : Dali, qui ne cessa de la peindre tout au long de leur vie conjugale ; lui dut sa fortune artistique et financi\u00e8re. Qui fut donc cette femme fatale, secr\u00e8te et farouche, sans pareille polir d\u00e9celer les grands talents ? D&#8217;o\u00f9 tirait-elle sa force ? En nous donnant les cl\u00e9s de sa personnalit\u00e9, Bertrand Meyer-Stabley nous raconte non seulement la vie \u00e9tourdissante d&#8217;une c\u00e9l\u00e8bre muse mais il nous plonge dans Fun des mouvements artistiques les plus f\u00e9conds et turbulents du XXe si\u00e8cle.<\/p>\n","protected":false},"excerpt":{"rendered":"<p>Avec deux maris c\u00e9l\u00e8bres, le po\u00e8te Paul \u00c9luard et le peintre Salvador Dali, devant lesquels elle se conduisit autant comme m\u00e8re que comme \u00e9pouse, Gala Diakonova est entr\u00e9e dans la l\u00e9gende du surr\u00e9alisme. Car cette inspiratrice hors pair fut aussi li\u00e9e \u00e0 d&#8217;innombrables artistes. N\u00e9e \u00e0 Moscou, d&#8217;un p\u00e8re incertain, elle montra tr\u00e8s jeune un [&hellip;]<\/p>\n","protected":false},"featured_media":45948,"template":"","meta":[],"product_cat":[2948,2953],"product_tag":[],"acf":[],"yoast_head":"<!-- This site is optimized with the Yoast SEO plugin v20.11 - https:\/\/yoast.com\/wordpress\/plugins\/seo\/ -->\n<title>La V\u00e9ritable Gala Dali - Librairie 7L<\/title>\n<meta name=\"robots\" content=\"index, follow, max-snippet:-1, max-image-preview:large, max-video-preview:-1\" \/>\n<link rel=\"canonical\" href=\"https:\/\/librairie7l.com\/en\/produit\/la-veritable-gala-dali-2\/\" \/>\n<meta property=\"og:locale\" content=\"en_US\" \/>\n<meta property=\"og:type\" content=\"article\" \/>\n<meta property=\"og:title\" content=\"La V\u00e9ritable Gala Dali - Librairie 7L\" \/>\n<meta property=\"og:description\" content=\"Avec deux maris c\u00e9l\u00e8bres, le po\u00e8te Paul \u00c9luard et le peintre Salvador Dali, devant lesquels elle se conduisit autant comme m\u00e8re que comme \u00e9pouse, Gala Diakonova est entr\u00e9e dans la l\u00e9gende du surr\u00e9alisme. Car cette inspiratrice hors pair fut aussi li\u00e9e \u00e0 d&#8217;innombrables artistes. N\u00e9e \u00e0 Moscou, d&#8217;un p\u00e8re incertain, elle montra tr\u00e8s jeune un [&hellip;]\" \/>\n<meta property=\"og:url\" content=\"https:\/\/librairie7l.com\/en\/produit\/la-veritable-gala-dali-2\/\" \/>\n<meta property=\"og:site_name\" content=\"Librairie 7L\" \/>\n<meta property=\"article:modified_time\" content=\"2026-04-17T16:27:53+00:00\" \/>\n<meta property=\"og:image\" content=\"https:\/\/librairie7l.com\/wp-content\/uploads\/2006\/03\/9782756400228_1_75.jpg\" \/>\n\t<meta property=\"og:image:width\" content=\"400\" \/>\n\t<meta property=\"og:image:height\" content=\"641\" \/>\n\t<meta property=\"og:image:type\" content=\"image\/jpeg\" \/>\n<meta name=\"twitter:card\" content=\"summary_large_image\" \/>\n<meta name=\"twitter:label1\" content=\"Est. reading time\" \/>\n\t<meta name=\"twitter:data1\" content=\"1 minute\" \/>\n<script type=\"application\/ld+json\" class=\"yoast-schema-graph\">{\"@context\":\"https:\/\/schema.org\",\"@graph\":[{\"@type\":\"WebPage\",\"@id\":\"https:\/\/librairie7l.com\/en\/produit\/la-veritable-gala-dali-2\/\",\"url\":\"https:\/\/librairie7l.com\/en\/produit\/la-veritable-gala-dali-2\/\",\"name\":\"La V\u00e9ritable Gala Dali - Librairie 7L\",\"isPartOf\":{\"@id\":\"https:\/\/librairie7l.com\/en\/#website\"},\"datePublished\":\"2025-02-01T08:17:50+00:00\",\"dateModified\":\"2026-04-17T16:27:53+00:00\",\"breadcrumb\":{\"@id\":\"https:\/\/librairie7l.com\/en\/produit\/la-veritable-gala-dali-2\/#breadcrumb\"},\"inLanguage\":\"en-US\",\"potentialAction\":[{\"@type\":\"ReadAction\",\"target\":[\"https:\/\/librairie7l.com\/en\/produit\/la-veritable-gala-dali-2\/\"]}]},{\"@type\":\"BreadcrumbList\",\"@id\":\"https:\/\/librairie7l.com\/en\/produit\/la-veritable-gala-dali-2\/#breadcrumb\",\"itemListElement\":[{\"@type\":\"ListItem\",\"position\":1,\"name\":\"Accueil\",\"item\":\"https:\/\/librairie7l.com\/en\/\"},{\"@type\":\"ListItem\",\"position\":2,\"name\":\"Shop\",\"item\":\"https:\/\/librairie7l.com\/en\/shop\/\"},{\"@type\":\"ListItem\",\"position\":3,\"name\":\"LA V\u00c9RITABLE GALA DALI\"}]},{\"@type\":\"WebSite\",\"@id\":\"https:\/\/librairie7l.com\/en\/#website\",\"url\":\"https:\/\/librairie7l.com\/en\/\",\"name\":\"Librairie 7L\",\"description\":\"Librairie fond\u00e9e en 1999 par Karl Lagerfeld \u00e0 Paris\",\"publisher\":{\"@id\":\"https:\/\/librairie7l.com\/en\/#organization\"},\"potentialAction\":[{\"@type\":\"SearchAction\",\"target\":{\"@type\":\"EntryPoint\",\"urlTemplate\":\"https:\/\/librairie7l.com\/en\/?s={search_term_string}\"},\"query-input\":\"required name=search_term_string\"}],\"inLanguage\":\"en-US\"},{\"@type\":\"Organization\",\"@id\":\"https:\/\/librairie7l.com\/en\/#organization\",\"name\":\"Librairie 7L\",\"url\":\"https:\/\/librairie7l.com\/en\/\",\"logo\":{\"@type\":\"ImageObject\",\"inLanguage\":\"en-US\",\"@id\":\"https:\/\/librairie7l.com\/en\/#\/schema\/logo\/image\/\",\"url\":\"https:\/\/librairie7l.com\/wp-content\/uploads\/2022\/08\/logo-1.png\",\"contentUrl\":\"https:\/\/librairie7l.com\/wp-content\/uploads\/2022\/08\/logo-1.png\",\"width\":227,\"height\":301,\"caption\":\"Librairie 7L\"},\"image\":{\"@id\":\"https:\/\/librairie7l.com\/en\/#\/schema\/logo\/image\/\"}}]}<\/script>\n<!-- \/ Yoast SEO plugin. -->","yoast_head_json":{"title":"La V\u00e9ritable Gala Dali - Librairie 7L","robots":{"index":"index","follow":"follow","max-snippet":"max-snippet:-1","max-image-preview":"max-image-preview:large","max-video-preview":"max-video-preview:-1"},"canonical":"https:\/\/librairie7l.com\/en\/produit\/la-veritable-gala-dali-2\/","og_locale":"en_US","og_type":"article","og_title":"La V\u00e9ritable Gala Dali - Librairie 7L","og_description":"Avec deux maris c\u00e9l\u00e8bres, le po\u00e8te Paul \u00c9luard et le peintre Salvador Dali, devant lesquels elle se conduisit autant comme m\u00e8re que comme \u00e9pouse, Gala Diakonova est entr\u00e9e dans la l\u00e9gende du surr\u00e9alisme. Car cette inspiratrice hors pair fut aussi li\u00e9e \u00e0 d&#8217;innombrables artistes. N\u00e9e \u00e0 Moscou, d&#8217;un p\u00e8re incertain, elle montra tr\u00e8s jeune un [&hellip;]","og_url":"https:\/\/librairie7l.com\/en\/produit\/la-veritable-gala-dali-2\/","og_site_name":"Librairie 7L","article_modified_time":"2026-04-17T16:27:53+00:00","og_image":[{"width":400,"height":641,"url":"https:\/\/librairie7l.com\/wp-content\/uploads\/2006\/03\/9782756400228_1_75.jpg","type":"image\/jpeg"}],"twitter_card":"summary_large_image","twitter_misc":{"Est. reading time":"1 minute"},"schema":{"@context":"https:\/\/schema.org","@graph":[{"@type":"WebPage","@id":"https:\/\/librairie7l.com\/en\/produit\/la-veritable-gala-dali-2\/","url":"https:\/\/librairie7l.com\/en\/produit\/la-veritable-gala-dali-2\/","name":"La V\u00e9ritable Gala Dali - Librairie 7L","isPartOf":{"@id":"https:\/\/librairie7l.com\/en\/#website"},"datePublished":"2025-02-01T08:17:50+00:00","dateModified":"2026-04-17T16:27:53+00:00","breadcrumb":{"@id":"https:\/\/librairie7l.com\/en\/produit\/la-veritable-gala-dali-2\/#breadcrumb"},"inLanguage":"en-US","potentialAction":[{"@type":"ReadAction","target":["https:\/\/librairie7l.com\/en\/produit\/la-veritable-gala-dali-2\/"]}]},{"@type":"BreadcrumbList","@id":"https:\/\/librairie7l.com\/en\/produit\/la-veritable-gala-dali-2\/#breadcrumb","itemListElement":[{"@type":"ListItem","position":1,"name":"Accueil","item":"https:\/\/librairie7l.com\/en\/"},{"@type":"ListItem","position":2,"name":"Shop","item":"https:\/\/librairie7l.com\/en\/shop\/"},{"@type":"ListItem","position":3,"name":"LA V\u00c9RITABLE GALA DALI"}]},{"@type":"WebSite","@id":"https:\/\/librairie7l.com\/en\/#website","url":"https:\/\/librairie7l.com\/en\/","name":"Librairie 7L","description":"Librairie fond\u00e9e en 1999 par Karl Lagerfeld \u00e0 Paris","publisher":{"@id":"https:\/\/librairie7l.com\/en\/#organization"},"potentialAction":[{"@type":"SearchAction","target":{"@type":"EntryPoint","urlTemplate":"https:\/\/librairie7l.com\/en\/?s={search_term_string}"},"query-input":"required name=search_term_string"}],"inLanguage":"en-US"},{"@type":"Organization","@id":"https:\/\/librairie7l.com\/en\/#organization","name":"Librairie 7L","url":"https:\/\/librairie7l.com\/en\/","logo":{"@type":"ImageObject","inLanguage":"en-US","@id":"https:\/\/librairie7l.com\/en\/#\/schema\/logo\/image\/","url":"https:\/\/librairie7l.com\/wp-content\/uploads\/2022\/08\/logo-1.png","contentUrl":"https:\/\/librairie7l.com\/wp-content\/uploads\/2022\/08\/logo-1.png","width":227,"height":301,"caption":"Librairie 7L"},"image":{"@id":"https:\/\/librairie7l.com\/en\/#\/schema\/logo\/image\/"}}]}},"_links":{"self":[{"href":"https:\/\/librairie7l.com\/en\/wp-json\/wp\/v2\/product\/45950"}],"collection":[{"href":"https:\/\/librairie7l.com\/en\/wp-json\/wp\/v2\/product"}],"about":[{"href":"https:\/\/librairie7l.com\/en\/wp-json\/wp\/v2\/types\/product"}],"wp:featuredmedia":[{"embeddable":true,"href":"https:\/\/librairie7l.com\/en\/wp-json\/wp\/v2\/media\/45948"}],"wp:attachment":[{"href":"https:\/\/librairie7l.com\/en\/wp-json\/wp\/v2\/media?parent=45950"}],"wp:term":[{"taxonomy":"product_cat","embeddable":true,"href":"https:\/\/librairie7l.com\/en\/wp-json\/wp\/v2\/product_cat?post=45950"},{"taxonomy":"product_tag","embeddable":true,"href":"https:\/\/librairie7l.com\/en\/wp-json\/wp\/v2\/product_tag?post=45950"}],"curies":[{"name":"wp","href":"https:\/\/api.w.org\/{rel}","templated":true}]}}