{"id":45954,"date":"2025-02-01T09:17:52","date_gmt":"2025-02-01T08:17:52","guid":{"rendered":"https:\/\/librairie7l.com\/?post_type=product&#038;p=45954"},"modified":"2026-04-17T17:05:48","modified_gmt":"2026-04-17T15:05:48","slug":"la-double-tragedie-de-misia-sert-2","status":"publish","type":"product","link":"https:\/\/librairie7l.com\/en\/produit\/la-double-tragedie-de-misia-sert-2\/","title":{"rendered":"LA DOUBLE TRAGEDIE DE MISIA SERT"},"content":{"rendered":"<p>Marie Sophie Olga Z\u00e9na\u00efde Godebska, plus commun\u00e9ment appel\u00e9e Misia Sert (1872-1956), fille d&#8217;un sculpteur polonais, \u00e9pouse successivement Thad\u00e9e Natanson, fondateur de la Revue blanche, Alfred Edwards, le magnat de la presse, et le peintre catalan Jos\u00e9-Maria Sert.<br \/>\nElle fut l&#8217;une des femmes les plus influentes de la premi\u00e8re moiti\u00e9 du xxe si\u00e8cle. M\u00e9c\u00e8ne \u00e0 la crois\u00e9e des arts, tenant salon \u00e0 Paris, elle fut la meilleure amie de Coco Chanel, l&#8217;intime de Picasso, de Mallarm\u00e9 et de Jean Cocteau, le soutien de Diaghilev et de ses Ballets russes. Elle a pos\u00e9 pour plusieurs peintres, notamment Bonnard, Odilon, Redon, Renoir, Vallotton, Vuillard&#8230; Tromp\u00e9e par son mari et s\u00e9duite par la jeune ma\u00eetresse de celui-ci, en qui elle voyait l&#8217;enfant qu&#8217;elle n&#8217;avait jamais r\u00e9ussi \u00e0 avoir, Misia imagine &#8221; follement &#8221; la possibilit\u00e9 d&#8217;un m\u00e9nage \u00e0 trois.<br \/>\nA tort ! Elle v\u00e9cut un assez cruel et solitaire d\u00e9clin. C&#8217;est \u00e0 Paris que le prince Rzewuski issu de l&#8217;\u00e9migration polonaise, rencontre Misia Sert et Jean Cocteau. Plus tard, entr\u00e9 chez les Dominicains, malgr\u00e9 d&#8217;importantes responsabilit\u00e9s dans l&#8217;ordre des Pr\u00eacheurs \u00e0 la Sainte-Baume, \u00e0 Fribourg, \u00e0 Toulouse et \u00e0 Prouille, il resta proche des milieux artistiques parisiens, l&#8217;ami, le confident et le conseiller de beaucoup.<br \/>\nDans ce petit ouvrage, qu&#8217;il avait r\u00e9dig\u00e9 sous le titre Le Calendrier de la double trag\u00e9die de Misia, le p\u00e8re Rzewuski prend la d\u00e9fense de Misia, maltrait\u00e9e par un certain nombre de contemporains et par ses premiers biographes Comme l&#8217;indique Jean Chalon dans sa pr\u00e9face, la langue et le ton ce plaidoyer font penser \u00e0 une nouvelle de M\u00e9rim\u00e9e ou de Truman Capote. Le p\u00e8re Alex-Ceslas Rzewuski (1892-1983) a publi\u00e9 deux ouvrages chez Plon : \u00c0 travers l&#8217;invisible cristal en 1976 et L&#8217;Instant en 1981.<\/p>\n","protected":false},"excerpt":{"rendered":"<p>Marie Sophie Olga Z\u00e9na\u00efde Godebska, plus commun\u00e9ment appel\u00e9e Misia Sert (1872-1956), fille d&#8217;un sculpteur polonais, \u00e9pouse successivement Thad\u00e9e Natanson, fondateur de la Revue blanche, Alfred Edwards, le magnat de la presse, et le peintre catalan Jos\u00e9-Maria Sert. Elle fut l&#8217;une des femmes les plus influentes de la premi\u00e8re moiti\u00e9 du xxe si\u00e8cle. M\u00e9c\u00e8ne \u00e0 la [&hellip;]<\/p>\n","protected":false},"featured_media":45952,"template":"","meta":[],"product_cat":[2948,2953],"product_tag":[],"acf":[],"yoast_head":"<!-- This site is optimized with the Yoast SEO plugin v20.11 - https:\/\/yoast.com\/wordpress\/plugins\/seo\/ -->\n<title>La double tragedie de misia sert - Librairie 7L<\/title>\n<meta name=\"robots\" content=\"index, follow, max-snippet:-1, max-image-preview:large, max-video-preview:-1\" \/>\n<link rel=\"canonical\" href=\"https:\/\/librairie7l.com\/en\/produit\/la-double-tragedie-de-misia-sert-2\/\" \/>\n<meta property=\"og:locale\" content=\"en_US\" \/>\n<meta property=\"og:type\" content=\"article\" \/>\n<meta property=\"og:title\" content=\"La double tragedie de misia sert - Librairie 7L\" \/>\n<meta property=\"og:description\" content=\"Marie Sophie Olga Z\u00e9na\u00efde Godebska, plus commun\u00e9ment appel\u00e9e Misia Sert (1872-1956), fille d&#8217;un sculpteur polonais, \u00e9pouse successivement Thad\u00e9e Natanson, fondateur de la Revue blanche, Alfred Edwards, le magnat de la presse, et le peintre catalan Jos\u00e9-Maria Sert. Elle fut l&#8217;une des femmes les plus influentes de la premi\u00e8re moiti\u00e9 du xxe si\u00e8cle. M\u00e9c\u00e8ne \u00e0 la [&hellip;]\" \/>\n<meta property=\"og:url\" content=\"https:\/\/librairie7l.com\/en\/produit\/la-double-tragedie-de-misia-sert-2\/\" \/>\n<meta property=\"og:site_name\" content=\"Librairie 7L\" \/>\n<meta property=\"article:modified_time\" content=\"2026-04-17T15:05:48+00:00\" \/>\n<meta property=\"og:image\" content=\"https:\/\/librairie7l.com\/wp-content\/uploads\/2005\/03\/9782204078634_1_75.jpg\" \/>\n\t<meta property=\"og:image:width\" content=\"335\" \/>\n\t<meta property=\"og:image:height\" content=\"541\" \/>\n\t<meta property=\"og:image:type\" content=\"image\/jpeg\" \/>\n<meta name=\"twitter:card\" content=\"summary_large_image\" \/>\n<meta name=\"twitter:label1\" content=\"Est. reading time\" \/>\n\t<meta name=\"twitter:data1\" content=\"1 minute\" \/>\n<script type=\"application\/ld+json\" class=\"yoast-schema-graph\">{\"@context\":\"https:\/\/schema.org\",\"@graph\":[{\"@type\":\"WebPage\",\"@id\":\"https:\/\/librairie7l.com\/en\/produit\/la-double-tragedie-de-misia-sert-2\/\",\"url\":\"https:\/\/librairie7l.com\/en\/produit\/la-double-tragedie-de-misia-sert-2\/\",\"name\":\"La double tragedie de misia sert - Librairie 7L\",\"isPartOf\":{\"@id\":\"https:\/\/librairie7l.com\/en\/#website\"},\"datePublished\":\"2025-02-01T08:17:52+00:00\",\"dateModified\":\"2026-04-17T15:05:48+00:00\",\"breadcrumb\":{\"@id\":\"https:\/\/librairie7l.com\/en\/produit\/la-double-tragedie-de-misia-sert-2\/#breadcrumb\"},\"inLanguage\":\"en-US\",\"potentialAction\":[{\"@type\":\"ReadAction\",\"target\":[\"https:\/\/librairie7l.com\/en\/produit\/la-double-tragedie-de-misia-sert-2\/\"]}]},{\"@type\":\"BreadcrumbList\",\"@id\":\"https:\/\/librairie7l.com\/en\/produit\/la-double-tragedie-de-misia-sert-2\/#breadcrumb\",\"itemListElement\":[{\"@type\":\"ListItem\",\"position\":1,\"name\":\"Accueil\",\"item\":\"https:\/\/librairie7l.com\/en\/\"},{\"@type\":\"ListItem\",\"position\":2,\"name\":\"Shop\",\"item\":\"https:\/\/librairie7l.com\/en\/shop\/\"},{\"@type\":\"ListItem\",\"position\":3,\"name\":\"LA DOUBLE TRAGEDIE DE MISIA SERT\"}]},{\"@type\":\"WebSite\",\"@id\":\"https:\/\/librairie7l.com\/en\/#website\",\"url\":\"https:\/\/librairie7l.com\/en\/\",\"name\":\"Librairie 7L\",\"description\":\"Librairie fond\u00e9e en 1999 par Karl Lagerfeld \u00e0 Paris\",\"publisher\":{\"@id\":\"https:\/\/librairie7l.com\/en\/#organization\"},\"potentialAction\":[{\"@type\":\"SearchAction\",\"target\":{\"@type\":\"EntryPoint\",\"urlTemplate\":\"https:\/\/librairie7l.com\/en\/?s={search_term_string}\"},\"query-input\":\"required name=search_term_string\"}],\"inLanguage\":\"en-US\"},{\"@type\":\"Organization\",\"@id\":\"https:\/\/librairie7l.com\/en\/#organization\",\"name\":\"Librairie 7L\",\"url\":\"https:\/\/librairie7l.com\/en\/\",\"logo\":{\"@type\":\"ImageObject\",\"inLanguage\":\"en-US\",\"@id\":\"https:\/\/librairie7l.com\/en\/#\/schema\/logo\/image\/\",\"url\":\"https:\/\/librairie7l.com\/wp-content\/uploads\/2022\/08\/logo-1.png\",\"contentUrl\":\"https:\/\/librairie7l.com\/wp-content\/uploads\/2022\/08\/logo-1.png\",\"width\":227,\"height\":301,\"caption\":\"Librairie 7L\"},\"image\":{\"@id\":\"https:\/\/librairie7l.com\/en\/#\/schema\/logo\/image\/\"}}]}<\/script>\n<!-- \/ Yoast SEO plugin. -->","yoast_head_json":{"title":"La double tragedie de misia sert - Librairie 7L","robots":{"index":"index","follow":"follow","max-snippet":"max-snippet:-1","max-image-preview":"max-image-preview:large","max-video-preview":"max-video-preview:-1"},"canonical":"https:\/\/librairie7l.com\/en\/produit\/la-double-tragedie-de-misia-sert-2\/","og_locale":"en_US","og_type":"article","og_title":"La double tragedie de misia sert - Librairie 7L","og_description":"Marie Sophie Olga Z\u00e9na\u00efde Godebska, plus commun\u00e9ment appel\u00e9e Misia Sert (1872-1956), fille d&#8217;un sculpteur polonais, \u00e9pouse successivement Thad\u00e9e Natanson, fondateur de la Revue blanche, Alfred Edwards, le magnat de la presse, et le peintre catalan Jos\u00e9-Maria Sert. Elle fut l&#8217;une des femmes les plus influentes de la premi\u00e8re moiti\u00e9 du xxe si\u00e8cle. M\u00e9c\u00e8ne \u00e0 la [&hellip;]","og_url":"https:\/\/librairie7l.com\/en\/produit\/la-double-tragedie-de-misia-sert-2\/","og_site_name":"Librairie 7L","article_modified_time":"2026-04-17T15:05:48+00:00","og_image":[{"width":335,"height":541,"url":"https:\/\/librairie7l.com\/wp-content\/uploads\/2005\/03\/9782204078634_1_75.jpg","type":"image\/jpeg"}],"twitter_card":"summary_large_image","twitter_misc":{"Est. reading time":"1 minute"},"schema":{"@context":"https:\/\/schema.org","@graph":[{"@type":"WebPage","@id":"https:\/\/librairie7l.com\/en\/produit\/la-double-tragedie-de-misia-sert-2\/","url":"https:\/\/librairie7l.com\/en\/produit\/la-double-tragedie-de-misia-sert-2\/","name":"La double tragedie de misia sert - Librairie 7L","isPartOf":{"@id":"https:\/\/librairie7l.com\/en\/#website"},"datePublished":"2025-02-01T08:17:52+00:00","dateModified":"2026-04-17T15:05:48+00:00","breadcrumb":{"@id":"https:\/\/librairie7l.com\/en\/produit\/la-double-tragedie-de-misia-sert-2\/#breadcrumb"},"inLanguage":"en-US","potentialAction":[{"@type":"ReadAction","target":["https:\/\/librairie7l.com\/en\/produit\/la-double-tragedie-de-misia-sert-2\/"]}]},{"@type":"BreadcrumbList","@id":"https:\/\/librairie7l.com\/en\/produit\/la-double-tragedie-de-misia-sert-2\/#breadcrumb","itemListElement":[{"@type":"ListItem","position":1,"name":"Accueil","item":"https:\/\/librairie7l.com\/en\/"},{"@type":"ListItem","position":2,"name":"Shop","item":"https:\/\/librairie7l.com\/en\/shop\/"},{"@type":"ListItem","position":3,"name":"LA DOUBLE TRAGEDIE DE MISIA SERT"}]},{"@type":"WebSite","@id":"https:\/\/librairie7l.com\/en\/#website","url":"https:\/\/librairie7l.com\/en\/","name":"Librairie 7L","description":"Librairie fond\u00e9e en 1999 par Karl Lagerfeld \u00e0 Paris","publisher":{"@id":"https:\/\/librairie7l.com\/en\/#organization"},"potentialAction":[{"@type":"SearchAction","target":{"@type":"EntryPoint","urlTemplate":"https:\/\/librairie7l.com\/en\/?s={search_term_string}"},"query-input":"required name=search_term_string"}],"inLanguage":"en-US"},{"@type":"Organization","@id":"https:\/\/librairie7l.com\/en\/#organization","name":"Librairie 7L","url":"https:\/\/librairie7l.com\/en\/","logo":{"@type":"ImageObject","inLanguage":"en-US","@id":"https:\/\/librairie7l.com\/en\/#\/schema\/logo\/image\/","url":"https:\/\/librairie7l.com\/wp-content\/uploads\/2022\/08\/logo-1.png","contentUrl":"https:\/\/librairie7l.com\/wp-content\/uploads\/2022\/08\/logo-1.png","width":227,"height":301,"caption":"Librairie 7L"},"image":{"@id":"https:\/\/librairie7l.com\/en\/#\/schema\/logo\/image\/"}}]}},"_links":{"self":[{"href":"https:\/\/librairie7l.com\/en\/wp-json\/wp\/v2\/product\/45954"}],"collection":[{"href":"https:\/\/librairie7l.com\/en\/wp-json\/wp\/v2\/product"}],"about":[{"href":"https:\/\/librairie7l.com\/en\/wp-json\/wp\/v2\/types\/product"}],"wp:featuredmedia":[{"embeddable":true,"href":"https:\/\/librairie7l.com\/en\/wp-json\/wp\/v2\/media\/45952"}],"wp:attachment":[{"href":"https:\/\/librairie7l.com\/en\/wp-json\/wp\/v2\/media?parent=45954"}],"wp:term":[{"taxonomy":"product_cat","embeddable":true,"href":"https:\/\/librairie7l.com\/en\/wp-json\/wp\/v2\/product_cat?post=45954"},{"taxonomy":"product_tag","embeddable":true,"href":"https:\/\/librairie7l.com\/en\/wp-json\/wp\/v2\/product_tag?post=45954"}],"curies":[{"name":"wp","href":"https:\/\/api.w.org\/{rel}","templated":true}]}}