{"id":45958,"date":"2025-02-01T09:17:55","date_gmt":"2025-02-01T08:17:55","guid":{"rendered":"https:\/\/librairie7l.com\/?post_type=product&#038;p=45958"},"modified":"2026-04-17T17:04:29","modified_gmt":"2026-04-17T15:04:29","slug":"marcel-breuer-les-realisations-francaises-2","status":"publish","type":"product","link":"https:\/\/librairie7l.com\/en\/produit\/marcel-breuer-les-realisations-francaises-2\/","title":{"rendered":"MARCEL BREUER ; LES R\u00c9ALISATIONS FRAN\u00c7AISES"},"content":{"rendered":"<p>Le designer et architecte Marcel Breuer (1902-1981) compte parmi les personnalit\u00e9s les plus importantes et les plus marquantes du xxe si\u00e8cle. Parall\u00e8lement \u00e0 la cr\u00e9ation de meubles qui font partie des classiques de l&#8217;\u00e9poque moderne, il mena une prestigieuse carri\u00e8re couronn\u00e9e de succ\u00e8s en tant qu&#8217;architecte.<br \/>\nSes \u00e9tudes puis son enseignement au Bauhaus de Weimar et de Dessau aux c\u00f4t\u00e9s de Walter Gropius conditionn\u00e8rent toute son ouvre tant en Allemagne puis aux \u00c9tats-Unis qu&#8217;en France. Apr\u00e8s avoir b\u00e2ti quelques maisons individuelles d&#8217;un \u00e9l\u00e9gant raffinement, la construction du si\u00e8ge de l&#8217;Unesco \u00e0 Paris changea radicalement le cours de sa carri\u00e8re et lui permit d&#8217;aborder des \u00e9difices et des programmes souvent monumentaux. De la communication \u00e0 la gestion des projets jusqu&#8217;aux techniques de construction, Breuer contribua \u00e0 une \u00e9volution notable du m\u00e9tier, relevant des d\u00e9fis et apportant des r\u00e9ponses claires, sensibles, puissantes et convaincantes.<br \/>\nApr\u00e8s une introduction biographique et un cahier illustr\u00e9 offrant un panorama de l&#8217;ouvre, cet ouvrage consacre sa 2e partie \u00e0 l&#8217;\u00e9tude d\u00e9taill\u00e9e de 5 grands projets b\u00e2tis en France : le si\u00e8ge de l&#8217;Unesco \u00e0 Paris, le centre de recherches d&#8217;IBM \u00e0 La Gaude, la ZUP de Bayonne, la station de sports d&#8217;hiver de Flaine et la villa Sayer \u00e0 Glanville. <\/p>\n<p>Dominique Amouroux associe au quotidien un travail de critique d&#8217;architecture contemporaine et une d\u00e9marche d&#8217;historien de l&#8217;architecture du xxe si\u00e8cle. <\/p>\n<p>&gt; Un architecte et designer embl\u00e9matique du modernisme.<br \/>\n&gt; Le cr\u00e9ateur de la chaise Wassily, du Whitney museum \u00e0 New York et du b\u00e2timent de l&#8217;Unesco \u00e0 Paris.<br \/>\n&gt; Un focus sur sa carri\u00e8re et ses r\u00e9alisations en France.<\/p>\n","protected":false},"excerpt":{"rendered":"<p>Le designer et architecte Marcel Breuer (1902-1981) compte parmi les personnalit\u00e9s les plus importantes et les plus marquantes du xxe si\u00e8cle. Parall\u00e8lement \u00e0 la cr\u00e9ation de meubles qui font partie des classiques de l&#8217;\u00e9poque moderne, il mena une prestigieuse carri\u00e8re couronn\u00e9e de succ\u00e8s en tant qu&#8217;architecte. Ses \u00e9tudes puis son enseignement au Bauhaus de Weimar [&hellip;]<\/p>\n","protected":false},"featured_media":45956,"template":"","meta":[],"product_cat":[2948,2950],"product_tag":[],"acf":[],"yoast_head":"<!-- This site is optimized with the Yoast SEO plugin v20.11 - https:\/\/yoast.com\/wordpress\/plugins\/seo\/ -->\n<title>Marcel Breuer ; les r\u00e9alisations fran\u00e7aises - Librairie 7L<\/title>\n<meta name=\"robots\" content=\"index, follow, max-snippet:-1, max-image-preview:large, max-video-preview:-1\" \/>\n<link rel=\"canonical\" href=\"https:\/\/librairie7l.com\/en\/produit\/marcel-breuer-les-realisations-francaises-2\/\" \/>\n<meta property=\"og:locale\" content=\"en_US\" \/>\n<meta property=\"og:type\" content=\"article\" \/>\n<meta property=\"og:title\" content=\"Marcel Breuer ; les r\u00e9alisations fran\u00e7aises - Librairie 7L\" \/>\n<meta property=\"og:description\" content=\"Le designer et architecte Marcel Breuer (1902-1981) compte parmi les personnalit\u00e9s les plus importantes et les plus marquantes du xxe si\u00e8cle. Parall\u00e8lement \u00e0 la cr\u00e9ation de meubles qui font partie des classiques de l&#8217;\u00e9poque moderne, il mena une prestigieuse carri\u00e8re couronn\u00e9e de succ\u00e8s en tant qu&#8217;architecte. Ses \u00e9tudes puis son enseignement au Bauhaus de Weimar [&hellip;]\" \/>\n<meta property=\"og:url\" content=\"https:\/\/librairie7l.com\/en\/produit\/marcel-breuer-les-realisations-francaises-2\/\" \/>\n<meta property=\"og:site_name\" content=\"Librairie 7L\" \/>\n<meta property=\"article:modified_time\" content=\"2026-04-17T15:04:29+00:00\" \/>\n<meta property=\"og:image\" content=\"https:\/\/librairie7l.com\/wp-content\/uploads\/2013\/10\/9782757703298_1_75.jpg\" \/>\n\t<meta property=\"og:image:width\" content=\"400\" \/>\n\t<meta property=\"og:image:height\" content=\"493\" \/>\n\t<meta property=\"og:image:type\" content=\"image\/jpeg\" \/>\n<meta name=\"twitter:card\" content=\"summary_large_image\" \/>\n<meta name=\"twitter:label1\" content=\"Est. reading time\" \/>\n\t<meta name=\"twitter:data1\" content=\"1 minute\" \/>\n<script type=\"application\/ld+json\" class=\"yoast-schema-graph\">{\"@context\":\"https:\/\/schema.org\",\"@graph\":[{\"@type\":\"WebPage\",\"@id\":\"https:\/\/librairie7l.com\/en\/produit\/marcel-breuer-les-realisations-francaises-2\/\",\"url\":\"https:\/\/librairie7l.com\/en\/produit\/marcel-breuer-les-realisations-francaises-2\/\",\"name\":\"Marcel Breuer ; les r\u00e9alisations fran\u00e7aises - Librairie 7L\",\"isPartOf\":{\"@id\":\"https:\/\/librairie7l.com\/en\/#website\"},\"datePublished\":\"2025-02-01T08:17:55+00:00\",\"dateModified\":\"2026-04-17T15:04:29+00:00\",\"breadcrumb\":{\"@id\":\"https:\/\/librairie7l.com\/en\/produit\/marcel-breuer-les-realisations-francaises-2\/#breadcrumb\"},\"inLanguage\":\"en-US\",\"potentialAction\":[{\"@type\":\"ReadAction\",\"target\":[\"https:\/\/librairie7l.com\/en\/produit\/marcel-breuer-les-realisations-francaises-2\/\"]}]},{\"@type\":\"BreadcrumbList\",\"@id\":\"https:\/\/librairie7l.com\/en\/produit\/marcel-breuer-les-realisations-francaises-2\/#breadcrumb\",\"itemListElement\":[{\"@type\":\"ListItem\",\"position\":1,\"name\":\"Accueil\",\"item\":\"https:\/\/librairie7l.com\/en\/\"},{\"@type\":\"ListItem\",\"position\":2,\"name\":\"Shop\",\"item\":\"https:\/\/librairie7l.com\/en\/shop\/\"},{\"@type\":\"ListItem\",\"position\":3,\"name\":\"MARCEL BREUER ; LES R\u00c9ALISATIONS FRAN\u00c7AISES\"}]},{\"@type\":\"WebSite\",\"@id\":\"https:\/\/librairie7l.com\/en\/#website\",\"url\":\"https:\/\/librairie7l.com\/en\/\",\"name\":\"Librairie 7L\",\"description\":\"Librairie fond\u00e9e en 1999 par Karl Lagerfeld \u00e0 Paris\",\"publisher\":{\"@id\":\"https:\/\/librairie7l.com\/en\/#organization\"},\"potentialAction\":[{\"@type\":\"SearchAction\",\"target\":{\"@type\":\"EntryPoint\",\"urlTemplate\":\"https:\/\/librairie7l.com\/en\/?s={search_term_string}\"},\"query-input\":\"required name=search_term_string\"}],\"inLanguage\":\"en-US\"},{\"@type\":\"Organization\",\"@id\":\"https:\/\/librairie7l.com\/en\/#organization\",\"name\":\"Librairie 7L\",\"url\":\"https:\/\/librairie7l.com\/en\/\",\"logo\":{\"@type\":\"ImageObject\",\"inLanguage\":\"en-US\",\"@id\":\"https:\/\/librairie7l.com\/en\/#\/schema\/logo\/image\/\",\"url\":\"https:\/\/librairie7l.com\/wp-content\/uploads\/2022\/08\/logo-1.png\",\"contentUrl\":\"https:\/\/librairie7l.com\/wp-content\/uploads\/2022\/08\/logo-1.png\",\"width\":227,\"height\":301,\"caption\":\"Librairie 7L\"},\"image\":{\"@id\":\"https:\/\/librairie7l.com\/en\/#\/schema\/logo\/image\/\"}}]}<\/script>\n<!-- \/ Yoast SEO plugin. -->","yoast_head_json":{"title":"Marcel Breuer ; les r\u00e9alisations fran\u00e7aises - Librairie 7L","robots":{"index":"index","follow":"follow","max-snippet":"max-snippet:-1","max-image-preview":"max-image-preview:large","max-video-preview":"max-video-preview:-1"},"canonical":"https:\/\/librairie7l.com\/en\/produit\/marcel-breuer-les-realisations-francaises-2\/","og_locale":"en_US","og_type":"article","og_title":"Marcel Breuer ; les r\u00e9alisations fran\u00e7aises - Librairie 7L","og_description":"Le designer et architecte Marcel Breuer (1902-1981) compte parmi les personnalit\u00e9s les plus importantes et les plus marquantes du xxe si\u00e8cle. Parall\u00e8lement \u00e0 la cr\u00e9ation de meubles qui font partie des classiques de l&#8217;\u00e9poque moderne, il mena une prestigieuse carri\u00e8re couronn\u00e9e de succ\u00e8s en tant qu&#8217;architecte. Ses \u00e9tudes puis son enseignement au Bauhaus de Weimar [&hellip;]","og_url":"https:\/\/librairie7l.com\/en\/produit\/marcel-breuer-les-realisations-francaises-2\/","og_site_name":"Librairie 7L","article_modified_time":"2026-04-17T15:04:29+00:00","og_image":[{"width":400,"height":493,"url":"https:\/\/librairie7l.com\/wp-content\/uploads\/2013\/10\/9782757703298_1_75.jpg","type":"image\/jpeg"}],"twitter_card":"summary_large_image","twitter_misc":{"Est. reading time":"1 minute"},"schema":{"@context":"https:\/\/schema.org","@graph":[{"@type":"WebPage","@id":"https:\/\/librairie7l.com\/en\/produit\/marcel-breuer-les-realisations-francaises-2\/","url":"https:\/\/librairie7l.com\/en\/produit\/marcel-breuer-les-realisations-francaises-2\/","name":"Marcel Breuer ; les r\u00e9alisations fran\u00e7aises - Librairie 7L","isPartOf":{"@id":"https:\/\/librairie7l.com\/en\/#website"},"datePublished":"2025-02-01T08:17:55+00:00","dateModified":"2026-04-17T15:04:29+00:00","breadcrumb":{"@id":"https:\/\/librairie7l.com\/en\/produit\/marcel-breuer-les-realisations-francaises-2\/#breadcrumb"},"inLanguage":"en-US","potentialAction":[{"@type":"ReadAction","target":["https:\/\/librairie7l.com\/en\/produit\/marcel-breuer-les-realisations-francaises-2\/"]}]},{"@type":"BreadcrumbList","@id":"https:\/\/librairie7l.com\/en\/produit\/marcel-breuer-les-realisations-francaises-2\/#breadcrumb","itemListElement":[{"@type":"ListItem","position":1,"name":"Accueil","item":"https:\/\/librairie7l.com\/en\/"},{"@type":"ListItem","position":2,"name":"Shop","item":"https:\/\/librairie7l.com\/en\/shop\/"},{"@type":"ListItem","position":3,"name":"MARCEL BREUER ; LES R\u00c9ALISATIONS FRAN\u00c7AISES"}]},{"@type":"WebSite","@id":"https:\/\/librairie7l.com\/en\/#website","url":"https:\/\/librairie7l.com\/en\/","name":"Librairie 7L","description":"Librairie fond\u00e9e en 1999 par Karl Lagerfeld \u00e0 Paris","publisher":{"@id":"https:\/\/librairie7l.com\/en\/#organization"},"potentialAction":[{"@type":"SearchAction","target":{"@type":"EntryPoint","urlTemplate":"https:\/\/librairie7l.com\/en\/?s={search_term_string}"},"query-input":"required name=search_term_string"}],"inLanguage":"en-US"},{"@type":"Organization","@id":"https:\/\/librairie7l.com\/en\/#organization","name":"Librairie 7L","url":"https:\/\/librairie7l.com\/en\/","logo":{"@type":"ImageObject","inLanguage":"en-US","@id":"https:\/\/librairie7l.com\/en\/#\/schema\/logo\/image\/","url":"https:\/\/librairie7l.com\/wp-content\/uploads\/2022\/08\/logo-1.png","contentUrl":"https:\/\/librairie7l.com\/wp-content\/uploads\/2022\/08\/logo-1.png","width":227,"height":301,"caption":"Librairie 7L"},"image":{"@id":"https:\/\/librairie7l.com\/en\/#\/schema\/logo\/image\/"}}]}},"_links":{"self":[{"href":"https:\/\/librairie7l.com\/en\/wp-json\/wp\/v2\/product\/45958"}],"collection":[{"href":"https:\/\/librairie7l.com\/en\/wp-json\/wp\/v2\/product"}],"about":[{"href":"https:\/\/librairie7l.com\/en\/wp-json\/wp\/v2\/types\/product"}],"wp:featuredmedia":[{"embeddable":true,"href":"https:\/\/librairie7l.com\/en\/wp-json\/wp\/v2\/media\/45956"}],"wp:attachment":[{"href":"https:\/\/librairie7l.com\/en\/wp-json\/wp\/v2\/media?parent=45958"}],"wp:term":[{"taxonomy":"product_cat","embeddable":true,"href":"https:\/\/librairie7l.com\/en\/wp-json\/wp\/v2\/product_cat?post=45958"},{"taxonomy":"product_tag","embeddable":true,"href":"https:\/\/librairie7l.com\/en\/wp-json\/wp\/v2\/product_tag?post=45958"}],"curies":[{"name":"wp","href":"https:\/\/api.w.org\/{rel}","templated":true}]}}