{"id":45980,"date":"2025-02-02T09:17:53","date_gmt":"2025-02-02T08:17:53","guid":{"rendered":"https:\/\/librairie7l.com\/?post_type=product&#038;p=45980"},"modified":"2026-04-17T17:05:50","modified_gmt":"2026-04-17T15:05:50","slug":"helen-frankenthaler-painting-without-rules-2","status":"publish","type":"product","link":"https:\/\/librairie7l.com\/en\/produit\/helen-frankenthaler-painting-without-rules-2\/","title":{"rendered":"HELEN FRANKENTHALER : PAINTING WITHOUT RULES"},"content":{"rendered":"<p>Andare oltre i canoni stabiliti, alla costante ricerca di una nuova libert\u00e0 espressiva. \u00c8 il mondo creativo di Helen Frankenthaler (1928-2011), una delle figure pi\u00f9 influenti del movimento artistico americano del XX secolo, celebre per il suo innovativo approccio all&#8217;arte e per il ruolo fondamentale nella transizione dall&#8217;Espressionismo astratto alla pittura Color Field. In occasione della mostra Helen Frankenthaler. Dipingere senza regole, organizzata dalla Fondazione Palazzo Strozzi e dalla Helen Frankenthaler Foundation, aperta al pubblico dal 27 settembre 2024 al 25 gennaio 2025, Marsilio Arte pubblica il catalogo a cura di Douglas Dreishpoon, direttore dell&#8217;Helen Frankenthaler Catalogue Raisonn\u00e9. Celebre tra la seconda generazione di pittori astratti americani del dopoguerra, Frankenthaler \u00e8 emersa sulla scena artistica americana, con un approccio alla pittura senza regole e una capacit\u00e0 di improvvisazione che hanno ridisegnato la narrazione del genere pittorico stesso. Con la sua innovativa tecnica a macchie, Frankenthaler ha esplorato un nuovo rapporto tra colore e forma, ampliando il potenziale della pittura astratta in modi che, ancora oggi, continuano a ispirare gli artisti. Lavorando con il colore e lo spazio, l&#8217;astrazione e la poesia, l&#8217;artista si \u00e8 distinta per la sua capacit\u00e0 unica di combinare tecnica e immaginazione, ricerca e improvvisazione, espandendo la sua pratica al di l\u00e0 dei canoni stabiliti, perseguendo una nuova libert\u00e0 nella pittura. L&#8217;esposizione offre un&#8217;ampia panoramica della produzione artistica di Frankenthaler, indagando a fondo l&#8217;evoluzione del suo percorso personale e stilistico attraverso i diversi periodi della sua carriera. Una selezione di dipinti e di sculture, prodotti tra il 1953 e il 2002, dialoga con le creazioni di artisti coevi, tra cui Anthony Caro, Morris Louis, Robert Motherwell, Kenneth Noland, Jackson Pollock, Mark Rothko, David Smith, Anne Truitt. Il catalogo Helen Frankenthaler. Dipingere senza regole, che accompagna la grande retrospettiva, esamina le affinit\u00e0 artistiche, le influenze e le amicizie della pittrice. Il cuore del volume sono i contributi di Douglas Dreishpoon con interessanti accostamenti tra opere di Frankenthaler e di altri artisti con cui aveva rapporti, in particolare David Smith, Anne Truitt e Anthony Caro.<\/p>\n","protected":false},"excerpt":{"rendered":"<p>Andare oltre i canoni stabiliti, alla costante ricerca di una nuova libert\u00e0 espressiva. \u00c8 il mondo creativo di Helen Frankenthaler (1928-2011), una delle figure pi\u00f9 influenti del movimento artistico americano del XX secolo, celebre per il suo innovativo approccio all&#8217;arte e per il ruolo fondamentale nella transizione dall&#8217;Espressionismo astratto alla pittura Color Field. In occasione [&hellip;]<\/p>\n","protected":false},"featured_media":45978,"template":"","meta":[],"product_cat":[2948,2953],"product_tag":[],"acf":[],"yoast_head":"<!-- This site is optimized with the Yoast SEO plugin v20.11 - https:\/\/yoast.com\/wordpress\/plugins\/seo\/ -->\n<title>Helen Frankenthaler : Painting without rules - Librairie 7L<\/title>\n<meta name=\"robots\" content=\"index, follow, max-snippet:-1, max-image-preview:large, max-video-preview:-1\" \/>\n<link rel=\"canonical\" href=\"https:\/\/librairie7l.com\/en\/produit\/helen-frankenthaler-painting-without-rules-2\/\" \/>\n<meta property=\"og:locale\" content=\"en_US\" \/>\n<meta property=\"og:type\" content=\"article\" \/>\n<meta property=\"og:title\" content=\"Helen Frankenthaler : Painting without rules - Librairie 7L\" \/>\n<meta property=\"og:description\" content=\"Andare oltre i canoni stabiliti, alla costante ricerca di una nuova libert\u00e0 espressiva. \u00c8 il mondo creativo di Helen Frankenthaler (1928-2011), una delle figure pi\u00f9 influenti del movimento artistico americano del XX secolo, celebre per il suo innovativo approccio all&#8217;arte e per il ruolo fondamentale nella transizione dall&#8217;Espressionismo astratto alla pittura Color Field. In occasione [&hellip;]\" \/>\n<meta property=\"og:url\" content=\"https:\/\/librairie7l.com\/en\/produit\/helen-frankenthaler-painting-without-rules-2\/\" \/>\n<meta property=\"og:site_name\" content=\"Librairie 7L\" \/>\n<meta property=\"article:modified_time\" content=\"2026-04-17T15:05:50+00:00\" \/>\n<meta property=\"og:image\" content=\"https:\/\/librairie7l.com\/wp-content\/uploads\/2024\/06\/9791254632192_1_75.jpg\" \/>\n\t<meta property=\"og:image:width\" content=\"414\" \/>\n\t<meta property=\"og:image:height\" content=\"500\" \/>\n\t<meta property=\"og:image:type\" content=\"image\/jpeg\" \/>\n<meta name=\"twitter:card\" content=\"summary_large_image\" \/>\n<meta name=\"twitter:label1\" content=\"Est. reading time\" \/>\n\t<meta name=\"twitter:data1\" content=\"2 minutes\" \/>\n<script type=\"application\/ld+json\" class=\"yoast-schema-graph\">{\"@context\":\"https:\/\/schema.org\",\"@graph\":[{\"@type\":\"WebPage\",\"@id\":\"https:\/\/librairie7l.com\/en\/produit\/helen-frankenthaler-painting-without-rules-2\/\",\"url\":\"https:\/\/librairie7l.com\/en\/produit\/helen-frankenthaler-painting-without-rules-2\/\",\"name\":\"Helen Frankenthaler : Painting without rules - Librairie 7L\",\"isPartOf\":{\"@id\":\"https:\/\/librairie7l.com\/en\/#website\"},\"datePublished\":\"2025-02-02T08:17:53+00:00\",\"dateModified\":\"2026-04-17T15:05:50+00:00\",\"breadcrumb\":{\"@id\":\"https:\/\/librairie7l.com\/en\/produit\/helen-frankenthaler-painting-without-rules-2\/#breadcrumb\"},\"inLanguage\":\"en-US\",\"potentialAction\":[{\"@type\":\"ReadAction\",\"target\":[\"https:\/\/librairie7l.com\/en\/produit\/helen-frankenthaler-painting-without-rules-2\/\"]}]},{\"@type\":\"BreadcrumbList\",\"@id\":\"https:\/\/librairie7l.com\/en\/produit\/helen-frankenthaler-painting-without-rules-2\/#breadcrumb\",\"itemListElement\":[{\"@type\":\"ListItem\",\"position\":1,\"name\":\"Accueil\",\"item\":\"https:\/\/librairie7l.com\/en\/\"},{\"@type\":\"ListItem\",\"position\":2,\"name\":\"Shop\",\"item\":\"https:\/\/librairie7l.com\/en\/shop\/\"},{\"@type\":\"ListItem\",\"position\":3,\"name\":\"HELEN FRANKENTHALER : PAINTING WITHOUT RULES\"}]},{\"@type\":\"WebSite\",\"@id\":\"https:\/\/librairie7l.com\/en\/#website\",\"url\":\"https:\/\/librairie7l.com\/en\/\",\"name\":\"Librairie 7L\",\"description\":\"Librairie fond\u00e9e en 1999 par Karl Lagerfeld \u00e0 Paris\",\"publisher\":{\"@id\":\"https:\/\/librairie7l.com\/en\/#organization\"},\"potentialAction\":[{\"@type\":\"SearchAction\",\"target\":{\"@type\":\"EntryPoint\",\"urlTemplate\":\"https:\/\/librairie7l.com\/en\/?s={search_term_string}\"},\"query-input\":\"required name=search_term_string\"}],\"inLanguage\":\"en-US\"},{\"@type\":\"Organization\",\"@id\":\"https:\/\/librairie7l.com\/en\/#organization\",\"name\":\"Librairie 7L\",\"url\":\"https:\/\/librairie7l.com\/en\/\",\"logo\":{\"@type\":\"ImageObject\",\"inLanguage\":\"en-US\",\"@id\":\"https:\/\/librairie7l.com\/en\/#\/schema\/logo\/image\/\",\"url\":\"https:\/\/librairie7l.com\/wp-content\/uploads\/2022\/08\/logo-1.png\",\"contentUrl\":\"https:\/\/librairie7l.com\/wp-content\/uploads\/2022\/08\/logo-1.png\",\"width\":227,\"height\":301,\"caption\":\"Librairie 7L\"},\"image\":{\"@id\":\"https:\/\/librairie7l.com\/en\/#\/schema\/logo\/image\/\"}}]}<\/script>\n<!-- \/ Yoast SEO plugin. -->","yoast_head_json":{"title":"Helen Frankenthaler : Painting without rules - Librairie 7L","robots":{"index":"index","follow":"follow","max-snippet":"max-snippet:-1","max-image-preview":"max-image-preview:large","max-video-preview":"max-video-preview:-1"},"canonical":"https:\/\/librairie7l.com\/en\/produit\/helen-frankenthaler-painting-without-rules-2\/","og_locale":"en_US","og_type":"article","og_title":"Helen Frankenthaler : Painting without rules - Librairie 7L","og_description":"Andare oltre i canoni stabiliti, alla costante ricerca di una nuova libert\u00e0 espressiva. \u00c8 il mondo creativo di Helen Frankenthaler (1928-2011), una delle figure pi\u00f9 influenti del movimento artistico americano del XX secolo, celebre per il suo innovativo approccio all&#8217;arte e per il ruolo fondamentale nella transizione dall&#8217;Espressionismo astratto alla pittura Color Field. In occasione [&hellip;]","og_url":"https:\/\/librairie7l.com\/en\/produit\/helen-frankenthaler-painting-without-rules-2\/","og_site_name":"Librairie 7L","article_modified_time":"2026-04-17T15:05:50+00:00","og_image":[{"width":414,"height":500,"url":"https:\/\/librairie7l.com\/wp-content\/uploads\/2024\/06\/9791254632192_1_75.jpg","type":"image\/jpeg"}],"twitter_card":"summary_large_image","twitter_misc":{"Est. reading time":"2 minutes"},"schema":{"@context":"https:\/\/schema.org","@graph":[{"@type":"WebPage","@id":"https:\/\/librairie7l.com\/en\/produit\/helen-frankenthaler-painting-without-rules-2\/","url":"https:\/\/librairie7l.com\/en\/produit\/helen-frankenthaler-painting-without-rules-2\/","name":"Helen Frankenthaler : Painting without rules - Librairie 7L","isPartOf":{"@id":"https:\/\/librairie7l.com\/en\/#website"},"datePublished":"2025-02-02T08:17:53+00:00","dateModified":"2026-04-17T15:05:50+00:00","breadcrumb":{"@id":"https:\/\/librairie7l.com\/en\/produit\/helen-frankenthaler-painting-without-rules-2\/#breadcrumb"},"inLanguage":"en-US","potentialAction":[{"@type":"ReadAction","target":["https:\/\/librairie7l.com\/en\/produit\/helen-frankenthaler-painting-without-rules-2\/"]}]},{"@type":"BreadcrumbList","@id":"https:\/\/librairie7l.com\/en\/produit\/helen-frankenthaler-painting-without-rules-2\/#breadcrumb","itemListElement":[{"@type":"ListItem","position":1,"name":"Accueil","item":"https:\/\/librairie7l.com\/en\/"},{"@type":"ListItem","position":2,"name":"Shop","item":"https:\/\/librairie7l.com\/en\/shop\/"},{"@type":"ListItem","position":3,"name":"HELEN FRANKENTHALER : PAINTING WITHOUT RULES"}]},{"@type":"WebSite","@id":"https:\/\/librairie7l.com\/en\/#website","url":"https:\/\/librairie7l.com\/en\/","name":"Librairie 7L","description":"Librairie fond\u00e9e en 1999 par Karl Lagerfeld \u00e0 Paris","publisher":{"@id":"https:\/\/librairie7l.com\/en\/#organization"},"potentialAction":[{"@type":"SearchAction","target":{"@type":"EntryPoint","urlTemplate":"https:\/\/librairie7l.com\/en\/?s={search_term_string}"},"query-input":"required name=search_term_string"}],"inLanguage":"en-US"},{"@type":"Organization","@id":"https:\/\/librairie7l.com\/en\/#organization","name":"Librairie 7L","url":"https:\/\/librairie7l.com\/en\/","logo":{"@type":"ImageObject","inLanguage":"en-US","@id":"https:\/\/librairie7l.com\/en\/#\/schema\/logo\/image\/","url":"https:\/\/librairie7l.com\/wp-content\/uploads\/2022\/08\/logo-1.png","contentUrl":"https:\/\/librairie7l.com\/wp-content\/uploads\/2022\/08\/logo-1.png","width":227,"height":301,"caption":"Librairie 7L"},"image":{"@id":"https:\/\/librairie7l.com\/en\/#\/schema\/logo\/image\/"}}]}},"_links":{"self":[{"href":"https:\/\/librairie7l.com\/en\/wp-json\/wp\/v2\/product\/45980"}],"collection":[{"href":"https:\/\/librairie7l.com\/en\/wp-json\/wp\/v2\/product"}],"about":[{"href":"https:\/\/librairie7l.com\/en\/wp-json\/wp\/v2\/types\/product"}],"wp:featuredmedia":[{"embeddable":true,"href":"https:\/\/librairie7l.com\/en\/wp-json\/wp\/v2\/media\/45978"}],"wp:attachment":[{"href":"https:\/\/librairie7l.com\/en\/wp-json\/wp\/v2\/media?parent=45980"}],"wp:term":[{"taxonomy":"product_cat","embeddable":true,"href":"https:\/\/librairie7l.com\/en\/wp-json\/wp\/v2\/product_cat?post=45980"},{"taxonomy":"product_tag","embeddable":true,"href":"https:\/\/librairie7l.com\/en\/wp-json\/wp\/v2\/product_tag?post=45980"}],"curies":[{"name":"wp","href":"https:\/\/api.w.org\/{rel}","templated":true}]}}