{"id":46006,"date":"2025-02-04T09:36:51","date_gmt":"2025-02-04T08:36:51","guid":{"rendered":"https:\/\/librairie7l.com\/?post_type=product&#038;p=46006"},"modified":"2026-04-21T12:06:38","modified_gmt":"2026-04-21T10:06:38","slug":"edward-burtynsky-extraction-abstraction-2","status":"publish","type":"product","link":"https:\/\/librairie7l.com\/en\/produit\/edward-burtynsky-extraction-abstraction-2\/","title":{"rendered":"EDWARD BURTYNSKY EXTRACTION\/ABSTRACTION"},"content":{"rendered":"<p>Publi\u00e9 \u00e0 l&#8217;occasion de la plus grande et la plus compl\u00e8te exposition d&#8217;Edward Burtynsky \u00e0 ce jour, \u00e0 la Saatchi Gallery de Londres, Extraction \/ Abstraction examine en profondeur les sujets cl\u00e9s et les images embl\u00e9matiques couvrant sa carri\u00e8re de 45 ans. Extraction \/ Abstraction pr\u00e9sente une dichotomie de l&#8217;imp\u00e9ratif de Burtynsky en mati\u00e8re d&#8217;image : la documentation lucide et \u00e9clair\u00e9e des processus d&#8217;extraction \u00e0 grande \u00e9chelle, et comment il transforme les paysages de l&#8217;industrie en abstractions compl\u00e8tes. D&#8217;autres th\u00e8mes essentiels de son oeuvre tels que l&#8217;agriculture, la fabrication, les infrastructures et les d\u00e9chets y trouvent \u00e9galement leur place. Avec plus de 130 planches en couleur, le livre comprend \u00e9galement une section sp\u00e9ciale, \u00ab Process Archive \u00bb, qui pr\u00e9sente des photographies in\u00e9dites des coulisses de Burtynsky au travail au sol et dans les airs tout au long de sa carri\u00e8re.<\/p>\n","protected":false},"excerpt":{"rendered":"<p>Publi\u00e9 \u00e0 l&#8217;occasion de la plus grande et la plus compl\u00e8te exposition d&#8217;Edward Burtynsky \u00e0 ce jour, \u00e0 la Saatchi Gallery de Londres, Extraction \/ Abstraction examine en profondeur les sujets cl\u00e9s et les images embl\u00e9matiques couvrant sa carri\u00e8re de 45 ans. Extraction \/ Abstraction pr\u00e9sente une dichotomie de l&#8217;imp\u00e9ratif de Burtynsky en mati\u00e8re d&#8217;image [&hellip;]<\/p>\n","protected":false},"featured_media":46004,"template":"","meta":[],"product_cat":[7364,2948],"product_tag":[],"acf":[],"yoast_head":"<!-- This site is optimized with the Yoast SEO plugin v20.11 - https:\/\/yoast.com\/wordpress\/plugins\/seo\/ -->\n<title>Edward Burtynsky extraction\/abstraction - Librairie 7L<\/title>\n<meta name=\"robots\" content=\"index, follow, max-snippet:-1, max-image-preview:large, max-video-preview:-1\" \/>\n<link rel=\"canonical\" href=\"https:\/\/librairie7l.com\/en\/produit\/edward-burtynsky-extraction-abstraction-2\/\" \/>\n<meta property=\"og:locale\" content=\"en_US\" \/>\n<meta property=\"og:type\" content=\"article\" \/>\n<meta property=\"og:title\" content=\"Edward Burtynsky extraction\/abstraction - Librairie 7L\" \/>\n<meta property=\"og:description\" content=\"Publi\u00e9 \u00e0 l&#8217;occasion de la plus grande et la plus compl\u00e8te exposition d&#8217;Edward Burtynsky \u00e0 ce jour, \u00e0 la Saatchi Gallery de Londres, Extraction \/ Abstraction examine en profondeur les sujets cl\u00e9s et les images embl\u00e9matiques couvrant sa carri\u00e8re de 45 ans. Extraction \/ Abstraction pr\u00e9sente une dichotomie de l&#8217;imp\u00e9ratif de Burtynsky en mati\u00e8re d&#8217;image [&hellip;]\" \/>\n<meta property=\"og:url\" content=\"https:\/\/librairie7l.com\/en\/produit\/edward-burtynsky-extraction-abstraction-2\/\" \/>\n<meta property=\"og:site_name\" content=\"Librairie 7L\" \/>\n<meta property=\"article:modified_time\" content=\"2026-04-21T10:06:38+00:00\" \/>\n<meta property=\"og:image\" content=\"https:\/\/librairie7l.com\/wp-content\/uploads\/2024\/01\/9783969993132_1_75.jpg\" \/>\n\t<meta property=\"og:image:width\" content=\"500\" \/>\n\t<meta property=\"og:image:height\" content=\"388\" \/>\n\t<meta property=\"og:image:type\" content=\"image\/jpeg\" \/>\n<meta name=\"twitter:card\" content=\"summary_large_image\" \/>\n<meta name=\"twitter:label1\" content=\"Est. reading time\" \/>\n\t<meta name=\"twitter:data1\" content=\"1 minute\" \/>\n<script type=\"application\/ld+json\" class=\"yoast-schema-graph\">{\"@context\":\"https:\/\/schema.org\",\"@graph\":[{\"@type\":\"WebPage\",\"@id\":\"https:\/\/librairie7l.com\/en\/produit\/edward-burtynsky-extraction-abstraction-2\/\",\"url\":\"https:\/\/librairie7l.com\/en\/produit\/edward-burtynsky-extraction-abstraction-2\/\",\"name\":\"Edward Burtynsky extraction\/abstraction - Librairie 7L\",\"isPartOf\":{\"@id\":\"https:\/\/librairie7l.com\/en\/#website\"},\"datePublished\":\"2025-02-04T08:36:51+00:00\",\"dateModified\":\"2026-04-21T10:06:38+00:00\",\"breadcrumb\":{\"@id\":\"https:\/\/librairie7l.com\/en\/produit\/edward-burtynsky-extraction-abstraction-2\/#breadcrumb\"},\"inLanguage\":\"en-US\",\"potentialAction\":[{\"@type\":\"ReadAction\",\"target\":[\"https:\/\/librairie7l.com\/en\/produit\/edward-burtynsky-extraction-abstraction-2\/\"]}]},{\"@type\":\"BreadcrumbList\",\"@id\":\"https:\/\/librairie7l.com\/en\/produit\/edward-burtynsky-extraction-abstraction-2\/#breadcrumb\",\"itemListElement\":[{\"@type\":\"ListItem\",\"position\":1,\"name\":\"Accueil\",\"item\":\"https:\/\/librairie7l.com\/en\/\"},{\"@type\":\"ListItem\",\"position\":2,\"name\":\"Shop\",\"item\":\"https:\/\/librairie7l.com\/en\/shop\/\"},{\"@type\":\"ListItem\",\"position\":3,\"name\":\"EDWARD BURTYNSKY EXTRACTION\/ABSTRACTION\"}]},{\"@type\":\"WebSite\",\"@id\":\"https:\/\/librairie7l.com\/en\/#website\",\"url\":\"https:\/\/librairie7l.com\/en\/\",\"name\":\"Librairie 7L\",\"description\":\"Librairie fond\u00e9e en 1999 par Karl Lagerfeld \u00e0 Paris\",\"publisher\":{\"@id\":\"https:\/\/librairie7l.com\/en\/#organization\"},\"potentialAction\":[{\"@type\":\"SearchAction\",\"target\":{\"@type\":\"EntryPoint\",\"urlTemplate\":\"https:\/\/librairie7l.com\/en\/?s={search_term_string}\"},\"query-input\":\"required name=search_term_string\"}],\"inLanguage\":\"en-US\"},{\"@type\":\"Organization\",\"@id\":\"https:\/\/librairie7l.com\/en\/#organization\",\"name\":\"Librairie 7L\",\"url\":\"https:\/\/librairie7l.com\/en\/\",\"logo\":{\"@type\":\"ImageObject\",\"inLanguage\":\"en-US\",\"@id\":\"https:\/\/librairie7l.com\/en\/#\/schema\/logo\/image\/\",\"url\":\"https:\/\/librairie7l.com\/wp-content\/uploads\/2022\/08\/logo-1.png\",\"contentUrl\":\"https:\/\/librairie7l.com\/wp-content\/uploads\/2022\/08\/logo-1.png\",\"width\":227,\"height\":301,\"caption\":\"Librairie 7L\"},\"image\":{\"@id\":\"https:\/\/librairie7l.com\/en\/#\/schema\/logo\/image\/\"}}]}<\/script>\n<!-- \/ Yoast SEO plugin. -->","yoast_head_json":{"title":"Edward Burtynsky extraction\/abstraction - Librairie 7L","robots":{"index":"index","follow":"follow","max-snippet":"max-snippet:-1","max-image-preview":"max-image-preview:large","max-video-preview":"max-video-preview:-1"},"canonical":"https:\/\/librairie7l.com\/en\/produit\/edward-burtynsky-extraction-abstraction-2\/","og_locale":"en_US","og_type":"article","og_title":"Edward Burtynsky extraction\/abstraction - Librairie 7L","og_description":"Publi\u00e9 \u00e0 l&#8217;occasion de la plus grande et la plus compl\u00e8te exposition d&#8217;Edward Burtynsky \u00e0 ce jour, \u00e0 la Saatchi Gallery de Londres, Extraction \/ Abstraction examine en profondeur les sujets cl\u00e9s et les images embl\u00e9matiques couvrant sa carri\u00e8re de 45 ans. Extraction \/ Abstraction pr\u00e9sente une dichotomie de l&#8217;imp\u00e9ratif de Burtynsky en mati\u00e8re d&#8217;image [&hellip;]","og_url":"https:\/\/librairie7l.com\/en\/produit\/edward-burtynsky-extraction-abstraction-2\/","og_site_name":"Librairie 7L","article_modified_time":"2026-04-21T10:06:38+00:00","og_image":[{"width":500,"height":388,"url":"https:\/\/librairie7l.com\/wp-content\/uploads\/2024\/01\/9783969993132_1_75.jpg","type":"image\/jpeg"}],"twitter_card":"summary_large_image","twitter_misc":{"Est. reading time":"1 minute"},"schema":{"@context":"https:\/\/schema.org","@graph":[{"@type":"WebPage","@id":"https:\/\/librairie7l.com\/en\/produit\/edward-burtynsky-extraction-abstraction-2\/","url":"https:\/\/librairie7l.com\/en\/produit\/edward-burtynsky-extraction-abstraction-2\/","name":"Edward Burtynsky extraction\/abstraction - Librairie 7L","isPartOf":{"@id":"https:\/\/librairie7l.com\/en\/#website"},"datePublished":"2025-02-04T08:36:51+00:00","dateModified":"2026-04-21T10:06:38+00:00","breadcrumb":{"@id":"https:\/\/librairie7l.com\/en\/produit\/edward-burtynsky-extraction-abstraction-2\/#breadcrumb"},"inLanguage":"en-US","potentialAction":[{"@type":"ReadAction","target":["https:\/\/librairie7l.com\/en\/produit\/edward-burtynsky-extraction-abstraction-2\/"]}]},{"@type":"BreadcrumbList","@id":"https:\/\/librairie7l.com\/en\/produit\/edward-burtynsky-extraction-abstraction-2\/#breadcrumb","itemListElement":[{"@type":"ListItem","position":1,"name":"Accueil","item":"https:\/\/librairie7l.com\/en\/"},{"@type":"ListItem","position":2,"name":"Shop","item":"https:\/\/librairie7l.com\/en\/shop\/"},{"@type":"ListItem","position":3,"name":"EDWARD BURTYNSKY EXTRACTION\/ABSTRACTION"}]},{"@type":"WebSite","@id":"https:\/\/librairie7l.com\/en\/#website","url":"https:\/\/librairie7l.com\/en\/","name":"Librairie 7L","description":"Librairie fond\u00e9e en 1999 par Karl Lagerfeld \u00e0 Paris","publisher":{"@id":"https:\/\/librairie7l.com\/en\/#organization"},"potentialAction":[{"@type":"SearchAction","target":{"@type":"EntryPoint","urlTemplate":"https:\/\/librairie7l.com\/en\/?s={search_term_string}"},"query-input":"required name=search_term_string"}],"inLanguage":"en-US"},{"@type":"Organization","@id":"https:\/\/librairie7l.com\/en\/#organization","name":"Librairie 7L","url":"https:\/\/librairie7l.com\/en\/","logo":{"@type":"ImageObject","inLanguage":"en-US","@id":"https:\/\/librairie7l.com\/en\/#\/schema\/logo\/image\/","url":"https:\/\/librairie7l.com\/wp-content\/uploads\/2022\/08\/logo-1.png","contentUrl":"https:\/\/librairie7l.com\/wp-content\/uploads\/2022\/08\/logo-1.png","width":227,"height":301,"caption":"Librairie 7L"},"image":{"@id":"https:\/\/librairie7l.com\/en\/#\/schema\/logo\/image\/"}}]}},"_links":{"self":[{"href":"https:\/\/librairie7l.com\/en\/wp-json\/wp\/v2\/product\/46006"}],"collection":[{"href":"https:\/\/librairie7l.com\/en\/wp-json\/wp\/v2\/product"}],"about":[{"href":"https:\/\/librairie7l.com\/en\/wp-json\/wp\/v2\/types\/product"}],"wp:featuredmedia":[{"embeddable":true,"href":"https:\/\/librairie7l.com\/en\/wp-json\/wp\/v2\/media\/46004"}],"wp:attachment":[{"href":"https:\/\/librairie7l.com\/en\/wp-json\/wp\/v2\/media?parent=46006"}],"wp:term":[{"taxonomy":"product_cat","embeddable":true,"href":"https:\/\/librairie7l.com\/en\/wp-json\/wp\/v2\/product_cat?post=46006"},{"taxonomy":"product_tag","embeddable":true,"href":"https:\/\/librairie7l.com\/en\/wp-json\/wp\/v2\/product_tag?post=46006"}],"curies":[{"name":"wp","href":"https:\/\/api.w.org\/{rel}","templated":true}]}}