{"id":46024,"date":"2025-02-05T08:01:01","date_gmt":"2025-02-05T07:01:01","guid":{"rendered":"https:\/\/librairie7l.com\/?post_type=product&#038;p=46024"},"modified":"2026-04-06T00:52:59","modified_gmt":"2026-04-05T22:52:59","slug":"notre-dame-de-paris-chronique-dune-renaissance-metiers-dart-savoir-faire-dexcellence-creation-contemporaine-2","status":"publish","type":"product","link":"https:\/\/librairie7l.com\/en\/produit\/notre-dame-de-paris-chronique-dune-renaissance-metiers-dart-savoir-faire-dexcellence-creation-contemporaine-2\/","title":{"rendered":"NOTRE-DAME DE PARIS, CHRONIQUE D&#8217;UNE RENAISSANCE : M\u00c9TIERS DART, SAVOIR-FAIRE D&#8217;EXCELLENCE, CR\u00c9ATION CONTEMPORAINE"},"content":{"rendered":"<p>Vous pouvez partager un article en cliquant sur les ic\u00f4nes de partage pr\u00e9sentes sur celui-ci. La reproduction totale ou partielle d&#8217;un article publi\u00e9 sur BeauxArts.com, sans l&#8217;autorisation \u00e9crite et pr\u00e9alable de Beaux Arts &amp; Cie, est strictement interdite. Pour plus d&#8217;informations, consultez nos mentions l\u00e9gales.<\/p>\n<p>\u00c0 l&#8217;occasion de la r\u00e9ouverture de Notre-Dame de Paris, Geste\/s publie son premier Hors-s\u00e9rie, un ouvrage exceptionnel enti\u00e8rement consacr\u00e9 \u00e0 l&#8217;immense travail de restauration de la cath\u00e9drale, versant m\u00e9tiers d&#8217;art.<br \/>\nVia les acc\u00e8s exceptionnels au chantier et aupr\u00e8s des entreprises mandat\u00e9es &#8211; gr\u00e2ce \u00e0 ses partenariats avec la Fondation Bettencourt Schueller, grand m\u00e9c\u00e8ne de la restauration, et l&#8217;\u00c9tablissement public Reb\u00e2tir Notre-Dame de Paris -, l&#8217;\u00e9quipe de Geste\/s a, trois ans durant, photographi\u00e9 et document\u00e9 au moyen d&#8217;images et de textes in\u00e9dits l&#8217;ensemble des m\u00e9tiers d&#8217;art qui ont contribu\u00e9 \u00e0 la renaissance de l&#8217;\u00e9difice.<br \/>\nFacteurs d&#8217;orgue, restaurateurs de d\u00e9cors peints, vitraillistes, doreurs, ferronniers d&#8217;art, charpentiers, sculpteurs sur pierre, tapissiers, menuisiers, fondeurs de cloche, couvreurs, ornemanistes&#8230; se d\u00e9couvrent au fil des pages.<br \/>\nUn ouvrage-document collector qui explore au plus pr\u00e8s l&#8217;une des plus singuli\u00e8res aventures technique, artistique et culturelle du nouveau si\u00e8cle.<\/p>\n","protected":false},"excerpt":{"rendered":"<p>Vous pouvez partager un article en cliquant sur les ic\u00f4nes de partage pr\u00e9sentes sur celui-ci. La reproduction totale ou partielle d&#8217;un article publi\u00e9 sur BeauxArts.com, sans l&#8217;autorisation \u00e9crite et pr\u00e9alable de Beaux Arts &amp; Cie, est strictement interdite. Pour plus d&#8217;informations, consultez nos mentions l\u00e9gales. \u00c0 l&#8217;occasion de la r\u00e9ouverture de Notre-Dame de Paris, Geste\/s [&hellip;]<\/p>\n","protected":false},"featured_media":46022,"template":"","meta":[],"product_cat":[7364,2948],"product_tag":[],"acf":[],"yoast_head":"<!-- This site is optimized with the Yoast SEO plugin v20.11 - https:\/\/yoast.com\/wordpress\/plugins\/seo\/ -->\n<title>Notre-dame de Paris, chronique d&#039;une renaissance : m\u00e9tiers dart, savoir-faire d&#039;excellence, cr\u00e9ation contemporaine - Librairie 7L<\/title>\n<meta name=\"robots\" content=\"index, follow, max-snippet:-1, max-image-preview:large, max-video-preview:-1\" \/>\n<link rel=\"canonical\" href=\"https:\/\/librairie7l.com\/en\/produit\/notre-dame-de-paris-chronique-dune-renaissance-metiers-dart-savoir-faire-dexcellence-creation-contemporaine-2\/\" \/>\n<meta property=\"og:locale\" content=\"en_US\" \/>\n<meta property=\"og:type\" content=\"article\" \/>\n<meta property=\"og:title\" content=\"Notre-dame de Paris, chronique d&#039;une renaissance : m\u00e9tiers dart, savoir-faire d&#039;excellence, cr\u00e9ation contemporaine - Librairie 7L\" \/>\n<meta property=\"og:description\" content=\"Vous pouvez partager un article en cliquant sur les ic\u00f4nes de partage pr\u00e9sentes sur celui-ci. La reproduction totale ou partielle d&#8217;un article publi\u00e9 sur BeauxArts.com, sans l&#8217;autorisation \u00e9crite et pr\u00e9alable de Beaux Arts &amp; Cie, est strictement interdite. Pour plus d&#8217;informations, consultez nos mentions l\u00e9gales. \u00c0 l&#8217;occasion de la r\u00e9ouverture de Notre-Dame de Paris, Geste\/s [&hellip;]\" \/>\n<meta property=\"og:url\" content=\"https:\/\/librairie7l.com\/en\/produit\/notre-dame-de-paris-chronique-dune-renaissance-metiers-dart-savoir-faire-dexcellence-creation-contemporaine-2\/\" \/>\n<meta property=\"og:site_name\" content=\"Librairie 7L\" \/>\n<meta property=\"article:modified_time\" content=\"2026-04-05T22:52:59+00:00\" \/>\n<meta property=\"og:image\" content=\"https:\/\/librairie7l.com\/wp-content\/uploads\/2024\/11\/9791020409829_1_75.jpg\" \/>\n\t<meta property=\"og:image:width\" content=\"600\" \/>\n\t<meta property=\"og:image:height\" content=\"724\" \/>\n\t<meta property=\"og:image:type\" content=\"image\/jpeg\" \/>\n<meta name=\"twitter:card\" content=\"summary_large_image\" \/>\n<meta name=\"twitter:label1\" content=\"Est. reading time\" \/>\n\t<meta name=\"twitter:data1\" content=\"1 minute\" \/>\n<script type=\"application\/ld+json\" class=\"yoast-schema-graph\">{\"@context\":\"https:\/\/schema.org\",\"@graph\":[{\"@type\":\"WebPage\",\"@id\":\"https:\/\/librairie7l.com\/en\/produit\/notre-dame-de-paris-chronique-dune-renaissance-metiers-dart-savoir-faire-dexcellence-creation-contemporaine-2\/\",\"url\":\"https:\/\/librairie7l.com\/en\/produit\/notre-dame-de-paris-chronique-dune-renaissance-metiers-dart-savoir-faire-dexcellence-creation-contemporaine-2\/\",\"name\":\"Notre-dame de Paris, chronique d'une renaissance : m\u00e9tiers dart, savoir-faire d'excellence, cr\u00e9ation contemporaine - Librairie 7L\",\"isPartOf\":{\"@id\":\"https:\/\/librairie7l.com\/en\/#website\"},\"datePublished\":\"2025-02-05T07:01:01+00:00\",\"dateModified\":\"2026-04-05T22:52:59+00:00\",\"breadcrumb\":{\"@id\":\"https:\/\/librairie7l.com\/en\/produit\/notre-dame-de-paris-chronique-dune-renaissance-metiers-dart-savoir-faire-dexcellence-creation-contemporaine-2\/#breadcrumb\"},\"inLanguage\":\"en-US\",\"potentialAction\":[{\"@type\":\"ReadAction\",\"target\":[\"https:\/\/librairie7l.com\/en\/produit\/notre-dame-de-paris-chronique-dune-renaissance-metiers-dart-savoir-faire-dexcellence-creation-contemporaine-2\/\"]}]},{\"@type\":\"BreadcrumbList\",\"@id\":\"https:\/\/librairie7l.com\/en\/produit\/notre-dame-de-paris-chronique-dune-renaissance-metiers-dart-savoir-faire-dexcellence-creation-contemporaine-2\/#breadcrumb\",\"itemListElement\":[{\"@type\":\"ListItem\",\"position\":1,\"name\":\"Accueil\",\"item\":\"https:\/\/librairie7l.com\/en\/\"},{\"@type\":\"ListItem\",\"position\":2,\"name\":\"Shop\",\"item\":\"https:\/\/librairie7l.com\/en\/shop\/\"},{\"@type\":\"ListItem\",\"position\":3,\"name\":\"NOTRE-DAME DE PARIS, CHRONIQUE D&#8217;UNE RENAISSANCE : M\u00c9TIERS DART, SAVOIR-FAIRE D&#8217;EXCELLENCE, CR\u00c9ATION CONTEMPORAINE\"}]},{\"@type\":\"WebSite\",\"@id\":\"https:\/\/librairie7l.com\/en\/#website\",\"url\":\"https:\/\/librairie7l.com\/en\/\",\"name\":\"Librairie 7L\",\"description\":\"Librairie fond\u00e9e en 1999 par Karl Lagerfeld \u00e0 Paris\",\"publisher\":{\"@id\":\"https:\/\/librairie7l.com\/en\/#organization\"},\"potentialAction\":[{\"@type\":\"SearchAction\",\"target\":{\"@type\":\"EntryPoint\",\"urlTemplate\":\"https:\/\/librairie7l.com\/en\/?s={search_term_string}\"},\"query-input\":\"required name=search_term_string\"}],\"inLanguage\":\"en-US\"},{\"@type\":\"Organization\",\"@id\":\"https:\/\/librairie7l.com\/en\/#organization\",\"name\":\"Librairie 7L\",\"url\":\"https:\/\/librairie7l.com\/en\/\",\"logo\":{\"@type\":\"ImageObject\",\"inLanguage\":\"en-US\",\"@id\":\"https:\/\/librairie7l.com\/en\/#\/schema\/logo\/image\/\",\"url\":\"https:\/\/librairie7l.com\/wp-content\/uploads\/2022\/08\/logo-1.png\",\"contentUrl\":\"https:\/\/librairie7l.com\/wp-content\/uploads\/2022\/08\/logo-1.png\",\"width\":227,\"height\":301,\"caption\":\"Librairie 7L\"},\"image\":{\"@id\":\"https:\/\/librairie7l.com\/en\/#\/schema\/logo\/image\/\"}}]}<\/script>\n<!-- \/ Yoast SEO plugin. -->","yoast_head_json":{"title":"Notre-dame de Paris, chronique d'une renaissance : m\u00e9tiers dart, savoir-faire d'excellence, cr\u00e9ation contemporaine - Librairie 7L","robots":{"index":"index","follow":"follow","max-snippet":"max-snippet:-1","max-image-preview":"max-image-preview:large","max-video-preview":"max-video-preview:-1"},"canonical":"https:\/\/librairie7l.com\/en\/produit\/notre-dame-de-paris-chronique-dune-renaissance-metiers-dart-savoir-faire-dexcellence-creation-contemporaine-2\/","og_locale":"en_US","og_type":"article","og_title":"Notre-dame de Paris, chronique d'une renaissance : m\u00e9tiers dart, savoir-faire d'excellence, cr\u00e9ation contemporaine - Librairie 7L","og_description":"Vous pouvez partager un article en cliquant sur les ic\u00f4nes de partage pr\u00e9sentes sur celui-ci. La reproduction totale ou partielle d&#8217;un article publi\u00e9 sur BeauxArts.com, sans l&#8217;autorisation \u00e9crite et pr\u00e9alable de Beaux Arts &amp; Cie, est strictement interdite. Pour plus d&#8217;informations, consultez nos mentions l\u00e9gales. \u00c0 l&#8217;occasion de la r\u00e9ouverture de Notre-Dame de Paris, Geste\/s [&hellip;]","og_url":"https:\/\/librairie7l.com\/en\/produit\/notre-dame-de-paris-chronique-dune-renaissance-metiers-dart-savoir-faire-dexcellence-creation-contemporaine-2\/","og_site_name":"Librairie 7L","article_modified_time":"2026-04-05T22:52:59+00:00","og_image":[{"width":600,"height":724,"url":"https:\/\/librairie7l.com\/wp-content\/uploads\/2024\/11\/9791020409829_1_75.jpg","type":"image\/jpeg"}],"twitter_card":"summary_large_image","twitter_misc":{"Est. reading time":"1 minute"},"schema":{"@context":"https:\/\/schema.org","@graph":[{"@type":"WebPage","@id":"https:\/\/librairie7l.com\/en\/produit\/notre-dame-de-paris-chronique-dune-renaissance-metiers-dart-savoir-faire-dexcellence-creation-contemporaine-2\/","url":"https:\/\/librairie7l.com\/en\/produit\/notre-dame-de-paris-chronique-dune-renaissance-metiers-dart-savoir-faire-dexcellence-creation-contemporaine-2\/","name":"Notre-dame de Paris, chronique d'une renaissance : m\u00e9tiers dart, savoir-faire d'excellence, cr\u00e9ation contemporaine - Librairie 7L","isPartOf":{"@id":"https:\/\/librairie7l.com\/en\/#website"},"datePublished":"2025-02-05T07:01:01+00:00","dateModified":"2026-04-05T22:52:59+00:00","breadcrumb":{"@id":"https:\/\/librairie7l.com\/en\/produit\/notre-dame-de-paris-chronique-dune-renaissance-metiers-dart-savoir-faire-dexcellence-creation-contemporaine-2\/#breadcrumb"},"inLanguage":"en-US","potentialAction":[{"@type":"ReadAction","target":["https:\/\/librairie7l.com\/en\/produit\/notre-dame-de-paris-chronique-dune-renaissance-metiers-dart-savoir-faire-dexcellence-creation-contemporaine-2\/"]}]},{"@type":"BreadcrumbList","@id":"https:\/\/librairie7l.com\/en\/produit\/notre-dame-de-paris-chronique-dune-renaissance-metiers-dart-savoir-faire-dexcellence-creation-contemporaine-2\/#breadcrumb","itemListElement":[{"@type":"ListItem","position":1,"name":"Accueil","item":"https:\/\/librairie7l.com\/en\/"},{"@type":"ListItem","position":2,"name":"Shop","item":"https:\/\/librairie7l.com\/en\/shop\/"},{"@type":"ListItem","position":3,"name":"NOTRE-DAME DE PARIS, CHRONIQUE D&#8217;UNE RENAISSANCE : M\u00c9TIERS DART, SAVOIR-FAIRE D&#8217;EXCELLENCE, CR\u00c9ATION CONTEMPORAINE"}]},{"@type":"WebSite","@id":"https:\/\/librairie7l.com\/en\/#website","url":"https:\/\/librairie7l.com\/en\/","name":"Librairie 7L","description":"Librairie fond\u00e9e en 1999 par Karl Lagerfeld \u00e0 Paris","publisher":{"@id":"https:\/\/librairie7l.com\/en\/#organization"},"potentialAction":[{"@type":"SearchAction","target":{"@type":"EntryPoint","urlTemplate":"https:\/\/librairie7l.com\/en\/?s={search_term_string}"},"query-input":"required name=search_term_string"}],"inLanguage":"en-US"},{"@type":"Organization","@id":"https:\/\/librairie7l.com\/en\/#organization","name":"Librairie 7L","url":"https:\/\/librairie7l.com\/en\/","logo":{"@type":"ImageObject","inLanguage":"en-US","@id":"https:\/\/librairie7l.com\/en\/#\/schema\/logo\/image\/","url":"https:\/\/librairie7l.com\/wp-content\/uploads\/2022\/08\/logo-1.png","contentUrl":"https:\/\/librairie7l.com\/wp-content\/uploads\/2022\/08\/logo-1.png","width":227,"height":301,"caption":"Librairie 7L"},"image":{"@id":"https:\/\/librairie7l.com\/en\/#\/schema\/logo\/image\/"}}]}},"_links":{"self":[{"href":"https:\/\/librairie7l.com\/en\/wp-json\/wp\/v2\/product\/46024"}],"collection":[{"href":"https:\/\/librairie7l.com\/en\/wp-json\/wp\/v2\/product"}],"about":[{"href":"https:\/\/librairie7l.com\/en\/wp-json\/wp\/v2\/types\/product"}],"wp:featuredmedia":[{"embeddable":true,"href":"https:\/\/librairie7l.com\/en\/wp-json\/wp\/v2\/media\/46022"}],"wp:attachment":[{"href":"https:\/\/librairie7l.com\/en\/wp-json\/wp\/v2\/media?parent=46024"}],"wp:term":[{"taxonomy":"product_cat","embeddable":true,"href":"https:\/\/librairie7l.com\/en\/wp-json\/wp\/v2\/product_cat?post=46024"},{"taxonomy":"product_tag","embeddable":true,"href":"https:\/\/librairie7l.com\/en\/wp-json\/wp\/v2\/product_tag?post=46024"}],"curies":[{"name":"wp","href":"https:\/\/api.w.org\/{rel}","templated":true}]}}