{"id":46033,"date":"2025-02-05T09:17:51","date_gmt":"2025-02-05T08:17:51","guid":{"rendered":"https:\/\/librairie7l.com\/?post_type=product&#038;p=46033"},"modified":"2026-04-04T15:55:50","modified_gmt":"2026-04-04T13:55:50","slug":"la-villa-kerylos-4","status":"publish","type":"product","link":"https:\/\/librairie7l.com\/en\/produit\/la-villa-kerylos-4\/","title":{"rendered":"LA VILLA KERYLOS"},"content":{"rendered":"<p>La villa grecque K\u00e9rylos est un r\u00eave transcrit dans la pierre, celui de deux fervents amoureux de la Gr\u00e8ce: l&#8217;hell\u00e9niste Th\u00e9odore Reinach et l&#8217;architecte Emmanuel Pontremoli. Dans un cadre qui exalte ce que la M\u00e9diterran\u00e9e offre de plus sublime, se d\u00e9tache, sur le promontoire de la pointe des Fourmis, la villa K\u00e9rylos, tache blanche de proportions harmonieuses soulign\u00e9e des traits pourpres de ses portiques. La villa K\u00e9rylos n&#8217;est pas un pastiche, mais une r\u00e9invention. Il s&#8217;agit d&#8217;une demeure authentique, construite de 1902 \u00e0 1908, par\u00e9e avec un luxe inou\u00ef. Le mod\u00e8le architectural fut celui des nobles maisons de l&#8217;\u00eele de D\u00e9los. Quant aux motifs des fresques et des mosa\u00efques, tout comme le dessin des meubles ou les th\u00e8mes des tentures et des \u00e9toffes, ils sont inspir\u00e9s de documents antiques. Cette fabuleuse folie est bord\u00e9e d&#8217;un jardin qui pr\u00e9sente un choix harmonieux de v\u00e9g\u00e9tation grecque.<\/p>\n","protected":false},"excerpt":{"rendered":"<p>La villa grecque K\u00e9rylos est un r\u00eave transcrit dans la pierre, celui de deux fervents amoureux de la Gr\u00e8ce: l&#8217;hell\u00e9niste Th\u00e9odore Reinach et l&#8217;architecte Emmanuel Pontremoli. Dans un cadre qui exalte ce que la M\u00e9diterran\u00e9e offre de plus sublime, se d\u00e9tache, sur le promontoire de la pointe des Fourmis, la villa K\u00e9rylos, tache blanche de [&hellip;]<\/p>\n","protected":false},"featured_media":46031,"template":"","meta":[],"product_cat":[2948,2950],"product_tag":[],"acf":[],"yoast_head":"<!-- This site is optimized with the Yoast SEO plugin v20.11 - https:\/\/yoast.com\/wordpress\/plugins\/seo\/ -->\n<title>La villa Kerylos - Librairie 7L<\/title>\n<meta name=\"robots\" content=\"index, follow, max-snippet:-1, max-image-preview:large, max-video-preview:-1\" \/>\n<link rel=\"canonical\" href=\"https:\/\/librairie7l.com\/en\/produit\/la-villa-kerylos-4\/\" \/>\n<meta property=\"og:locale\" content=\"en_US\" \/>\n<meta property=\"og:type\" content=\"article\" \/>\n<meta property=\"og:title\" content=\"La villa Kerylos - Librairie 7L\" \/>\n<meta property=\"og:description\" content=\"La villa grecque K\u00e9rylos est un r\u00eave transcrit dans la pierre, celui de deux fervents amoureux de la Gr\u00e8ce: l&#8217;hell\u00e9niste Th\u00e9odore Reinach et l&#8217;architecte Emmanuel Pontremoli. Dans un cadre qui exalte ce que la M\u00e9diterran\u00e9e offre de plus sublime, se d\u00e9tache, sur le promontoire de la pointe des Fourmis, la villa K\u00e9rylos, tache blanche de [&hellip;]\" \/>\n<meta property=\"og:url\" content=\"https:\/\/librairie7l.com\/en\/produit\/la-villa-kerylos-4\/\" \/>\n<meta property=\"og:site_name\" content=\"Librairie 7L\" \/>\n<meta property=\"article:modified_time\" content=\"2026-04-04T13:55:50+00:00\" \/>\n<meta property=\"og:image\" content=\"https:\/\/librairie7l.com\/wp-content\/uploads\/2014\/11\/9782859175467_1_75.jpg\" \/>\n\t<meta property=\"og:image:width\" content=\"348\" \/>\n\t<meta property=\"og:image:height\" content=\"482\" \/>\n\t<meta property=\"og:image:type\" content=\"image\/jpeg\" \/>\n<meta name=\"twitter:card\" content=\"summary_large_image\" \/>\n<meta name=\"twitter:label1\" content=\"Est. reading time\" \/>\n\t<meta name=\"twitter:data1\" content=\"1 minute\" \/>\n<script type=\"application\/ld+json\" class=\"yoast-schema-graph\">{\"@context\":\"https:\/\/schema.org\",\"@graph\":[{\"@type\":\"WebPage\",\"@id\":\"https:\/\/librairie7l.com\/en\/produit\/la-villa-kerylos-4\/\",\"url\":\"https:\/\/librairie7l.com\/en\/produit\/la-villa-kerylos-4\/\",\"name\":\"La villa Kerylos - Librairie 7L\",\"isPartOf\":{\"@id\":\"https:\/\/librairie7l.com\/en\/#website\"},\"datePublished\":\"2025-02-05T08:17:51+00:00\",\"dateModified\":\"2026-04-04T13:55:50+00:00\",\"breadcrumb\":{\"@id\":\"https:\/\/librairie7l.com\/en\/produit\/la-villa-kerylos-4\/#breadcrumb\"},\"inLanguage\":\"en-US\",\"potentialAction\":[{\"@type\":\"ReadAction\",\"target\":[\"https:\/\/librairie7l.com\/en\/produit\/la-villa-kerylos-4\/\"]}]},{\"@type\":\"BreadcrumbList\",\"@id\":\"https:\/\/librairie7l.com\/en\/produit\/la-villa-kerylos-4\/#breadcrumb\",\"itemListElement\":[{\"@type\":\"ListItem\",\"position\":1,\"name\":\"Accueil\",\"item\":\"https:\/\/librairie7l.com\/en\/\"},{\"@type\":\"ListItem\",\"position\":2,\"name\":\"Shop\",\"item\":\"https:\/\/librairie7l.com\/en\/shop\/\"},{\"@type\":\"ListItem\",\"position\":3,\"name\":\"LA VILLA KERYLOS\"}]},{\"@type\":\"WebSite\",\"@id\":\"https:\/\/librairie7l.com\/en\/#website\",\"url\":\"https:\/\/librairie7l.com\/en\/\",\"name\":\"Librairie 7L\",\"description\":\"Librairie fond\u00e9e en 1999 par Karl Lagerfeld \u00e0 Paris\",\"publisher\":{\"@id\":\"https:\/\/librairie7l.com\/en\/#organization\"},\"potentialAction\":[{\"@type\":\"SearchAction\",\"target\":{\"@type\":\"EntryPoint\",\"urlTemplate\":\"https:\/\/librairie7l.com\/en\/?s={search_term_string}\"},\"query-input\":\"required name=search_term_string\"}],\"inLanguage\":\"en-US\"},{\"@type\":\"Organization\",\"@id\":\"https:\/\/librairie7l.com\/en\/#organization\",\"name\":\"Librairie 7L\",\"url\":\"https:\/\/librairie7l.com\/en\/\",\"logo\":{\"@type\":\"ImageObject\",\"inLanguage\":\"en-US\",\"@id\":\"https:\/\/librairie7l.com\/en\/#\/schema\/logo\/image\/\",\"url\":\"https:\/\/librairie7l.com\/wp-content\/uploads\/2022\/08\/logo-1.png\",\"contentUrl\":\"https:\/\/librairie7l.com\/wp-content\/uploads\/2022\/08\/logo-1.png\",\"width\":227,\"height\":301,\"caption\":\"Librairie 7L\"},\"image\":{\"@id\":\"https:\/\/librairie7l.com\/en\/#\/schema\/logo\/image\/\"}}]}<\/script>\n<!-- \/ Yoast SEO plugin. -->","yoast_head_json":{"title":"La villa Kerylos - Librairie 7L","robots":{"index":"index","follow":"follow","max-snippet":"max-snippet:-1","max-image-preview":"max-image-preview:large","max-video-preview":"max-video-preview:-1"},"canonical":"https:\/\/librairie7l.com\/en\/produit\/la-villa-kerylos-4\/","og_locale":"en_US","og_type":"article","og_title":"La villa Kerylos - Librairie 7L","og_description":"La villa grecque K\u00e9rylos est un r\u00eave transcrit dans la pierre, celui de deux fervents amoureux de la Gr\u00e8ce: l&#8217;hell\u00e9niste Th\u00e9odore Reinach et l&#8217;architecte Emmanuel Pontremoli. Dans un cadre qui exalte ce que la M\u00e9diterran\u00e9e offre de plus sublime, se d\u00e9tache, sur le promontoire de la pointe des Fourmis, la villa K\u00e9rylos, tache blanche de [&hellip;]","og_url":"https:\/\/librairie7l.com\/en\/produit\/la-villa-kerylos-4\/","og_site_name":"Librairie 7L","article_modified_time":"2026-04-04T13:55:50+00:00","og_image":[{"width":348,"height":482,"url":"https:\/\/librairie7l.com\/wp-content\/uploads\/2014\/11\/9782859175467_1_75.jpg","type":"image\/jpeg"}],"twitter_card":"summary_large_image","twitter_misc":{"Est. reading time":"1 minute"},"schema":{"@context":"https:\/\/schema.org","@graph":[{"@type":"WebPage","@id":"https:\/\/librairie7l.com\/en\/produit\/la-villa-kerylos-4\/","url":"https:\/\/librairie7l.com\/en\/produit\/la-villa-kerylos-4\/","name":"La villa Kerylos - Librairie 7L","isPartOf":{"@id":"https:\/\/librairie7l.com\/en\/#website"},"datePublished":"2025-02-05T08:17:51+00:00","dateModified":"2026-04-04T13:55:50+00:00","breadcrumb":{"@id":"https:\/\/librairie7l.com\/en\/produit\/la-villa-kerylos-4\/#breadcrumb"},"inLanguage":"en-US","potentialAction":[{"@type":"ReadAction","target":["https:\/\/librairie7l.com\/en\/produit\/la-villa-kerylos-4\/"]}]},{"@type":"BreadcrumbList","@id":"https:\/\/librairie7l.com\/en\/produit\/la-villa-kerylos-4\/#breadcrumb","itemListElement":[{"@type":"ListItem","position":1,"name":"Accueil","item":"https:\/\/librairie7l.com\/en\/"},{"@type":"ListItem","position":2,"name":"Shop","item":"https:\/\/librairie7l.com\/en\/shop\/"},{"@type":"ListItem","position":3,"name":"LA VILLA KERYLOS"}]},{"@type":"WebSite","@id":"https:\/\/librairie7l.com\/en\/#website","url":"https:\/\/librairie7l.com\/en\/","name":"Librairie 7L","description":"Librairie fond\u00e9e en 1999 par Karl Lagerfeld \u00e0 Paris","publisher":{"@id":"https:\/\/librairie7l.com\/en\/#organization"},"potentialAction":[{"@type":"SearchAction","target":{"@type":"EntryPoint","urlTemplate":"https:\/\/librairie7l.com\/en\/?s={search_term_string}"},"query-input":"required name=search_term_string"}],"inLanguage":"en-US"},{"@type":"Organization","@id":"https:\/\/librairie7l.com\/en\/#organization","name":"Librairie 7L","url":"https:\/\/librairie7l.com\/en\/","logo":{"@type":"ImageObject","inLanguage":"en-US","@id":"https:\/\/librairie7l.com\/en\/#\/schema\/logo\/image\/","url":"https:\/\/librairie7l.com\/wp-content\/uploads\/2022\/08\/logo-1.png","contentUrl":"https:\/\/librairie7l.com\/wp-content\/uploads\/2022\/08\/logo-1.png","width":227,"height":301,"caption":"Librairie 7L"},"image":{"@id":"https:\/\/librairie7l.com\/en\/#\/schema\/logo\/image\/"}}]}},"_links":{"self":[{"href":"https:\/\/librairie7l.com\/en\/wp-json\/wp\/v2\/product\/46033"}],"collection":[{"href":"https:\/\/librairie7l.com\/en\/wp-json\/wp\/v2\/product"}],"about":[{"href":"https:\/\/librairie7l.com\/en\/wp-json\/wp\/v2\/types\/product"}],"wp:featuredmedia":[{"embeddable":true,"href":"https:\/\/librairie7l.com\/en\/wp-json\/wp\/v2\/media\/46031"}],"wp:attachment":[{"href":"https:\/\/librairie7l.com\/en\/wp-json\/wp\/v2\/media?parent=46033"}],"wp:term":[{"taxonomy":"product_cat","embeddable":true,"href":"https:\/\/librairie7l.com\/en\/wp-json\/wp\/v2\/product_cat?post=46033"},{"taxonomy":"product_tag","embeddable":true,"href":"https:\/\/librairie7l.com\/en\/wp-json\/wp\/v2\/product_tag?post=46033"}],"curies":[{"name":"wp","href":"https:\/\/api.w.org\/{rel}","templated":true}]}}