{"id":46035,"date":"2025-02-05T09:17:53","date_gmt":"2025-02-05T08:17:53","guid":{"rendered":"https:\/\/librairie7l.com\/?post_type=product&#038;p=46035"},"modified":"2026-04-17T12:06:08","modified_gmt":"2026-04-17T10:06:08","slug":"villa-domergue-cannes-un-reve-dartiste-au-paradis-2","status":"publish","type":"product","link":"https:\/\/librairie7l.com\/en\/produit\/villa-domergue-cannes-un-reve-dartiste-au-paradis-2\/","title":{"rendered":"VILLA DOMERGUE CANNES ; UN R\u00caVE D&#8217;ARTISTE AU PARADIS"},"content":{"rendered":"<p>Fiesole \u00e9voque les grandes heures de Cannes, sa magie. La villa et ses jardins sont n\u00e9s de la volont\u00e9 de Jean-Gabriel Domergue et de son \u00e9pouse Odette Maugendre.<br \/>\nTirant parti d&#8217;un terrain escarp\u00e9, ils ont su cr\u00e9er l\u00e0, \u00e0 flanc de colline et \u00e0 quatre mains, face \u00e0 un panorama exceptionnel, un lieu enchanteur, enchant\u00e9, afin de mettre en sc\u00e8ne leurs oeuvres et leurs objets d&#8217;art. Temoin de nombreuses f\u00eates et con\u00e7u comme un th\u00e9\u00e2tre, le domaine constitue un superbe exemple du go\u00fbt de la premi\u00e8re moiti\u00e9 du 20e si\u00e8cle. L\u00e9gu\u00e9 \u00e0 la ville, il conserve le fonds d&#8217;ateliers des deux artistes ainsi que de nombreuses pi\u00e8ces de mobiliers et de d\u00e9coration. L&#8217;ouvrage con\u00e7u comme une promenade, conjugue hommage et d\u00e9couverte. Hommage au travail d&#8217;un peintre dont la virtuosit\u00e9, la rapidit\u00e9 d&#8217;ex\u00e9cution et un succ\u00e8s quasi sociologique ont souvent occult\u00e9 le talent, et \u00e0 un sculpteur dont la gr\u00e2ce et la finesse du model\u00e9 r\u00e9v\u00e8le une \u00e9l\u00e9gance m\u00eal\u00e9e de joie de vivre. D\u00e9couverte enfin d&#8217;un go\u00fbt commun pour la beaut\u00e9 des choses et l&#8217;oubli des contingences.<\/p>\n","protected":false},"excerpt":{"rendered":"<p>Fiesole \u00e9voque les grandes heures de Cannes, sa magie. La villa et ses jardins sont n\u00e9s de la volont\u00e9 de Jean-Gabriel Domergue et de son \u00e9pouse Odette Maugendre. Tirant parti d&#8217;un terrain escarp\u00e9, ils ont su cr\u00e9er l\u00e0, \u00e0 flanc de colline et \u00e0 quatre mains, face \u00e0 un panorama exceptionnel, un lieu enchanteur, enchant\u00e9, [&hellip;]<\/p>\n","protected":false},"featured_media":0,"template":"","meta":[],"product_cat":[2948,2952],"product_tag":[],"acf":[],"yoast_head":"<!-- This site is optimized with the Yoast SEO plugin v20.11 - https:\/\/yoast.com\/wordpress\/plugins\/seo\/ -->\n<title>Villa Domergue Cannes ; un r\u00eave d&#039;artiste au paradis - Librairie 7L<\/title>\n<meta name=\"robots\" content=\"index, follow, max-snippet:-1, max-image-preview:large, max-video-preview:-1\" \/>\n<link rel=\"canonical\" href=\"https:\/\/librairie7l.com\/en\/produit\/villa-domergue-cannes-un-reve-dartiste-au-paradis-2\/\" \/>\n<meta property=\"og:locale\" content=\"en_US\" \/>\n<meta property=\"og:type\" content=\"article\" \/>\n<meta property=\"og:title\" content=\"Villa Domergue Cannes ; un r\u00eave d&#039;artiste au paradis - Librairie 7L\" \/>\n<meta property=\"og:description\" content=\"Fiesole \u00e9voque les grandes heures de Cannes, sa magie. La villa et ses jardins sont n\u00e9s de la volont\u00e9 de Jean-Gabriel Domergue et de son \u00e9pouse Odette Maugendre. Tirant parti d&#8217;un terrain escarp\u00e9, ils ont su cr\u00e9er l\u00e0, \u00e0 flanc de colline et \u00e0 quatre mains, face \u00e0 un panorama exceptionnel, un lieu enchanteur, enchant\u00e9, [&hellip;]\" \/>\n<meta property=\"og:url\" content=\"https:\/\/librairie7l.com\/en\/produit\/villa-domergue-cannes-un-reve-dartiste-au-paradis-2\/\" \/>\n<meta property=\"og:site_name\" content=\"Librairie 7L\" \/>\n<meta property=\"article:modified_time\" content=\"2026-04-17T10:06:08+00:00\" \/>\n<meta name=\"twitter:card\" content=\"summary_large_image\" \/>\n<meta name=\"twitter:label1\" content=\"Est. reading time\" \/>\n\t<meta name=\"twitter:data1\" content=\"1 minute\" \/>\n<script type=\"application\/ld+json\" class=\"yoast-schema-graph\">{\"@context\":\"https:\/\/schema.org\",\"@graph\":[{\"@type\":\"WebPage\",\"@id\":\"https:\/\/librairie7l.com\/en\/produit\/villa-domergue-cannes-un-reve-dartiste-au-paradis-2\/\",\"url\":\"https:\/\/librairie7l.com\/en\/produit\/villa-domergue-cannes-un-reve-dartiste-au-paradis-2\/\",\"name\":\"Villa Domergue Cannes ; un r\u00eave d'artiste au paradis - Librairie 7L\",\"isPartOf\":{\"@id\":\"https:\/\/librairie7l.com\/en\/#website\"},\"datePublished\":\"2025-02-05T08:17:53+00:00\",\"dateModified\":\"2026-04-17T10:06:08+00:00\",\"breadcrumb\":{\"@id\":\"https:\/\/librairie7l.com\/en\/produit\/villa-domergue-cannes-un-reve-dartiste-au-paradis-2\/#breadcrumb\"},\"inLanguage\":\"en-US\",\"potentialAction\":[{\"@type\":\"ReadAction\",\"target\":[\"https:\/\/librairie7l.com\/en\/produit\/villa-domergue-cannes-un-reve-dartiste-au-paradis-2\/\"]}]},{\"@type\":\"BreadcrumbList\",\"@id\":\"https:\/\/librairie7l.com\/en\/produit\/villa-domergue-cannes-un-reve-dartiste-au-paradis-2\/#breadcrumb\",\"itemListElement\":[{\"@type\":\"ListItem\",\"position\":1,\"name\":\"Accueil\",\"item\":\"https:\/\/librairie7l.com\/en\/\"},{\"@type\":\"ListItem\",\"position\":2,\"name\":\"Shop\",\"item\":\"https:\/\/librairie7l.com\/en\/shop\/\"},{\"@type\":\"ListItem\",\"position\":3,\"name\":\"VILLA DOMERGUE CANNES ; UN R\u00caVE D&#8217;ARTISTE AU PARADIS\"}]},{\"@type\":\"WebSite\",\"@id\":\"https:\/\/librairie7l.com\/en\/#website\",\"url\":\"https:\/\/librairie7l.com\/en\/\",\"name\":\"Librairie 7L\",\"description\":\"Librairie fond\u00e9e en 1999 par Karl Lagerfeld \u00e0 Paris\",\"publisher\":{\"@id\":\"https:\/\/librairie7l.com\/en\/#organization\"},\"potentialAction\":[{\"@type\":\"SearchAction\",\"target\":{\"@type\":\"EntryPoint\",\"urlTemplate\":\"https:\/\/librairie7l.com\/en\/?s={search_term_string}\"},\"query-input\":\"required name=search_term_string\"}],\"inLanguage\":\"en-US\"},{\"@type\":\"Organization\",\"@id\":\"https:\/\/librairie7l.com\/en\/#organization\",\"name\":\"Librairie 7L\",\"url\":\"https:\/\/librairie7l.com\/en\/\",\"logo\":{\"@type\":\"ImageObject\",\"inLanguage\":\"en-US\",\"@id\":\"https:\/\/librairie7l.com\/en\/#\/schema\/logo\/image\/\",\"url\":\"https:\/\/librairie7l.com\/wp-content\/uploads\/2022\/08\/logo-1.png\",\"contentUrl\":\"https:\/\/librairie7l.com\/wp-content\/uploads\/2022\/08\/logo-1.png\",\"width\":227,\"height\":301,\"caption\":\"Librairie 7L\"},\"image\":{\"@id\":\"https:\/\/librairie7l.com\/en\/#\/schema\/logo\/image\/\"}}]}<\/script>\n<!-- \/ Yoast SEO plugin. -->","yoast_head_json":{"title":"Villa Domergue Cannes ; un r\u00eave d'artiste au paradis - Librairie 7L","robots":{"index":"index","follow":"follow","max-snippet":"max-snippet:-1","max-image-preview":"max-image-preview:large","max-video-preview":"max-video-preview:-1"},"canonical":"https:\/\/librairie7l.com\/en\/produit\/villa-domergue-cannes-un-reve-dartiste-au-paradis-2\/","og_locale":"en_US","og_type":"article","og_title":"Villa Domergue Cannes ; un r\u00eave d'artiste au paradis - Librairie 7L","og_description":"Fiesole \u00e9voque les grandes heures de Cannes, sa magie. La villa et ses jardins sont n\u00e9s de la volont\u00e9 de Jean-Gabriel Domergue et de son \u00e9pouse Odette Maugendre. Tirant parti d&#8217;un terrain escarp\u00e9, ils ont su cr\u00e9er l\u00e0, \u00e0 flanc de colline et \u00e0 quatre mains, face \u00e0 un panorama exceptionnel, un lieu enchanteur, enchant\u00e9, [&hellip;]","og_url":"https:\/\/librairie7l.com\/en\/produit\/villa-domergue-cannes-un-reve-dartiste-au-paradis-2\/","og_site_name":"Librairie 7L","article_modified_time":"2026-04-17T10:06:08+00:00","twitter_card":"summary_large_image","twitter_misc":{"Est. reading time":"1 minute"},"schema":{"@context":"https:\/\/schema.org","@graph":[{"@type":"WebPage","@id":"https:\/\/librairie7l.com\/en\/produit\/villa-domergue-cannes-un-reve-dartiste-au-paradis-2\/","url":"https:\/\/librairie7l.com\/en\/produit\/villa-domergue-cannes-un-reve-dartiste-au-paradis-2\/","name":"Villa Domergue Cannes ; un r\u00eave d'artiste au paradis - Librairie 7L","isPartOf":{"@id":"https:\/\/librairie7l.com\/en\/#website"},"datePublished":"2025-02-05T08:17:53+00:00","dateModified":"2026-04-17T10:06:08+00:00","breadcrumb":{"@id":"https:\/\/librairie7l.com\/en\/produit\/villa-domergue-cannes-un-reve-dartiste-au-paradis-2\/#breadcrumb"},"inLanguage":"en-US","potentialAction":[{"@type":"ReadAction","target":["https:\/\/librairie7l.com\/en\/produit\/villa-domergue-cannes-un-reve-dartiste-au-paradis-2\/"]}]},{"@type":"BreadcrumbList","@id":"https:\/\/librairie7l.com\/en\/produit\/villa-domergue-cannes-un-reve-dartiste-au-paradis-2\/#breadcrumb","itemListElement":[{"@type":"ListItem","position":1,"name":"Accueil","item":"https:\/\/librairie7l.com\/en\/"},{"@type":"ListItem","position":2,"name":"Shop","item":"https:\/\/librairie7l.com\/en\/shop\/"},{"@type":"ListItem","position":3,"name":"VILLA DOMERGUE CANNES ; UN R\u00caVE D&#8217;ARTISTE AU PARADIS"}]},{"@type":"WebSite","@id":"https:\/\/librairie7l.com\/en\/#website","url":"https:\/\/librairie7l.com\/en\/","name":"Librairie 7L","description":"Librairie fond\u00e9e en 1999 par Karl Lagerfeld \u00e0 Paris","publisher":{"@id":"https:\/\/librairie7l.com\/en\/#organization"},"potentialAction":[{"@type":"SearchAction","target":{"@type":"EntryPoint","urlTemplate":"https:\/\/librairie7l.com\/en\/?s={search_term_string}"},"query-input":"required name=search_term_string"}],"inLanguage":"en-US"},{"@type":"Organization","@id":"https:\/\/librairie7l.com\/en\/#organization","name":"Librairie 7L","url":"https:\/\/librairie7l.com\/en\/","logo":{"@type":"ImageObject","inLanguage":"en-US","@id":"https:\/\/librairie7l.com\/en\/#\/schema\/logo\/image\/","url":"https:\/\/librairie7l.com\/wp-content\/uploads\/2022\/08\/logo-1.png","contentUrl":"https:\/\/librairie7l.com\/wp-content\/uploads\/2022\/08\/logo-1.png","width":227,"height":301,"caption":"Librairie 7L"},"image":{"@id":"https:\/\/librairie7l.com\/en\/#\/schema\/logo\/image\/"}}]}},"_links":{"self":[{"href":"https:\/\/librairie7l.com\/en\/wp-json\/wp\/v2\/product\/46035"}],"collection":[{"href":"https:\/\/librairie7l.com\/en\/wp-json\/wp\/v2\/product"}],"about":[{"href":"https:\/\/librairie7l.com\/en\/wp-json\/wp\/v2\/types\/product"}],"wp:attachment":[{"href":"https:\/\/librairie7l.com\/en\/wp-json\/wp\/v2\/media?parent=46035"}],"wp:term":[{"taxonomy":"product_cat","embeddable":true,"href":"https:\/\/librairie7l.com\/en\/wp-json\/wp\/v2\/product_cat?post=46035"},{"taxonomy":"product_tag","embeddable":true,"href":"https:\/\/librairie7l.com\/en\/wp-json\/wp\/v2\/product_tag?post=46035"}],"curies":[{"name":"wp","href":"https:\/\/api.w.org\/{rel}","templated":true}]}}