{"id":46039,"date":"2025-02-05T09:17:56","date_gmt":"2025-02-05T08:17:56","guid":{"rendered":"https:\/\/librairie7l.com\/?post_type=product&#038;p=46039"},"modified":"2026-04-06T00:52:58","modified_gmt":"2026-04-05T22:52:58","slug":"danser-sur-le-volcan-la-mode-et-le-luxe-a-la-conquete-de-nos-imaginaires-2","status":"publish","type":"product","link":"https:\/\/librairie7l.com\/en\/produit\/danser-sur-le-volcan-la-mode-et-le-luxe-a-la-conquete-de-nos-imaginaires-2\/","title":{"rendered":"DANSER SUR LE VOLCAN : LA MODE ET LE LUXE \u00c0 LA CONQU\u00caTE DE NOS IMAGINAIRES"},"content":{"rendered":"<p>Vous pouvez d\u00e9sormais d\u00eener \u00ab  Dior \u00bb, voir un film \u00ab  Saint Laurent  \u00bb, dormir \u00ab  Armani  \u00bb ou lire \u00ab Chanel \u00bb. Les maisons de mode et de luxe ne se contentent plus de vendre des sacs, du pr\u00eat-\u00e0-porter et du rouge \u00e0 l\u00e8vres, elles investissent les sph\u00e8res d&#8217;influence les plus symboliques &#8211; la culture, l&#8217;art, le sport, le monde universitaire ou la g\u00e9opolitique.<br \/>\n  Des slogans f\u00e9ministes utilis\u00e9s pendant les d\u00e9fil\u00e9s \u00e0 la fourniture de mat\u00e9riel contre le Covid-19 en passant par le m\u00e9c\u00e9nat culturel, les g\u00e9ants du luxe s&#8217;\u00e9loignent progressivement d&#8217;un simple discours commercial pour proposer des visions du monde. L&#8217;art de vivre \u00e0 la fran\u00e7aise et l&#8217;artisanat d&#8217;excellence cohabitent \u00e0 pr\u00e9sent avec le rythme effr\u00e9n\u00e9 des fashion weeks, brouillant ainsi les fronti\u00e8res entre tradition, cr\u00e9ation et consommation.<br \/>\n  Aussi critiqu\u00e9s que convoit\u00e9s, superficiels que profonds, la mode et le luxe cultivent l&#8217;art des paradoxes dans un contexte d&#8217;inqui\u00e9tudes sociales et environnementales. Dans cette enqu\u00eate saisissante, Sophie Abriat observe de l&#8217;int\u00e9rieur ce monde de vanit\u00e9s et de r\u00eaves, gr\u00e2ce auquel il est encore possible de \u00ab  danser sur le volcan  \u00bb. Un livre qui offre une plong\u00e9e in\u00e9dite dans un univers r\u00e9put\u00e9 imp\u00e9n\u00e9trable.<\/p>\n","protected":false},"excerpt":{"rendered":"<p>Vous pouvez d\u00e9sormais d\u00eener \u00ab Dior \u00bb, voir un film \u00ab Saint Laurent \u00bb, dormir \u00ab Armani \u00bb ou lire \u00ab Chanel \u00bb. Les maisons de mode et de luxe ne se contentent plus de vendre des sacs, du pr\u00eat-\u00e0-porter et du rouge \u00e0 l\u00e8vres, elles investissent les sph\u00e8res d&#8217;influence les plus symboliques &#8211; la [&hellip;]<\/p>\n","protected":false},"featured_media":46037,"template":"","meta":[],"product_cat":[2948,2957],"product_tag":[],"acf":[],"yoast_head":"<!-- This site is optimized with the Yoast SEO plugin v20.11 - https:\/\/yoast.com\/wordpress\/plugins\/seo\/ -->\n<title>Danser sur le volcan : La mode et le luxe \u00e0 la conqu\u00eate de nos imaginaires - Librairie 7L<\/title>\n<meta name=\"robots\" content=\"index, follow, max-snippet:-1, max-image-preview:large, max-video-preview:-1\" \/>\n<link rel=\"canonical\" href=\"https:\/\/librairie7l.com\/en\/produit\/danser-sur-le-volcan-la-mode-et-le-luxe-a-la-conquete-de-nos-imaginaires-2\/\" \/>\n<meta property=\"og:locale\" content=\"en_US\" \/>\n<meta property=\"og:type\" content=\"article\" \/>\n<meta property=\"og:title\" content=\"Danser sur le volcan : La mode et le luxe \u00e0 la conqu\u00eate de nos imaginaires - Librairie 7L\" \/>\n<meta property=\"og:description\" content=\"Vous pouvez d\u00e9sormais d\u00eener \u00ab Dior \u00bb, voir un film \u00ab Saint Laurent \u00bb, dormir \u00ab Armani \u00bb ou lire \u00ab Chanel \u00bb. Les maisons de mode et de luxe ne se contentent plus de vendre des sacs, du pr\u00eat-\u00e0-porter et du rouge \u00e0 l\u00e8vres, elles investissent les sph\u00e8res d&#8217;influence les plus symboliques &#8211; la [&hellip;]\" \/>\n<meta property=\"og:url\" content=\"https:\/\/librairie7l.com\/en\/produit\/danser-sur-le-volcan-la-mode-et-le-luxe-a-la-conquete-de-nos-imaginaires-2\/\" \/>\n<meta property=\"og:site_name\" content=\"Librairie 7L\" \/>\n<meta property=\"article:modified_time\" content=\"2026-04-05T22:52:58+00:00\" \/>\n<meta property=\"og:image\" content=\"https:\/\/librairie7l.com\/wp-content\/uploads\/2024\/10\/9782246836643_1_75.jpg\" \/>\n\t<meta property=\"og:image:width\" content=\"600\" \/>\n\t<meta property=\"og:image:height\" content=\"878\" \/>\n\t<meta property=\"og:image:type\" content=\"image\/jpeg\" \/>\n<meta name=\"twitter:card\" content=\"summary_large_image\" \/>\n<meta name=\"twitter:label1\" content=\"Est. reading time\" \/>\n\t<meta name=\"twitter:data1\" content=\"1 minute\" \/>\n<script type=\"application\/ld+json\" class=\"yoast-schema-graph\">{\"@context\":\"https:\/\/schema.org\",\"@graph\":[{\"@type\":\"WebPage\",\"@id\":\"https:\/\/librairie7l.com\/en\/produit\/danser-sur-le-volcan-la-mode-et-le-luxe-a-la-conquete-de-nos-imaginaires-2\/\",\"url\":\"https:\/\/librairie7l.com\/en\/produit\/danser-sur-le-volcan-la-mode-et-le-luxe-a-la-conquete-de-nos-imaginaires-2\/\",\"name\":\"Danser sur le volcan : La mode et le luxe \u00e0 la conqu\u00eate de nos imaginaires - Librairie 7L\",\"isPartOf\":{\"@id\":\"https:\/\/librairie7l.com\/en\/#website\"},\"datePublished\":\"2025-02-05T08:17:56+00:00\",\"dateModified\":\"2026-04-05T22:52:58+00:00\",\"breadcrumb\":{\"@id\":\"https:\/\/librairie7l.com\/en\/produit\/danser-sur-le-volcan-la-mode-et-le-luxe-a-la-conquete-de-nos-imaginaires-2\/#breadcrumb\"},\"inLanguage\":\"en-US\",\"potentialAction\":[{\"@type\":\"ReadAction\",\"target\":[\"https:\/\/librairie7l.com\/en\/produit\/danser-sur-le-volcan-la-mode-et-le-luxe-a-la-conquete-de-nos-imaginaires-2\/\"]}]},{\"@type\":\"BreadcrumbList\",\"@id\":\"https:\/\/librairie7l.com\/en\/produit\/danser-sur-le-volcan-la-mode-et-le-luxe-a-la-conquete-de-nos-imaginaires-2\/#breadcrumb\",\"itemListElement\":[{\"@type\":\"ListItem\",\"position\":1,\"name\":\"Accueil\",\"item\":\"https:\/\/librairie7l.com\/en\/\"},{\"@type\":\"ListItem\",\"position\":2,\"name\":\"Shop\",\"item\":\"https:\/\/librairie7l.com\/en\/shop\/\"},{\"@type\":\"ListItem\",\"position\":3,\"name\":\"DANSER SUR LE VOLCAN : LA MODE ET LE LUXE \u00c0 LA CONQU\u00caTE DE NOS IMAGINAIRES\"}]},{\"@type\":\"WebSite\",\"@id\":\"https:\/\/librairie7l.com\/en\/#website\",\"url\":\"https:\/\/librairie7l.com\/en\/\",\"name\":\"Librairie 7L\",\"description\":\"Librairie fond\u00e9e en 1999 par Karl Lagerfeld \u00e0 Paris\",\"publisher\":{\"@id\":\"https:\/\/librairie7l.com\/en\/#organization\"},\"potentialAction\":[{\"@type\":\"SearchAction\",\"target\":{\"@type\":\"EntryPoint\",\"urlTemplate\":\"https:\/\/librairie7l.com\/en\/?s={search_term_string}\"},\"query-input\":\"required name=search_term_string\"}],\"inLanguage\":\"en-US\"},{\"@type\":\"Organization\",\"@id\":\"https:\/\/librairie7l.com\/en\/#organization\",\"name\":\"Librairie 7L\",\"url\":\"https:\/\/librairie7l.com\/en\/\",\"logo\":{\"@type\":\"ImageObject\",\"inLanguage\":\"en-US\",\"@id\":\"https:\/\/librairie7l.com\/en\/#\/schema\/logo\/image\/\",\"url\":\"https:\/\/librairie7l.com\/wp-content\/uploads\/2022\/08\/logo-1.png\",\"contentUrl\":\"https:\/\/librairie7l.com\/wp-content\/uploads\/2022\/08\/logo-1.png\",\"width\":227,\"height\":301,\"caption\":\"Librairie 7L\"},\"image\":{\"@id\":\"https:\/\/librairie7l.com\/en\/#\/schema\/logo\/image\/\"}}]}<\/script>\n<!-- \/ Yoast SEO plugin. -->","yoast_head_json":{"title":"Danser sur le volcan : La mode et le luxe \u00e0 la conqu\u00eate de nos imaginaires - Librairie 7L","robots":{"index":"index","follow":"follow","max-snippet":"max-snippet:-1","max-image-preview":"max-image-preview:large","max-video-preview":"max-video-preview:-1"},"canonical":"https:\/\/librairie7l.com\/en\/produit\/danser-sur-le-volcan-la-mode-et-le-luxe-a-la-conquete-de-nos-imaginaires-2\/","og_locale":"en_US","og_type":"article","og_title":"Danser sur le volcan : La mode et le luxe \u00e0 la conqu\u00eate de nos imaginaires - Librairie 7L","og_description":"Vous pouvez d\u00e9sormais d\u00eener \u00ab Dior \u00bb, voir un film \u00ab Saint Laurent \u00bb, dormir \u00ab Armani \u00bb ou lire \u00ab Chanel \u00bb. Les maisons de mode et de luxe ne se contentent plus de vendre des sacs, du pr\u00eat-\u00e0-porter et du rouge \u00e0 l\u00e8vres, elles investissent les sph\u00e8res d&#8217;influence les plus symboliques &#8211; la [&hellip;]","og_url":"https:\/\/librairie7l.com\/en\/produit\/danser-sur-le-volcan-la-mode-et-le-luxe-a-la-conquete-de-nos-imaginaires-2\/","og_site_name":"Librairie 7L","article_modified_time":"2026-04-05T22:52:58+00:00","og_image":[{"width":600,"height":878,"url":"https:\/\/librairie7l.com\/wp-content\/uploads\/2024\/10\/9782246836643_1_75.jpg","type":"image\/jpeg"}],"twitter_card":"summary_large_image","twitter_misc":{"Est. reading time":"1 minute"},"schema":{"@context":"https:\/\/schema.org","@graph":[{"@type":"WebPage","@id":"https:\/\/librairie7l.com\/en\/produit\/danser-sur-le-volcan-la-mode-et-le-luxe-a-la-conquete-de-nos-imaginaires-2\/","url":"https:\/\/librairie7l.com\/en\/produit\/danser-sur-le-volcan-la-mode-et-le-luxe-a-la-conquete-de-nos-imaginaires-2\/","name":"Danser sur le volcan : La mode et le luxe \u00e0 la conqu\u00eate de nos imaginaires - Librairie 7L","isPartOf":{"@id":"https:\/\/librairie7l.com\/en\/#website"},"datePublished":"2025-02-05T08:17:56+00:00","dateModified":"2026-04-05T22:52:58+00:00","breadcrumb":{"@id":"https:\/\/librairie7l.com\/en\/produit\/danser-sur-le-volcan-la-mode-et-le-luxe-a-la-conquete-de-nos-imaginaires-2\/#breadcrumb"},"inLanguage":"en-US","potentialAction":[{"@type":"ReadAction","target":["https:\/\/librairie7l.com\/en\/produit\/danser-sur-le-volcan-la-mode-et-le-luxe-a-la-conquete-de-nos-imaginaires-2\/"]}]},{"@type":"BreadcrumbList","@id":"https:\/\/librairie7l.com\/en\/produit\/danser-sur-le-volcan-la-mode-et-le-luxe-a-la-conquete-de-nos-imaginaires-2\/#breadcrumb","itemListElement":[{"@type":"ListItem","position":1,"name":"Accueil","item":"https:\/\/librairie7l.com\/en\/"},{"@type":"ListItem","position":2,"name":"Shop","item":"https:\/\/librairie7l.com\/en\/shop\/"},{"@type":"ListItem","position":3,"name":"DANSER SUR LE VOLCAN : LA MODE ET LE LUXE \u00c0 LA CONQU\u00caTE DE NOS IMAGINAIRES"}]},{"@type":"WebSite","@id":"https:\/\/librairie7l.com\/en\/#website","url":"https:\/\/librairie7l.com\/en\/","name":"Librairie 7L","description":"Librairie fond\u00e9e en 1999 par Karl Lagerfeld \u00e0 Paris","publisher":{"@id":"https:\/\/librairie7l.com\/en\/#organization"},"potentialAction":[{"@type":"SearchAction","target":{"@type":"EntryPoint","urlTemplate":"https:\/\/librairie7l.com\/en\/?s={search_term_string}"},"query-input":"required name=search_term_string"}],"inLanguage":"en-US"},{"@type":"Organization","@id":"https:\/\/librairie7l.com\/en\/#organization","name":"Librairie 7L","url":"https:\/\/librairie7l.com\/en\/","logo":{"@type":"ImageObject","inLanguage":"en-US","@id":"https:\/\/librairie7l.com\/en\/#\/schema\/logo\/image\/","url":"https:\/\/librairie7l.com\/wp-content\/uploads\/2022\/08\/logo-1.png","contentUrl":"https:\/\/librairie7l.com\/wp-content\/uploads\/2022\/08\/logo-1.png","width":227,"height":301,"caption":"Librairie 7L"},"image":{"@id":"https:\/\/librairie7l.com\/en\/#\/schema\/logo\/image\/"}}]}},"_links":{"self":[{"href":"https:\/\/librairie7l.com\/en\/wp-json\/wp\/v2\/product\/46039"}],"collection":[{"href":"https:\/\/librairie7l.com\/en\/wp-json\/wp\/v2\/product"}],"about":[{"href":"https:\/\/librairie7l.com\/en\/wp-json\/wp\/v2\/types\/product"}],"wp:featuredmedia":[{"embeddable":true,"href":"https:\/\/librairie7l.com\/en\/wp-json\/wp\/v2\/media\/46037"}],"wp:attachment":[{"href":"https:\/\/librairie7l.com\/en\/wp-json\/wp\/v2\/media?parent=46039"}],"wp:term":[{"taxonomy":"product_cat","embeddable":true,"href":"https:\/\/librairie7l.com\/en\/wp-json\/wp\/v2\/product_cat?post=46039"},{"taxonomy":"product_tag","embeddable":true,"href":"https:\/\/librairie7l.com\/en\/wp-json\/wp\/v2\/product_tag?post=46039"}],"curies":[{"name":"wp","href":"https:\/\/api.w.org\/{rel}","templated":true}]}}