{"id":46068,"date":"2025-02-06T09:17:47","date_gmt":"2025-02-06T08:17:47","guid":{"rendered":"https:\/\/librairie7l.com\/?post_type=product&#038;p=46068"},"modified":"2026-05-02T07:19:32","modified_gmt":"2026-05-02T05:19:32","slug":"carnets-dafrique-2","status":"publish","type":"product","link":"https:\/\/librairie7l.com\/en\/produit\/carnets-dafrique-2\/","title":{"rendered":"CARNETS D&#8217;AFRIQUE"},"content":{"rendered":"<p>Le d\u00e9sir d&#8217;ailleurs, la n\u00e9cessit\u00e9 de s&#8217;installer au coeur des paysages et des cultures les plus divers semblent essentiels \u00e0 la vie autant qu&#8217;\u00e0 l&#8217;art de Miquel Barcel\u00f3. Consid\u00e9r\u00e9 aujourd&#8217;hui comme un des artistes les plus importants de son \u00e9poque, il entame une trajectoire fulgurante, dans les ann\u00e9es soixante-dix, en quittant l&#8217;\u00eele de Majorque pour Barcelone, Paris, Naples, Rome ou New York. Il d\u00e9couvre l&#8217;Afrique en 1988, parcourant le Mali, le S\u00e9n\u00e9gal et le Burkina Faso : elle devient, avec Paris et Majorque, un des lieux fondamentaux de sa cr\u00e9ation, et le but de s\u00e9jours fr\u00e9quents. Gao, S\u00e9gou, Gogoli, au pays dogon : lieux o\u00f9 la vie n&#8217;a, par la force des choses, et des \u00e9l\u00e9ments, rien d&#8217;ordinaire, lieux de retraite, c&#8217;est-\u00e0-dire de confrontation avec soi-m\u00eame comme avec le monde. C&#8217;est que l&#8217;affrontement est au coeur de la peinture de Barcel\u00f3 : r\u00e9alit\u00e9 qu&#8217;il faut v\u00e9ritablement arracher, disputer au d\u00e9sordre de la vie, \u00e0 la r\u00e9sistance des mat\u00e9riaux, \u00e0 la luxuriance aussi fascinante que redoutable de la nature. C&#8217;est le r\u00e9cit, ou le livre de raison, de cette exp\u00e9rience que Barcel\u00f3 donne ici pour la premi\u00e8re fois dans son int\u00e9gralit\u00e9. Le d\u00e9sir, la lecture, les maladies et les blessures physiques, les doutes, les risques, les affres et les quelques moments de certitude ou d&#8217;enthousiasme de la cr\u00e9ation en sont la mati\u00e8re.<\/p>\n","protected":false},"excerpt":{"rendered":"<p>Le d\u00e9sir d&#8217;ailleurs, la n\u00e9cessit\u00e9 de s&#8217;installer au coeur des paysages et des cultures les plus divers semblent essentiels \u00e0 la vie autant qu&#8217;\u00e0 l&#8217;art de Miquel Barcel\u00f3. Consid\u00e9r\u00e9 aujourd&#8217;hui comme un des artistes les plus importants de son \u00e9poque, il entame une trajectoire fulgurante, dans les ann\u00e9es soixante-dix, en quittant l&#8217;\u00eele de Majorque pour [&hellip;]<\/p>\n","protected":false},"featured_media":46066,"template":"","meta":[],"product_cat":[2948,2953],"product_tag":[],"acf":[],"yoast_head":"<!-- This site is optimized with the Yoast SEO plugin v20.11 - https:\/\/yoast.com\/wordpress\/plugins\/seo\/ -->\n<title>Carnets d&#039;Afrique - Librairie 7L<\/title>\n<meta name=\"robots\" content=\"index, follow, max-snippet:-1, max-image-preview:large, max-video-preview:-1\" \/>\n<link rel=\"canonical\" href=\"https:\/\/librairie7l.com\/en\/produit\/carnets-dafrique-2\/\" \/>\n<meta property=\"og:locale\" content=\"en_US\" \/>\n<meta property=\"og:type\" content=\"article\" \/>\n<meta property=\"og:title\" content=\"Carnets d&#039;Afrique - Librairie 7L\" \/>\n<meta property=\"og:description\" content=\"Le d\u00e9sir d&#8217;ailleurs, la n\u00e9cessit\u00e9 de s&#8217;installer au coeur des paysages et des cultures les plus divers semblent essentiels \u00e0 la vie autant qu&#8217;\u00e0 l&#8217;art de Miquel Barcel\u00f3. Consid\u00e9r\u00e9 aujourd&#8217;hui comme un des artistes les plus importants de son \u00e9poque, il entame une trajectoire fulgurante, dans les ann\u00e9es soixante-dix, en quittant l&#8217;\u00eele de Majorque pour [&hellip;]\" \/>\n<meta property=\"og:url\" content=\"https:\/\/librairie7l.com\/en\/produit\/carnets-dafrique-2\/\" \/>\n<meta property=\"og:site_name\" content=\"Librairie 7L\" \/>\n<meta property=\"article:modified_time\" content=\"2026-05-02T05:19:32+00:00\" \/>\n<meta property=\"og:image\" content=\"https:\/\/librairie7l.com\/wp-content\/uploads\/2003\/05\/9782070734870_1_75.jpg\" \/>\n\t<meta property=\"og:image:width\" content=\"600\" \/>\n\t<meta property=\"og:image:height\" content=\"1067\" \/>\n\t<meta property=\"og:image:type\" content=\"image\/jpeg\" \/>\n<meta name=\"twitter:card\" content=\"summary_large_image\" \/>\n<meta name=\"twitter:label1\" content=\"Est. reading time\" \/>\n\t<meta name=\"twitter:data1\" content=\"1 minute\" \/>\n<script type=\"application\/ld+json\" class=\"yoast-schema-graph\">{\"@context\":\"https:\/\/schema.org\",\"@graph\":[{\"@type\":\"WebPage\",\"@id\":\"https:\/\/librairie7l.com\/en\/produit\/carnets-dafrique-2\/\",\"url\":\"https:\/\/librairie7l.com\/en\/produit\/carnets-dafrique-2\/\",\"name\":\"Carnets d'Afrique - Librairie 7L\",\"isPartOf\":{\"@id\":\"https:\/\/librairie7l.com\/en\/#website\"},\"datePublished\":\"2025-02-06T08:17:47+00:00\",\"dateModified\":\"2026-05-02T05:19:32+00:00\",\"breadcrumb\":{\"@id\":\"https:\/\/librairie7l.com\/en\/produit\/carnets-dafrique-2\/#breadcrumb\"},\"inLanguage\":\"en-US\",\"potentialAction\":[{\"@type\":\"ReadAction\",\"target\":[\"https:\/\/librairie7l.com\/en\/produit\/carnets-dafrique-2\/\"]}]},{\"@type\":\"BreadcrumbList\",\"@id\":\"https:\/\/librairie7l.com\/en\/produit\/carnets-dafrique-2\/#breadcrumb\",\"itemListElement\":[{\"@type\":\"ListItem\",\"position\":1,\"name\":\"Accueil\",\"item\":\"https:\/\/librairie7l.com\/en\/\"},{\"@type\":\"ListItem\",\"position\":2,\"name\":\"Shop\",\"item\":\"https:\/\/librairie7l.com\/en\/shop\/\"},{\"@type\":\"ListItem\",\"position\":3,\"name\":\"CARNETS D&#8217;AFRIQUE\"}]},{\"@type\":\"WebSite\",\"@id\":\"https:\/\/librairie7l.com\/en\/#website\",\"url\":\"https:\/\/librairie7l.com\/en\/\",\"name\":\"Librairie 7L\",\"description\":\"Librairie fond\u00e9e en 1999 par Karl Lagerfeld \u00e0 Paris\",\"publisher\":{\"@id\":\"https:\/\/librairie7l.com\/en\/#organization\"},\"potentialAction\":[{\"@type\":\"SearchAction\",\"target\":{\"@type\":\"EntryPoint\",\"urlTemplate\":\"https:\/\/librairie7l.com\/en\/?s={search_term_string}\"},\"query-input\":\"required name=search_term_string\"}],\"inLanguage\":\"en-US\"},{\"@type\":\"Organization\",\"@id\":\"https:\/\/librairie7l.com\/en\/#organization\",\"name\":\"Librairie 7L\",\"url\":\"https:\/\/librairie7l.com\/en\/\",\"logo\":{\"@type\":\"ImageObject\",\"inLanguage\":\"en-US\",\"@id\":\"https:\/\/librairie7l.com\/en\/#\/schema\/logo\/image\/\",\"url\":\"https:\/\/librairie7l.com\/wp-content\/uploads\/2022\/08\/logo-1.png\",\"contentUrl\":\"https:\/\/librairie7l.com\/wp-content\/uploads\/2022\/08\/logo-1.png\",\"width\":227,\"height\":301,\"caption\":\"Librairie 7L\"},\"image\":{\"@id\":\"https:\/\/librairie7l.com\/en\/#\/schema\/logo\/image\/\"}}]}<\/script>\n<!-- \/ Yoast SEO plugin. -->","yoast_head_json":{"title":"Carnets d'Afrique - Librairie 7L","robots":{"index":"index","follow":"follow","max-snippet":"max-snippet:-1","max-image-preview":"max-image-preview:large","max-video-preview":"max-video-preview:-1"},"canonical":"https:\/\/librairie7l.com\/en\/produit\/carnets-dafrique-2\/","og_locale":"en_US","og_type":"article","og_title":"Carnets d'Afrique - Librairie 7L","og_description":"Le d\u00e9sir d&#8217;ailleurs, la n\u00e9cessit\u00e9 de s&#8217;installer au coeur des paysages et des cultures les plus divers semblent essentiels \u00e0 la vie autant qu&#8217;\u00e0 l&#8217;art de Miquel Barcel\u00f3. Consid\u00e9r\u00e9 aujourd&#8217;hui comme un des artistes les plus importants de son \u00e9poque, il entame une trajectoire fulgurante, dans les ann\u00e9es soixante-dix, en quittant l&#8217;\u00eele de Majorque pour [&hellip;]","og_url":"https:\/\/librairie7l.com\/en\/produit\/carnets-dafrique-2\/","og_site_name":"Librairie 7L","article_modified_time":"2026-05-02T05:19:32+00:00","og_image":[{"width":600,"height":1067,"url":"https:\/\/librairie7l.com\/wp-content\/uploads\/2003\/05\/9782070734870_1_75.jpg","type":"image\/jpeg"}],"twitter_card":"summary_large_image","twitter_misc":{"Est. reading time":"1 minute"},"schema":{"@context":"https:\/\/schema.org","@graph":[{"@type":"WebPage","@id":"https:\/\/librairie7l.com\/en\/produit\/carnets-dafrique-2\/","url":"https:\/\/librairie7l.com\/en\/produit\/carnets-dafrique-2\/","name":"Carnets d'Afrique - Librairie 7L","isPartOf":{"@id":"https:\/\/librairie7l.com\/en\/#website"},"datePublished":"2025-02-06T08:17:47+00:00","dateModified":"2026-05-02T05:19:32+00:00","breadcrumb":{"@id":"https:\/\/librairie7l.com\/en\/produit\/carnets-dafrique-2\/#breadcrumb"},"inLanguage":"en-US","potentialAction":[{"@type":"ReadAction","target":["https:\/\/librairie7l.com\/en\/produit\/carnets-dafrique-2\/"]}]},{"@type":"BreadcrumbList","@id":"https:\/\/librairie7l.com\/en\/produit\/carnets-dafrique-2\/#breadcrumb","itemListElement":[{"@type":"ListItem","position":1,"name":"Accueil","item":"https:\/\/librairie7l.com\/en\/"},{"@type":"ListItem","position":2,"name":"Shop","item":"https:\/\/librairie7l.com\/en\/shop\/"},{"@type":"ListItem","position":3,"name":"CARNETS D&#8217;AFRIQUE"}]},{"@type":"WebSite","@id":"https:\/\/librairie7l.com\/en\/#website","url":"https:\/\/librairie7l.com\/en\/","name":"Librairie 7L","description":"Librairie fond\u00e9e en 1999 par Karl Lagerfeld \u00e0 Paris","publisher":{"@id":"https:\/\/librairie7l.com\/en\/#organization"},"potentialAction":[{"@type":"SearchAction","target":{"@type":"EntryPoint","urlTemplate":"https:\/\/librairie7l.com\/en\/?s={search_term_string}"},"query-input":"required name=search_term_string"}],"inLanguage":"en-US"},{"@type":"Organization","@id":"https:\/\/librairie7l.com\/en\/#organization","name":"Librairie 7L","url":"https:\/\/librairie7l.com\/en\/","logo":{"@type":"ImageObject","inLanguage":"en-US","@id":"https:\/\/librairie7l.com\/en\/#\/schema\/logo\/image\/","url":"https:\/\/librairie7l.com\/wp-content\/uploads\/2022\/08\/logo-1.png","contentUrl":"https:\/\/librairie7l.com\/wp-content\/uploads\/2022\/08\/logo-1.png","width":227,"height":301,"caption":"Librairie 7L"},"image":{"@id":"https:\/\/librairie7l.com\/en\/#\/schema\/logo\/image\/"}}]}},"_links":{"self":[{"href":"https:\/\/librairie7l.com\/en\/wp-json\/wp\/v2\/product\/46068"}],"collection":[{"href":"https:\/\/librairie7l.com\/en\/wp-json\/wp\/v2\/product"}],"about":[{"href":"https:\/\/librairie7l.com\/en\/wp-json\/wp\/v2\/types\/product"}],"wp:featuredmedia":[{"embeddable":true,"href":"https:\/\/librairie7l.com\/en\/wp-json\/wp\/v2\/media\/46066"}],"wp:attachment":[{"href":"https:\/\/librairie7l.com\/en\/wp-json\/wp\/v2\/media?parent=46068"}],"wp:term":[{"taxonomy":"product_cat","embeddable":true,"href":"https:\/\/librairie7l.com\/en\/wp-json\/wp\/v2\/product_cat?post=46068"},{"taxonomy":"product_tag","embeddable":true,"href":"https:\/\/librairie7l.com\/en\/wp-json\/wp\/v2\/product_tag?post=46068"}],"curies":[{"name":"wp","href":"https:\/\/api.w.org\/{rel}","templated":true}]}}